{"id":8460,"date":"2022-01-22T09:36:20","date_gmt":"2022-01-22T08:36:20","guid":{"rendered":"https:\/\/demoweb.info\/sexshop001\/producto\/pelvix\/"},"modified":"2022-01-22T09:36:26","modified_gmt":"2022-01-22T08:36:26","slug":"pelvix","status":"publish","type":"product","link":"https:\/\/demoweb.info\/sexshop001\/producto\/pelvix\/","title":{"rendered":"PELVIX"},"content":{"rendered":"<p><strong>PELVIX<\/strong><\/p>\n<p>Pelvix Concept mejora tu vida sexual y te brinda m\u00e1s placer.<\/p>\n<p>El concepto Pelvix est\u00e1 dise\u00f1ado para reentrenar y estimular los m\u00fasculos p\u00e9lvicos. Es la simbiosis perfecta entre bolas chinas y conos vaginales. La historia de las bolas chinas, originalmente llamada &#39;Ben Wa&#39;, que significa alegr\u00eda, se remonta al Jap\u00f3n feudal. Fueron creados para las concubinas del Emperador, para que siempre estuvieran listos para estar a su disposici\u00f3n, con el suelo p\u00e9lvico tonificado correctamente y la presi\u00f3n vaginal ideal. Esto significaba relaciones sexuales intensas, que daban mucho placer.<\/p>\n<p>El concepto Pelvix le dar\u00e1 un tono muscular perfecto, fundamental para disfrutar de una vida sexual sana, plena y satisfactoria.<\/p>\n<p>Pelvix Concept es el fruto de la estrecha colaboraci\u00f3n entre ginec\u00f3logos y ur\u00f3logos de varios pa\u00edses diferentes. Realizaron un an\u00e1lisis exhaustivo de los pros y los contras de los diferentes m\u00e9todos naturales en el mercado para fortalecer y reentrenar el suelo p\u00e9lvico, como los conos vaginales o las bolas de geisha. Es un nuevo m\u00e9todo alternativo que cumple perfectamente los requisitos terap\u00e9uticos del reentrenamiento perineal.<\/p>\n<p>\u00bfC\u00f3mo se usa el concepto Pelvix?<br \/>\nEl tratamiento con Pelvix Concept implica ejercicios destinados a mejorar la fuerza muscular y la elasticidad, aumentar el cierre de la uretra y prevenir la p\u00e9rdida de orina. Aumenta el tono muscular en los m\u00fasculos de la pelvis. Al usar Pelvix Concept por solo 15-20 minutos al d\u00eda, durante 1 a 4 meses, siempre y cuando se apegue estrictamente a la rutina, podr\u00e1 lograr mejoras notables.<\/p>\n<p>(Procedimiento) tratamiento:<br \/>\n&#8211; Comience el tratamiento insertando Pelvix Concept, sin pesas adentro, en su vagina como si fuera un tamp\u00f3n. Intenta mantenerlo insertado durante 15 minutos. Debe permanecer de pie o moverse durante ese tiempo; nunca te sientes o te acuestes. Pelvix tender\u00e1 a descender y caer bajo su propio peso. Eso causar\u00e1 un reflejo espont\u00e1neo que contraiga los m\u00fasculos del piso p\u00e9lvico. Esta acci\u00f3n proporciona fisioterapia altamente efectiva y espec\u00edfica.<br \/>\n&#8211; Mantenga esta rutina durante todos los d\u00edas que sea necesario hasta que pueda sostener ese peso completamente c\u00f3modamente.<br \/>\n&#8211; Inserte la bola m\u00e1s ligera en Pelvix Concept desenroscando la tapa.<br \/>\n&#8211; Repita la rutina, aumentando progresivamente el peso, hasta que pueda soportar c\u00f3modamente el \u00faltimo peso.<br \/>\n&#8211; El tiempo que necesite para llevar a cabo todos los pasos depende de su caso particular. Visite a su ginec\u00f3logo para verificar c\u00f3mo va.<br \/>\n&#8211; El tiempo aproximado de tratamiento es de 1-4 meses.<br \/>\n&#8211; No exceda el tiempo de tratamiento diario ya que esto puede causar fatiga muscular.<\/p>\n<p>Longitud: 6,3 cm<br \/>\nBolas de peso: 9, 17, 34 gramos<\/p>\n<p>Hecho de silicona de alta calidad.<\/p>\n","protected":false},"excerpt":{"rendered":"<p>PELVIX Pelvix Concept mejora tu vida sexual y te brinda m\u00e1s placer. El concepto Pelvix est\u00e1 dise\u00f1ado para reentrenar y<\/p>\n","protected":false},"featured_media":8461,"comment_status":"open","ping_status":"open","template":"","meta":[],"product_cat":[428],"product_tag":[429],"class_list":["post-8460","product","type-product","status-publish","has-post-thumbnail","hentry","product_cat-suelo-pelvico","product_tag-femintimate"],"bundled_by":[],"bundle_stock_status":"instock","bundle_stock_quantity":12,"bundle_virtual":false,"bundle_layout":"","bundle_add_to_cart_form_location":"","bundle_editable_in_cart":false,"bundle_sold_individually_context":"","bundle_item_grouping":"","bundle_min_size":"","bundle_max_size":"","bundled_items":[],"yoast_head":"<!-- This site is optimized with the Yoast SEO plugin v20.6 - https:\/\/yoast.com\/wordpress\/plugins\/seo\/ -->\n<title>PELVIX - Tienda Er\u00f3tica<\/title>\n<meta name=\"robots\" content=\"noindex, follow, max-snippet:-1, max-image-preview:large, max-video-preview:-1\" \/>\n<meta property=\"og:locale\" content=\"es_ES\" \/>\n<meta property=\"og:type\" content=\"article\" \/>\n<meta property=\"og:title\" content=\"PELVIX - Tienda Er\u00f3tica\" \/>\n<meta property=\"og:description\" content=\"PELVIX Pelvix Concept mejora tu vida sexual y te brinda m\u00e1s placer. El concepto Pelvix est\u00e1 dise\u00f1ado para reentrenar y\" \/>\n<meta property=\"og:url\" content=\"https:\/\/demoweb.info\/sexshop001\/producto\/pelvix\/\" \/>\n<meta property=\"og:site_name\" content=\"Tienda Er\u00f3tica\" \/>\n<meta property=\"article:modified_time\" content=\"2022-01-22T08:36:26+00:00\" \/>\n<meta property=\"og:image\" content=\"https:\/\/demoweb.info\/sexshop001\/wp-content\/uploads\/2022\/01\/PELVIX.jpg\" \/>\n\t<meta property=\"og:image:width\" content=\"550\" \/>\n\t<meta property=\"og:image:height\" content=\"550\" \/>\n\t<meta property=\"og:image:type\" content=\"image\/jpeg\" \/>\n<meta name=\"twitter:card\" content=\"summary_large_image\" \/>\n<meta name=\"twitter:label1\" content=\"Tiempo de lectura\" \/>\n\t<meta name=\"twitter:data1\" content=\"2 minutos\" \/>\n<script type=\"application\/ld+json\" class=\"yoast-schema-graph\">{\"@context\":\"https:\/\/schema.org\",\"@graph\":[{\"@type\":\"WebPage\",\"@id\":\"https:\/\/demoweb.info\/sexshop001\/producto\/pelvix\/\",\"url\":\"https:\/\/demoweb.info\/sexshop001\/producto\/pelvix\/\",\"name\":\"PELVIX - Tienda Er\u00f3tica\",\"isPartOf\":{\"@id\":\"https:\/\/demoweb.info\/sexshop001\/#website\"},\"datePublished\":\"2022-01-22T08:36:20+00:00\",\"dateModified\":\"2022-01-22T08:36:26+00:00\",\"breadcrumb\":{\"@id\":\"https:\/\/demoweb.info\/sexshop001\/producto\/pelvix\/#breadcrumb\"},\"inLanguage\":\"es\",\"potentialAction\":[{\"@type\":\"ReadAction\",\"target\":[\"https:\/\/demoweb.info\/sexshop001\/producto\/pelvix\/\"]}]},{\"@type\":\"BreadcrumbList\",\"@id\":\"https:\/\/demoweb.info\/sexshop001\/producto\/pelvix\/#breadcrumb\",\"itemListElement\":[{\"@type\":\"ListItem\",\"position\":1,\"name\":\"Portada\",\"item\":\"https:\/\/demoweb.info\/sexshop001\/\"},{\"@type\":\"ListItem\",\"position\":2,\"name\":\"Tienda\",\"item\":\"https:\/\/demoweb.info\/sexshop001\/tienda\/\"},{\"@type\":\"ListItem\",\"position\":3,\"name\":\"PELVIX\"}]},{\"@type\":\"WebSite\",\"@id\":\"https:\/\/demoweb.info\/sexshop001\/#website\",\"url\":\"https:\/\/demoweb.info\/sexshop001\/\",\"name\":\"Tienda Er\u00f3tica\",\"description\":\"DEMOWEB SL\",\"potentialAction\":[{\"@type\":\"SearchAction\",\"target\":{\"@type\":\"EntryPoint\",\"urlTemplate\":\"https:\/\/demoweb.info\/sexshop001\/?s={search_term_string}\"},\"query-input\":\"required name=search_term_string\"}],\"inLanguage\":\"es\"}]}<\/script>\n<!-- \/ Yoast SEO plugin. -->","yoast_head_json":{"title":"PELVIX - Tienda Er\u00f3tica","robots":{"index":"noindex","follow":"follow","max-snippet":"max-snippet:-1","max-image-preview":"max-image-preview:large","max-video-preview":"max-video-preview:-1"},"og_locale":"es_ES","og_type":"article","og_title":"PELVIX - Tienda Er\u00f3tica","og_description":"PELVIX Pelvix Concept mejora tu vida sexual y te brinda m\u00e1s placer. El concepto Pelvix est\u00e1 dise\u00f1ado para reentrenar y","og_url":"https:\/\/demoweb.info\/sexshop001\/producto\/pelvix\/","og_site_name":"Tienda Er\u00f3tica","article_modified_time":"2022-01-22T08:36:26+00:00","og_image":[{"width":550,"height":550,"url":"https:\/\/demoweb.info\/sexshop001\/wp-content\/uploads\/2022\/01\/PELVIX.jpg","type":"image\/jpeg"}],"twitter_card":"summary_large_image","twitter_misc":{"Tiempo de lectura":"2 minutos"},"schema":{"@context":"https:\/\/schema.org","@graph":[{"@type":"WebPage","@id":"https:\/\/demoweb.info\/sexshop001\/producto\/pelvix\/","url":"https:\/\/demoweb.info\/sexshop001\/producto\/pelvix\/","name":"PELVIX - Tienda Er\u00f3tica","isPartOf":{"@id":"https:\/\/demoweb.info\/sexshop001\/#website"},"datePublished":"2022-01-22T08:36:20+00:00","dateModified":"2022-01-22T08:36:26+00:00","breadcrumb":{"@id":"https:\/\/demoweb.info\/sexshop001\/producto\/pelvix\/#breadcrumb"},"inLanguage":"es","potentialAction":[{"@type":"ReadAction","target":["https:\/\/demoweb.info\/sexshop001\/producto\/pelvix\/"]}]},{"@type":"BreadcrumbList","@id":"https:\/\/demoweb.info\/sexshop001\/producto\/pelvix\/#breadcrumb","itemListElement":[{"@type":"ListItem","position":1,"name":"Portada","item":"https:\/\/demoweb.info\/sexshop001\/"},{"@type":"ListItem","position":2,"name":"Tienda","item":"https:\/\/demoweb.info\/sexshop001\/tienda\/"},{"@type":"ListItem","position":3,"name":"PELVIX"}]},{"@type":"WebSite","@id":"https:\/\/demoweb.info\/sexshop001\/#website","url":"https:\/\/demoweb.info\/sexshop001\/","name":"Tienda Er\u00f3tica","description":"DEMOWEB SL","potentialAction":[{"@type":"SearchAction","target":{"@type":"EntryPoint","urlTemplate":"https:\/\/demoweb.info\/sexshop001\/?s={search_term_string}"},"query-input":"required name=search_term_string"}],"inLanguage":"es"}]}},"_links":{"self":[{"href":"https:\/\/demoweb.info\/sexshop001\/wp-json\/wp\/v3\/product\/8460","targetHints":{"allow":["GET"]}}],"collection":[{"href":"https:\/\/demoweb.info\/sexshop001\/wp-json\/wp\/v3\/product"}],"about":[{"href":"https:\/\/demoweb.info\/sexshop001\/wp-json\/wp\/v2\/types\/product"}],"replies":[{"embeddable":true,"href":"https:\/\/demoweb.info\/sexshop001\/wp-json\/wp\/v2\/comments?post=8460"}],"wp:featuredmedia":[{"embeddable":true,"href":"https:\/\/demoweb.info\/sexshop001\/wp-json\/wp\/v2\/media\/8461"}],"wp:attachment":[{"href":"https:\/\/demoweb.info\/sexshop001\/wp-json\/wp\/v2\/media?parent=8460"}],"wp:term":[{"taxonomy":"product_cat","embeddable":true,"href":"https:\/\/demoweb.info\/sexshop001\/wp-json\/wp\/v2\/product_cat?post=8460"},{"taxonomy":"product_tag","embeddable":true,"href":"https:\/\/demoweb.info\/sexshop001\/wp-json\/wp\/v2\/product_tag?post=8460"}],"curies":[{"name":"wp","href":"https:\/\/api.w.org\/{rel}","templated":true}]}}