{"id":8400,"date":"2022-01-22T09:35:46","date_gmt":"2022-01-22T08:35:46","guid":{"rendered":"https:\/\/demoweb.info\/sexshop001\/producto\/la-sociedad-juliette-sasha-grey\/"},"modified":"2022-01-22T09:36:03","modified_gmt":"2022-01-22T08:36:03","slug":"la-sociedad-juliette-sasha-grey","status":"publish","type":"product","link":"https:\/\/demoweb.info\/sexshop001\/producto\/la-sociedad-juliette-sasha-grey\/","title":{"rendered":"LA SOCIEDAD JULIETTE SASHA GREY"},"content":{"rendered":"<p><font size=&quot;1&quot;><b>LA SOCIEDAD JULIETTE<\/b>.<\/p>\n<p><b>SASHA GREY<\/b>.<\/p>\n<p><b><br \/>\nAntes de que empieces a leer este libro, dejemos las cosas claras.<br \/>\nQuiero que hagas tres cosas por m\u00ed.<BR><br \/>\n&#8211; <B>Uno<\/B>:<br \/>\nNo te ofendas por nada de lo que leas a continuaci\u00f3n.<br \/>\n&#8211;<b>Dos<\/b>:<br \/>\nOlvida tus inhibiciones.<br \/>\n&#8211; <b>Tres<\/b>:<br \/>\n(y muy importante). A partir de ahora, todo lo que voy a contarte debe quedar entre t\u00fa y yo.<\/p>\n<p>Catherine, una joven estudiante de cine con una gran inquietud sexual, descubre la existencia de un club selecto y misterioso, lugar de encuentro para hombres poderosos que anhelan explorar el lado m\u00e1s oscuro de sus fantas\u00edas sexuales.<br \/>\nPero aunque estas nuevas experiencias, que Catherine jam\u00e1s hab\u00eda so\u00f1ado en llevar a cabo, hacen que alcance momentos de intenso placer, tambi\u00e9n amenazan con destruir todo lo que es importante para ella.<\/p>\n<p>Deja que Sasha Grey te introduzca en una sociedad secreta donde imperan el poder y el erotismo. Donde las fantas\u00edas m\u00e1s osadas se hacen realidad. En la que todo es posible.<\/p>\n<p>297 P\u00e1ginas.<\/p>\n<p>ISBN: 978-84-253-5047-4<\/p>\n<p>Tapa blanda con solapa 15,3 x 23 cm.<br \/>\n<\/font><\/p>\n","protected":false},"excerpt":{"rendered":"<p>LA SOCIEDAD JULIETTE. SASHA GREY. Antes de que empieces a leer este libro, dejemos las cosas claras. Quiero que hagas<\/p>\n","protected":false},"featured_media":8401,"comment_status":"open","ping_status":"open","template":"","meta":[],"product_cat":[414],"product_tag":[416,415],"class_list":["post-8400","product","type-product","status-publish","has-post-thumbnail","hentry","product_cat-libros","product_tag-grijalbo","product_tag-random-house"],"bundled_by":[],"bundle_stock_status":"instock","bundle_stock_quantity":2,"bundle_virtual":false,"bundle_layout":"","bundle_add_to_cart_form_location":"","bundle_editable_in_cart":false,"bundle_sold_individually_context":"","bundle_item_grouping":"","bundle_min_size":"","bundle_max_size":"","bundled_items":[],"yoast_head":"<!-- This site is optimized with the Yoast SEO plugin v20.6 - https:\/\/yoast.com\/wordpress\/plugins\/seo\/ -->\n<title>LA SOCIEDAD JULIETTE SASHA GREY - Tienda Er\u00f3tica<\/title>\n<meta name=\"robots\" content=\"noindex, follow, max-snippet:-1, max-image-preview:large, max-video-preview:-1\" \/>\n<meta property=\"og:locale\" content=\"es_ES\" \/>\n<meta property=\"og:type\" content=\"article\" \/>\n<meta property=\"og:title\" content=\"LA SOCIEDAD JULIETTE SASHA GREY - Tienda Er\u00f3tica\" \/>\n<meta property=\"og:description\" content=\"LA SOCIEDAD JULIETTE. SASHA GREY. Antes de que empieces a leer este libro, dejemos las cosas claras. Quiero que hagas\" \/>\n<meta property=\"og:url\" content=\"https:\/\/demoweb.info\/sexshop001\/producto\/la-sociedad-juliette-sasha-grey\/\" \/>\n<meta property=\"og:site_name\" content=\"Tienda Er\u00f3tica\" \/>\n<meta property=\"article:modified_time\" content=\"2022-01-22T08:36:03+00:00\" \/>\n<meta property=\"og:image\" content=\"https:\/\/demoweb.info\/sexshop001\/wp-content\/uploads\/2022\/01\/LA-SOCIEDAD-JULIETTE-SASHA-GREY.jpg\" \/>\n\t<meta property=\"og:image:width\" content=\"550\" \/>\n\t<meta property=\"og:image:height\" content=\"550\" \/>\n\t<meta property=\"og:image:type\" content=\"image\/jpeg\" \/>\n<meta name=\"twitter:card\" content=\"summary_large_image\" \/>\n<meta name=\"twitter:label1\" content=\"Tiempo de lectura\" \/>\n\t<meta name=\"twitter:data1\" content=\"1 minuto\" \/>\n<script type=\"application\/ld+json\" class=\"yoast-schema-graph\">{\"@context\":\"https:\/\/schema.org\",\"@graph\":[{\"@type\":\"WebPage\",\"@id\":\"https:\/\/demoweb.info\/sexshop001\/producto\/la-sociedad-juliette-sasha-grey\/\",\"url\":\"https:\/\/demoweb.info\/sexshop001\/producto\/la-sociedad-juliette-sasha-grey\/\",\"name\":\"LA SOCIEDAD JULIETTE SASHA GREY - Tienda Er\u00f3tica\",\"isPartOf\":{\"@id\":\"https:\/\/demoweb.info\/sexshop001\/#website\"},\"datePublished\":\"2022-01-22T08:35:46+00:00\",\"dateModified\":\"2022-01-22T08:36:03+00:00\",\"breadcrumb\":{\"@id\":\"https:\/\/demoweb.info\/sexshop001\/producto\/la-sociedad-juliette-sasha-grey\/#breadcrumb\"},\"inLanguage\":\"es\",\"potentialAction\":[{\"@type\":\"ReadAction\",\"target\":[\"https:\/\/demoweb.info\/sexshop001\/producto\/la-sociedad-juliette-sasha-grey\/\"]}]},{\"@type\":\"BreadcrumbList\",\"@id\":\"https:\/\/demoweb.info\/sexshop001\/producto\/la-sociedad-juliette-sasha-grey\/#breadcrumb\",\"itemListElement\":[{\"@type\":\"ListItem\",\"position\":1,\"name\":\"Portada\",\"item\":\"https:\/\/demoweb.info\/sexshop001\/\"},{\"@type\":\"ListItem\",\"position\":2,\"name\":\"Tienda\",\"item\":\"https:\/\/demoweb.info\/sexshop001\/tienda\/\"},{\"@type\":\"ListItem\",\"position\":3,\"name\":\"LA SOCIEDAD JULIETTE SASHA GREY\"}]},{\"@type\":\"WebSite\",\"@id\":\"https:\/\/demoweb.info\/sexshop001\/#website\",\"url\":\"https:\/\/demoweb.info\/sexshop001\/\",\"name\":\"Tienda Er\u00f3tica\",\"description\":\"DEMOWEB SL\",\"potentialAction\":[{\"@type\":\"SearchAction\",\"target\":{\"@type\":\"EntryPoint\",\"urlTemplate\":\"https:\/\/demoweb.info\/sexshop001\/?s={search_term_string}\"},\"query-input\":\"required name=search_term_string\"}],\"inLanguage\":\"es\"}]}<\/script>\n<!-- \/ Yoast SEO plugin. -->","yoast_head_json":{"title":"LA SOCIEDAD JULIETTE SASHA GREY - Tienda Er\u00f3tica","robots":{"index":"noindex","follow":"follow","max-snippet":"max-snippet:-1","max-image-preview":"max-image-preview:large","max-video-preview":"max-video-preview:-1"},"og_locale":"es_ES","og_type":"article","og_title":"LA SOCIEDAD JULIETTE SASHA GREY - Tienda Er\u00f3tica","og_description":"LA SOCIEDAD JULIETTE. SASHA GREY. Antes de que empieces a leer este libro, dejemos las cosas claras. Quiero que hagas","og_url":"https:\/\/demoweb.info\/sexshop001\/producto\/la-sociedad-juliette-sasha-grey\/","og_site_name":"Tienda Er\u00f3tica","article_modified_time":"2022-01-22T08:36:03+00:00","og_image":[{"width":550,"height":550,"url":"https:\/\/demoweb.info\/sexshop001\/wp-content\/uploads\/2022\/01\/LA-SOCIEDAD-JULIETTE-SASHA-GREY.jpg","type":"image\/jpeg"}],"twitter_card":"summary_large_image","twitter_misc":{"Tiempo de lectura":"1 minuto"},"schema":{"@context":"https:\/\/schema.org","@graph":[{"@type":"WebPage","@id":"https:\/\/demoweb.info\/sexshop001\/producto\/la-sociedad-juliette-sasha-grey\/","url":"https:\/\/demoweb.info\/sexshop001\/producto\/la-sociedad-juliette-sasha-grey\/","name":"LA SOCIEDAD JULIETTE SASHA GREY - Tienda Er\u00f3tica","isPartOf":{"@id":"https:\/\/demoweb.info\/sexshop001\/#website"},"datePublished":"2022-01-22T08:35:46+00:00","dateModified":"2022-01-22T08:36:03+00:00","breadcrumb":{"@id":"https:\/\/demoweb.info\/sexshop001\/producto\/la-sociedad-juliette-sasha-grey\/#breadcrumb"},"inLanguage":"es","potentialAction":[{"@type":"ReadAction","target":["https:\/\/demoweb.info\/sexshop001\/producto\/la-sociedad-juliette-sasha-grey\/"]}]},{"@type":"BreadcrumbList","@id":"https:\/\/demoweb.info\/sexshop001\/producto\/la-sociedad-juliette-sasha-grey\/#breadcrumb","itemListElement":[{"@type":"ListItem","position":1,"name":"Portada","item":"https:\/\/demoweb.info\/sexshop001\/"},{"@type":"ListItem","position":2,"name":"Tienda","item":"https:\/\/demoweb.info\/sexshop001\/tienda\/"},{"@type":"ListItem","position":3,"name":"LA SOCIEDAD JULIETTE SASHA GREY"}]},{"@type":"WebSite","@id":"https:\/\/demoweb.info\/sexshop001\/#website","url":"https:\/\/demoweb.info\/sexshop001\/","name":"Tienda Er\u00f3tica","description":"DEMOWEB SL","potentialAction":[{"@type":"SearchAction","target":{"@type":"EntryPoint","urlTemplate":"https:\/\/demoweb.info\/sexshop001\/?s={search_term_string}"},"query-input":"required name=search_term_string"}],"inLanguage":"es"}]}},"_links":{"self":[{"href":"https:\/\/demoweb.info\/sexshop001\/wp-json\/wp\/v3\/product\/8400","targetHints":{"allow":["GET"]}}],"collection":[{"href":"https:\/\/demoweb.info\/sexshop001\/wp-json\/wp\/v3\/product"}],"about":[{"href":"https:\/\/demoweb.info\/sexshop001\/wp-json\/wp\/v2\/types\/product"}],"replies":[{"embeddable":true,"href":"https:\/\/demoweb.info\/sexshop001\/wp-json\/wp\/v2\/comments?post=8400"}],"wp:featuredmedia":[{"embeddable":true,"href":"https:\/\/demoweb.info\/sexshop001\/wp-json\/wp\/v2\/media\/8401"}],"wp:attachment":[{"href":"https:\/\/demoweb.info\/sexshop001\/wp-json\/wp\/v2\/media?parent=8400"}],"wp:term":[{"taxonomy":"product_cat","embeddable":true,"href":"https:\/\/demoweb.info\/sexshop001\/wp-json\/wp\/v2\/product_cat?post=8400"},{"taxonomy":"product_tag","embeddable":true,"href":"https:\/\/demoweb.info\/sexshop001\/wp-json\/wp\/v2\/product_tag?post=8400"}],"curies":[{"name":"wp","href":"https:\/\/api.w.org\/{rel}","templated":true}]}}