{"id":8385,"date":"2022-01-22T09:35:46","date_gmt":"2022-01-22T08:35:46","guid":{"rendered":"https:\/\/demoweb.info\/sexshop001\/producto\/lelo-sona-2-sonic-masajeador-de-clitoris-morado\/"},"modified":"2022-01-22T09:35:58","modified_gmt":"2022-01-22T08:35:58","slug":"lelo-sona-2-sonic-masajeador-de-clitoris-morado","status":"publish","type":"product","link":"https:\/\/demoweb.info\/sexshop001\/producto\/lelo-sona-2-sonic-masajeador-de-clitoris-morado\/","title":{"rendered":"LELO SONA 2 SONIC MASAJEADOR DE CL\u00cdTORIS &#8211; MORADO"},"content":{"rendered":"<p><strong>LELO &#8211; SONA 2 SONIC CLITORAL MASSAGER <\/strong><\/p>\n<p>Este masajeador SONA 2 mejorado ofrece ondas s\u00f3nicas potentes pero reservadas para estimular todo el cl\u00edtoris, incluso las partes que no ve, para una sensaci\u00f3n diferente a cualquier otra. Cada ola de suave placer resonante se basa en la \u00faltima, que culmina en un orgasmo exquisito y profundamente satisfactorio.<\/p>\n<p><strong>Beneficios:<\/strong><br \/>\n&#8211; Sin hacer contacto directo, las ondas s\u00f3nicas de SONA 2 ofrecen una estimulaci\u00f3n del cl\u00edtoris r\u00e1pida pero suave para un placer alucinante.<br \/>\n&#8211; Mayor superficie para un placer profundo.<br \/>\n&#8211; Boca m\u00e1s suave, profunda y en general m\u00e1s grande para una satisfacci\u00f3n completa, tanto por dentro como por fuera.<br \/>\n&#8211; Silicona extra suave Silicona premium ultra suave que es extra suave al tacto.<br \/>\n&#8211; El cl\u00e1sico dise\u00f1o de silicona para el cuerpo de LELO, hecho a\u00fan mejor.<br \/>\n&#8211; Recargable y totalmente impermeable.<br \/>\n&#8211; 12 patrones de vibraci\u00f3n.<\/p>\n<p><strong>C\u00d3MO UTILIZAR:<\/strong><br \/>\nAseg\u00farese de que SONA 2 est\u00e9 desbloqueado manteniendo presionados los botones + y &#8211; juntos durante 3 segundos hasta que se encienda la luz. Presione el bot\u00f3n + para encender; presione nuevamente para aumentar la resistencia a la vibraci\u00f3n. Presione el bot\u00f3n () para cambiar entre los 12 patrones de vibraci\u00f3n. Presione el bot\u00f3n &#8211; para reducir la fuerza de vibraci\u00f3n. Mantenga presionado el bot\u00f3n () para apagar.<\/p>\n<p><strong>DATOS T\u00c9CNICOS:<\/strong><br \/>\n&#8211; Usando el cable de carga USB suministrado, SONA 2 puede ir a donde quiera que vaya.<br \/>\n&#8211; El dise\u00f1o liso e impermeable es incre\u00edblemente<br \/>\n&#8211; Tiempo de usuario: m\u00e1s de 200 orgasmos por carga<br \/>\n&#8211; En espera: 90 d\u00edas<br \/>\n&#8211; Interfaz: 3 botones<br \/>\n&#8211; Material: silicona, ABS<br \/>\n&#8211; Tama\u00f1o: 99 x 87 x 56 mm<br \/>\n&#8211; Peso: 135 g<br \/>\n&#8211; Bater\u00eda: Li-Ion 1050mAh 3.7V<br \/>\n&#8211; Carga: 2.5h a 5.0V 750mA<\/p>\n","protected":false},"excerpt":{"rendered":"<p>LELO &#8211; SONA 2 SONIC CLITORAL MASSAGER Este masajeador SONA 2 mejorado ofrece ondas s\u00f3nicas potentes pero reservadas para estimular<\/p>\n","protected":false},"featured_media":8386,"comment_status":"open","ping_status":"open","template":"","meta":[],"product_cat":[405],"product_tag":[406,407],"class_list":["post-8385","product","type-product","status-publish","has-post-thumbnail","hentry","product_cat-succionadores","product_tag-lelo","product_tag-sona"],"bundled_by":[],"bundle_stock_status":"instock","bundle_stock_quantity":3,"bundle_virtual":false,"bundle_layout":"","bundle_add_to_cart_form_location":"","bundle_editable_in_cart":false,"bundle_sold_individually_context":"","bundle_item_grouping":"","bundle_min_size":"","bundle_max_size":"","bundled_items":[],"yoast_head":"<!-- This site is optimized with the Yoast SEO plugin v20.6 - https:\/\/yoast.com\/wordpress\/plugins\/seo\/ -->\n<title>LELO SONA 2 SONIC MASAJEADOR DE CL\u00cdTORIS - MORADO - Tienda Er\u00f3tica<\/title>\n<meta name=\"robots\" content=\"noindex, follow, max-snippet:-1, max-image-preview:large, max-video-preview:-1\" \/>\n<meta property=\"og:locale\" content=\"es_ES\" \/>\n<meta property=\"og:type\" content=\"article\" \/>\n<meta property=\"og:title\" content=\"LELO SONA 2 SONIC MASAJEADOR DE CL\u00cdTORIS - MORADO - Tienda Er\u00f3tica\" \/>\n<meta property=\"og:description\" content=\"LELO &#8211; SONA 2 SONIC CLITORAL MASSAGER Este masajeador SONA 2 mejorado ofrece ondas s\u00f3nicas potentes pero reservadas para estimular\" \/>\n<meta property=\"og:url\" content=\"https:\/\/demoweb.info\/sexshop001\/producto\/lelo-sona-2-sonic-masajeador-de-clitoris-morado\/\" \/>\n<meta property=\"og:site_name\" content=\"Tienda Er\u00f3tica\" \/>\n<meta property=\"article:modified_time\" content=\"2022-01-22T08:35:58+00:00\" \/>\n<meta property=\"og:image\" content=\"https:\/\/demoweb.info\/sexshop001\/wp-content\/uploads\/2022\/01\/LELO-SONA-2-SONIC-MASAJEADOR-DE-CLITORIS-MORADO.jpg\" \/>\n\t<meta property=\"og:image:width\" content=\"550\" \/>\n\t<meta property=\"og:image:height\" content=\"550\" \/>\n\t<meta property=\"og:image:type\" content=\"image\/jpeg\" \/>\n<meta name=\"twitter:card\" content=\"summary_large_image\" \/>\n<meta name=\"twitter:label1\" content=\"Tiempo de lectura\" \/>\n\t<meta name=\"twitter:data1\" content=\"1 minuto\" \/>\n<script type=\"application\/ld+json\" class=\"yoast-schema-graph\">{\"@context\":\"https:\/\/schema.org\",\"@graph\":[{\"@type\":\"WebPage\",\"@id\":\"https:\/\/demoweb.info\/sexshop001\/producto\/lelo-sona-2-sonic-masajeador-de-clitoris-morado\/\",\"url\":\"https:\/\/demoweb.info\/sexshop001\/producto\/lelo-sona-2-sonic-masajeador-de-clitoris-morado\/\",\"name\":\"LELO SONA 2 SONIC MASAJEADOR DE CL\u00cdTORIS - MORADO - Tienda Er\u00f3tica\",\"isPartOf\":{\"@id\":\"https:\/\/demoweb.info\/sexshop001\/#website\"},\"datePublished\":\"2022-01-22T08:35:46+00:00\",\"dateModified\":\"2022-01-22T08:35:58+00:00\",\"breadcrumb\":{\"@id\":\"https:\/\/demoweb.info\/sexshop001\/producto\/lelo-sona-2-sonic-masajeador-de-clitoris-morado\/#breadcrumb\"},\"inLanguage\":\"es\",\"potentialAction\":[{\"@type\":\"ReadAction\",\"target\":[\"https:\/\/demoweb.info\/sexshop001\/producto\/lelo-sona-2-sonic-masajeador-de-clitoris-morado\/\"]}]},{\"@type\":\"BreadcrumbList\",\"@id\":\"https:\/\/demoweb.info\/sexshop001\/producto\/lelo-sona-2-sonic-masajeador-de-clitoris-morado\/#breadcrumb\",\"itemListElement\":[{\"@type\":\"ListItem\",\"position\":1,\"name\":\"Portada\",\"item\":\"https:\/\/demoweb.info\/sexshop001\/\"},{\"@type\":\"ListItem\",\"position\":2,\"name\":\"Tienda\",\"item\":\"https:\/\/demoweb.info\/sexshop001\/tienda\/\"},{\"@type\":\"ListItem\",\"position\":3,\"name\":\"LELO SONA 2 SONIC MASAJEADOR DE CL\u00cdTORIS &#8211; MORADO\"}]},{\"@type\":\"WebSite\",\"@id\":\"https:\/\/demoweb.info\/sexshop001\/#website\",\"url\":\"https:\/\/demoweb.info\/sexshop001\/\",\"name\":\"Tienda Er\u00f3tica\",\"description\":\"DEMOWEB SL\",\"potentialAction\":[{\"@type\":\"SearchAction\",\"target\":{\"@type\":\"EntryPoint\",\"urlTemplate\":\"https:\/\/demoweb.info\/sexshop001\/?s={search_term_string}\"},\"query-input\":\"required name=search_term_string\"}],\"inLanguage\":\"es\"}]}<\/script>\n<!-- \/ Yoast SEO plugin. -->","yoast_head_json":{"title":"LELO SONA 2 SONIC MASAJEADOR DE CL\u00cdTORIS - MORADO - Tienda Er\u00f3tica","robots":{"index":"noindex","follow":"follow","max-snippet":"max-snippet:-1","max-image-preview":"max-image-preview:large","max-video-preview":"max-video-preview:-1"},"og_locale":"es_ES","og_type":"article","og_title":"LELO SONA 2 SONIC MASAJEADOR DE CL\u00cdTORIS - MORADO - Tienda Er\u00f3tica","og_description":"LELO &#8211; SONA 2 SONIC CLITORAL MASSAGER Este masajeador SONA 2 mejorado ofrece ondas s\u00f3nicas potentes pero reservadas para estimular","og_url":"https:\/\/demoweb.info\/sexshop001\/producto\/lelo-sona-2-sonic-masajeador-de-clitoris-morado\/","og_site_name":"Tienda Er\u00f3tica","article_modified_time":"2022-01-22T08:35:58+00:00","og_image":[{"width":550,"height":550,"url":"https:\/\/demoweb.info\/sexshop001\/wp-content\/uploads\/2022\/01\/LELO-SONA-2-SONIC-MASAJEADOR-DE-CLITORIS-MORADO.jpg","type":"image\/jpeg"}],"twitter_card":"summary_large_image","twitter_misc":{"Tiempo de lectura":"1 minuto"},"schema":{"@context":"https:\/\/schema.org","@graph":[{"@type":"WebPage","@id":"https:\/\/demoweb.info\/sexshop001\/producto\/lelo-sona-2-sonic-masajeador-de-clitoris-morado\/","url":"https:\/\/demoweb.info\/sexshop001\/producto\/lelo-sona-2-sonic-masajeador-de-clitoris-morado\/","name":"LELO SONA 2 SONIC MASAJEADOR DE CL\u00cdTORIS - MORADO - Tienda Er\u00f3tica","isPartOf":{"@id":"https:\/\/demoweb.info\/sexshop001\/#website"},"datePublished":"2022-01-22T08:35:46+00:00","dateModified":"2022-01-22T08:35:58+00:00","breadcrumb":{"@id":"https:\/\/demoweb.info\/sexshop001\/producto\/lelo-sona-2-sonic-masajeador-de-clitoris-morado\/#breadcrumb"},"inLanguage":"es","potentialAction":[{"@type":"ReadAction","target":["https:\/\/demoweb.info\/sexshop001\/producto\/lelo-sona-2-sonic-masajeador-de-clitoris-morado\/"]}]},{"@type":"BreadcrumbList","@id":"https:\/\/demoweb.info\/sexshop001\/producto\/lelo-sona-2-sonic-masajeador-de-clitoris-morado\/#breadcrumb","itemListElement":[{"@type":"ListItem","position":1,"name":"Portada","item":"https:\/\/demoweb.info\/sexshop001\/"},{"@type":"ListItem","position":2,"name":"Tienda","item":"https:\/\/demoweb.info\/sexshop001\/tienda\/"},{"@type":"ListItem","position":3,"name":"LELO SONA 2 SONIC MASAJEADOR DE CL\u00cdTORIS &#8211; MORADO"}]},{"@type":"WebSite","@id":"https:\/\/demoweb.info\/sexshop001\/#website","url":"https:\/\/demoweb.info\/sexshop001\/","name":"Tienda Er\u00f3tica","description":"DEMOWEB SL","potentialAction":[{"@type":"SearchAction","target":{"@type":"EntryPoint","urlTemplate":"https:\/\/demoweb.info\/sexshop001\/?s={search_term_string}"},"query-input":"required name=search_term_string"}],"inLanguage":"es"}]}},"_links":{"self":[{"href":"https:\/\/demoweb.info\/sexshop001\/wp-json\/wp\/v3\/product\/8385","targetHints":{"allow":["GET"]}}],"collection":[{"href":"https:\/\/demoweb.info\/sexshop001\/wp-json\/wp\/v3\/product"}],"about":[{"href":"https:\/\/demoweb.info\/sexshop001\/wp-json\/wp\/v2\/types\/product"}],"replies":[{"embeddable":true,"href":"https:\/\/demoweb.info\/sexshop001\/wp-json\/wp\/v2\/comments?post=8385"}],"wp:featuredmedia":[{"embeddable":true,"href":"https:\/\/demoweb.info\/sexshop001\/wp-json\/wp\/v2\/media\/8386"}],"wp:attachment":[{"href":"https:\/\/demoweb.info\/sexshop001\/wp-json\/wp\/v2\/media?parent=8385"}],"wp:term":[{"taxonomy":"product_cat","embeddable":true,"href":"https:\/\/demoweb.info\/sexshop001\/wp-json\/wp\/v2\/product_cat?post=8385"},{"taxonomy":"product_tag","embeddable":true,"href":"https:\/\/demoweb.info\/sexshop001\/wp-json\/wp\/v2\/product_tag?post=8385"}],"curies":[{"name":"wp","href":"https:\/\/api.w.org\/{rel}","templated":true}]}}