{"id":8365,"date":"2022-01-22T09:35:46","date_gmt":"2022-01-22T08:35:46","guid":{"rendered":"https:\/\/demoweb.info\/sexshop001\/producto\/lelo-sona-2-cruise-sonic-masajeador-de-clitoris-cereza\/"},"modified":"2022-01-22T09:35:51","modified_gmt":"2022-01-22T08:35:51","slug":"lelo-sona-2-cruise-sonic-masajeador-de-clitoris-cereza","status":"publish","type":"product","link":"https:\/\/demoweb.info\/sexshop001\/producto\/lelo-sona-2-cruise-sonic-masajeador-de-clitoris-cereza\/","title":{"rendered":"LELO SONA 2 CRUISE SONIC MASAJEADOR DE CL\u00cdTORIS &#8211; CEREZA"},"content":{"rendered":"<p><strong>LELO &#8211; SONA 2 CRUISE SONIC CLITORAL MASSAGER <\/strong><\/p>\n<p>\u00a1Cruise Control toma el control cuando ya no puedes aguantar m\u00e1s!<\/p>\n<p>Este potente masajeador ofrece ondas s\u00f3nicas r\u00e1pidas pero suaves que estimulan todo el cl\u00edtoris, por dentro y por fuera, para ofrecer una satisfacci\u00f3n alucinante que resuena por todas partes. Adem\u00e1s, \u00bfqu\u00e9 es el control de crucero? Cruise Control asegura que tu dispositivo se mantenga en marcha y mantenga tu orgasmo profundamente sensual y exactamente correcto.<\/p>\n<p><strong>CARACTER\u00cdSTICAS ESPECIALES:<\/strong><br \/>\n&#8211; Especialmente desarrollado por LELO y exclusivo de SONA Cruise.<br \/>\n&#8211; El control de crucero significa que cuando se presiona con fuerza contra su cuerpo no perder\u00e1 su potencia, por lo que obtendr\u00e1 una consistencia perfecta.<br \/>\n&#8211; Experiencia sin complicaciones.<br \/>\n&#8211; No es un ajuste, es completamente autom\u00e1tico. Elimina la queja m\u00e1s com\u00fan contra los productos de placer.<\/p>\n<p><strong>Beneficios:<\/strong><br \/>\n&#8211; Sin hacer contacto directo, las ondas s\u00f3nicas de SONA 2 ofrecen una estimulaci\u00f3n del cl\u00edtoris r\u00e1pida pero suave para un placer alucinante.<br \/>\n&#8211; Mayor superficie para plausuras profundas.<br \/>\n&#8211; Boca m\u00e1s suave, profunda y en general m\u00e1s grande para una satisfacci\u00f3n completa, tanto por dentro como por fuera.<br \/>\n&#8211; Silicona extra suave El dise\u00f1o cl\u00e1sico de silicona segura para el cuerpo de LELO es a\u00fan mejor con silicona premium ultra suave que es extra suave al tacto.<\/p>\n<p><strong>RECARGABLE Y TOTALMENTE IMPERMEABLE:<\/strong><br \/>\n&#8211; Usando el cable de carga USB suministrado, SONA 2 puede ir a donde quiera que vaya, y el dise\u00f1o suave e impermeable es incre\u00edblemente f\u00e1cil de mantener limpio.<\/p>\n<p><strong>DATOS T\u00c9CNICOS:<\/strong><br \/>\n&#8211; Material: silicona, ABS<br \/>\n&#8211; Tama\u00f1o: 99 x 87 x 56 mm<br \/>\n&#8211; Peso: 135 g<br \/>\n&#8211; Bater\u00eda: Li-Ion 1050mAh 3.7V<br \/>\n&#8211; Carga: 2.5h a 5.0V 750mA<\/p>\n<p><strong>C\u00d3MO UTILIZAR:<\/strong><br \/>\nAseg\u00farese de que SONA 2 Cruise est\u00e9 desbloqueado manteniendo presionados los botones + y &#8211; simult\u00e1neamente durante 3 segundos hasta que se encienda la luz. Presione el bot\u00f3n + para encender; presione nuevamente para aumentar la resistencia a la vibraci\u00f3n. Presione el bot\u00f3n () para cambiar entre los 12 patrones de vibraci\u00f3n. Presione el bot\u00f3n &#8211; para reducir la fuerza de vibraci\u00f3n. Mantenga presionado el bot\u00f3n () para apagar.<\/p>\n","protected":false},"excerpt":{"rendered":"<p>LELO &#8211; SONA 2 CRUISE SONIC CLITORAL MASSAGER \u00a1Cruise Control toma el control cuando ya no puedes aguantar m\u00e1s! Este<\/p>\n","protected":false},"featured_media":8366,"comment_status":"open","ping_status":"open","template":"","meta":[],"product_cat":[405],"product_tag":[406,407],"class_list":["post-8365","product","type-product","status-publish","has-post-thumbnail","hentry","product_cat-succionadores","product_tag-lelo","product_tag-sona"],"bundled_by":[],"bundle_stock_status":"instock","bundle_stock_quantity":4,"bundle_virtual":false,"bundle_layout":"","bundle_add_to_cart_form_location":"","bundle_editable_in_cart":false,"bundle_sold_individually_context":"","bundle_item_grouping":"","bundle_min_size":"","bundle_max_size":"","bundled_items":[],"yoast_head":"<!-- This site is optimized with the Yoast SEO plugin v20.6 - https:\/\/yoast.com\/wordpress\/plugins\/seo\/ -->\n<title>LELO SONA 2 CRUISE SONIC MASAJEADOR DE CL\u00cdTORIS - CEREZA - Tienda Er\u00f3tica<\/title>\n<meta name=\"robots\" content=\"noindex, follow, max-snippet:-1, max-image-preview:large, max-video-preview:-1\" \/>\n<meta property=\"og:locale\" content=\"es_ES\" \/>\n<meta property=\"og:type\" content=\"article\" \/>\n<meta property=\"og:title\" content=\"LELO SONA 2 CRUISE SONIC MASAJEADOR DE CL\u00cdTORIS - CEREZA - Tienda Er\u00f3tica\" \/>\n<meta property=\"og:description\" content=\"LELO &#8211; SONA 2 CRUISE SONIC CLITORAL MASSAGER \u00a1Cruise Control toma el control cuando ya no puedes aguantar m\u00e1s! Este\" \/>\n<meta property=\"og:url\" content=\"https:\/\/demoweb.info\/sexshop001\/producto\/lelo-sona-2-cruise-sonic-masajeador-de-clitoris-cereza\/\" \/>\n<meta property=\"og:site_name\" content=\"Tienda Er\u00f3tica\" \/>\n<meta property=\"article:modified_time\" content=\"2022-01-22T08:35:51+00:00\" \/>\n<meta property=\"og:image\" content=\"https:\/\/demoweb.info\/sexshop001\/wp-content\/uploads\/2022\/01\/LELO-SONA-2-CRUISE-SONIC-MASAJEADOR-DE-CLITORIS-CEREZA.jpg\" \/>\n\t<meta property=\"og:image:width\" content=\"550\" \/>\n\t<meta property=\"og:image:height\" content=\"550\" \/>\n\t<meta property=\"og:image:type\" content=\"image\/jpeg\" \/>\n<meta name=\"twitter:card\" content=\"summary_large_image\" \/>\n<meta name=\"twitter:label1\" content=\"Tiempo de lectura\" \/>\n\t<meta name=\"twitter:data1\" content=\"2 minutos\" \/>\n<script type=\"application\/ld+json\" class=\"yoast-schema-graph\">{\"@context\":\"https:\/\/schema.org\",\"@graph\":[{\"@type\":\"WebPage\",\"@id\":\"https:\/\/demoweb.info\/sexshop001\/producto\/lelo-sona-2-cruise-sonic-masajeador-de-clitoris-cereza\/\",\"url\":\"https:\/\/demoweb.info\/sexshop001\/producto\/lelo-sona-2-cruise-sonic-masajeador-de-clitoris-cereza\/\",\"name\":\"LELO SONA 2 CRUISE SONIC MASAJEADOR DE CL\u00cdTORIS - CEREZA - Tienda Er\u00f3tica\",\"isPartOf\":{\"@id\":\"https:\/\/demoweb.info\/sexshop001\/#website\"},\"datePublished\":\"2022-01-22T08:35:46+00:00\",\"dateModified\":\"2022-01-22T08:35:51+00:00\",\"breadcrumb\":{\"@id\":\"https:\/\/demoweb.info\/sexshop001\/producto\/lelo-sona-2-cruise-sonic-masajeador-de-clitoris-cereza\/#breadcrumb\"},\"inLanguage\":\"es\",\"potentialAction\":[{\"@type\":\"ReadAction\",\"target\":[\"https:\/\/demoweb.info\/sexshop001\/producto\/lelo-sona-2-cruise-sonic-masajeador-de-clitoris-cereza\/\"]}]},{\"@type\":\"BreadcrumbList\",\"@id\":\"https:\/\/demoweb.info\/sexshop001\/producto\/lelo-sona-2-cruise-sonic-masajeador-de-clitoris-cereza\/#breadcrumb\",\"itemListElement\":[{\"@type\":\"ListItem\",\"position\":1,\"name\":\"Portada\",\"item\":\"https:\/\/demoweb.info\/sexshop001\/\"},{\"@type\":\"ListItem\",\"position\":2,\"name\":\"Tienda\",\"item\":\"https:\/\/demoweb.info\/sexshop001\/tienda\/\"},{\"@type\":\"ListItem\",\"position\":3,\"name\":\"LELO SONA 2 CRUISE SONIC MASAJEADOR DE CL\u00cdTORIS &#8211; CEREZA\"}]},{\"@type\":\"WebSite\",\"@id\":\"https:\/\/demoweb.info\/sexshop001\/#website\",\"url\":\"https:\/\/demoweb.info\/sexshop001\/\",\"name\":\"Tienda Er\u00f3tica\",\"description\":\"DEMOWEB SL\",\"potentialAction\":[{\"@type\":\"SearchAction\",\"target\":{\"@type\":\"EntryPoint\",\"urlTemplate\":\"https:\/\/demoweb.info\/sexshop001\/?s={search_term_string}\"},\"query-input\":\"required name=search_term_string\"}],\"inLanguage\":\"es\"}]}<\/script>\n<!-- \/ Yoast SEO plugin. -->","yoast_head_json":{"title":"LELO SONA 2 CRUISE SONIC MASAJEADOR DE CL\u00cdTORIS - CEREZA - Tienda Er\u00f3tica","robots":{"index":"noindex","follow":"follow","max-snippet":"max-snippet:-1","max-image-preview":"max-image-preview:large","max-video-preview":"max-video-preview:-1"},"og_locale":"es_ES","og_type":"article","og_title":"LELO SONA 2 CRUISE SONIC MASAJEADOR DE CL\u00cdTORIS - CEREZA - Tienda Er\u00f3tica","og_description":"LELO &#8211; SONA 2 CRUISE SONIC CLITORAL MASSAGER \u00a1Cruise Control toma el control cuando ya no puedes aguantar m\u00e1s! Este","og_url":"https:\/\/demoweb.info\/sexshop001\/producto\/lelo-sona-2-cruise-sonic-masajeador-de-clitoris-cereza\/","og_site_name":"Tienda Er\u00f3tica","article_modified_time":"2022-01-22T08:35:51+00:00","og_image":[{"width":550,"height":550,"url":"https:\/\/demoweb.info\/sexshop001\/wp-content\/uploads\/2022\/01\/LELO-SONA-2-CRUISE-SONIC-MASAJEADOR-DE-CLITORIS-CEREZA.jpg","type":"image\/jpeg"}],"twitter_card":"summary_large_image","twitter_misc":{"Tiempo de lectura":"2 minutos"},"schema":{"@context":"https:\/\/schema.org","@graph":[{"@type":"WebPage","@id":"https:\/\/demoweb.info\/sexshop001\/producto\/lelo-sona-2-cruise-sonic-masajeador-de-clitoris-cereza\/","url":"https:\/\/demoweb.info\/sexshop001\/producto\/lelo-sona-2-cruise-sonic-masajeador-de-clitoris-cereza\/","name":"LELO SONA 2 CRUISE SONIC MASAJEADOR DE CL\u00cdTORIS - CEREZA - Tienda Er\u00f3tica","isPartOf":{"@id":"https:\/\/demoweb.info\/sexshop001\/#website"},"datePublished":"2022-01-22T08:35:46+00:00","dateModified":"2022-01-22T08:35:51+00:00","breadcrumb":{"@id":"https:\/\/demoweb.info\/sexshop001\/producto\/lelo-sona-2-cruise-sonic-masajeador-de-clitoris-cereza\/#breadcrumb"},"inLanguage":"es","potentialAction":[{"@type":"ReadAction","target":["https:\/\/demoweb.info\/sexshop001\/producto\/lelo-sona-2-cruise-sonic-masajeador-de-clitoris-cereza\/"]}]},{"@type":"BreadcrumbList","@id":"https:\/\/demoweb.info\/sexshop001\/producto\/lelo-sona-2-cruise-sonic-masajeador-de-clitoris-cereza\/#breadcrumb","itemListElement":[{"@type":"ListItem","position":1,"name":"Portada","item":"https:\/\/demoweb.info\/sexshop001\/"},{"@type":"ListItem","position":2,"name":"Tienda","item":"https:\/\/demoweb.info\/sexshop001\/tienda\/"},{"@type":"ListItem","position":3,"name":"LELO SONA 2 CRUISE SONIC MASAJEADOR DE CL\u00cdTORIS &#8211; CEREZA"}]},{"@type":"WebSite","@id":"https:\/\/demoweb.info\/sexshop001\/#website","url":"https:\/\/demoweb.info\/sexshop001\/","name":"Tienda Er\u00f3tica","description":"DEMOWEB SL","potentialAction":[{"@type":"SearchAction","target":{"@type":"EntryPoint","urlTemplate":"https:\/\/demoweb.info\/sexshop001\/?s={search_term_string}"},"query-input":"required name=search_term_string"}],"inLanguage":"es"}]}},"_links":{"self":[{"href":"https:\/\/demoweb.info\/sexshop001\/wp-json\/wp\/v3\/product\/8365","targetHints":{"allow":["GET"]}}],"collection":[{"href":"https:\/\/demoweb.info\/sexshop001\/wp-json\/wp\/v3\/product"}],"about":[{"href":"https:\/\/demoweb.info\/sexshop001\/wp-json\/wp\/v2\/types\/product"}],"replies":[{"embeddable":true,"href":"https:\/\/demoweb.info\/sexshop001\/wp-json\/wp\/v2\/comments?post=8365"}],"wp:featuredmedia":[{"embeddable":true,"href":"https:\/\/demoweb.info\/sexshop001\/wp-json\/wp\/v2\/media\/8366"}],"wp:attachment":[{"href":"https:\/\/demoweb.info\/sexshop001\/wp-json\/wp\/v2\/media?parent=8365"}],"wp:term":[{"taxonomy":"product_cat","embeddable":true,"href":"https:\/\/demoweb.info\/sexshop001\/wp-json\/wp\/v2\/product_cat?post=8365"},{"taxonomy":"product_tag","embeddable":true,"href":"https:\/\/demoweb.info\/sexshop001\/wp-json\/wp\/v2\/product_tag?post=8365"}],"curies":[{"name":"wp","href":"https:\/\/api.w.org\/{rel}","templated":true}]}}