{"id":8344,"date":"2022-01-22T09:35:32","date_gmt":"2022-01-22T08:35:32","guid":{"rendered":"https:\/\/demoweb.info\/sexshop001\/producto\/shiatsu-spray-potenciador-de-la-ereccion-menta-japonesa-y-bambu-30ml\/"},"modified":"2022-01-22T09:35:42","modified_gmt":"2022-01-22T08:35:42","slug":"shiatsu-spray-potenciador-de-la-ereccion-menta-japonesa-y-bambu-30ml","status":"publish","type":"product","link":"https:\/\/demoweb.info\/sexshop001\/producto\/shiatsu-spray-potenciador-de-la-ereccion-menta-japonesa-y-bambu-30ml\/","title":{"rendered":"SHIATSU SPRAY POTENCIADOR DE LA ERECCI\u00d3N MENTA JAPONESA Y BAMB\u00da 30ML"},"content":{"rendered":"<p><strong>PENIS POWER SPRAY &#8211; JAPANESE MINT &#038; BAMBOO 30ML<\/strong><\/p>\n<p>Este spray, dise\u00f1ado especialmente para hombres, hace que su erecci\u00f3n se sienta m\u00e1s dura y dura m\u00e1s. Usa el spray antes de tener relaciones sexuales. Para obtener el efecto deseado, reza una peque\u00f1a cantidad sobre el glande y deja que la piel lo absorba.<\/p>\n<p>Ingredientes: agua, glicerina vegetal, aceite de ricino hidrogenado Peg-40, propilenglicol, sorbitol, butil \u00e9ter de vainilo, maltodextrina, \u00e1cido l\u00e1ctico, alcohol, sorbato de potasio, benzoato de sodio, alcanfor, pantenol, extracto de hoja de Mentha Arvensis, extracto de hoja de Ginkgo Biloba, Extracto de ra\u00edz de zingiber officinale (jengibre), extracto de ra\u00edz de panax ginseng, limona.<\/p>\n<ul>\n<li>Para los hombres<\/li>\n<li>Erecci\u00f3n m\u00e1s duradera y duradera<\/li>\n<li>Promueve la circulaci\u00f3n sangu\u00ednea.<\/li>\n<li>Basado en agua<\/li>\n<li>Botella de spray pr\u00e1ctica<\/li>\n<li>Envase de 30 ml.<\/li>\n<\/ul>\n","protected":false},"excerpt":{"rendered":"<p>PENIS POWER SPRAY &#8211; JAPANESE MINT &#038; BAMBOO 30ML Este spray, dise\u00f1ado especialmente para hombres, hace que su erecci\u00f3n se<\/p>\n","protected":false},"featured_media":8345,"comment_status":"open","ping_status":"open","template":"","meta":[],"product_cat":[400],"product_tag":[401,402],"class_list":["post-8344","product","type-product","status-publish","has-post-thumbnail","hentry","product_cat-vigorizantes-para-el-sprays","product_tag-hot","product_tag-shiatsu"],"bundled_by":[],"bundle_stock_status":"instock","bundle_stock_quantity":1,"bundle_virtual":false,"bundle_layout":"","bundle_add_to_cart_form_location":"","bundle_editable_in_cart":false,"bundle_sold_individually_context":"","bundle_item_grouping":"","bundle_min_size":"","bundle_max_size":"","bundled_items":[],"yoast_head":"<!-- This site is optimized with the Yoast SEO plugin v20.6 - https:\/\/yoast.com\/wordpress\/plugins\/seo\/ -->\n<title>SHIATSU SPRAY POTENCIADOR DE LA ERECCI\u00d3N MENTA JAPONESA Y BAMB\u00da 30ML - Tienda Er\u00f3tica<\/title>\n<meta name=\"robots\" content=\"noindex, follow, max-snippet:-1, max-image-preview:large, max-video-preview:-1\" \/>\n<meta property=\"og:locale\" content=\"es_ES\" \/>\n<meta property=\"og:type\" content=\"article\" \/>\n<meta property=\"og:title\" content=\"SHIATSU SPRAY POTENCIADOR DE LA ERECCI\u00d3N MENTA JAPONESA Y BAMB\u00da 30ML - Tienda Er\u00f3tica\" \/>\n<meta property=\"og:description\" content=\"PENIS POWER SPRAY &#8211; JAPANESE MINT &#038; BAMBOO 30ML Este spray, dise\u00f1ado especialmente para hombres, hace que su erecci\u00f3n se\" \/>\n<meta property=\"og:url\" content=\"https:\/\/demoweb.info\/sexshop001\/producto\/shiatsu-spray-potenciador-de-la-ereccion-menta-japonesa-y-bambu-30ml\/\" \/>\n<meta property=\"og:site_name\" content=\"Tienda Er\u00f3tica\" \/>\n<meta property=\"article:modified_time\" content=\"2022-01-22T08:35:42+00:00\" \/>\n<meta property=\"og:image\" content=\"https:\/\/demoweb.info\/sexshop001\/wp-content\/uploads\/2022\/01\/SHIATSU-SPRAY-POTENCIADOR-DE-LA-ERECCION-MENTA-JAPONESA-Y-BAMBU-30ML.jpg\" \/>\n\t<meta property=\"og:image:width\" content=\"550\" \/>\n\t<meta property=\"og:image:height\" content=\"550\" \/>\n\t<meta property=\"og:image:type\" content=\"image\/jpeg\" \/>\n<meta name=\"twitter:card\" content=\"summary_large_image\" \/>\n<meta name=\"twitter:label1\" content=\"Tiempo de lectura\" \/>\n\t<meta name=\"twitter:data1\" content=\"1 minuto\" \/>\n<script type=\"application\/ld+json\" class=\"yoast-schema-graph\">{\"@context\":\"https:\/\/schema.org\",\"@graph\":[{\"@type\":\"WebPage\",\"@id\":\"https:\/\/demoweb.info\/sexshop001\/producto\/shiatsu-spray-potenciador-de-la-ereccion-menta-japonesa-y-bambu-30ml\/\",\"url\":\"https:\/\/demoweb.info\/sexshop001\/producto\/shiatsu-spray-potenciador-de-la-ereccion-menta-japonesa-y-bambu-30ml\/\",\"name\":\"SHIATSU SPRAY POTENCIADOR DE LA ERECCI\u00d3N MENTA JAPONESA Y BAMB\u00da 30ML - Tienda Er\u00f3tica\",\"isPartOf\":{\"@id\":\"https:\/\/demoweb.info\/sexshop001\/#website\"},\"datePublished\":\"2022-01-22T08:35:32+00:00\",\"dateModified\":\"2022-01-22T08:35:42+00:00\",\"breadcrumb\":{\"@id\":\"https:\/\/demoweb.info\/sexshop001\/producto\/shiatsu-spray-potenciador-de-la-ereccion-menta-japonesa-y-bambu-30ml\/#breadcrumb\"},\"inLanguage\":\"es\",\"potentialAction\":[{\"@type\":\"ReadAction\",\"target\":[\"https:\/\/demoweb.info\/sexshop001\/producto\/shiatsu-spray-potenciador-de-la-ereccion-menta-japonesa-y-bambu-30ml\/\"]}]},{\"@type\":\"BreadcrumbList\",\"@id\":\"https:\/\/demoweb.info\/sexshop001\/producto\/shiatsu-spray-potenciador-de-la-ereccion-menta-japonesa-y-bambu-30ml\/#breadcrumb\",\"itemListElement\":[{\"@type\":\"ListItem\",\"position\":1,\"name\":\"Portada\",\"item\":\"https:\/\/demoweb.info\/sexshop001\/\"},{\"@type\":\"ListItem\",\"position\":2,\"name\":\"Tienda\",\"item\":\"https:\/\/demoweb.info\/sexshop001\/tienda\/\"},{\"@type\":\"ListItem\",\"position\":3,\"name\":\"SHIATSU SPRAY POTENCIADOR DE LA ERECCI\u00d3N MENTA JAPONESA Y BAMB\u00da 30ML\"}]},{\"@type\":\"WebSite\",\"@id\":\"https:\/\/demoweb.info\/sexshop001\/#website\",\"url\":\"https:\/\/demoweb.info\/sexshop001\/\",\"name\":\"Tienda Er\u00f3tica\",\"description\":\"DEMOWEB SL\",\"potentialAction\":[{\"@type\":\"SearchAction\",\"target\":{\"@type\":\"EntryPoint\",\"urlTemplate\":\"https:\/\/demoweb.info\/sexshop001\/?s={search_term_string}\"},\"query-input\":\"required name=search_term_string\"}],\"inLanguage\":\"es\"}]}<\/script>\n<!-- \/ Yoast SEO plugin. -->","yoast_head_json":{"title":"SHIATSU SPRAY POTENCIADOR DE LA ERECCI\u00d3N MENTA JAPONESA Y BAMB\u00da 30ML - Tienda Er\u00f3tica","robots":{"index":"noindex","follow":"follow","max-snippet":"max-snippet:-1","max-image-preview":"max-image-preview:large","max-video-preview":"max-video-preview:-1"},"og_locale":"es_ES","og_type":"article","og_title":"SHIATSU SPRAY POTENCIADOR DE LA ERECCI\u00d3N MENTA JAPONESA Y BAMB\u00da 30ML - Tienda Er\u00f3tica","og_description":"PENIS POWER SPRAY &#8211; JAPANESE MINT &#038; BAMBOO 30ML Este spray, dise\u00f1ado especialmente para hombres, hace que su erecci\u00f3n se","og_url":"https:\/\/demoweb.info\/sexshop001\/producto\/shiatsu-spray-potenciador-de-la-ereccion-menta-japonesa-y-bambu-30ml\/","og_site_name":"Tienda Er\u00f3tica","article_modified_time":"2022-01-22T08:35:42+00:00","og_image":[{"width":550,"height":550,"url":"https:\/\/demoweb.info\/sexshop001\/wp-content\/uploads\/2022\/01\/SHIATSU-SPRAY-POTENCIADOR-DE-LA-ERECCION-MENTA-JAPONESA-Y-BAMBU-30ML.jpg","type":"image\/jpeg"}],"twitter_card":"summary_large_image","twitter_misc":{"Tiempo de lectura":"1 minuto"},"schema":{"@context":"https:\/\/schema.org","@graph":[{"@type":"WebPage","@id":"https:\/\/demoweb.info\/sexshop001\/producto\/shiatsu-spray-potenciador-de-la-ereccion-menta-japonesa-y-bambu-30ml\/","url":"https:\/\/demoweb.info\/sexshop001\/producto\/shiatsu-spray-potenciador-de-la-ereccion-menta-japonesa-y-bambu-30ml\/","name":"SHIATSU SPRAY POTENCIADOR DE LA ERECCI\u00d3N MENTA JAPONESA Y BAMB\u00da 30ML - Tienda Er\u00f3tica","isPartOf":{"@id":"https:\/\/demoweb.info\/sexshop001\/#website"},"datePublished":"2022-01-22T08:35:32+00:00","dateModified":"2022-01-22T08:35:42+00:00","breadcrumb":{"@id":"https:\/\/demoweb.info\/sexshop001\/producto\/shiatsu-spray-potenciador-de-la-ereccion-menta-japonesa-y-bambu-30ml\/#breadcrumb"},"inLanguage":"es","potentialAction":[{"@type":"ReadAction","target":["https:\/\/demoweb.info\/sexshop001\/producto\/shiatsu-spray-potenciador-de-la-ereccion-menta-japonesa-y-bambu-30ml\/"]}]},{"@type":"BreadcrumbList","@id":"https:\/\/demoweb.info\/sexshop001\/producto\/shiatsu-spray-potenciador-de-la-ereccion-menta-japonesa-y-bambu-30ml\/#breadcrumb","itemListElement":[{"@type":"ListItem","position":1,"name":"Portada","item":"https:\/\/demoweb.info\/sexshop001\/"},{"@type":"ListItem","position":2,"name":"Tienda","item":"https:\/\/demoweb.info\/sexshop001\/tienda\/"},{"@type":"ListItem","position":3,"name":"SHIATSU SPRAY POTENCIADOR DE LA ERECCI\u00d3N MENTA JAPONESA Y BAMB\u00da 30ML"}]},{"@type":"WebSite","@id":"https:\/\/demoweb.info\/sexshop001\/#website","url":"https:\/\/demoweb.info\/sexshop001\/","name":"Tienda Er\u00f3tica","description":"DEMOWEB SL","potentialAction":[{"@type":"SearchAction","target":{"@type":"EntryPoint","urlTemplate":"https:\/\/demoweb.info\/sexshop001\/?s={search_term_string}"},"query-input":"required name=search_term_string"}],"inLanguage":"es"}]}},"_links":{"self":[{"href":"https:\/\/demoweb.info\/sexshop001\/wp-json\/wp\/v3\/product\/8344","targetHints":{"allow":["GET"]}}],"collection":[{"href":"https:\/\/demoweb.info\/sexshop001\/wp-json\/wp\/v3\/product"}],"about":[{"href":"https:\/\/demoweb.info\/sexshop001\/wp-json\/wp\/v2\/types\/product"}],"replies":[{"embeddable":true,"href":"https:\/\/demoweb.info\/sexshop001\/wp-json\/wp\/v2\/comments?post=8344"}],"wp:featuredmedia":[{"embeddable":true,"href":"https:\/\/demoweb.info\/sexshop001\/wp-json\/wp\/v2\/media\/8345"}],"wp:attachment":[{"href":"https:\/\/demoweb.info\/sexshop001\/wp-json\/wp\/v2\/media?parent=8344"}],"wp:term":[{"taxonomy":"product_cat","embeddable":true,"href":"https:\/\/demoweb.info\/sexshop001\/wp-json\/wp\/v2\/product_cat?post=8344"},{"taxonomy":"product_tag","embeddable":true,"href":"https:\/\/demoweb.info\/sexshop001\/wp-json\/wp\/v2\/product_tag?post=8344"}],"curies":[{"name":"wp","href":"https:\/\/api.w.org\/{rel}","templated":true}]}}