{"id":8342,"date":"2022-01-22T09:35:32","date_gmt":"2022-01-22T08:35:32","guid":{"rendered":"https:\/\/demoweb.info\/sexshop001\/producto\/durex-music-edition-sensitive-mix-10\/"},"modified":"2022-01-22T09:35:41","modified_gmt":"2022-01-22T08:35:41","slug":"durex-music-edition-sensitive-mix-10","status":"publish","type":"product","link":"https:\/\/demoweb.info\/sexshop001\/producto\/durex-music-edition-sensitive-mix-10\/","title":{"rendered":"DUREX MUSIC EDITION SENSITIVE MIX 10"},"content":{"rendered":"<p><strong>DUREX MUSIC EDITION SENSITIVE MIX 10 PRESERVATIVOS<\/strong><\/p>\n<p>Este pack contiene 6 preservativos Durex Sensitivo Suave y 4 preservativos Durex Real Feel, para que puedas disfrutar en tus relaciones \u00edntimas con una sensaci\u00f3n m\u00e1s suave y una mayor sensibilidad.<\/p>\n<p>Esta gama de preservativos te ofrece placer sin olvidarte de la protecci\u00f3n. Los preservativos Durex Sensitivo Suave, con forma anat\u00f3mica Easy-On, est\u00e1n extra lubricados para una experiencia m\u00e1s suave. Por su parte, Durex Real Feel es un preservativo de \u00faltima generaci\u00f3n fabricado con poliisopreno que no contiene l\u00e1tex, para una sensaci\u00f3n de contacto natural piel con piel.<\/p>\n<p>Anchura nominal 56 mm, talla adecuada para la mayor\u00eda de los hombres gracias a su dise\u00f1o el\u00e1stico.<\/p>\n<p>Deja que Durex haga tu noche inolvidable con el pack Music Edition, desbloquea contenido musical exclusivo y siente mucho m\u00e1s con Durex.<\/p>\n<p>Dermatol\u00f3gicamente testado. Cumple con la normativa de productos sanitarios.<\/p>\n","protected":false},"excerpt":{"rendered":"<p>DUREX MUSIC EDITION SENSITIVE MIX 10 PRESERVATIVOS Este pack contiene 6 preservativos Durex Sensitivo Suave y 4 preservativos Durex Real<\/p>\n","protected":false},"featured_media":8343,"comment_status":"open","ping_status":"open","template":"","meta":[],"product_cat":[395],"product_tag":[396,397],"class_list":["post-8342","product","type-product","status-publish","has-post-thumbnail","hentry","product_cat-sensitivos","product_tag-durex","product_tag-music-edition"],"bundled_by":[],"bundle_stock_status":"outofstock","bundle_stock_quantity":0,"bundle_virtual":false,"bundle_layout":"","bundle_add_to_cart_form_location":"","bundle_editable_in_cart":false,"bundle_sold_individually_context":"","bundle_item_grouping":"","bundle_min_size":"","bundle_max_size":"","bundled_items":[],"yoast_head":"<!-- This site is optimized with the Yoast SEO plugin v20.6 - https:\/\/yoast.com\/wordpress\/plugins\/seo\/ -->\n<title>DUREX MUSIC EDITION SENSITIVE MIX 10 - Tienda Er\u00f3tica<\/title>\n<meta name=\"robots\" content=\"noindex, follow, max-snippet:-1, max-image-preview:large, max-video-preview:-1\" \/>\n<meta property=\"og:locale\" content=\"es_ES\" \/>\n<meta property=\"og:type\" content=\"article\" \/>\n<meta property=\"og:title\" content=\"DUREX MUSIC EDITION SENSITIVE MIX 10 - Tienda Er\u00f3tica\" \/>\n<meta property=\"og:description\" content=\"DUREX MUSIC EDITION SENSITIVE MIX 10 PRESERVATIVOS Este pack contiene 6 preservativos Durex Sensitivo Suave y 4 preservativos Durex Real\" \/>\n<meta property=\"og:url\" content=\"https:\/\/demoweb.info\/sexshop001\/producto\/durex-music-edition-sensitive-mix-10\/\" \/>\n<meta property=\"og:site_name\" content=\"Tienda Er\u00f3tica\" \/>\n<meta property=\"article:modified_time\" content=\"2022-01-22T08:35:41+00:00\" \/>\n<meta property=\"og:image\" content=\"https:\/\/demoweb.info\/sexshop001\/wp-content\/uploads\/2022\/01\/DUREX-MUSIC-EDITION-SENSITIVE-MIX-10.jpg\" \/>\n\t<meta property=\"og:image:width\" content=\"550\" \/>\n\t<meta property=\"og:image:height\" content=\"550\" \/>\n\t<meta property=\"og:image:type\" content=\"image\/jpeg\" \/>\n<meta name=\"twitter:card\" content=\"summary_large_image\" \/>\n<meta name=\"twitter:label1\" content=\"Tiempo de lectura\" \/>\n\t<meta name=\"twitter:data1\" content=\"1 minuto\" \/>\n<script type=\"application\/ld+json\" class=\"yoast-schema-graph\">{\"@context\":\"https:\/\/schema.org\",\"@graph\":[{\"@type\":\"WebPage\",\"@id\":\"https:\/\/demoweb.info\/sexshop001\/producto\/durex-music-edition-sensitive-mix-10\/\",\"url\":\"https:\/\/demoweb.info\/sexshop001\/producto\/durex-music-edition-sensitive-mix-10\/\",\"name\":\"DUREX MUSIC EDITION SENSITIVE MIX 10 - Tienda Er\u00f3tica\",\"isPartOf\":{\"@id\":\"https:\/\/demoweb.info\/sexshop001\/#website\"},\"datePublished\":\"2022-01-22T08:35:32+00:00\",\"dateModified\":\"2022-01-22T08:35:41+00:00\",\"breadcrumb\":{\"@id\":\"https:\/\/demoweb.info\/sexshop001\/producto\/durex-music-edition-sensitive-mix-10\/#breadcrumb\"},\"inLanguage\":\"es\",\"potentialAction\":[{\"@type\":\"ReadAction\",\"target\":[\"https:\/\/demoweb.info\/sexshop001\/producto\/durex-music-edition-sensitive-mix-10\/\"]}]},{\"@type\":\"BreadcrumbList\",\"@id\":\"https:\/\/demoweb.info\/sexshop001\/producto\/durex-music-edition-sensitive-mix-10\/#breadcrumb\",\"itemListElement\":[{\"@type\":\"ListItem\",\"position\":1,\"name\":\"Portada\",\"item\":\"https:\/\/demoweb.info\/sexshop001\/\"},{\"@type\":\"ListItem\",\"position\":2,\"name\":\"Tienda\",\"item\":\"https:\/\/demoweb.info\/sexshop001\/tienda\/\"},{\"@type\":\"ListItem\",\"position\":3,\"name\":\"DUREX MUSIC EDITION SENSITIVE MIX 10\"}]},{\"@type\":\"WebSite\",\"@id\":\"https:\/\/demoweb.info\/sexshop001\/#website\",\"url\":\"https:\/\/demoweb.info\/sexshop001\/\",\"name\":\"Tienda Er\u00f3tica\",\"description\":\"DEMOWEB SL\",\"potentialAction\":[{\"@type\":\"SearchAction\",\"target\":{\"@type\":\"EntryPoint\",\"urlTemplate\":\"https:\/\/demoweb.info\/sexshop001\/?s={search_term_string}\"},\"query-input\":\"required name=search_term_string\"}],\"inLanguage\":\"es\"}]}<\/script>\n<!-- \/ Yoast SEO plugin. -->","yoast_head_json":{"title":"DUREX MUSIC EDITION SENSITIVE MIX 10 - Tienda Er\u00f3tica","robots":{"index":"noindex","follow":"follow","max-snippet":"max-snippet:-1","max-image-preview":"max-image-preview:large","max-video-preview":"max-video-preview:-1"},"og_locale":"es_ES","og_type":"article","og_title":"DUREX MUSIC EDITION SENSITIVE MIX 10 - Tienda Er\u00f3tica","og_description":"DUREX MUSIC EDITION SENSITIVE MIX 10 PRESERVATIVOS Este pack contiene 6 preservativos Durex Sensitivo Suave y 4 preservativos Durex Real","og_url":"https:\/\/demoweb.info\/sexshop001\/producto\/durex-music-edition-sensitive-mix-10\/","og_site_name":"Tienda Er\u00f3tica","article_modified_time":"2022-01-22T08:35:41+00:00","og_image":[{"width":550,"height":550,"url":"https:\/\/demoweb.info\/sexshop001\/wp-content\/uploads\/2022\/01\/DUREX-MUSIC-EDITION-SENSITIVE-MIX-10.jpg","type":"image\/jpeg"}],"twitter_card":"summary_large_image","twitter_misc":{"Tiempo de lectura":"1 minuto"},"schema":{"@context":"https:\/\/schema.org","@graph":[{"@type":"WebPage","@id":"https:\/\/demoweb.info\/sexshop001\/producto\/durex-music-edition-sensitive-mix-10\/","url":"https:\/\/demoweb.info\/sexshop001\/producto\/durex-music-edition-sensitive-mix-10\/","name":"DUREX MUSIC EDITION SENSITIVE MIX 10 - Tienda Er\u00f3tica","isPartOf":{"@id":"https:\/\/demoweb.info\/sexshop001\/#website"},"datePublished":"2022-01-22T08:35:32+00:00","dateModified":"2022-01-22T08:35:41+00:00","breadcrumb":{"@id":"https:\/\/demoweb.info\/sexshop001\/producto\/durex-music-edition-sensitive-mix-10\/#breadcrumb"},"inLanguage":"es","potentialAction":[{"@type":"ReadAction","target":["https:\/\/demoweb.info\/sexshop001\/producto\/durex-music-edition-sensitive-mix-10\/"]}]},{"@type":"BreadcrumbList","@id":"https:\/\/demoweb.info\/sexshop001\/producto\/durex-music-edition-sensitive-mix-10\/#breadcrumb","itemListElement":[{"@type":"ListItem","position":1,"name":"Portada","item":"https:\/\/demoweb.info\/sexshop001\/"},{"@type":"ListItem","position":2,"name":"Tienda","item":"https:\/\/demoweb.info\/sexshop001\/tienda\/"},{"@type":"ListItem","position":3,"name":"DUREX MUSIC EDITION SENSITIVE MIX 10"}]},{"@type":"WebSite","@id":"https:\/\/demoweb.info\/sexshop001\/#website","url":"https:\/\/demoweb.info\/sexshop001\/","name":"Tienda Er\u00f3tica","description":"DEMOWEB SL","potentialAction":[{"@type":"SearchAction","target":{"@type":"EntryPoint","urlTemplate":"https:\/\/demoweb.info\/sexshop001\/?s={search_term_string}"},"query-input":"required name=search_term_string"}],"inLanguage":"es"}]}},"_links":{"self":[{"href":"https:\/\/demoweb.info\/sexshop001\/wp-json\/wp\/v3\/product\/8342","targetHints":{"allow":["GET"]}}],"collection":[{"href":"https:\/\/demoweb.info\/sexshop001\/wp-json\/wp\/v3\/product"}],"about":[{"href":"https:\/\/demoweb.info\/sexshop001\/wp-json\/wp\/v2\/types\/product"}],"replies":[{"embeddable":true,"href":"https:\/\/demoweb.info\/sexshop001\/wp-json\/wp\/v2\/comments?post=8342"}],"wp:featuredmedia":[{"embeddable":true,"href":"https:\/\/demoweb.info\/sexshop001\/wp-json\/wp\/v2\/media\/8343"}],"wp:attachment":[{"href":"https:\/\/demoweb.info\/sexshop001\/wp-json\/wp\/v2\/media?parent=8342"}],"wp:term":[{"taxonomy":"product_cat","embeddable":true,"href":"https:\/\/demoweb.info\/sexshop001\/wp-json\/wp\/v2\/product_cat?post=8342"},{"taxonomy":"product_tag","embeddable":true,"href":"https:\/\/demoweb.info\/sexshop001\/wp-json\/wp\/v2\/product_tag?post=8342"}],"curies":[{"name":"wp","href":"https:\/\/api.w.org\/{rel}","templated":true}]}}