{"id":8250,"date":"2022-01-22T09:35:02","date_gmt":"2022-01-22T08:35:02","guid":{"rendered":"https:\/\/demoweb.info\/sexshop001\/producto\/grand-finale-conjunto-2-piezas-2\/"},"modified":"2022-01-22T09:35:07","modified_gmt":"2022-01-22T08:35:07","slug":"grand-finale-conjunto-2-piezas-2","status":"publish","type":"product","link":"https:\/\/demoweb.info\/sexshop001\/producto\/grand-finale-conjunto-2-piezas-2\/","title":{"rendered":"GRAND FINALE CONJUNTO 2 PIEZAS"},"content":{"rendered":"<p><strong>GRAND FINALE 2PC RUFFLE TEDDY<\/strong><\/p>\n<p>Impresionantemente adecuado para los rom\u00e1nticos de coraz\u00f3n.<\/p>\n<p>Esta camisa de color burdeos combina encaje floral y malla para crear una silueta perfecta.<\/p>\n<p>El encaje se sienta perfectamente a los lados y cubre el busto con aros con gracia.<\/p>\n<p>El corpi\u00f1o de malla transparente se ve sin esfuerzo, pero el ribete de volantes alrededor de las caderas es un acabado delicado.<\/p>\n<p>Se incluye una tanga a juego.<\/p>\n<p>Lavar a mano fr\u00eda, l\u00ednea seca.<\/p>\n<p>Composici\u00f3n: 90% Nylon \/ 10% Spandex<\/p>\n","protected":false},"excerpt":{"rendered":"<p>GRAND FINALE 2PC RUFFLE TEDDY Impresionantemente adecuado para los rom\u00e1nticos de coraz\u00f3n. Esta camisa de color burdeos combina encaje floral<\/p>\n","protected":false},"featured_media":8251,"comment_status":"open","ping_status":"open","template":"","meta":[],"product_cat":[349],"product_tag":[378],"class_list":["post-8250","product","type-product","status-publish","has-post-thumbnail","hentry","product_cat-conjuntos-lenceria","product_tag-rene-rofe"],"bundled_by":[],"bundle_stock_status":"instock","bundle_stock_quantity":1,"bundle_virtual":false,"bundle_layout":"","bundle_add_to_cart_form_location":"","bundle_editable_in_cart":false,"bundle_sold_individually_context":"","bundle_item_grouping":"","bundle_min_size":"","bundle_max_size":"","bundled_items":[],"yoast_head":"<!-- This site is optimized with the Yoast SEO plugin v20.6 - https:\/\/yoast.com\/wordpress\/plugins\/seo\/ -->\n<title>GRAND FINALE CONJUNTO 2 PIEZAS - Tienda Er\u00f3tica<\/title>\n<meta name=\"robots\" content=\"noindex, follow, max-snippet:-1, max-image-preview:large, max-video-preview:-1\" \/>\n<meta property=\"og:locale\" content=\"es_ES\" \/>\n<meta property=\"og:type\" content=\"article\" \/>\n<meta property=\"og:title\" content=\"GRAND FINALE CONJUNTO 2 PIEZAS - Tienda Er\u00f3tica\" \/>\n<meta property=\"og:description\" content=\"GRAND FINALE 2PC RUFFLE TEDDY Impresionantemente adecuado para los rom\u00e1nticos de coraz\u00f3n. Esta camisa de color burdeos combina encaje floral\" \/>\n<meta property=\"og:url\" content=\"https:\/\/demoweb.info\/sexshop001\/producto\/grand-finale-conjunto-2-piezas-2\/\" \/>\n<meta property=\"og:site_name\" content=\"Tienda Er\u00f3tica\" \/>\n<meta property=\"article:modified_time\" content=\"2022-01-22T08:35:07+00:00\" \/>\n<meta property=\"og:image\" content=\"https:\/\/demoweb.info\/sexshop001\/wp-content\/uploads\/2022\/01\/GRAND-FINALE-CONJUNTO-2-PIEZAS-2.jpg\" \/>\n\t<meta property=\"og:image:width\" content=\"550\" \/>\n\t<meta property=\"og:image:height\" content=\"550\" \/>\n\t<meta property=\"og:image:type\" content=\"image\/jpeg\" \/>\n<meta name=\"twitter:card\" content=\"summary_large_image\" \/>\n<script type=\"application\/ld+json\" class=\"yoast-schema-graph\">{\"@context\":\"https:\/\/schema.org\",\"@graph\":[{\"@type\":\"WebPage\",\"@id\":\"https:\/\/demoweb.info\/sexshop001\/producto\/grand-finale-conjunto-2-piezas-2\/\",\"url\":\"https:\/\/demoweb.info\/sexshop001\/producto\/grand-finale-conjunto-2-piezas-2\/\",\"name\":\"GRAND FINALE CONJUNTO 2 PIEZAS - Tienda Er\u00f3tica\",\"isPartOf\":{\"@id\":\"https:\/\/demoweb.info\/sexshop001\/#website\"},\"datePublished\":\"2022-01-22T08:35:02+00:00\",\"dateModified\":\"2022-01-22T08:35:07+00:00\",\"breadcrumb\":{\"@id\":\"https:\/\/demoweb.info\/sexshop001\/producto\/grand-finale-conjunto-2-piezas-2\/#breadcrumb\"},\"inLanguage\":\"es\",\"potentialAction\":[{\"@type\":\"ReadAction\",\"target\":[\"https:\/\/demoweb.info\/sexshop001\/producto\/grand-finale-conjunto-2-piezas-2\/\"]}]},{\"@type\":\"BreadcrumbList\",\"@id\":\"https:\/\/demoweb.info\/sexshop001\/producto\/grand-finale-conjunto-2-piezas-2\/#breadcrumb\",\"itemListElement\":[{\"@type\":\"ListItem\",\"position\":1,\"name\":\"Portada\",\"item\":\"https:\/\/demoweb.info\/sexshop001\/\"},{\"@type\":\"ListItem\",\"position\":2,\"name\":\"Tienda\",\"item\":\"https:\/\/demoweb.info\/sexshop001\/tienda\/\"},{\"@type\":\"ListItem\",\"position\":3,\"name\":\"GRAND FINALE CONJUNTO 2 PIEZAS\"}]},{\"@type\":\"WebSite\",\"@id\":\"https:\/\/demoweb.info\/sexshop001\/#website\",\"url\":\"https:\/\/demoweb.info\/sexshop001\/\",\"name\":\"Tienda Er\u00f3tica\",\"description\":\"DEMOWEB SL\",\"potentialAction\":[{\"@type\":\"SearchAction\",\"target\":{\"@type\":\"EntryPoint\",\"urlTemplate\":\"https:\/\/demoweb.info\/sexshop001\/?s={search_term_string}\"},\"query-input\":\"required name=search_term_string\"}],\"inLanguage\":\"es\"}]}<\/script>\n<!-- \/ Yoast SEO plugin. -->","yoast_head_json":{"title":"GRAND FINALE CONJUNTO 2 PIEZAS - Tienda Er\u00f3tica","robots":{"index":"noindex","follow":"follow","max-snippet":"max-snippet:-1","max-image-preview":"max-image-preview:large","max-video-preview":"max-video-preview:-1"},"og_locale":"es_ES","og_type":"article","og_title":"GRAND FINALE CONJUNTO 2 PIEZAS - Tienda Er\u00f3tica","og_description":"GRAND FINALE 2PC RUFFLE TEDDY Impresionantemente adecuado para los rom\u00e1nticos de coraz\u00f3n. Esta camisa de color burdeos combina encaje floral","og_url":"https:\/\/demoweb.info\/sexshop001\/producto\/grand-finale-conjunto-2-piezas-2\/","og_site_name":"Tienda Er\u00f3tica","article_modified_time":"2022-01-22T08:35:07+00:00","og_image":[{"width":550,"height":550,"url":"https:\/\/demoweb.info\/sexshop001\/wp-content\/uploads\/2022\/01\/GRAND-FINALE-CONJUNTO-2-PIEZAS-2.jpg","type":"image\/jpeg"}],"twitter_card":"summary_large_image","schema":{"@context":"https:\/\/schema.org","@graph":[{"@type":"WebPage","@id":"https:\/\/demoweb.info\/sexshop001\/producto\/grand-finale-conjunto-2-piezas-2\/","url":"https:\/\/demoweb.info\/sexshop001\/producto\/grand-finale-conjunto-2-piezas-2\/","name":"GRAND FINALE CONJUNTO 2 PIEZAS - Tienda Er\u00f3tica","isPartOf":{"@id":"https:\/\/demoweb.info\/sexshop001\/#website"},"datePublished":"2022-01-22T08:35:02+00:00","dateModified":"2022-01-22T08:35:07+00:00","breadcrumb":{"@id":"https:\/\/demoweb.info\/sexshop001\/producto\/grand-finale-conjunto-2-piezas-2\/#breadcrumb"},"inLanguage":"es","potentialAction":[{"@type":"ReadAction","target":["https:\/\/demoweb.info\/sexshop001\/producto\/grand-finale-conjunto-2-piezas-2\/"]}]},{"@type":"BreadcrumbList","@id":"https:\/\/demoweb.info\/sexshop001\/producto\/grand-finale-conjunto-2-piezas-2\/#breadcrumb","itemListElement":[{"@type":"ListItem","position":1,"name":"Portada","item":"https:\/\/demoweb.info\/sexshop001\/"},{"@type":"ListItem","position":2,"name":"Tienda","item":"https:\/\/demoweb.info\/sexshop001\/tienda\/"},{"@type":"ListItem","position":3,"name":"GRAND FINALE CONJUNTO 2 PIEZAS"}]},{"@type":"WebSite","@id":"https:\/\/demoweb.info\/sexshop001\/#website","url":"https:\/\/demoweb.info\/sexshop001\/","name":"Tienda Er\u00f3tica","description":"DEMOWEB SL","potentialAction":[{"@type":"SearchAction","target":{"@type":"EntryPoint","urlTemplate":"https:\/\/demoweb.info\/sexshop001\/?s={search_term_string}"},"query-input":"required name=search_term_string"}],"inLanguage":"es"}]}},"_links":{"self":[{"href":"https:\/\/demoweb.info\/sexshop001\/wp-json\/wp\/v3\/product\/8250","targetHints":{"allow":["GET"]}}],"collection":[{"href":"https:\/\/demoweb.info\/sexshop001\/wp-json\/wp\/v3\/product"}],"about":[{"href":"https:\/\/demoweb.info\/sexshop001\/wp-json\/wp\/v2\/types\/product"}],"replies":[{"embeddable":true,"href":"https:\/\/demoweb.info\/sexshop001\/wp-json\/wp\/v2\/comments?post=8250"}],"wp:featuredmedia":[{"embeddable":true,"href":"https:\/\/demoweb.info\/sexshop001\/wp-json\/wp\/v2\/media\/8251"}],"wp:attachment":[{"href":"https:\/\/demoweb.info\/sexshop001\/wp-json\/wp\/v2\/media?parent=8250"}],"wp:term":[{"taxonomy":"product_cat","embeddable":true,"href":"https:\/\/demoweb.info\/sexshop001\/wp-json\/wp\/v2\/product_cat?post=8250"},{"taxonomy":"product_tag","embeddable":true,"href":"https:\/\/demoweb.info\/sexshop001\/wp-json\/wp\/v2\/product_tag?post=8250"}],"curies":[{"name":"wp","href":"https:\/\/api.w.org\/{rel}","templated":true}]}}