{"id":8247,"date":"2022-01-22T09:35:02","date_gmt":"2022-01-22T08:35:02","guid":{"rendered":"https:\/\/demoweb.info\/sexshop001\/producto\/tie-breaker-mini-vestido-manga-larga-borgona\/"},"modified":"2022-01-22T09:35:06","modified_gmt":"2022-01-22T08:35:06","slug":"tie-breaker-mini-vestido-manga-larga-borgona","status":"publish","type":"product","link":"https:\/\/demoweb.info\/sexshop001\/producto\/tie-breaker-mini-vestido-manga-larga-borgona\/","title":{"rendered":"TIE BREAKER MINI VESTIDO MANGA LARGA &#8211; BORGO\u00d1A"},"content":{"rendered":"<p><strong>TIE BREAKER LONG SLEEVE DRESS<\/strong><\/p>\n<p>Vestido de manga larga Tie Breaker.<\/p>\n<p>Talla \u00fanica. Una talla le queda a la mayor\u00eda.<\/p>\n<p>Detalles de encaje de flores, con cruces abiertos.<\/p>\n<p>Tanga no incluido.<\/p>\n<p>Composici\u00f3n: 95% Nylon \/ 5% Spandex<\/p>\n","protected":false},"excerpt":{"rendered":"<p>TIE BREAKER LONG SLEEVE DRESS Vestido de manga larga Tie Breaker. Talla \u00fanica. Una talla le queda a la mayor\u00eda.<\/p>\n","protected":false},"featured_media":8248,"comment_status":"open","ping_status":"open","template":"","meta":[],"product_cat":[380],"product_tag":[378],"class_list":["post-8247","product","type-product","status-publish","has-post-thumbnail","hentry","product_cat-manga-larga","product_tag-rene-rofe"],"bundled_by":[],"bundle_stock_status":"instock","bundle_stock_quantity":1,"bundle_virtual":false,"bundle_layout":"","bundle_add_to_cart_form_location":"","bundle_editable_in_cart":false,"bundle_sold_individually_context":"","bundle_item_grouping":"","bundle_min_size":"","bundle_max_size":"","bundled_items":[],"yoast_head":"<!-- This site is optimized with the Yoast SEO plugin v20.6 - https:\/\/yoast.com\/wordpress\/plugins\/seo\/ -->\n<title>TIE BREAKER MINI VESTIDO MANGA LARGA - BORGO\u00d1A - Tienda Er\u00f3tica<\/title>\n<meta name=\"robots\" content=\"noindex, follow, max-snippet:-1, max-image-preview:large, max-video-preview:-1\" \/>\n<meta property=\"og:locale\" content=\"es_ES\" \/>\n<meta property=\"og:type\" content=\"article\" \/>\n<meta property=\"og:title\" content=\"TIE BREAKER MINI VESTIDO MANGA LARGA - BORGO\u00d1A - Tienda Er\u00f3tica\" \/>\n<meta property=\"og:description\" content=\"TIE BREAKER LONG SLEEVE DRESS Vestido de manga larga Tie Breaker. Talla \u00fanica. Una talla le queda a la mayor\u00eda.\" \/>\n<meta property=\"og:url\" content=\"https:\/\/demoweb.info\/sexshop001\/producto\/tie-breaker-mini-vestido-manga-larga-borgona\/\" \/>\n<meta property=\"og:site_name\" content=\"Tienda Er\u00f3tica\" \/>\n<meta property=\"article:modified_time\" content=\"2022-01-22T08:35:06+00:00\" \/>\n<meta property=\"og:image\" content=\"https:\/\/demoweb.info\/sexshop001\/wp-content\/uploads\/2022\/01\/TIE-BREAKER-MINI-VESTIDO-MANGA-LARGA-BORGONA.jpg\" \/>\n\t<meta property=\"og:image:width\" content=\"550\" \/>\n\t<meta property=\"og:image:height\" content=\"550\" \/>\n\t<meta property=\"og:image:type\" content=\"image\/jpeg\" \/>\n<meta name=\"twitter:card\" content=\"summary_large_image\" \/>\n<script type=\"application\/ld+json\" class=\"yoast-schema-graph\">{\"@context\":\"https:\/\/schema.org\",\"@graph\":[{\"@type\":\"WebPage\",\"@id\":\"https:\/\/demoweb.info\/sexshop001\/producto\/tie-breaker-mini-vestido-manga-larga-borgona\/\",\"url\":\"https:\/\/demoweb.info\/sexshop001\/producto\/tie-breaker-mini-vestido-manga-larga-borgona\/\",\"name\":\"TIE BREAKER MINI VESTIDO MANGA LARGA - BORGO\u00d1A - Tienda Er\u00f3tica\",\"isPartOf\":{\"@id\":\"https:\/\/demoweb.info\/sexshop001\/#website\"},\"datePublished\":\"2022-01-22T08:35:02+00:00\",\"dateModified\":\"2022-01-22T08:35:06+00:00\",\"breadcrumb\":{\"@id\":\"https:\/\/demoweb.info\/sexshop001\/producto\/tie-breaker-mini-vestido-manga-larga-borgona\/#breadcrumb\"},\"inLanguage\":\"es\",\"potentialAction\":[{\"@type\":\"ReadAction\",\"target\":[\"https:\/\/demoweb.info\/sexshop001\/producto\/tie-breaker-mini-vestido-manga-larga-borgona\/\"]}]},{\"@type\":\"BreadcrumbList\",\"@id\":\"https:\/\/demoweb.info\/sexshop001\/producto\/tie-breaker-mini-vestido-manga-larga-borgona\/#breadcrumb\",\"itemListElement\":[{\"@type\":\"ListItem\",\"position\":1,\"name\":\"Portada\",\"item\":\"https:\/\/demoweb.info\/sexshop001\/\"},{\"@type\":\"ListItem\",\"position\":2,\"name\":\"Tienda\",\"item\":\"https:\/\/demoweb.info\/sexshop001\/tienda\/\"},{\"@type\":\"ListItem\",\"position\":3,\"name\":\"TIE BREAKER MINI VESTIDO MANGA LARGA &#8211; BORGO\u00d1A\"}]},{\"@type\":\"WebSite\",\"@id\":\"https:\/\/demoweb.info\/sexshop001\/#website\",\"url\":\"https:\/\/demoweb.info\/sexshop001\/\",\"name\":\"Tienda Er\u00f3tica\",\"description\":\"DEMOWEB SL\",\"potentialAction\":[{\"@type\":\"SearchAction\",\"target\":{\"@type\":\"EntryPoint\",\"urlTemplate\":\"https:\/\/demoweb.info\/sexshop001\/?s={search_term_string}\"},\"query-input\":\"required name=search_term_string\"}],\"inLanguage\":\"es\"}]}<\/script>\n<!-- \/ Yoast SEO plugin. -->","yoast_head_json":{"title":"TIE BREAKER MINI VESTIDO MANGA LARGA - BORGO\u00d1A - Tienda Er\u00f3tica","robots":{"index":"noindex","follow":"follow","max-snippet":"max-snippet:-1","max-image-preview":"max-image-preview:large","max-video-preview":"max-video-preview:-1"},"og_locale":"es_ES","og_type":"article","og_title":"TIE BREAKER MINI VESTIDO MANGA LARGA - BORGO\u00d1A - Tienda Er\u00f3tica","og_description":"TIE BREAKER LONG SLEEVE DRESS Vestido de manga larga Tie Breaker. Talla \u00fanica. Una talla le queda a la mayor\u00eda.","og_url":"https:\/\/demoweb.info\/sexshop001\/producto\/tie-breaker-mini-vestido-manga-larga-borgona\/","og_site_name":"Tienda Er\u00f3tica","article_modified_time":"2022-01-22T08:35:06+00:00","og_image":[{"width":550,"height":550,"url":"https:\/\/demoweb.info\/sexshop001\/wp-content\/uploads\/2022\/01\/TIE-BREAKER-MINI-VESTIDO-MANGA-LARGA-BORGONA.jpg","type":"image\/jpeg"}],"twitter_card":"summary_large_image","schema":{"@context":"https:\/\/schema.org","@graph":[{"@type":"WebPage","@id":"https:\/\/demoweb.info\/sexshop001\/producto\/tie-breaker-mini-vestido-manga-larga-borgona\/","url":"https:\/\/demoweb.info\/sexshop001\/producto\/tie-breaker-mini-vestido-manga-larga-borgona\/","name":"TIE BREAKER MINI VESTIDO MANGA LARGA - BORGO\u00d1A - Tienda Er\u00f3tica","isPartOf":{"@id":"https:\/\/demoweb.info\/sexshop001\/#website"},"datePublished":"2022-01-22T08:35:02+00:00","dateModified":"2022-01-22T08:35:06+00:00","breadcrumb":{"@id":"https:\/\/demoweb.info\/sexshop001\/producto\/tie-breaker-mini-vestido-manga-larga-borgona\/#breadcrumb"},"inLanguage":"es","potentialAction":[{"@type":"ReadAction","target":["https:\/\/demoweb.info\/sexshop001\/producto\/tie-breaker-mini-vestido-manga-larga-borgona\/"]}]},{"@type":"BreadcrumbList","@id":"https:\/\/demoweb.info\/sexshop001\/producto\/tie-breaker-mini-vestido-manga-larga-borgona\/#breadcrumb","itemListElement":[{"@type":"ListItem","position":1,"name":"Portada","item":"https:\/\/demoweb.info\/sexshop001\/"},{"@type":"ListItem","position":2,"name":"Tienda","item":"https:\/\/demoweb.info\/sexshop001\/tienda\/"},{"@type":"ListItem","position":3,"name":"TIE BREAKER MINI VESTIDO MANGA LARGA &#8211; BORGO\u00d1A"}]},{"@type":"WebSite","@id":"https:\/\/demoweb.info\/sexshop001\/#website","url":"https:\/\/demoweb.info\/sexshop001\/","name":"Tienda Er\u00f3tica","description":"DEMOWEB SL","potentialAction":[{"@type":"SearchAction","target":{"@type":"EntryPoint","urlTemplate":"https:\/\/demoweb.info\/sexshop001\/?s={search_term_string}"},"query-input":"required name=search_term_string"}],"inLanguage":"es"}]}},"_links":{"self":[{"href":"https:\/\/demoweb.info\/sexshop001\/wp-json\/wp\/v3\/product\/8247","targetHints":{"allow":["GET"]}}],"collection":[{"href":"https:\/\/demoweb.info\/sexshop001\/wp-json\/wp\/v3\/product"}],"about":[{"href":"https:\/\/demoweb.info\/sexshop001\/wp-json\/wp\/v2\/types\/product"}],"replies":[{"embeddable":true,"href":"https:\/\/demoweb.info\/sexshop001\/wp-json\/wp\/v2\/comments?post=8247"}],"wp:featuredmedia":[{"embeddable":true,"href":"https:\/\/demoweb.info\/sexshop001\/wp-json\/wp\/v2\/media\/8248"}],"wp:attachment":[{"href":"https:\/\/demoweb.info\/sexshop001\/wp-json\/wp\/v2\/media?parent=8247"}],"wp:term":[{"taxonomy":"product_cat","embeddable":true,"href":"https:\/\/demoweb.info\/sexshop001\/wp-json\/wp\/v2\/product_cat?post=8247"},{"taxonomy":"product_tag","embeddable":true,"href":"https:\/\/demoweb.info\/sexshop001\/wp-json\/wp\/v2\/product_tag?post=8247"}],"curies":[{"name":"wp","href":"https:\/\/api.w.org\/{rel}","templated":true}]}}