{"id":8206,"date":"2022-01-22T09:34:37","date_gmt":"2022-01-22T08:34:37","guid":{"rendered":"https:\/\/demoweb.info\/sexshop001\/producto\/feelztoys-bala-vibradora-con-mando-para-braguiita-rosa\/"},"modified":"2022-01-22T09:34:47","modified_gmt":"2022-01-22T08:34:47","slug":"feelztoys-bala-vibradora-con-mando-para-braguiita-rosa","status":"publish","type":"product","link":"https:\/\/demoweb.info\/sexshop001\/producto\/feelztoys-bala-vibradora-con-mando-para-braguiita-rosa\/","title":{"rendered":"FEELZTOYS &#8211; BALA VIBRADORA CON MANDO PARA BRAGUIITA &#8211; ROSA"},"content":{"rendered":"<p><strong>FEELZTOYS &#8211; PANTY VIBE REMOTE CONTROLLED VIBRATOR<\/strong><\/p>\n<p>\u00a1Estas balitas de Feelztoys son s\u00faper emocionantes de usar! El discreto y elegante vibrador te lleva a una aventura.O mejor dicho: puedes llevarte el vibrador y emprender una aventura. Porque este vibrador se adapta perfectamente a tus braguitas y tiene un control remoto para que puedas pasar el control completamente a otra persona. Tu pareja por ejemplo.<\/p>\n<p>Usa el vibrador durante una salida nocturna y juega contigo misma o ten una noche rom\u00e1ntica con tu pareja y deja que tu pareja decida como de emocionado se siente. Salir nunca ha sido tan emocionante.<\/p>\n<p>Este juguete sexual es muy seguro porque est\u00e1 hecho de silicona 100% segura para el cuerpo y es 100% resistente al agua. Para que no tengas que preocuparte, puedes dejarte llevar por completo.<\/p>\n<p>La forma est\u00e1 dise\u00f1ada ergon\u00f3micamente para que sea muy agradable de usar. No lo sientes hasta que comienza a vibrar &#8230; Y tambi\u00e9n es muy importante: es silencioso, por lo que solo t\u00fa y tu pareja sabeis lo que est\u00e1 sucediendo dentro de ti.<\/p>\n<p>El vibrador dura hasta 8 horas en una noche oscilante, por lo que tienes mucho tiempo para entretenerte. El control remoto funciona desde una distancia de hasta 15 metros, por lo que hay mucho espacio para una noche emocionante, intensa y l\u00fadica.<br \/>\nEste vibrador tambi\u00e9n es un regalo muy agradable para darle a tu novia, o \u00bfqu\u00e9 tal una despedida de soltera? \u00a1Diversi\u00f3n y emoci\u00f3n garantizadas!<\/p>\n<p>Especificaciones del producto:<br \/>\n&#8211; Tama\u00f1o: 45 x 100 mm.<br \/>\n&#8211; Material: silicona 100% segura para el cuerpo<br \/>\n&#8211; Silencioso<br \/>\n&#8211; Impermeable (IPX6)<br \/>\n&#8211; Hasta 1,5 horas de funcionamiento con bater\u00eda llena, incluso despu\u00e9s de 8 horas en espera<br \/>\n&#8211; 6 patrones de vibraci\u00f3n e intensidad<br \/>\n&#8211; Mando a distancia: alcance de 15 metros<br \/>\n&#8211; Inodoro<\/p>\n<p>Instrucciones: Enciende la bala vibradora presionando el bot\u00f3n durante 3 segundos hasta que sientas que el juguete vibra 1x. El juguete ahora est\u00e1 en espera y se puede controlar a\u00fan m\u00e1s a trav\u00e9s del control remoto.<\/p>\n<p>Coloca la bala con el lado c\u00f3ncavo hacia arriba en tu ropa interior. Los peque\u00f1os puntos tocar\u00e1n el cl\u00edtoris. Ponte las braguitas y podr\u00e1s lucirlas c\u00f3modamente durante horas. Con el control remoto puedes controlar los patrones de vibraci\u00f3n.<\/p>\n<p>\u00a1Una noche emocionante garantizada!<\/p>\n","protected":false},"excerpt":{"rendered":"<p>FEELZTOYS &#8211; PANTY VIBE REMOTE CONTROLLED VIBRATOR \u00a1Estas balitas de Feelztoys son s\u00faper emocionantes de usar! El discreto y elegante<\/p>\n","protected":false},"featured_media":8207,"comment_status":"open","ping_status":"open","template":"","meta":[],"product_cat":[375],"product_tag":[373],"class_list":["post-8206","product","type-product","status-publish","has-post-thumbnail","hentry","product_cat-con-vibrador-para-ella","product_tag-feelztoys"],"bundled_by":[],"bundle_stock_status":"outofstock","bundle_stock_quantity":0,"bundle_virtual":false,"bundle_layout":"","bundle_add_to_cart_form_location":"","bundle_editable_in_cart":false,"bundle_sold_individually_context":"","bundle_item_grouping":"","bundle_min_size":"","bundle_max_size":"","bundled_items":[],"yoast_head":"<!-- This site is optimized with the Yoast SEO plugin v20.6 - https:\/\/yoast.com\/wordpress\/plugins\/seo\/ -->\n<title>FEELZTOYS - BALA VIBRADORA CON MANDO PARA BRAGUIITA - ROSA - Tienda Er\u00f3tica<\/title>\n<meta name=\"robots\" content=\"noindex, follow, max-snippet:-1, max-image-preview:large, max-video-preview:-1\" \/>\n<meta property=\"og:locale\" content=\"es_ES\" \/>\n<meta property=\"og:type\" content=\"article\" \/>\n<meta property=\"og:title\" content=\"FEELZTOYS - BALA VIBRADORA CON MANDO PARA BRAGUIITA - ROSA - Tienda Er\u00f3tica\" \/>\n<meta property=\"og:description\" content=\"FEELZTOYS &#8211; PANTY VIBE REMOTE CONTROLLED VIBRATOR \u00a1Estas balitas de Feelztoys son s\u00faper emocionantes de usar! El discreto y elegante\" \/>\n<meta property=\"og:url\" content=\"https:\/\/demoweb.info\/sexshop001\/producto\/feelztoys-bala-vibradora-con-mando-para-braguiita-rosa\/\" \/>\n<meta property=\"og:site_name\" content=\"Tienda Er\u00f3tica\" \/>\n<meta property=\"article:modified_time\" content=\"2022-01-22T08:34:47+00:00\" \/>\n<meta property=\"og:image\" content=\"https:\/\/demoweb.info\/sexshop001\/wp-content\/uploads\/2022\/01\/FEELZTOYS-BALA-VIBRADORA-CON-MANDO-PARA-BRAGUIITA-ROSA.jpg\" \/>\n\t<meta property=\"og:image:width\" content=\"550\" \/>\n\t<meta property=\"og:image:height\" content=\"550\" \/>\n\t<meta property=\"og:image:type\" content=\"image\/jpeg\" \/>\n<meta name=\"twitter:card\" content=\"summary_large_image\" \/>\n<meta name=\"twitter:label1\" content=\"Tiempo de lectura\" \/>\n\t<meta name=\"twitter:data1\" content=\"2 minutos\" \/>\n<script type=\"application\/ld+json\" class=\"yoast-schema-graph\">{\"@context\":\"https:\/\/schema.org\",\"@graph\":[{\"@type\":\"WebPage\",\"@id\":\"https:\/\/demoweb.info\/sexshop001\/producto\/feelztoys-bala-vibradora-con-mando-para-braguiita-rosa\/\",\"url\":\"https:\/\/demoweb.info\/sexshop001\/producto\/feelztoys-bala-vibradora-con-mando-para-braguiita-rosa\/\",\"name\":\"FEELZTOYS - BALA VIBRADORA CON MANDO PARA BRAGUIITA - ROSA - Tienda Er\u00f3tica\",\"isPartOf\":{\"@id\":\"https:\/\/demoweb.info\/sexshop001\/#website\"},\"datePublished\":\"2022-01-22T08:34:37+00:00\",\"dateModified\":\"2022-01-22T08:34:47+00:00\",\"breadcrumb\":{\"@id\":\"https:\/\/demoweb.info\/sexshop001\/producto\/feelztoys-bala-vibradora-con-mando-para-braguiita-rosa\/#breadcrumb\"},\"inLanguage\":\"es\",\"potentialAction\":[{\"@type\":\"ReadAction\",\"target\":[\"https:\/\/demoweb.info\/sexshop001\/producto\/feelztoys-bala-vibradora-con-mando-para-braguiita-rosa\/\"]}]},{\"@type\":\"BreadcrumbList\",\"@id\":\"https:\/\/demoweb.info\/sexshop001\/producto\/feelztoys-bala-vibradora-con-mando-para-braguiita-rosa\/#breadcrumb\",\"itemListElement\":[{\"@type\":\"ListItem\",\"position\":1,\"name\":\"Portada\",\"item\":\"https:\/\/demoweb.info\/sexshop001\/\"},{\"@type\":\"ListItem\",\"position\":2,\"name\":\"Tienda\",\"item\":\"https:\/\/demoweb.info\/sexshop001\/tienda\/\"},{\"@type\":\"ListItem\",\"position\":3,\"name\":\"FEELZTOYS &#8211; BALA VIBRADORA CON MANDO PARA BRAGUIITA &#8211; ROSA\"}]},{\"@type\":\"WebSite\",\"@id\":\"https:\/\/demoweb.info\/sexshop001\/#website\",\"url\":\"https:\/\/demoweb.info\/sexshop001\/\",\"name\":\"Tienda Er\u00f3tica\",\"description\":\"DEMOWEB SL\",\"potentialAction\":[{\"@type\":\"SearchAction\",\"target\":{\"@type\":\"EntryPoint\",\"urlTemplate\":\"https:\/\/demoweb.info\/sexshop001\/?s={search_term_string}\"},\"query-input\":\"required name=search_term_string\"}],\"inLanguage\":\"es\"}]}<\/script>\n<!-- \/ Yoast SEO plugin. -->","yoast_head_json":{"title":"FEELZTOYS - BALA VIBRADORA CON MANDO PARA BRAGUIITA - ROSA - Tienda Er\u00f3tica","robots":{"index":"noindex","follow":"follow","max-snippet":"max-snippet:-1","max-image-preview":"max-image-preview:large","max-video-preview":"max-video-preview:-1"},"og_locale":"es_ES","og_type":"article","og_title":"FEELZTOYS - BALA VIBRADORA CON MANDO PARA BRAGUIITA - ROSA - Tienda Er\u00f3tica","og_description":"FEELZTOYS &#8211; PANTY VIBE REMOTE CONTROLLED VIBRATOR \u00a1Estas balitas de Feelztoys son s\u00faper emocionantes de usar! El discreto y elegante","og_url":"https:\/\/demoweb.info\/sexshop001\/producto\/feelztoys-bala-vibradora-con-mando-para-braguiita-rosa\/","og_site_name":"Tienda Er\u00f3tica","article_modified_time":"2022-01-22T08:34:47+00:00","og_image":[{"width":550,"height":550,"url":"https:\/\/demoweb.info\/sexshop001\/wp-content\/uploads\/2022\/01\/FEELZTOYS-BALA-VIBRADORA-CON-MANDO-PARA-BRAGUIITA-ROSA.jpg","type":"image\/jpeg"}],"twitter_card":"summary_large_image","twitter_misc":{"Tiempo de lectura":"2 minutos"},"schema":{"@context":"https:\/\/schema.org","@graph":[{"@type":"WebPage","@id":"https:\/\/demoweb.info\/sexshop001\/producto\/feelztoys-bala-vibradora-con-mando-para-braguiita-rosa\/","url":"https:\/\/demoweb.info\/sexshop001\/producto\/feelztoys-bala-vibradora-con-mando-para-braguiita-rosa\/","name":"FEELZTOYS - BALA VIBRADORA CON MANDO PARA BRAGUIITA - ROSA - Tienda Er\u00f3tica","isPartOf":{"@id":"https:\/\/demoweb.info\/sexshop001\/#website"},"datePublished":"2022-01-22T08:34:37+00:00","dateModified":"2022-01-22T08:34:47+00:00","breadcrumb":{"@id":"https:\/\/demoweb.info\/sexshop001\/producto\/feelztoys-bala-vibradora-con-mando-para-braguiita-rosa\/#breadcrumb"},"inLanguage":"es","potentialAction":[{"@type":"ReadAction","target":["https:\/\/demoweb.info\/sexshop001\/producto\/feelztoys-bala-vibradora-con-mando-para-braguiita-rosa\/"]}]},{"@type":"BreadcrumbList","@id":"https:\/\/demoweb.info\/sexshop001\/producto\/feelztoys-bala-vibradora-con-mando-para-braguiita-rosa\/#breadcrumb","itemListElement":[{"@type":"ListItem","position":1,"name":"Portada","item":"https:\/\/demoweb.info\/sexshop001\/"},{"@type":"ListItem","position":2,"name":"Tienda","item":"https:\/\/demoweb.info\/sexshop001\/tienda\/"},{"@type":"ListItem","position":3,"name":"FEELZTOYS &#8211; BALA VIBRADORA CON MANDO PARA BRAGUIITA &#8211; ROSA"}]},{"@type":"WebSite","@id":"https:\/\/demoweb.info\/sexshop001\/#website","url":"https:\/\/demoweb.info\/sexshop001\/","name":"Tienda Er\u00f3tica","description":"DEMOWEB SL","potentialAction":[{"@type":"SearchAction","target":{"@type":"EntryPoint","urlTemplate":"https:\/\/demoweb.info\/sexshop001\/?s={search_term_string}"},"query-input":"required name=search_term_string"}],"inLanguage":"es"}]}},"_links":{"self":[{"href":"https:\/\/demoweb.info\/sexshop001\/wp-json\/wp\/v3\/product\/8206","targetHints":{"allow":["GET"]}}],"collection":[{"href":"https:\/\/demoweb.info\/sexshop001\/wp-json\/wp\/v3\/product"}],"about":[{"href":"https:\/\/demoweb.info\/sexshop001\/wp-json\/wp\/v2\/types\/product"}],"replies":[{"embeddable":true,"href":"https:\/\/demoweb.info\/sexshop001\/wp-json\/wp\/v2\/comments?post=8206"}],"wp:featuredmedia":[{"embeddable":true,"href":"https:\/\/demoweb.info\/sexshop001\/wp-json\/wp\/v2\/media\/8207"}],"wp:attachment":[{"href":"https:\/\/demoweb.info\/sexshop001\/wp-json\/wp\/v2\/media?parent=8206"}],"wp:term":[{"taxonomy":"product_cat","embeddable":true,"href":"https:\/\/demoweb.info\/sexshop001\/wp-json\/wp\/v2\/product_cat?post=8206"},{"taxonomy":"product_tag","embeddable":true,"href":"https:\/\/demoweb.info\/sexshop001\/wp-json\/wp\/v2\/product_tag?post=8206"}],"curies":[{"name":"wp","href":"https:\/\/api.w.org\/{rel}","templated":true}]}}