{"id":8180,"date":"2022-01-22T09:34:37","date_gmt":"2022-01-22T08:34:37","guid":{"rendered":"https:\/\/demoweb.info\/sexshop001\/producto\/zumio-vibrador-x-spirotip\/"},"modified":"2022-01-22T09:34:37","modified_gmt":"2022-01-22T08:34:37","slug":"zumio-vibrador-x-spirotip","status":"publish","type":"product","link":"https:\/\/demoweb.info\/sexshop001\/producto\/zumio-vibrador-x-spirotip\/","title":{"rendered":"ZUMIO &#8211; VIBRADOR X SPIROTIP"},"content":{"rendered":"<p><strong>ZUMIO &#8211; X SPIROTIP VIBRATOR<\/strong><\/p>\n<p>Zumio excita tu zona de placer como nunca antes has experimentado.<\/p>\n<p>Las mujeres siempre han sabido que la mejor manera de darse placer es con el movimiento circular de la yema del dedo. Zumio hace que ese movimiento probado sea a\u00fan mejor, para que pueda experimentar una amplia variedad de sensaciones nuevas y maravillosas.<\/p>\n<p><em>Diferente y m\u00e1s intenso que cualquier otra cosa.<br \/>\nWow, seguro que me permite llegar a los lugares correctos.<br \/>\n\u00a1Alucinante! \u00a1Un orgasmo en menos de un minuto y tres en menos de diez!<\/em><\/p>\n<p>S\u00ed, algunas personas tendr\u00e1n que acostumbrarse al dise\u00f1o del Zumio: tiene un aspecto muy diferente. Algunos dicen que no es tan sexy, pero las rese\u00f1as indican una eficiencia que demuestra lo contrario. Zumio lleva a las mujeres a un orgasmo intenso, incluso las mujeres que experimentan dificultades para lograr un orgasmo encuentran este producto muy \u00fatil. Es una gran adici\u00f3n para las parejas que aman jugar. \u00a1Nunca juzgues un libro por su portada!<\/p>\n<p><strong>C\u00f3mo funciona<\/strong><br \/>\nZumio SpiroTIP gira en peque\u00f1os c\u00edrculos, aplicando pulsos de placer maravillosamente \u00fanicos en un \u00e1rea peque\u00f1a del cuerpo (vagina) a la vez.<br \/>\nCada zona sensorial alrededor, cerca y justo en su bot\u00f3n del cl\u00edtoris tiene una sensaci\u00f3n de placer \u00fanica y solo Zumio le permite acercarse para experimentar cada una.<br \/>\nVaya solo o use Zumio con un compa\u00f1ero, incluso mientras hace el amor. El peso ligero, la punta peque\u00f1a y el mango delgado y sin vibraciones de Zumio facilitan su sujeci\u00f3n con una mano. Para que usted o su pareja puedan disfrutar en muchas posiciones y mientras hacen el amor.<\/p>\n<p><strong>Caracteristicas<\/strong><br \/>\n&#8211; Inventado y dise\u00f1ado por mujeres.<br \/>\n&#8211; 8 configuraciones de velocidad para ajustar la intensidad<br \/>\n&#8211; Dise\u00f1o ergon\u00f3mico delgado para mayor comodidad.<br \/>\n&#8211; Funcionamiento silencioso, mango sin vibraciones<br \/>\n&#8211; Tecnolog\u00eda de revoluci\u00f3n SpiroTIPTM<br \/>\n&#8211; Dise\u00f1ado para jugar en solitario y en pareja.<br \/>\n&#8211; Lavable, impermeable y duradero.<br \/>\n&#8211; Pl\u00e1sticos de silicona \/ ABS de grado m\u00e9dico<br \/>\n&#8211; Seguro lubricante a base de agua<br \/>\n&#8211; Inducci\u00f3n recargable por USB<br \/>\n&#8211; Bater\u00eda de larga duraci\u00f3n.<br \/>\n&#8211; 1 a\u00f1o de garant\u00eda<\/p>\n<p><strong>Aspectos destacados del estudio<\/strong><br \/>\n&#8211; Estudio de control del orgasmo:<br \/>\nEl 89% alcanz\u00f3 un orgasmo en menos de 5 minutos.<br \/>\nEl 63% alcanz\u00f3 un orgasmo en menos de 2 minutos.<br \/>\nEl 69% logr\u00f3 orgasmos m\u00faltiples.<br \/>\n&#8211; Estudio de intensidad del orgasmo:<br \/>\nEl 56% dice que es m\u00e1s intenso que el coito.<br \/>\nEl 71% dice que es m\u00e1s intenso que la masturbaci\u00f3n.<br \/>\nEl 62% dice que es m\u00e1s satisfactorio que sus otros juguetes.<\/p>\n<p><strong>El paquete incluye<\/strong><br \/>\n&#8211; Zumio X<br \/>\n&#8211; Base de carga<br \/>\n&#8211; Cable USB<br \/>\n&#8211; Bolsa de almacenamiento<br \/>\n&#8211; Manual de usuario<\/p>\n","protected":false},"excerpt":{"rendered":"<p>ZUMIO &#8211; X SPIROTIP VIBRATOR Zumio excita tu zona de placer como nunca antes has experimentado. Las mujeres siempre han<\/p>\n","protected":false},"featured_media":8181,"comment_status":"open","ping_status":"open","template":"","meta":[],"product_cat":[370],"product_tag":[371],"class_list":["post-8180","product","type-product","status-publish","has-post-thumbnail","hentry","product_cat-clitoris","product_tag-zumio"],"bundled_by":[],"bundle_stock_status":"instock","bundle_stock_quantity":1,"bundle_virtual":false,"bundle_layout":"","bundle_add_to_cart_form_location":"","bundle_editable_in_cart":false,"bundle_sold_individually_context":"","bundle_item_grouping":"","bundle_min_size":"","bundle_max_size":"","bundled_items":[],"yoast_head":"<!-- This site is optimized with the Yoast SEO plugin v20.6 - https:\/\/yoast.com\/wordpress\/plugins\/seo\/ -->\n<title>ZUMIO - VIBRADOR X SPIROTIP - Tienda Er\u00f3tica<\/title>\n<meta name=\"robots\" content=\"noindex, follow, max-snippet:-1, max-image-preview:large, max-video-preview:-1\" \/>\n<meta property=\"og:locale\" content=\"es_ES\" \/>\n<meta property=\"og:type\" content=\"article\" \/>\n<meta property=\"og:title\" content=\"ZUMIO - VIBRADOR X SPIROTIP - Tienda Er\u00f3tica\" \/>\n<meta property=\"og:description\" content=\"ZUMIO &#8211; X SPIROTIP VIBRATOR Zumio excita tu zona de placer como nunca antes has experimentado. Las mujeres siempre han\" \/>\n<meta property=\"og:url\" content=\"https:\/\/demoweb.info\/sexshop001\/producto\/zumio-vibrador-x-spirotip\/\" \/>\n<meta property=\"og:site_name\" content=\"Tienda Er\u00f3tica\" \/>\n<meta property=\"og:image\" content=\"https:\/\/demoweb.info\/sexshop001\/wp-content\/uploads\/2022\/01\/ZUMIO-VIBRADOR-X-SPIROTIP.jpg\" \/>\n\t<meta property=\"og:image:width\" content=\"550\" \/>\n\t<meta property=\"og:image:height\" content=\"550\" \/>\n\t<meta property=\"og:image:type\" content=\"image\/jpeg\" \/>\n<meta name=\"twitter:card\" content=\"summary_large_image\" \/>\n<meta name=\"twitter:label1\" content=\"Tiempo de lectura\" \/>\n\t<meta name=\"twitter:data1\" content=\"2 minutos\" \/>\n<script type=\"application\/ld+json\" class=\"yoast-schema-graph\">{\"@context\":\"https:\/\/schema.org\",\"@graph\":[{\"@type\":\"WebPage\",\"@id\":\"https:\/\/demoweb.info\/sexshop001\/producto\/zumio-vibrador-x-spirotip\/\",\"url\":\"https:\/\/demoweb.info\/sexshop001\/producto\/zumio-vibrador-x-spirotip\/\",\"name\":\"ZUMIO - VIBRADOR X SPIROTIP - Tienda Er\u00f3tica\",\"isPartOf\":{\"@id\":\"https:\/\/demoweb.info\/sexshop001\/#website\"},\"datePublished\":\"2022-01-22T08:34:37+00:00\",\"dateModified\":\"2022-01-22T08:34:37+00:00\",\"breadcrumb\":{\"@id\":\"https:\/\/demoweb.info\/sexshop001\/producto\/zumio-vibrador-x-spirotip\/#breadcrumb\"},\"inLanguage\":\"es\",\"potentialAction\":[{\"@type\":\"ReadAction\",\"target\":[\"https:\/\/demoweb.info\/sexshop001\/producto\/zumio-vibrador-x-spirotip\/\"]}]},{\"@type\":\"BreadcrumbList\",\"@id\":\"https:\/\/demoweb.info\/sexshop001\/producto\/zumio-vibrador-x-spirotip\/#breadcrumb\",\"itemListElement\":[{\"@type\":\"ListItem\",\"position\":1,\"name\":\"Portada\",\"item\":\"https:\/\/demoweb.info\/sexshop001\/\"},{\"@type\":\"ListItem\",\"position\":2,\"name\":\"Tienda\",\"item\":\"https:\/\/demoweb.info\/sexshop001\/tienda\/\"},{\"@type\":\"ListItem\",\"position\":3,\"name\":\"ZUMIO &#8211; VIBRADOR X SPIROTIP\"}]},{\"@type\":\"WebSite\",\"@id\":\"https:\/\/demoweb.info\/sexshop001\/#website\",\"url\":\"https:\/\/demoweb.info\/sexshop001\/\",\"name\":\"Tienda Er\u00f3tica\",\"description\":\"DEMOWEB SL\",\"potentialAction\":[{\"@type\":\"SearchAction\",\"target\":{\"@type\":\"EntryPoint\",\"urlTemplate\":\"https:\/\/demoweb.info\/sexshop001\/?s={search_term_string}\"},\"query-input\":\"required name=search_term_string\"}],\"inLanguage\":\"es\"}]}<\/script>\n<!-- \/ Yoast SEO plugin. -->","yoast_head_json":{"title":"ZUMIO - VIBRADOR X SPIROTIP - Tienda Er\u00f3tica","robots":{"index":"noindex","follow":"follow","max-snippet":"max-snippet:-1","max-image-preview":"max-image-preview:large","max-video-preview":"max-video-preview:-1"},"og_locale":"es_ES","og_type":"article","og_title":"ZUMIO - VIBRADOR X SPIROTIP - Tienda Er\u00f3tica","og_description":"ZUMIO &#8211; X SPIROTIP VIBRATOR Zumio excita tu zona de placer como nunca antes has experimentado. Las mujeres siempre han","og_url":"https:\/\/demoweb.info\/sexshop001\/producto\/zumio-vibrador-x-spirotip\/","og_site_name":"Tienda Er\u00f3tica","og_image":[{"width":550,"height":550,"url":"https:\/\/demoweb.info\/sexshop001\/wp-content\/uploads\/2022\/01\/ZUMIO-VIBRADOR-X-SPIROTIP.jpg","type":"image\/jpeg"}],"twitter_card":"summary_large_image","twitter_misc":{"Tiempo de lectura":"2 minutos"},"schema":{"@context":"https:\/\/schema.org","@graph":[{"@type":"WebPage","@id":"https:\/\/demoweb.info\/sexshop001\/producto\/zumio-vibrador-x-spirotip\/","url":"https:\/\/demoweb.info\/sexshop001\/producto\/zumio-vibrador-x-spirotip\/","name":"ZUMIO - VIBRADOR X SPIROTIP - Tienda Er\u00f3tica","isPartOf":{"@id":"https:\/\/demoweb.info\/sexshop001\/#website"},"datePublished":"2022-01-22T08:34:37+00:00","dateModified":"2022-01-22T08:34:37+00:00","breadcrumb":{"@id":"https:\/\/demoweb.info\/sexshop001\/producto\/zumio-vibrador-x-spirotip\/#breadcrumb"},"inLanguage":"es","potentialAction":[{"@type":"ReadAction","target":["https:\/\/demoweb.info\/sexshop001\/producto\/zumio-vibrador-x-spirotip\/"]}]},{"@type":"BreadcrumbList","@id":"https:\/\/demoweb.info\/sexshop001\/producto\/zumio-vibrador-x-spirotip\/#breadcrumb","itemListElement":[{"@type":"ListItem","position":1,"name":"Portada","item":"https:\/\/demoweb.info\/sexshop001\/"},{"@type":"ListItem","position":2,"name":"Tienda","item":"https:\/\/demoweb.info\/sexshop001\/tienda\/"},{"@type":"ListItem","position":3,"name":"ZUMIO &#8211; VIBRADOR X SPIROTIP"}]},{"@type":"WebSite","@id":"https:\/\/demoweb.info\/sexshop001\/#website","url":"https:\/\/demoweb.info\/sexshop001\/","name":"Tienda Er\u00f3tica","description":"DEMOWEB SL","potentialAction":[{"@type":"SearchAction","target":{"@type":"EntryPoint","urlTemplate":"https:\/\/demoweb.info\/sexshop001\/?s={search_term_string}"},"query-input":"required name=search_term_string"}],"inLanguage":"es"}]}},"_links":{"self":[{"href":"https:\/\/demoweb.info\/sexshop001\/wp-json\/wp\/v3\/product\/8180","targetHints":{"allow":["GET"]}}],"collection":[{"href":"https:\/\/demoweb.info\/sexshop001\/wp-json\/wp\/v3\/product"}],"about":[{"href":"https:\/\/demoweb.info\/sexshop001\/wp-json\/wp\/v2\/types\/product"}],"replies":[{"embeddable":true,"href":"https:\/\/demoweb.info\/sexshop001\/wp-json\/wp\/v2\/comments?post=8180"}],"wp:featuredmedia":[{"embeddable":true,"href":"https:\/\/demoweb.info\/sexshop001\/wp-json\/wp\/v2\/media\/8181"}],"wp:attachment":[{"href":"https:\/\/demoweb.info\/sexshop001\/wp-json\/wp\/v2\/media?parent=8180"}],"wp:term":[{"taxonomy":"product_cat","embeddable":true,"href":"https:\/\/demoweb.info\/sexshop001\/wp-json\/wp\/v2\/product_cat?post=8180"},{"taxonomy":"product_tag","embeddable":true,"href":"https:\/\/demoweb.info\/sexshop001\/wp-json\/wp\/v2\/product_tag?post=8180"}],"curies":[{"name":"wp","href":"https:\/\/api.w.org\/{rel}","templated":true}]}}