{"id":8176,"date":"2022-01-22T09:34:17","date_gmt":"2022-01-22T08:34:17","guid":{"rendered":"https:\/\/demoweb.info\/sexshop001\/producto\/sex-roulette-kiss\/"},"modified":"2022-01-22T09:34:33","modified_gmt":"2022-01-22T08:34:33","slug":"sex-roulette-kiss","status":"publish","type":"product","link":"https:\/\/demoweb.info\/sexshop001\/producto\/sex-roulette-kiss\/","title":{"rendered":"SEX ROULETTE KISS"},"content":{"rendered":"<p><strong>SEX ROULETTE KISS <\/strong><\/p>\n<p>\u00a124 desaf\u00edos para besos \u00edntimos!<\/p>\n<p>Sex Roulette es un juego \u00edntimo de Tease and Please. Comenz\u00f3 con un beso &#8230; pero \u00bfcu\u00e1l?<\/p>\n<p>Reaviva la tentadora emoci\u00f3n en tu vida amorosa con solo un movimiento de la flecha del tablero. La flecha se\u00f1ala el n\u00famero que decide qu\u00e9 beso \u00edntimo est\u00e1 reservado para ti. Los 24 desaf\u00edos de la edici\u00f3n Kiss est\u00e1n disponibles en 10 idiomas: ingl\u00e9s, espa\u00f1ol, alem\u00e1n, holand\u00e9s, polaco, ruso, italiano, sueco y noruego, y agregar\u00e1n un giro emocionante a su vida sexual para un placer de beso (incluso) m\u00e1s apasionado.<\/p>\n<p>Sorpr\u00e9ndase, disfrute y atraiga, y sobre todo: t\u00f3mese el tiempo para disfrutar el uno del otro. \u00a1Nunca m\u00e1s te cansar\u00e1s de besarte!<\/p>\n<p>Sex Roulette tambi\u00e9n est\u00e1 disponible en las siguientes versiones: Juegos previos, Kama Sutra, Kinky, Love &#038; Marriage y Naughty Play.<\/p>\n","protected":false},"excerpt":{"rendered":"<p>SEX ROULETTE KISS \u00a124 desaf\u00edos para besos \u00edntimos! Sex Roulette es un juego \u00edntimo de Tease and Please. Comenz\u00f3 con<\/p>\n","protected":false},"featured_media":8177,"comment_status":"open","ping_status":"open","template":"","meta":[],"product_cat":[367],"product_tag":[368],"class_list":["post-8176","product","type-product","status-publish","has-post-thumbnail","hentry","product_cat-juegos-pareja","product_tag-tease-and-please"],"bundled_by":[],"bundle_stock_status":"outofstock","bundle_stock_quantity":0,"bundle_virtual":false,"bundle_layout":"","bundle_add_to_cart_form_location":"","bundle_editable_in_cart":false,"bundle_sold_individually_context":"","bundle_item_grouping":"","bundle_min_size":"","bundle_max_size":"","bundled_items":[],"yoast_head":"<!-- This site is optimized with the Yoast SEO plugin v20.6 - https:\/\/yoast.com\/wordpress\/plugins\/seo\/ -->\n<title>SEX ROULETTE KISS - Tienda Er\u00f3tica<\/title>\n<meta name=\"robots\" content=\"noindex, follow, max-snippet:-1, max-image-preview:large, max-video-preview:-1\" \/>\n<meta property=\"og:locale\" content=\"es_ES\" \/>\n<meta property=\"og:type\" content=\"article\" \/>\n<meta property=\"og:title\" content=\"SEX ROULETTE KISS - Tienda Er\u00f3tica\" \/>\n<meta property=\"og:description\" content=\"SEX ROULETTE KISS \u00a124 desaf\u00edos para besos \u00edntimos! Sex Roulette es un juego \u00edntimo de Tease and Please. Comenz\u00f3 con\" \/>\n<meta property=\"og:url\" content=\"https:\/\/demoweb.info\/sexshop001\/producto\/sex-roulette-kiss\/\" \/>\n<meta property=\"og:site_name\" content=\"Tienda Er\u00f3tica\" \/>\n<meta property=\"article:modified_time\" content=\"2022-01-22T08:34:33+00:00\" \/>\n<meta property=\"og:image\" content=\"https:\/\/demoweb.info\/sexshop001\/wp-content\/uploads\/2022\/01\/SEX-ROULETTE-KISS.jpg\" \/>\n\t<meta property=\"og:image:width\" content=\"550\" \/>\n\t<meta property=\"og:image:height\" content=\"550\" \/>\n\t<meta property=\"og:image:type\" content=\"image\/jpeg\" \/>\n<meta name=\"twitter:card\" content=\"summary_large_image\" \/>\n<meta name=\"twitter:label1\" content=\"Tiempo de lectura\" \/>\n\t<meta name=\"twitter:data1\" content=\"1 minuto\" \/>\n<script type=\"application\/ld+json\" class=\"yoast-schema-graph\">{\"@context\":\"https:\/\/schema.org\",\"@graph\":[{\"@type\":\"WebPage\",\"@id\":\"https:\/\/demoweb.info\/sexshop001\/producto\/sex-roulette-kiss\/\",\"url\":\"https:\/\/demoweb.info\/sexshop001\/producto\/sex-roulette-kiss\/\",\"name\":\"SEX ROULETTE KISS - Tienda Er\u00f3tica\",\"isPartOf\":{\"@id\":\"https:\/\/demoweb.info\/sexshop001\/#website\"},\"datePublished\":\"2022-01-22T08:34:17+00:00\",\"dateModified\":\"2022-01-22T08:34:33+00:00\",\"breadcrumb\":{\"@id\":\"https:\/\/demoweb.info\/sexshop001\/producto\/sex-roulette-kiss\/#breadcrumb\"},\"inLanguage\":\"es\",\"potentialAction\":[{\"@type\":\"ReadAction\",\"target\":[\"https:\/\/demoweb.info\/sexshop001\/producto\/sex-roulette-kiss\/\"]}]},{\"@type\":\"BreadcrumbList\",\"@id\":\"https:\/\/demoweb.info\/sexshop001\/producto\/sex-roulette-kiss\/#breadcrumb\",\"itemListElement\":[{\"@type\":\"ListItem\",\"position\":1,\"name\":\"Portada\",\"item\":\"https:\/\/demoweb.info\/sexshop001\/\"},{\"@type\":\"ListItem\",\"position\":2,\"name\":\"Tienda\",\"item\":\"https:\/\/demoweb.info\/sexshop001\/tienda\/\"},{\"@type\":\"ListItem\",\"position\":3,\"name\":\"SEX ROULETTE KISS\"}]},{\"@type\":\"WebSite\",\"@id\":\"https:\/\/demoweb.info\/sexshop001\/#website\",\"url\":\"https:\/\/demoweb.info\/sexshop001\/\",\"name\":\"Tienda Er\u00f3tica\",\"description\":\"DEMOWEB SL\",\"potentialAction\":[{\"@type\":\"SearchAction\",\"target\":{\"@type\":\"EntryPoint\",\"urlTemplate\":\"https:\/\/demoweb.info\/sexshop001\/?s={search_term_string}\"},\"query-input\":\"required name=search_term_string\"}],\"inLanguage\":\"es\"}]}<\/script>\n<!-- \/ Yoast SEO plugin. -->","yoast_head_json":{"title":"SEX ROULETTE KISS - Tienda Er\u00f3tica","robots":{"index":"noindex","follow":"follow","max-snippet":"max-snippet:-1","max-image-preview":"max-image-preview:large","max-video-preview":"max-video-preview:-1"},"og_locale":"es_ES","og_type":"article","og_title":"SEX ROULETTE KISS - Tienda Er\u00f3tica","og_description":"SEX ROULETTE KISS \u00a124 desaf\u00edos para besos \u00edntimos! Sex Roulette es un juego \u00edntimo de Tease and Please. Comenz\u00f3 con","og_url":"https:\/\/demoweb.info\/sexshop001\/producto\/sex-roulette-kiss\/","og_site_name":"Tienda Er\u00f3tica","article_modified_time":"2022-01-22T08:34:33+00:00","og_image":[{"width":550,"height":550,"url":"https:\/\/demoweb.info\/sexshop001\/wp-content\/uploads\/2022\/01\/SEX-ROULETTE-KISS.jpg","type":"image\/jpeg"}],"twitter_card":"summary_large_image","twitter_misc":{"Tiempo de lectura":"1 minuto"},"schema":{"@context":"https:\/\/schema.org","@graph":[{"@type":"WebPage","@id":"https:\/\/demoweb.info\/sexshop001\/producto\/sex-roulette-kiss\/","url":"https:\/\/demoweb.info\/sexshop001\/producto\/sex-roulette-kiss\/","name":"SEX ROULETTE KISS - Tienda Er\u00f3tica","isPartOf":{"@id":"https:\/\/demoweb.info\/sexshop001\/#website"},"datePublished":"2022-01-22T08:34:17+00:00","dateModified":"2022-01-22T08:34:33+00:00","breadcrumb":{"@id":"https:\/\/demoweb.info\/sexshop001\/producto\/sex-roulette-kiss\/#breadcrumb"},"inLanguage":"es","potentialAction":[{"@type":"ReadAction","target":["https:\/\/demoweb.info\/sexshop001\/producto\/sex-roulette-kiss\/"]}]},{"@type":"BreadcrumbList","@id":"https:\/\/demoweb.info\/sexshop001\/producto\/sex-roulette-kiss\/#breadcrumb","itemListElement":[{"@type":"ListItem","position":1,"name":"Portada","item":"https:\/\/demoweb.info\/sexshop001\/"},{"@type":"ListItem","position":2,"name":"Tienda","item":"https:\/\/demoweb.info\/sexshop001\/tienda\/"},{"@type":"ListItem","position":3,"name":"SEX ROULETTE KISS"}]},{"@type":"WebSite","@id":"https:\/\/demoweb.info\/sexshop001\/#website","url":"https:\/\/demoweb.info\/sexshop001\/","name":"Tienda Er\u00f3tica","description":"DEMOWEB SL","potentialAction":[{"@type":"SearchAction","target":{"@type":"EntryPoint","urlTemplate":"https:\/\/demoweb.info\/sexshop001\/?s={search_term_string}"},"query-input":"required name=search_term_string"}],"inLanguage":"es"}]}},"_links":{"self":[{"href":"https:\/\/demoweb.info\/sexshop001\/wp-json\/wp\/v3\/product\/8176","targetHints":{"allow":["GET"]}}],"collection":[{"href":"https:\/\/demoweb.info\/sexshop001\/wp-json\/wp\/v3\/product"}],"about":[{"href":"https:\/\/demoweb.info\/sexshop001\/wp-json\/wp\/v2\/types\/product"}],"replies":[{"embeddable":true,"href":"https:\/\/demoweb.info\/sexshop001\/wp-json\/wp\/v2\/comments?post=8176"}],"wp:featuredmedia":[{"embeddable":true,"href":"https:\/\/demoweb.info\/sexshop001\/wp-json\/wp\/v2\/media\/8177"}],"wp:attachment":[{"href":"https:\/\/demoweb.info\/sexshop001\/wp-json\/wp\/v2\/media?parent=8176"}],"wp:term":[{"taxonomy":"product_cat","embeddable":true,"href":"https:\/\/demoweb.info\/sexshop001\/wp-json\/wp\/v2\/product_cat?post=8176"},{"taxonomy":"product_tag","embeddable":true,"href":"https:\/\/demoweb.info\/sexshop001\/wp-json\/wp\/v2\/product_tag?post=8176"}],"curies":[{"name":"wp","href":"https:\/\/api.w.org\/{rel}","templated":true}]}}