{"id":7660,"date":"2022-01-22T09:30:57","date_gmt":"2022-01-22T08:30:57","guid":{"rendered":"https:\/\/demoweb.info\/sexshop001\/producto\/revo-masajeador-prostata-azul\/"},"modified":"2022-01-22T09:30:58","modified_gmt":"2022-01-22T08:30:58","slug":"revo-masajeador-prostata-azul","status":"publish","type":"product","link":"https:\/\/demoweb.info\/sexshop001\/producto\/revo-masajeador-prostata-azul\/","title":{"rendered":"REVO MASAJEADOR PROSTATA AZUL"},"content":{"rendered":"<p><strong>REVO WATERPROOF ROTATING PROSTATE MASSAGER BLUE<\/strong><\/p>\n<p>Esta nueva versi\u00f3n actualizada de REVO tiene un eje de 2 velocidades, baja rotaci\u00f3n que masajea de forma suave pero segura la pr\u00f3stata. El masajeador de perineo de 6 funciones vibra para darle estimulaci\u00f3n simult\u00e1nea. \u00a1Puedes controlar ambos de forma independiente d\u00e1ndote 34 combinaciones de placer!<\/p>\n<p>Revo est\u00e1 hecho de silicona de alta calidad, lo que significa que es hipoalerg\u00e9nico y no poroso, ahora tambi\u00e9n es resistente al agua, lo que significa que puede disfrutar de su ba\u00f1o o ducha.<\/p>\n<ul>\n<li>Dimensiones del producto 18 x 18,3 x 5 cm<\/li>\n<li>Peso del producto 294,00 gram<\/li>\n<li>Longitud insertable 9,5 cm<\/li>\n<li>Recargable S\u00ed<\/li>\n<li>Tiempo de recarga 210 min<\/li>\n<li>Vida de la recarga de las bater\u00edas 600 min<\/li>\n<li>A prueba de agua S\u00ed<\/li>\n<li>Libre de ftalato S\u00ed<\/li>\n<li>Materiales Silicone<\/li>\n<\/ul>\n","protected":false},"excerpt":{"rendered":"<p>REVO WATERPROOF ROTATING PROSTATE MASSAGER BLUE Esta nueva versi\u00f3n actualizada de REVO tiene un eje de 2 velocidades, baja rotaci\u00f3n<\/p>\n","protected":false},"featured_media":7661,"comment_status":"open","ping_status":"open","template":"","meta":[],"product_cat":[301],"product_tag":[296],"class_list":["post-7660","product","type-product","status-publish","has-post-thumbnail","hentry","product_cat-punto-p","product_tag-nexus"],"bundled_by":[],"bundle_stock_status":"instock","bundle_stock_quantity":2,"bundle_virtual":false,"bundle_layout":"","bundle_add_to_cart_form_location":"","bundle_editable_in_cart":false,"bundle_sold_individually_context":"","bundle_item_grouping":"","bundle_min_size":"","bundle_max_size":"","bundled_items":[],"yoast_head":"<!-- This site is optimized with the Yoast SEO plugin v20.6 - https:\/\/yoast.com\/wordpress\/plugins\/seo\/ -->\n<title>REVO MASAJEADOR PROSTATA AZUL - Tienda Er\u00f3tica<\/title>\n<meta name=\"robots\" content=\"noindex, follow, max-snippet:-1, max-image-preview:large, max-video-preview:-1\" \/>\n<meta property=\"og:locale\" content=\"es_ES\" \/>\n<meta property=\"og:type\" content=\"article\" \/>\n<meta property=\"og:title\" content=\"REVO MASAJEADOR PROSTATA AZUL - Tienda Er\u00f3tica\" \/>\n<meta property=\"og:description\" content=\"REVO WATERPROOF ROTATING PROSTATE MASSAGER BLUE Esta nueva versi\u00f3n actualizada de REVO tiene un eje de 2 velocidades, baja rotaci\u00f3n\" \/>\n<meta property=\"og:url\" content=\"https:\/\/demoweb.info\/sexshop001\/producto\/revo-masajeador-prostata-azul\/\" \/>\n<meta property=\"og:site_name\" content=\"Tienda Er\u00f3tica\" \/>\n<meta property=\"article:modified_time\" content=\"2022-01-22T08:30:58+00:00\" \/>\n<meta property=\"og:image\" content=\"https:\/\/demoweb.info\/sexshop001\/wp-content\/uploads\/2022\/01\/REVO-MASAJEADOR-PROSTATA-AZUL.jpg\" \/>\n\t<meta property=\"og:image:width\" content=\"550\" \/>\n\t<meta property=\"og:image:height\" content=\"550\" \/>\n\t<meta property=\"og:image:type\" content=\"image\/jpeg\" \/>\n<meta name=\"twitter:card\" content=\"summary_large_image\" \/>\n<meta name=\"twitter:label1\" content=\"Tiempo de lectura\" \/>\n\t<meta name=\"twitter:data1\" content=\"1 minuto\" \/>\n<script type=\"application\/ld+json\" class=\"yoast-schema-graph\">{\"@context\":\"https:\/\/schema.org\",\"@graph\":[{\"@type\":\"WebPage\",\"@id\":\"https:\/\/demoweb.info\/sexshop001\/producto\/revo-masajeador-prostata-azul\/\",\"url\":\"https:\/\/demoweb.info\/sexshop001\/producto\/revo-masajeador-prostata-azul\/\",\"name\":\"REVO MASAJEADOR PROSTATA AZUL - Tienda Er\u00f3tica\",\"isPartOf\":{\"@id\":\"https:\/\/demoweb.info\/sexshop001\/#website\"},\"datePublished\":\"2022-01-22T08:30:57+00:00\",\"dateModified\":\"2022-01-22T08:30:58+00:00\",\"breadcrumb\":{\"@id\":\"https:\/\/demoweb.info\/sexshop001\/producto\/revo-masajeador-prostata-azul\/#breadcrumb\"},\"inLanguage\":\"es\",\"potentialAction\":[{\"@type\":\"ReadAction\",\"target\":[\"https:\/\/demoweb.info\/sexshop001\/producto\/revo-masajeador-prostata-azul\/\"]}]},{\"@type\":\"BreadcrumbList\",\"@id\":\"https:\/\/demoweb.info\/sexshop001\/producto\/revo-masajeador-prostata-azul\/#breadcrumb\",\"itemListElement\":[{\"@type\":\"ListItem\",\"position\":1,\"name\":\"Portada\",\"item\":\"https:\/\/demoweb.info\/sexshop001\/\"},{\"@type\":\"ListItem\",\"position\":2,\"name\":\"Tienda\",\"item\":\"https:\/\/demoweb.info\/sexshop001\/tienda\/\"},{\"@type\":\"ListItem\",\"position\":3,\"name\":\"REVO MASAJEADOR PROSTATA AZUL\"}]},{\"@type\":\"WebSite\",\"@id\":\"https:\/\/demoweb.info\/sexshop001\/#website\",\"url\":\"https:\/\/demoweb.info\/sexshop001\/\",\"name\":\"Tienda Er\u00f3tica\",\"description\":\"DEMOWEB SL\",\"potentialAction\":[{\"@type\":\"SearchAction\",\"target\":{\"@type\":\"EntryPoint\",\"urlTemplate\":\"https:\/\/demoweb.info\/sexshop001\/?s={search_term_string}\"},\"query-input\":\"required name=search_term_string\"}],\"inLanguage\":\"es\"}]}<\/script>\n<!-- \/ Yoast SEO plugin. -->","yoast_head_json":{"title":"REVO MASAJEADOR PROSTATA AZUL - Tienda Er\u00f3tica","robots":{"index":"noindex","follow":"follow","max-snippet":"max-snippet:-1","max-image-preview":"max-image-preview:large","max-video-preview":"max-video-preview:-1"},"og_locale":"es_ES","og_type":"article","og_title":"REVO MASAJEADOR PROSTATA AZUL - Tienda Er\u00f3tica","og_description":"REVO WATERPROOF ROTATING PROSTATE MASSAGER BLUE Esta nueva versi\u00f3n actualizada de REVO tiene un eje de 2 velocidades, baja rotaci\u00f3n","og_url":"https:\/\/demoweb.info\/sexshop001\/producto\/revo-masajeador-prostata-azul\/","og_site_name":"Tienda Er\u00f3tica","article_modified_time":"2022-01-22T08:30:58+00:00","og_image":[{"width":550,"height":550,"url":"https:\/\/demoweb.info\/sexshop001\/wp-content\/uploads\/2022\/01\/REVO-MASAJEADOR-PROSTATA-AZUL.jpg","type":"image\/jpeg"}],"twitter_card":"summary_large_image","twitter_misc":{"Tiempo de lectura":"1 minuto"},"schema":{"@context":"https:\/\/schema.org","@graph":[{"@type":"WebPage","@id":"https:\/\/demoweb.info\/sexshop001\/producto\/revo-masajeador-prostata-azul\/","url":"https:\/\/demoweb.info\/sexshop001\/producto\/revo-masajeador-prostata-azul\/","name":"REVO MASAJEADOR PROSTATA AZUL - Tienda Er\u00f3tica","isPartOf":{"@id":"https:\/\/demoweb.info\/sexshop001\/#website"},"datePublished":"2022-01-22T08:30:57+00:00","dateModified":"2022-01-22T08:30:58+00:00","breadcrumb":{"@id":"https:\/\/demoweb.info\/sexshop001\/producto\/revo-masajeador-prostata-azul\/#breadcrumb"},"inLanguage":"es","potentialAction":[{"@type":"ReadAction","target":["https:\/\/demoweb.info\/sexshop001\/producto\/revo-masajeador-prostata-azul\/"]}]},{"@type":"BreadcrumbList","@id":"https:\/\/demoweb.info\/sexshop001\/producto\/revo-masajeador-prostata-azul\/#breadcrumb","itemListElement":[{"@type":"ListItem","position":1,"name":"Portada","item":"https:\/\/demoweb.info\/sexshop001\/"},{"@type":"ListItem","position":2,"name":"Tienda","item":"https:\/\/demoweb.info\/sexshop001\/tienda\/"},{"@type":"ListItem","position":3,"name":"REVO MASAJEADOR PROSTATA AZUL"}]},{"@type":"WebSite","@id":"https:\/\/demoweb.info\/sexshop001\/#website","url":"https:\/\/demoweb.info\/sexshop001\/","name":"Tienda Er\u00f3tica","description":"DEMOWEB SL","potentialAction":[{"@type":"SearchAction","target":{"@type":"EntryPoint","urlTemplate":"https:\/\/demoweb.info\/sexshop001\/?s={search_term_string}"},"query-input":"required name=search_term_string"}],"inLanguage":"es"}]}},"_links":{"self":[{"href":"https:\/\/demoweb.info\/sexshop001\/wp-json\/wp\/v3\/product\/7660","targetHints":{"allow":["GET"]}}],"collection":[{"href":"https:\/\/demoweb.info\/sexshop001\/wp-json\/wp\/v3\/product"}],"about":[{"href":"https:\/\/demoweb.info\/sexshop001\/wp-json\/wp\/v2\/types\/product"}],"replies":[{"embeddable":true,"href":"https:\/\/demoweb.info\/sexshop001\/wp-json\/wp\/v2\/comments?post=7660"}],"wp:featuredmedia":[{"embeddable":true,"href":"https:\/\/demoweb.info\/sexshop001\/wp-json\/wp\/v2\/media\/7661"}],"wp:attachment":[{"href":"https:\/\/demoweb.info\/sexshop001\/wp-json\/wp\/v2\/media?parent=7660"}],"wp:term":[{"taxonomy":"product_cat","embeddable":true,"href":"https:\/\/demoweb.info\/sexshop001\/wp-json\/wp\/v2\/product_cat?post=7660"},{"taxonomy":"product_tag","embeddable":true,"href":"https:\/\/demoweb.info\/sexshop001\/wp-json\/wp\/v2\/product_tag?post=7660"}],"curies":[{"name":"wp","href":"https:\/\/api.w.org\/{rel}","templated":true}]}}