{"id":7644,"date":"2022-01-22T09:30:31","date_gmt":"2022-01-22T08:30:31","guid":{"rendered":"https:\/\/demoweb.info\/sexshop001\/producto\/max-20-masajeador-dildo-unisex-con-control-remoto-negro\/"},"modified":"2022-01-22T09:30:49","modified_gmt":"2022-01-22T08:30:49","slug":"max-20-masajeador-dildo-unisex-con-control-remoto-negro","status":"publish","type":"product","link":"https:\/\/demoweb.info\/sexshop001\/producto\/max-20-masajeador-dildo-unisex-con-control-remoto-negro\/","title":{"rendered":"MAX 20 MASAJEADOR DILDO UNISEX CON CONTROL REMOTO NEGRO"},"content":{"rendered":"<p><strong>MAX 20 WATERPROOF REMOTE CONTROL UNISEX MASSAGER BLACK<\/strong><\/p>\n<p>Max 20 es un juguete unisex, dise\u00f1ado para proporcionar estimulaci\u00f3n en todos los lugares correctos. \u00a1Viene con una bala recargable, impermeable, de 20 funciones con control remoto que es extra\u00edble y le da 3 juguetes en uno!<\/p>\n<ul>\n<li>Dimensiones del producto 18,5 x 18 x 5,5 cm<\/li>\n<li>Peso del producto 270,00 gram<\/li>\n<li>Longitud insertable 10,0 cm<\/li>\n<li>Recargable S\u00ed<\/li>\n<li>Tiempo de recarga 60 min<\/li>\n<li>Vida de la recarga de las bater\u00edas 60 min<\/li>\n<li>A prueba de agua S\u00ed<\/li>\n<li>Libre de ftalato S\u00ed<\/li>\n<li>Presupuesto Remote Controlled<\/li>\n<li>Materiales Silicona<\/li>\n<\/ul>\n","protected":false},"excerpt":{"rendered":"<p>MAX 20 WATERPROOF REMOTE CONTROL UNISEX MASSAGER BLACK Max 20 es un juguete unisex, dise\u00f1ado para proporcionar estimulaci\u00f3n en todos<\/p>\n","protected":false},"featured_media":7645,"comment_status":"open","ping_status":"open","template":"","meta":[],"product_cat":[301],"product_tag":[296],"class_list":["post-7644","product","type-product","status-publish","has-post-thumbnail","hentry","product_cat-punto-p","product_tag-nexus"],"bundled_by":[],"bundle_stock_status":"outofstock","bundle_stock_quantity":0,"bundle_virtual":false,"bundle_layout":"","bundle_add_to_cart_form_location":"","bundle_editable_in_cart":false,"bundle_sold_individually_context":"","bundle_item_grouping":"","bundle_min_size":"","bundle_max_size":"","bundled_items":[],"yoast_head":"<!-- This site is optimized with the Yoast SEO plugin v20.6 - https:\/\/yoast.com\/wordpress\/plugins\/seo\/ -->\n<title>MAX 20 MASAJEADOR DILDO UNISEX CON CONTROL REMOTO NEGRO - Tienda Er\u00f3tica<\/title>\n<meta name=\"robots\" content=\"noindex, follow, max-snippet:-1, max-image-preview:large, max-video-preview:-1\" \/>\n<meta property=\"og:locale\" content=\"es_ES\" \/>\n<meta property=\"og:type\" content=\"article\" \/>\n<meta property=\"og:title\" content=\"MAX 20 MASAJEADOR DILDO UNISEX CON CONTROL REMOTO NEGRO - Tienda Er\u00f3tica\" \/>\n<meta property=\"og:description\" content=\"MAX 20 WATERPROOF REMOTE CONTROL UNISEX MASSAGER BLACK Max 20 es un juguete unisex, dise\u00f1ado para proporcionar estimulaci\u00f3n en todos\" \/>\n<meta property=\"og:url\" content=\"https:\/\/demoweb.info\/sexshop001\/producto\/max-20-masajeador-dildo-unisex-con-control-remoto-negro\/\" \/>\n<meta property=\"og:site_name\" content=\"Tienda Er\u00f3tica\" \/>\n<meta property=\"article:modified_time\" content=\"2022-01-22T08:30:49+00:00\" \/>\n<meta property=\"og:image\" content=\"https:\/\/demoweb.info\/sexshop001\/wp-content\/uploads\/2022\/01\/MAX-20-MASAJEADOR-DILDO-UNISEX-CON-CONTROL-REMOTO-NEGRO.jpg\" \/>\n\t<meta property=\"og:image:width\" content=\"550\" \/>\n\t<meta property=\"og:image:height\" content=\"550\" \/>\n\t<meta property=\"og:image:type\" content=\"image\/jpeg\" \/>\n<meta name=\"twitter:card\" content=\"summary_large_image\" \/>\n<script type=\"application\/ld+json\" class=\"yoast-schema-graph\">{\"@context\":\"https:\/\/schema.org\",\"@graph\":[{\"@type\":\"WebPage\",\"@id\":\"https:\/\/demoweb.info\/sexshop001\/producto\/max-20-masajeador-dildo-unisex-con-control-remoto-negro\/\",\"url\":\"https:\/\/demoweb.info\/sexshop001\/producto\/max-20-masajeador-dildo-unisex-con-control-remoto-negro\/\",\"name\":\"MAX 20 MASAJEADOR DILDO UNISEX CON CONTROL REMOTO NEGRO - Tienda Er\u00f3tica\",\"isPartOf\":{\"@id\":\"https:\/\/demoweb.info\/sexshop001\/#website\"},\"datePublished\":\"2022-01-22T08:30:31+00:00\",\"dateModified\":\"2022-01-22T08:30:49+00:00\",\"breadcrumb\":{\"@id\":\"https:\/\/demoweb.info\/sexshop001\/producto\/max-20-masajeador-dildo-unisex-con-control-remoto-negro\/#breadcrumb\"},\"inLanguage\":\"es\",\"potentialAction\":[{\"@type\":\"ReadAction\",\"target\":[\"https:\/\/demoweb.info\/sexshop001\/producto\/max-20-masajeador-dildo-unisex-con-control-remoto-negro\/\"]}]},{\"@type\":\"BreadcrumbList\",\"@id\":\"https:\/\/demoweb.info\/sexshop001\/producto\/max-20-masajeador-dildo-unisex-con-control-remoto-negro\/#breadcrumb\",\"itemListElement\":[{\"@type\":\"ListItem\",\"position\":1,\"name\":\"Portada\",\"item\":\"https:\/\/demoweb.info\/sexshop001\/\"},{\"@type\":\"ListItem\",\"position\":2,\"name\":\"Tienda\",\"item\":\"https:\/\/demoweb.info\/sexshop001\/tienda\/\"},{\"@type\":\"ListItem\",\"position\":3,\"name\":\"MAX 20 MASAJEADOR DILDO UNISEX CON CONTROL REMOTO NEGRO\"}]},{\"@type\":\"WebSite\",\"@id\":\"https:\/\/demoweb.info\/sexshop001\/#website\",\"url\":\"https:\/\/demoweb.info\/sexshop001\/\",\"name\":\"Tienda Er\u00f3tica\",\"description\":\"DEMOWEB SL\",\"potentialAction\":[{\"@type\":\"SearchAction\",\"target\":{\"@type\":\"EntryPoint\",\"urlTemplate\":\"https:\/\/demoweb.info\/sexshop001\/?s={search_term_string}\"},\"query-input\":\"required name=search_term_string\"}],\"inLanguage\":\"es\"}]}<\/script>\n<!-- \/ Yoast SEO plugin. -->","yoast_head_json":{"title":"MAX 20 MASAJEADOR DILDO UNISEX CON CONTROL REMOTO NEGRO - Tienda Er\u00f3tica","robots":{"index":"noindex","follow":"follow","max-snippet":"max-snippet:-1","max-image-preview":"max-image-preview:large","max-video-preview":"max-video-preview:-1"},"og_locale":"es_ES","og_type":"article","og_title":"MAX 20 MASAJEADOR DILDO UNISEX CON CONTROL REMOTO NEGRO - Tienda Er\u00f3tica","og_description":"MAX 20 WATERPROOF REMOTE CONTROL UNISEX MASSAGER BLACK Max 20 es un juguete unisex, dise\u00f1ado para proporcionar estimulaci\u00f3n en todos","og_url":"https:\/\/demoweb.info\/sexshop001\/producto\/max-20-masajeador-dildo-unisex-con-control-remoto-negro\/","og_site_name":"Tienda Er\u00f3tica","article_modified_time":"2022-01-22T08:30:49+00:00","og_image":[{"width":550,"height":550,"url":"https:\/\/demoweb.info\/sexshop001\/wp-content\/uploads\/2022\/01\/MAX-20-MASAJEADOR-DILDO-UNISEX-CON-CONTROL-REMOTO-NEGRO.jpg","type":"image\/jpeg"}],"twitter_card":"summary_large_image","schema":{"@context":"https:\/\/schema.org","@graph":[{"@type":"WebPage","@id":"https:\/\/demoweb.info\/sexshop001\/producto\/max-20-masajeador-dildo-unisex-con-control-remoto-negro\/","url":"https:\/\/demoweb.info\/sexshop001\/producto\/max-20-masajeador-dildo-unisex-con-control-remoto-negro\/","name":"MAX 20 MASAJEADOR DILDO UNISEX CON CONTROL REMOTO NEGRO - Tienda Er\u00f3tica","isPartOf":{"@id":"https:\/\/demoweb.info\/sexshop001\/#website"},"datePublished":"2022-01-22T08:30:31+00:00","dateModified":"2022-01-22T08:30:49+00:00","breadcrumb":{"@id":"https:\/\/demoweb.info\/sexshop001\/producto\/max-20-masajeador-dildo-unisex-con-control-remoto-negro\/#breadcrumb"},"inLanguage":"es","potentialAction":[{"@type":"ReadAction","target":["https:\/\/demoweb.info\/sexshop001\/producto\/max-20-masajeador-dildo-unisex-con-control-remoto-negro\/"]}]},{"@type":"BreadcrumbList","@id":"https:\/\/demoweb.info\/sexshop001\/producto\/max-20-masajeador-dildo-unisex-con-control-remoto-negro\/#breadcrumb","itemListElement":[{"@type":"ListItem","position":1,"name":"Portada","item":"https:\/\/demoweb.info\/sexshop001\/"},{"@type":"ListItem","position":2,"name":"Tienda","item":"https:\/\/demoweb.info\/sexshop001\/tienda\/"},{"@type":"ListItem","position":3,"name":"MAX 20 MASAJEADOR DILDO UNISEX CON CONTROL REMOTO NEGRO"}]},{"@type":"WebSite","@id":"https:\/\/demoweb.info\/sexshop001\/#website","url":"https:\/\/demoweb.info\/sexshop001\/","name":"Tienda Er\u00f3tica","description":"DEMOWEB SL","potentialAction":[{"@type":"SearchAction","target":{"@type":"EntryPoint","urlTemplate":"https:\/\/demoweb.info\/sexshop001\/?s={search_term_string}"},"query-input":"required name=search_term_string"}],"inLanguage":"es"}]}},"_links":{"self":[{"href":"https:\/\/demoweb.info\/sexshop001\/wp-json\/wp\/v3\/product\/7644","targetHints":{"allow":["GET"]}}],"collection":[{"href":"https:\/\/demoweb.info\/sexshop001\/wp-json\/wp\/v3\/product"}],"about":[{"href":"https:\/\/demoweb.info\/sexshop001\/wp-json\/wp\/v2\/types\/product"}],"replies":[{"embeddable":true,"href":"https:\/\/demoweb.info\/sexshop001\/wp-json\/wp\/v2\/comments?post=7644"}],"wp:featuredmedia":[{"embeddable":true,"href":"https:\/\/demoweb.info\/sexshop001\/wp-json\/wp\/v2\/media\/7645"}],"wp:attachment":[{"href":"https:\/\/demoweb.info\/sexshop001\/wp-json\/wp\/v2\/media?parent=7644"}],"wp:term":[{"taxonomy":"product_cat","embeddable":true,"href":"https:\/\/demoweb.info\/sexshop001\/wp-json\/wp\/v2\/product_cat?post=7644"},{"taxonomy":"product_tag","embeddable":true,"href":"https:\/\/demoweb.info\/sexshop001\/wp-json\/wp\/v2\/product_tag?post=7644"}],"curies":[{"name":"wp","href":"https:\/\/api.w.org\/{rel}","templated":true}]}}