{"id":7626,"date":"2022-01-22T09:30:31","date_gmt":"2022-01-22T08:30:31","guid":{"rendered":"https:\/\/demoweb.info\/sexshop001\/producto\/picota-set\/"},"modified":"2022-01-22T09:30:42","modified_gmt":"2022-01-22T08:30:42","slug":"picota-set","status":"publish","type":"product","link":"https:\/\/demoweb.info\/sexshop001\/producto\/picota-set\/","title":{"rendered":"PICOTA SET"},"content":{"rendered":"<p><strong>PILLORY SET<\/strong><\/p>\n<p>La picota es ideal para servir aquellos momentos en que un maestro o una maestra realmente necesita servir con estilo.<br \/>\nCu\u00e9lgalo vertical u horizontalmente a cualquier altura o t\u00f3malo con estilo libre para que tu sumisio lleve tu whisky, uvas o peri\u00f3dico.<\/p>\n<p><strong>LA PLACA DE SERVICIO<\/strong><br \/>\nHecho de madera de pino envejecida de Nueva Zelanda, el plato para servir Schlossmeister es, como todos nuestros productos, s\u00f3lido y elegante.Todas las bisagras y cerrojos se han estampado y mecanizado internamente utilizando materiales pesados para garantizar la longevidad y la seguridad durante el juego brusco.<\/p>\n<p><strong>TAPAS DE CUERO<\/strong><br \/>\nEl conjunto incluye dos incrustaciones de cuello acolchado.Sostenidas por fuertes imanes, las c\u00f3modas incrustaciones de cuero se pueden quitar f\u00e1cilmente para personas con articulaciones m\u00e1s grandes.<\/p>\n<p><strong>CADENAS Y ACCESORIOS<\/strong><br \/>\nTodas las cadenas y grilletes de arco han sido fabricados internamente.El conjunto incluye dos sacos de lona que contienen 2 x 1.8m de cadenas de servicio pesado y 8 grilletes de arco hechos con los mismos altos est\u00e1ndares.<br \/>\nLodbrock antepone la seguridad al juego.<\/p>\n<p><strong>LOS MONTAJES DE TECHO<\/strong><br \/>\nSoportes de acero de primera calidad para sujetar cadenas a techos o viguetas.<br \/>\nEl metal est\u00e1 fundido internamente y el sello Lodbrock le garantiza una mano de obra de calidad.<br \/>\nHay dos incluidos en cada conjunto.<\/p>\n<p><strong>LA CAJA<\/strong><br \/>\nAl igual que el juego de picota Schlossmeister BDSM, el plato para servir viene en una hermosa caja de cedro hecha a mano. Estructurada y reforzada en los bordes, la caja subraya el car\u00e1cter \u00fanico de la Colecci\u00f3n Schlossmeister de Lodbrock. Una obra de arte por s\u00ed sola.<\/p>\n<p>Para aumentar la diversi\u00f3n, todos nuestros productos Schlossmeister se pueden encadenar f\u00e1cilmente. No todos los conjuntos contienen el cuadro de lona redondo.<\/p>\n<p>Picota de madera: 46 x 40 x 5 cm<br \/>\nCaja: 61 x 41 x 10 cm.<br \/>\nPeso total del plato de servicio: 13 kg<br \/>\nPlaca de servicio<br \/>\nAgujero del cuello (sin incrustaciones): 150 mm<br \/>\nMateriales: pino de Nueva Zelanda, cedro, acero, cuero aut\u00e9ntico, lona<br \/>\nCONTENIDO 1 x plato de servir 2 x soportes de techo 2 x 1.8 m cadenas 8 x grilletes de arco 2 x tri\u00e1ngulos de cadena 1 x caja de lona 2 x incrustaciones de cuello de cuero 1 x pin de seguridad 1 x caja<\/p>\n","protected":false},"excerpt":{"rendered":"<p>PILLORY SET La picota es ideal para servir aquellos momentos en que un maestro o una maestra realmente necesita servir<\/p>\n","protected":false},"featured_media":7627,"comment_status":"open","ping_status":"open","template":"","meta":[],"product_cat":[333],"product_tag":[334],"class_list":["post-7626","product","type-product","status-publish","has-post-thumbnail","hentry","product_cat-kits-bdsm","product_tag-lodbrock"],"bundled_by":[],"bundle_stock_status":"instock","bundle_stock_quantity":1,"bundle_virtual":false,"bundle_layout":"","bundle_add_to_cart_form_location":"","bundle_editable_in_cart":false,"bundle_sold_individually_context":"","bundle_item_grouping":"","bundle_min_size":"","bundle_max_size":"","bundled_items":[],"yoast_head":"<!-- This site is optimized with the Yoast SEO plugin v20.6 - https:\/\/yoast.com\/wordpress\/plugins\/seo\/ -->\n<title>PICOTA SET - Tienda Er\u00f3tica<\/title>\n<meta name=\"robots\" content=\"noindex, follow, max-snippet:-1, max-image-preview:large, max-video-preview:-1\" \/>\n<meta property=\"og:locale\" content=\"es_ES\" \/>\n<meta property=\"og:type\" content=\"article\" \/>\n<meta property=\"og:title\" content=\"PICOTA SET - Tienda Er\u00f3tica\" \/>\n<meta property=\"og:description\" content=\"PILLORY SET La picota es ideal para servir aquellos momentos en que un maestro o una maestra realmente necesita servir\" \/>\n<meta property=\"og:url\" content=\"https:\/\/demoweb.info\/sexshop001\/producto\/picota-set\/\" \/>\n<meta property=\"og:site_name\" content=\"Tienda Er\u00f3tica\" \/>\n<meta property=\"article:modified_time\" content=\"2022-01-22T08:30:42+00:00\" \/>\n<meta property=\"og:image\" content=\"https:\/\/demoweb.info\/sexshop001\/wp-content\/uploads\/2022\/01\/PICOTA-SET.jpg\" \/>\n\t<meta property=\"og:image:width\" content=\"550\" \/>\n\t<meta property=\"og:image:height\" content=\"550\" \/>\n\t<meta property=\"og:image:type\" content=\"image\/jpeg\" \/>\n<meta name=\"twitter:card\" content=\"summary_large_image\" \/>\n<meta name=\"twitter:label1\" content=\"Tiempo de lectura\" \/>\n\t<meta name=\"twitter:data1\" content=\"2 minutos\" \/>\n<script type=\"application\/ld+json\" class=\"yoast-schema-graph\">{\"@context\":\"https:\/\/schema.org\",\"@graph\":[{\"@type\":\"WebPage\",\"@id\":\"https:\/\/demoweb.info\/sexshop001\/producto\/picota-set\/\",\"url\":\"https:\/\/demoweb.info\/sexshop001\/producto\/picota-set\/\",\"name\":\"PICOTA SET - Tienda Er\u00f3tica\",\"isPartOf\":{\"@id\":\"https:\/\/demoweb.info\/sexshop001\/#website\"},\"datePublished\":\"2022-01-22T08:30:31+00:00\",\"dateModified\":\"2022-01-22T08:30:42+00:00\",\"breadcrumb\":{\"@id\":\"https:\/\/demoweb.info\/sexshop001\/producto\/picota-set\/#breadcrumb\"},\"inLanguage\":\"es\",\"potentialAction\":[{\"@type\":\"ReadAction\",\"target\":[\"https:\/\/demoweb.info\/sexshop001\/producto\/picota-set\/\"]}]},{\"@type\":\"BreadcrumbList\",\"@id\":\"https:\/\/demoweb.info\/sexshop001\/producto\/picota-set\/#breadcrumb\",\"itemListElement\":[{\"@type\":\"ListItem\",\"position\":1,\"name\":\"Portada\",\"item\":\"https:\/\/demoweb.info\/sexshop001\/\"},{\"@type\":\"ListItem\",\"position\":2,\"name\":\"Tienda\",\"item\":\"https:\/\/demoweb.info\/sexshop001\/tienda\/\"},{\"@type\":\"ListItem\",\"position\":3,\"name\":\"PICOTA SET\"}]},{\"@type\":\"WebSite\",\"@id\":\"https:\/\/demoweb.info\/sexshop001\/#website\",\"url\":\"https:\/\/demoweb.info\/sexshop001\/\",\"name\":\"Tienda Er\u00f3tica\",\"description\":\"DEMOWEB SL\",\"potentialAction\":[{\"@type\":\"SearchAction\",\"target\":{\"@type\":\"EntryPoint\",\"urlTemplate\":\"https:\/\/demoweb.info\/sexshop001\/?s={search_term_string}\"},\"query-input\":\"required name=search_term_string\"}],\"inLanguage\":\"es\"}]}<\/script>\n<!-- \/ Yoast SEO plugin. -->","yoast_head_json":{"title":"PICOTA SET - Tienda Er\u00f3tica","robots":{"index":"noindex","follow":"follow","max-snippet":"max-snippet:-1","max-image-preview":"max-image-preview:large","max-video-preview":"max-video-preview:-1"},"og_locale":"es_ES","og_type":"article","og_title":"PICOTA SET - Tienda Er\u00f3tica","og_description":"PILLORY SET La picota es ideal para servir aquellos momentos en que un maestro o una maestra realmente necesita servir","og_url":"https:\/\/demoweb.info\/sexshop001\/producto\/picota-set\/","og_site_name":"Tienda Er\u00f3tica","article_modified_time":"2022-01-22T08:30:42+00:00","og_image":[{"width":550,"height":550,"url":"https:\/\/demoweb.info\/sexshop001\/wp-content\/uploads\/2022\/01\/PICOTA-SET.jpg","type":"image\/jpeg"}],"twitter_card":"summary_large_image","twitter_misc":{"Tiempo de lectura":"2 minutos"},"schema":{"@context":"https:\/\/schema.org","@graph":[{"@type":"WebPage","@id":"https:\/\/demoweb.info\/sexshop001\/producto\/picota-set\/","url":"https:\/\/demoweb.info\/sexshop001\/producto\/picota-set\/","name":"PICOTA SET - Tienda Er\u00f3tica","isPartOf":{"@id":"https:\/\/demoweb.info\/sexshop001\/#website"},"datePublished":"2022-01-22T08:30:31+00:00","dateModified":"2022-01-22T08:30:42+00:00","breadcrumb":{"@id":"https:\/\/demoweb.info\/sexshop001\/producto\/picota-set\/#breadcrumb"},"inLanguage":"es","potentialAction":[{"@type":"ReadAction","target":["https:\/\/demoweb.info\/sexshop001\/producto\/picota-set\/"]}]},{"@type":"BreadcrumbList","@id":"https:\/\/demoweb.info\/sexshop001\/producto\/picota-set\/#breadcrumb","itemListElement":[{"@type":"ListItem","position":1,"name":"Portada","item":"https:\/\/demoweb.info\/sexshop001\/"},{"@type":"ListItem","position":2,"name":"Tienda","item":"https:\/\/demoweb.info\/sexshop001\/tienda\/"},{"@type":"ListItem","position":3,"name":"PICOTA SET"}]},{"@type":"WebSite","@id":"https:\/\/demoweb.info\/sexshop001\/#website","url":"https:\/\/demoweb.info\/sexshop001\/","name":"Tienda Er\u00f3tica","description":"DEMOWEB SL","potentialAction":[{"@type":"SearchAction","target":{"@type":"EntryPoint","urlTemplate":"https:\/\/demoweb.info\/sexshop001\/?s={search_term_string}"},"query-input":"required name=search_term_string"}],"inLanguage":"es"}]}},"_links":{"self":[{"href":"https:\/\/demoweb.info\/sexshop001\/wp-json\/wp\/v3\/product\/7626","targetHints":{"allow":["GET"]}}],"collection":[{"href":"https:\/\/demoweb.info\/sexshop001\/wp-json\/wp\/v3\/product"}],"about":[{"href":"https:\/\/demoweb.info\/sexshop001\/wp-json\/wp\/v2\/types\/product"}],"replies":[{"embeddable":true,"href":"https:\/\/demoweb.info\/sexshop001\/wp-json\/wp\/v2\/comments?post=7626"}],"wp:featuredmedia":[{"embeddable":true,"href":"https:\/\/demoweb.info\/sexshop001\/wp-json\/wp\/v2\/media\/7627"}],"wp:attachment":[{"href":"https:\/\/demoweb.info\/sexshop001\/wp-json\/wp\/v2\/media?parent=7626"}],"wp:term":[{"taxonomy":"product_cat","embeddable":true,"href":"https:\/\/demoweb.info\/sexshop001\/wp-json\/wp\/v2\/product_cat?post=7626"},{"taxonomy":"product_tag","embeddable":true,"href":"https:\/\/demoweb.info\/sexshop001\/wp-json\/wp\/v2\/product_tag?post=7626"}],"curies":[{"name":"wp","href":"https:\/\/api.w.org\/{rel}","templated":true}]}}