{"id":7621,"date":"2022-01-22T09:30:31","date_gmt":"2022-01-22T08:30:31","guid":{"rendered":"https:\/\/demoweb.info\/sexshop001\/producto\/picota-de-madera\/"},"modified":"2022-01-22T09:30:40","modified_gmt":"2022-01-22T08:30:40","slug":"picota-de-madera","status":"publish","type":"product","link":"https:\/\/demoweb.info\/sexshop001\/producto\/picota-de-madera\/","title":{"rendered":"PICOTA DE MADERA"},"content":{"rendered":"<p><strong>PILLORY SET<\/strong><\/p>\n<p>Una obra maestra de artesan\u00eda. Creado por artesanos expertos con los m\u00e1s altos niveles de calidad y confiabilidad en la actualidad. Cuidadosamente seleccionados maderas finas, cueros y metales fundidos internamente le aseguran unicidad y una larga vida \u00fatil.<\/p>\n<p>El dise\u00f1o de la picota de madera le permite colocar a su pareja en una variedad de posiciones verticales y horizontales, ya sea de pie, inclinado, arrodillado, en cuclillas o acostado.El posicionamiento horizontal es posible gracias a las cadenas triangulares.<\/p>\n<p>Para mu\u00f1ecas y cuellos m\u00e1s peque\u00f1os, la picota viene con tres pares de incrustaciones de cuero de primera calidad.<br \/>\nAdem\u00e1s de proporcionar m\u00e1s comodidad, se unen r\u00e1pidamente a los imanes ultrarresistentes integrados en la propia madera.<\/p>\n<p><strong>La picota<\/strong><br \/>\nLa robusta picota de pino envejecida tiene una fuerte bisagra de metal en un extremo y un pestillo de metal para bloquear en el otro extremo. Cuatro anillos en D complementan los extremos. Como con todos los productos de Schlossmeister, los bordes est\u00e1n estructurados y reforzados.<\/p>\n<p><strong>La venda<\/strong><br \/>\nUna c\u00f3moda y elegante venda de cuero de primera calidad con borlas de cuero para atar.<br \/>\nAl igual que con todos los art\u00edculos incluidos, el estilo es \u00fanico, anticuado y elegante. Talla \u00fanica para todos.<\/p>\n<p><strong>EL PADDLE BDSM<\/strong><br \/>\nCuando su sumiso haya sido realmente travieso, busque esta pala de cuero fina y sofisticada con remaches de metal para dejar una impresi\u00f3n duradera.Las fuertes fijaciones de cuero aseguran el cuero de la pala al mango de madera y metal envejecido.<\/p>\n<p><strong>EL FLOGGER<\/strong><br \/>\nTus amigos te envidiar\u00e1n mientras agarras el mango de madera maciza y los hilos de doble capa que vuelan por el aire.<br \/>\nSiente el peso, disfruta del sonido, del\u00e9itate con la extensi\u00f3n de la cola de caballo.<\/p>\n<p><strong>TAPAS DE CUERO<\/strong><br \/>\nEl conjunto incluye cuatro incrustaciones de mu\u00f1eca acolchadas y dos incrustaciones de cuello acolchadas.<br \/>\nSostenidas por fuertes imanes, las c\u00f3modas incrustaciones de cuero se pueden quitar f\u00e1cilmente para personas con articulaciones m\u00e1s grandes.<\/p>\n<p><strong>CADENAS Y ACCESORIOS<\/strong><br \/>\nTodas las cadenas y grilletes de arco han sido fabricados internamente.<br \/>\nEl conjunto incluye dos sacos de lona que contienen 2 x 1.8m de cadenas de servicio pesado y 8 grilletes de arco hechos con los mismos altos est\u00e1ndares.<\/p>\n<p><strong>LOS MONTAJES DE TECHO<\/strong><br \/>\nSoportes de acero de primera calidad para sujetar cadenas a techos o viguetas.<br \/>\nEl metal est\u00e1 fundido internamente y el sello Lodbrock le garantiza una mano de obra de calidad.<br \/>\nHay dos incluidos en cada conjunto.<\/p>\n<p><strong>LA CAJA<\/strong><br \/>\nEl conjunto de picota Schlossmeister BDSM viene en una hermosa caja de cedro hecha a mano.<br \/>\nTambi\u00e9n estructurada y reforzada en los bordes, la caja subraya el car\u00e1cter \u00fanico de la Colecci\u00f3n Schlossmeister BDSM de Lodbrock.Una obra de arte por s\u00ed sola.<\/p>\n<p>Nota: Para maximizar la diversi\u00f3n, todos los productos Schlossmeister se pueden encadenar f\u00e1cilmente. No todos los conjuntos contienen el cuadro de lona redondo.<\/p>\n","protected":false},"excerpt":{"rendered":"<p>PILLORY SET Una obra maestra de artesan\u00eda. Creado por artesanos expertos con los m\u00e1s altos niveles de calidad y confiabilidad<\/p>\n","protected":false},"featured_media":7622,"comment_status":"open","ping_status":"open","template":"","meta":[],"product_cat":[333],"product_tag":[334],"class_list":["post-7621","product","type-product","status-publish","has-post-thumbnail","hentry","product_cat-kits-bdsm","product_tag-lodbrock"],"bundled_by":[],"bundle_stock_status":"instock","bundle_stock_quantity":2,"bundle_virtual":false,"bundle_layout":"","bundle_add_to_cart_form_location":"","bundle_editable_in_cart":false,"bundle_sold_individually_context":"","bundle_item_grouping":"","bundle_min_size":"","bundle_max_size":"","bundled_items":[],"yoast_head":"<!-- This site is optimized with the Yoast SEO plugin v20.6 - https:\/\/yoast.com\/wordpress\/plugins\/seo\/ -->\n<title>PICOTA DE MADERA - Tienda Er\u00f3tica<\/title>\n<meta name=\"robots\" content=\"noindex, follow, max-snippet:-1, max-image-preview:large, max-video-preview:-1\" \/>\n<meta property=\"og:locale\" content=\"es_ES\" \/>\n<meta property=\"og:type\" content=\"article\" \/>\n<meta property=\"og:title\" content=\"PICOTA DE MADERA - Tienda Er\u00f3tica\" \/>\n<meta property=\"og:description\" content=\"PILLORY SET Una obra maestra de artesan\u00eda. Creado por artesanos expertos con los m\u00e1s altos niveles de calidad y confiabilidad\" \/>\n<meta property=\"og:url\" content=\"https:\/\/demoweb.info\/sexshop001\/producto\/picota-de-madera\/\" \/>\n<meta property=\"og:site_name\" content=\"Tienda Er\u00f3tica\" \/>\n<meta property=\"article:modified_time\" content=\"2022-01-22T08:30:40+00:00\" \/>\n<meta property=\"og:image\" content=\"https:\/\/demoweb.info\/sexshop001\/wp-content\/uploads\/2022\/01\/PICOTA-DE-MADERA.jpg\" \/>\n\t<meta property=\"og:image:width\" content=\"550\" \/>\n\t<meta property=\"og:image:height\" content=\"550\" \/>\n\t<meta property=\"og:image:type\" content=\"image\/jpeg\" \/>\n<meta name=\"twitter:card\" content=\"summary_large_image\" \/>\n<meta name=\"twitter:label1\" content=\"Tiempo de lectura\" \/>\n\t<meta name=\"twitter:data1\" content=\"2 minutos\" \/>\n<script type=\"application\/ld+json\" class=\"yoast-schema-graph\">{\"@context\":\"https:\/\/schema.org\",\"@graph\":[{\"@type\":\"WebPage\",\"@id\":\"https:\/\/demoweb.info\/sexshop001\/producto\/picota-de-madera\/\",\"url\":\"https:\/\/demoweb.info\/sexshop001\/producto\/picota-de-madera\/\",\"name\":\"PICOTA DE MADERA - Tienda Er\u00f3tica\",\"isPartOf\":{\"@id\":\"https:\/\/demoweb.info\/sexshop001\/#website\"},\"datePublished\":\"2022-01-22T08:30:31+00:00\",\"dateModified\":\"2022-01-22T08:30:40+00:00\",\"breadcrumb\":{\"@id\":\"https:\/\/demoweb.info\/sexshop001\/producto\/picota-de-madera\/#breadcrumb\"},\"inLanguage\":\"es\",\"potentialAction\":[{\"@type\":\"ReadAction\",\"target\":[\"https:\/\/demoweb.info\/sexshop001\/producto\/picota-de-madera\/\"]}]},{\"@type\":\"BreadcrumbList\",\"@id\":\"https:\/\/demoweb.info\/sexshop001\/producto\/picota-de-madera\/#breadcrumb\",\"itemListElement\":[{\"@type\":\"ListItem\",\"position\":1,\"name\":\"Portada\",\"item\":\"https:\/\/demoweb.info\/sexshop001\/\"},{\"@type\":\"ListItem\",\"position\":2,\"name\":\"Tienda\",\"item\":\"https:\/\/demoweb.info\/sexshop001\/tienda\/\"},{\"@type\":\"ListItem\",\"position\":3,\"name\":\"PICOTA DE MADERA\"}]},{\"@type\":\"WebSite\",\"@id\":\"https:\/\/demoweb.info\/sexshop001\/#website\",\"url\":\"https:\/\/demoweb.info\/sexshop001\/\",\"name\":\"Tienda Er\u00f3tica\",\"description\":\"DEMOWEB SL\",\"potentialAction\":[{\"@type\":\"SearchAction\",\"target\":{\"@type\":\"EntryPoint\",\"urlTemplate\":\"https:\/\/demoweb.info\/sexshop001\/?s={search_term_string}\"},\"query-input\":\"required name=search_term_string\"}],\"inLanguage\":\"es\"}]}<\/script>\n<!-- \/ Yoast SEO plugin. -->","yoast_head_json":{"title":"PICOTA DE MADERA - Tienda Er\u00f3tica","robots":{"index":"noindex","follow":"follow","max-snippet":"max-snippet:-1","max-image-preview":"max-image-preview:large","max-video-preview":"max-video-preview:-1"},"og_locale":"es_ES","og_type":"article","og_title":"PICOTA DE MADERA - Tienda Er\u00f3tica","og_description":"PILLORY SET Una obra maestra de artesan\u00eda. Creado por artesanos expertos con los m\u00e1s altos niveles de calidad y confiabilidad","og_url":"https:\/\/demoweb.info\/sexshop001\/producto\/picota-de-madera\/","og_site_name":"Tienda Er\u00f3tica","article_modified_time":"2022-01-22T08:30:40+00:00","og_image":[{"width":550,"height":550,"url":"https:\/\/demoweb.info\/sexshop001\/wp-content\/uploads\/2022\/01\/PICOTA-DE-MADERA.jpg","type":"image\/jpeg"}],"twitter_card":"summary_large_image","twitter_misc":{"Tiempo de lectura":"2 minutos"},"schema":{"@context":"https:\/\/schema.org","@graph":[{"@type":"WebPage","@id":"https:\/\/demoweb.info\/sexshop001\/producto\/picota-de-madera\/","url":"https:\/\/demoweb.info\/sexshop001\/producto\/picota-de-madera\/","name":"PICOTA DE MADERA - Tienda Er\u00f3tica","isPartOf":{"@id":"https:\/\/demoweb.info\/sexshop001\/#website"},"datePublished":"2022-01-22T08:30:31+00:00","dateModified":"2022-01-22T08:30:40+00:00","breadcrumb":{"@id":"https:\/\/demoweb.info\/sexshop001\/producto\/picota-de-madera\/#breadcrumb"},"inLanguage":"es","potentialAction":[{"@type":"ReadAction","target":["https:\/\/demoweb.info\/sexshop001\/producto\/picota-de-madera\/"]}]},{"@type":"BreadcrumbList","@id":"https:\/\/demoweb.info\/sexshop001\/producto\/picota-de-madera\/#breadcrumb","itemListElement":[{"@type":"ListItem","position":1,"name":"Portada","item":"https:\/\/demoweb.info\/sexshop001\/"},{"@type":"ListItem","position":2,"name":"Tienda","item":"https:\/\/demoweb.info\/sexshop001\/tienda\/"},{"@type":"ListItem","position":3,"name":"PICOTA DE MADERA"}]},{"@type":"WebSite","@id":"https:\/\/demoweb.info\/sexshop001\/#website","url":"https:\/\/demoweb.info\/sexshop001\/","name":"Tienda Er\u00f3tica","description":"DEMOWEB SL","potentialAction":[{"@type":"SearchAction","target":{"@type":"EntryPoint","urlTemplate":"https:\/\/demoweb.info\/sexshop001\/?s={search_term_string}"},"query-input":"required name=search_term_string"}],"inLanguage":"es"}]}},"_links":{"self":[{"href":"https:\/\/demoweb.info\/sexshop001\/wp-json\/wp\/v3\/product\/7621","targetHints":{"allow":["GET"]}}],"collection":[{"href":"https:\/\/demoweb.info\/sexshop001\/wp-json\/wp\/v3\/product"}],"about":[{"href":"https:\/\/demoweb.info\/sexshop001\/wp-json\/wp\/v2\/types\/product"}],"replies":[{"embeddable":true,"href":"https:\/\/demoweb.info\/sexshop001\/wp-json\/wp\/v2\/comments?post=7621"}],"wp:featuredmedia":[{"embeddable":true,"href":"https:\/\/demoweb.info\/sexshop001\/wp-json\/wp\/v2\/media\/7622"}],"wp:attachment":[{"href":"https:\/\/demoweb.info\/sexshop001\/wp-json\/wp\/v2\/media?parent=7621"}],"wp:term":[{"taxonomy":"product_cat","embeddable":true,"href":"https:\/\/demoweb.info\/sexshop001\/wp-json\/wp\/v2\/product_cat?post=7621"},{"taxonomy":"product_tag","embeddable":true,"href":"https:\/\/demoweb.info\/sexshop001\/wp-json\/wp\/v2\/product_tag?post=7621"}],"curies":[{"name":"wp","href":"https:\/\/api.w.org\/{rel}","templated":true}]}}