{"id":7585,"date":"2022-01-22T09:29:58","date_gmt":"2022-01-22T08:29:58","guid":{"rendered":"https:\/\/demoweb.info\/sexshop001\/producto\/pene-realistico-con-vibracion-20cm\/"},"modified":"2022-01-22T09:30:23","modified_gmt":"2022-01-22T08:30:23","slug":"pene-realistico-con-vibracion-20cm","status":"publish","type":"product","link":"https:\/\/demoweb.info\/sexshop001\/producto\/pene-realistico-con-vibracion-20cm\/","title":{"rendered":"PENE REAL\u00cdSTICO CON VIBRACI\u00d3N 20CM"},"content":{"rendered":"<p><strong>REALISTIC VIBRATING DILDO WITH BALLS <\/strong><\/p>\n<p>Disfruta de la segunda piel de tacto suave y aterciopelada con este consolador vibrador incre\u00edblemente realista. Meticulosamente dise\u00f1ado con una cabeza pronunciada, venas abultadas y test\u00edculos colgantes, las formas, texturas<br \/>\ny colores s\u00faper realistas de este consolador vibrador realmente se ven y se sienten como un pene de verdad.<\/p>\n<p>Hecho de TPE sin ftalatos, este material blando imita la suavidad de la piel real y es completamente seguro para<br \/>\nel cuerpo. \u00a1Voltea la base y la poderosa vibraci\u00f3n comenzar\u00e1 a cumplir con tus m\u00e1s \u00edntimos deseos proporcion\u00e1ndote el orgasmo m\u00e1s intenso que te hayas imaginado!<\/p>\n<p>Cuando est\u00e9s satisfecho y quieras descansar, ap\u00e1galo simplemente volteando el tope y la vibraci\u00f3n se apagar\u00e1.<\/p>\n<p>Caracter\u00edasticas:<\/p>\n<ul>\n<li>Dimensiones del producto: 23 x 9,5 x 9,5 cm<\/li>\n<li>Peso del producto: 351 gr<\/li>\n<li>Di\u00e1metro del producto: 4 cm<\/li>\n<li>Longitud insertable: 16,5 cm<\/li>\n<li>Rotaciones: 18000 RPM<\/li>\n<li>Tipos de velocidad: 10<\/li>\n<li>Nivel de ruido: 60 dB<\/li>\n<li>Se requieren bater\u00edas: 2<\/li>\n<li>Tipo de bater\u00edas: AAA<\/li>\n<li>Bater\u00edas incluidas: No<\/li>\n<li>A prueba de agua: S\u00ed<\/li>\n<li>A prueba de salpicaduras: S\u00ed<\/li>\n<li>Libre de ftalato: S\u00ed<\/li>\n<li>Materiales : TPE, ABS<\/li>\n<\/ul>\n","protected":false},"excerpt":{"rendered":"<p>REALISTIC VIBRATING DILDO WITH BALLS Disfruta de la segunda piel de tacto suave y aterciopelada con este consolador vibrador incre\u00edblemente<\/p>\n","protected":false},"featured_media":7586,"comment_status":"open","ping_status":"open","template":"","meta":[],"product_cat":[317],"product_tag":[318,302],"class_list":["post-7585","product","type-product","status-publish","has-post-thumbnail","hentry","product_cat-con-vibrador","product_tag-realrock","product_tag-shots"],"bundled_by":[],"bundle_stock_status":"outofstock","bundle_stock_quantity":0,"bundle_virtual":false,"bundle_layout":"","bundle_add_to_cart_form_location":"","bundle_editable_in_cart":false,"bundle_sold_individually_context":"","bundle_item_grouping":"","bundle_min_size":"","bundle_max_size":"","bundled_items":[],"yoast_head":"<!-- This site is optimized with the Yoast SEO plugin v20.6 - https:\/\/yoast.com\/wordpress\/plugins\/seo\/ -->\n<title>PENE REAL\u00cdSTICO CON VIBRACI\u00d3N 20CM - Tienda Er\u00f3tica<\/title>\n<meta name=\"robots\" content=\"noindex, follow, max-snippet:-1, max-image-preview:large, max-video-preview:-1\" \/>\n<meta property=\"og:locale\" content=\"es_ES\" \/>\n<meta property=\"og:type\" content=\"article\" \/>\n<meta property=\"og:title\" content=\"PENE REAL\u00cdSTICO CON VIBRACI\u00d3N 20CM - Tienda Er\u00f3tica\" \/>\n<meta property=\"og:description\" content=\"REALISTIC VIBRATING DILDO WITH BALLS Disfruta de la segunda piel de tacto suave y aterciopelada con este consolador vibrador incre\u00edblemente\" \/>\n<meta property=\"og:url\" content=\"https:\/\/demoweb.info\/sexshop001\/producto\/pene-realistico-con-vibracion-20cm\/\" \/>\n<meta property=\"og:site_name\" content=\"Tienda Er\u00f3tica\" \/>\n<meta property=\"article:modified_time\" content=\"2022-01-22T08:30:23+00:00\" \/>\n<meta property=\"og:image\" content=\"https:\/\/demoweb.info\/sexshop001\/wp-content\/uploads\/2022\/01\/PENE-REALISTICO-CON-VIBRACION-20CM.jpg\" \/>\n\t<meta property=\"og:image:width\" content=\"550\" \/>\n\t<meta property=\"og:image:height\" content=\"550\" \/>\n\t<meta property=\"og:image:type\" content=\"image\/jpeg\" \/>\n<meta name=\"twitter:card\" content=\"summary_large_image\" \/>\n<meta name=\"twitter:label1\" content=\"Tiempo de lectura\" \/>\n\t<meta name=\"twitter:data1\" content=\"1 minuto\" \/>\n<script type=\"application\/ld+json\" class=\"yoast-schema-graph\">{\"@context\":\"https:\/\/schema.org\",\"@graph\":[{\"@type\":\"WebPage\",\"@id\":\"https:\/\/demoweb.info\/sexshop001\/producto\/pene-realistico-con-vibracion-20cm\/\",\"url\":\"https:\/\/demoweb.info\/sexshop001\/producto\/pene-realistico-con-vibracion-20cm\/\",\"name\":\"PENE REAL\u00cdSTICO CON VIBRACI\u00d3N 20CM - Tienda Er\u00f3tica\",\"isPartOf\":{\"@id\":\"https:\/\/demoweb.info\/sexshop001\/#website\"},\"datePublished\":\"2022-01-22T08:29:58+00:00\",\"dateModified\":\"2022-01-22T08:30:23+00:00\",\"breadcrumb\":{\"@id\":\"https:\/\/demoweb.info\/sexshop001\/producto\/pene-realistico-con-vibracion-20cm\/#breadcrumb\"},\"inLanguage\":\"es\",\"potentialAction\":[{\"@type\":\"ReadAction\",\"target\":[\"https:\/\/demoweb.info\/sexshop001\/producto\/pene-realistico-con-vibracion-20cm\/\"]}]},{\"@type\":\"BreadcrumbList\",\"@id\":\"https:\/\/demoweb.info\/sexshop001\/producto\/pene-realistico-con-vibracion-20cm\/#breadcrumb\",\"itemListElement\":[{\"@type\":\"ListItem\",\"position\":1,\"name\":\"Portada\",\"item\":\"https:\/\/demoweb.info\/sexshop001\/\"},{\"@type\":\"ListItem\",\"position\":2,\"name\":\"Tienda\",\"item\":\"https:\/\/demoweb.info\/sexshop001\/tienda\/\"},{\"@type\":\"ListItem\",\"position\":3,\"name\":\"PENE REAL\u00cdSTICO CON VIBRACI\u00d3N 20CM\"}]},{\"@type\":\"WebSite\",\"@id\":\"https:\/\/demoweb.info\/sexshop001\/#website\",\"url\":\"https:\/\/demoweb.info\/sexshop001\/\",\"name\":\"Tienda Er\u00f3tica\",\"description\":\"DEMOWEB SL\",\"potentialAction\":[{\"@type\":\"SearchAction\",\"target\":{\"@type\":\"EntryPoint\",\"urlTemplate\":\"https:\/\/demoweb.info\/sexshop001\/?s={search_term_string}\"},\"query-input\":\"required name=search_term_string\"}],\"inLanguage\":\"es\"}]}<\/script>\n<!-- \/ Yoast SEO plugin. -->","yoast_head_json":{"title":"PENE REAL\u00cdSTICO CON VIBRACI\u00d3N 20CM - Tienda Er\u00f3tica","robots":{"index":"noindex","follow":"follow","max-snippet":"max-snippet:-1","max-image-preview":"max-image-preview:large","max-video-preview":"max-video-preview:-1"},"og_locale":"es_ES","og_type":"article","og_title":"PENE REAL\u00cdSTICO CON VIBRACI\u00d3N 20CM - Tienda Er\u00f3tica","og_description":"REALISTIC VIBRATING DILDO WITH BALLS Disfruta de la segunda piel de tacto suave y aterciopelada con este consolador vibrador incre\u00edblemente","og_url":"https:\/\/demoweb.info\/sexshop001\/producto\/pene-realistico-con-vibracion-20cm\/","og_site_name":"Tienda Er\u00f3tica","article_modified_time":"2022-01-22T08:30:23+00:00","og_image":[{"width":550,"height":550,"url":"https:\/\/demoweb.info\/sexshop001\/wp-content\/uploads\/2022\/01\/PENE-REALISTICO-CON-VIBRACION-20CM.jpg","type":"image\/jpeg"}],"twitter_card":"summary_large_image","twitter_misc":{"Tiempo de lectura":"1 minuto"},"schema":{"@context":"https:\/\/schema.org","@graph":[{"@type":"WebPage","@id":"https:\/\/demoweb.info\/sexshop001\/producto\/pene-realistico-con-vibracion-20cm\/","url":"https:\/\/demoweb.info\/sexshop001\/producto\/pene-realistico-con-vibracion-20cm\/","name":"PENE REAL\u00cdSTICO CON VIBRACI\u00d3N 20CM - Tienda Er\u00f3tica","isPartOf":{"@id":"https:\/\/demoweb.info\/sexshop001\/#website"},"datePublished":"2022-01-22T08:29:58+00:00","dateModified":"2022-01-22T08:30:23+00:00","breadcrumb":{"@id":"https:\/\/demoweb.info\/sexshop001\/producto\/pene-realistico-con-vibracion-20cm\/#breadcrumb"},"inLanguage":"es","potentialAction":[{"@type":"ReadAction","target":["https:\/\/demoweb.info\/sexshop001\/producto\/pene-realistico-con-vibracion-20cm\/"]}]},{"@type":"BreadcrumbList","@id":"https:\/\/demoweb.info\/sexshop001\/producto\/pene-realistico-con-vibracion-20cm\/#breadcrumb","itemListElement":[{"@type":"ListItem","position":1,"name":"Portada","item":"https:\/\/demoweb.info\/sexshop001\/"},{"@type":"ListItem","position":2,"name":"Tienda","item":"https:\/\/demoweb.info\/sexshop001\/tienda\/"},{"@type":"ListItem","position":3,"name":"PENE REAL\u00cdSTICO CON VIBRACI\u00d3N 20CM"}]},{"@type":"WebSite","@id":"https:\/\/demoweb.info\/sexshop001\/#website","url":"https:\/\/demoweb.info\/sexshop001\/","name":"Tienda Er\u00f3tica","description":"DEMOWEB SL","potentialAction":[{"@type":"SearchAction","target":{"@type":"EntryPoint","urlTemplate":"https:\/\/demoweb.info\/sexshop001\/?s={search_term_string}"},"query-input":"required name=search_term_string"}],"inLanguage":"es"}]}},"_links":{"self":[{"href":"https:\/\/demoweb.info\/sexshop001\/wp-json\/wp\/v3\/product\/7585","targetHints":{"allow":["GET"]}}],"collection":[{"href":"https:\/\/demoweb.info\/sexshop001\/wp-json\/wp\/v3\/product"}],"about":[{"href":"https:\/\/demoweb.info\/sexshop001\/wp-json\/wp\/v2\/types\/product"}],"replies":[{"embeddable":true,"href":"https:\/\/demoweb.info\/sexshop001\/wp-json\/wp\/v2\/comments?post=7585"}],"wp:featuredmedia":[{"embeddable":true,"href":"https:\/\/demoweb.info\/sexshop001\/wp-json\/wp\/v2\/media\/7586"}],"wp:attachment":[{"href":"https:\/\/demoweb.info\/sexshop001\/wp-json\/wp\/v2\/media?parent=7585"}],"wp:term":[{"taxonomy":"product_cat","embeddable":true,"href":"https:\/\/demoweb.info\/sexshop001\/wp-json\/wp\/v2\/product_cat?post=7585"},{"taxonomy":"product_tag","embeddable":true,"href":"https:\/\/demoweb.info\/sexshop001\/wp-json\/wp\/v2\/product_tag?post=7585"}],"curies":[{"name":"wp","href":"https:\/\/api.w.org\/{rel}","templated":true}]}}