{"id":7560,"date":"2022-01-22T09:29:58","date_gmt":"2022-01-22T08:29:58","guid":{"rendered":"https:\/\/demoweb.info\/sexshop001\/producto\/no-80-kit-plug-silicona-begro\/"},"modified":"2022-01-22T09:30:14","modified_gmt":"2022-01-22T08:30:14","slug":"no-80-kit-plug-silicona-begro","status":"publish","type":"product","link":"https:\/\/demoweb.info\/sexshop001\/producto\/no-80-kit-plug-silicona-begro\/","title":{"rendered":"NO. 80 KIT PLUG SILICONA BEGRO"},"content":{"rendered":"<p><strong>NO. 80 4 PIECE BUTT PLUG SET BLACK<\/strong><\/p>\n<p>Para todos aquellos que aman la puerta de atr\u00e1s o aquellos que quieren disfrutar de alguna diversi\u00f3n anal, \u00a1SONO ha desarrollado un fant\u00e1stico juego butt plug de 4 piezas! Elaborado caucho TPE altamente duradero, flexible y sin aroma, \u00a1Estos plugs te dar\u00e1 horas y horas de aventuras anales amorosas! Todos los enchufes son absolutamente libres de aftalatos. Cada juguete viene con una forma y tama\u00f1o \u00fanicos que te dan excitantes y m\u00faltiples opciones. Todos los tapones son a prueba de agua (IPX7) y viene con un asa en la base ancha dise\u00f1ada de forma ergon\u00f3mica para que sea f\u00e1cil y seguro removerlo y para mantener el juguete en su lugar.<\/p>\n<p>Peso<\/p>\n<ul>\n<li>Extra peque\u00f1o: 25g<\/li>\n<li>Peque\u00f1o: 23g<\/li>\n<li>Medio: 39g<\/li>\n<li>Grande: 58gr<\/li>\n<\/ul>\n<p>Largo x alto x ancho<\/p>\n<ul>\n<li>Extra peque\u00f1o: 9,5 x 5,5 x 2,5 cm<\/li>\n<li>Peque\u00f1o:9 x 6 x 2,5 cm<\/li>\n<li>Medio: 11 x 6,5 x 2,8 cm<\/li>\n<li>Grande: 12,5 x 6 x 3,7 cm<\/li>\n<\/ul>\n<p>Di\u00e1metro del producto:<\/p>\n<ul>\n<li>Extra peque\u00f1o: 2,5 cm<\/li>\n<li>Peque\u00f1o:2,5 cm<\/li>\n<li>Medio: 2,8 cm<\/li>\n<li>Grande: 3,7 cm<\/li>\n<\/ul>\n<p>Medidas insertables:<\/p>\n<ul>\n<li>Extra peque\u00f1o: 6,5 cm<\/li>\n<li>Peque\u00f1o:6 cm<\/li>\n<li>Medio: 7,5 cm<\/li>\n<li>Grande: 9,5 cm<\/li>\n<\/ul>\n","protected":false},"excerpt":{"rendered":"<p>NO. 80 4 PIECE BUTT PLUG SET BLACK Para todos aquellos que aman la puerta de atr\u00e1s o aquellos que<\/p>\n","protected":false},"featured_media":7561,"comment_status":"open","ping_status":"open","template":"","meta":[],"product_cat":[310],"product_tag":[302,312],"class_list":["post-7560","product","type-product","status-publish","has-post-thumbnail","hentry","product_cat-kits","product_tag-shots","product_tag-sono"],"bundled_by":[],"bundle_stock_status":"instock","bundle_stock_quantity":6,"bundle_virtual":false,"bundle_layout":"","bundle_add_to_cart_form_location":"","bundle_editable_in_cart":false,"bundle_sold_individually_context":"","bundle_item_grouping":"","bundle_min_size":"","bundle_max_size":"","bundled_items":[],"yoast_head":"<!-- This site is optimized with the Yoast SEO plugin v20.6 - https:\/\/yoast.com\/wordpress\/plugins\/seo\/ -->\n<title>NO. 80 KIT PLUG SILICONA BEGRO - Tienda Er\u00f3tica<\/title>\n<meta name=\"robots\" content=\"noindex, follow, max-snippet:-1, max-image-preview:large, max-video-preview:-1\" \/>\n<meta property=\"og:locale\" content=\"es_ES\" \/>\n<meta property=\"og:type\" content=\"article\" \/>\n<meta property=\"og:title\" content=\"NO. 80 KIT PLUG SILICONA BEGRO - Tienda Er\u00f3tica\" \/>\n<meta property=\"og:description\" content=\"NO. 80 4 PIECE BUTT PLUG SET BLACK Para todos aquellos que aman la puerta de atr\u00e1s o aquellos que\" \/>\n<meta property=\"og:url\" content=\"https:\/\/demoweb.info\/sexshop001\/producto\/no-80-kit-plug-silicona-begro\/\" \/>\n<meta property=\"og:site_name\" content=\"Tienda Er\u00f3tica\" \/>\n<meta property=\"article:modified_time\" content=\"2022-01-22T08:30:14+00:00\" \/>\n<meta property=\"og:image\" content=\"https:\/\/demoweb.info\/sexshop001\/wp-content\/uploads\/2022\/01\/NO.-80-KIT-PLUG-SILICONA-BEGRO.jpg\" \/>\n\t<meta property=\"og:image:width\" content=\"550\" \/>\n\t<meta property=\"og:image:height\" content=\"550\" \/>\n\t<meta property=\"og:image:type\" content=\"image\/jpeg\" \/>\n<meta name=\"twitter:card\" content=\"summary_large_image\" \/>\n<meta name=\"twitter:label1\" content=\"Tiempo de lectura\" \/>\n\t<meta name=\"twitter:data1\" content=\"1 minuto\" \/>\n<script type=\"application\/ld+json\" class=\"yoast-schema-graph\">{\"@context\":\"https:\/\/schema.org\",\"@graph\":[{\"@type\":\"WebPage\",\"@id\":\"https:\/\/demoweb.info\/sexshop001\/producto\/no-80-kit-plug-silicona-begro\/\",\"url\":\"https:\/\/demoweb.info\/sexshop001\/producto\/no-80-kit-plug-silicona-begro\/\",\"name\":\"NO. 80 KIT PLUG SILICONA BEGRO - Tienda Er\u00f3tica\",\"isPartOf\":{\"@id\":\"https:\/\/demoweb.info\/sexshop001\/#website\"},\"datePublished\":\"2022-01-22T08:29:58+00:00\",\"dateModified\":\"2022-01-22T08:30:14+00:00\",\"breadcrumb\":{\"@id\":\"https:\/\/demoweb.info\/sexshop001\/producto\/no-80-kit-plug-silicona-begro\/#breadcrumb\"},\"inLanguage\":\"es\",\"potentialAction\":[{\"@type\":\"ReadAction\",\"target\":[\"https:\/\/demoweb.info\/sexshop001\/producto\/no-80-kit-plug-silicona-begro\/\"]}]},{\"@type\":\"BreadcrumbList\",\"@id\":\"https:\/\/demoweb.info\/sexshop001\/producto\/no-80-kit-plug-silicona-begro\/#breadcrumb\",\"itemListElement\":[{\"@type\":\"ListItem\",\"position\":1,\"name\":\"Portada\",\"item\":\"https:\/\/demoweb.info\/sexshop001\/\"},{\"@type\":\"ListItem\",\"position\":2,\"name\":\"Tienda\",\"item\":\"https:\/\/demoweb.info\/sexshop001\/tienda\/\"},{\"@type\":\"ListItem\",\"position\":3,\"name\":\"NO. 80 KIT PLUG SILICONA BEGRO\"}]},{\"@type\":\"WebSite\",\"@id\":\"https:\/\/demoweb.info\/sexshop001\/#website\",\"url\":\"https:\/\/demoweb.info\/sexshop001\/\",\"name\":\"Tienda Er\u00f3tica\",\"description\":\"DEMOWEB SL\",\"potentialAction\":[{\"@type\":\"SearchAction\",\"target\":{\"@type\":\"EntryPoint\",\"urlTemplate\":\"https:\/\/demoweb.info\/sexshop001\/?s={search_term_string}\"},\"query-input\":\"required name=search_term_string\"}],\"inLanguage\":\"es\"}]}<\/script>\n<!-- \/ Yoast SEO plugin. -->","yoast_head_json":{"title":"NO. 80 KIT PLUG SILICONA BEGRO - Tienda Er\u00f3tica","robots":{"index":"noindex","follow":"follow","max-snippet":"max-snippet:-1","max-image-preview":"max-image-preview:large","max-video-preview":"max-video-preview:-1"},"og_locale":"es_ES","og_type":"article","og_title":"NO. 80 KIT PLUG SILICONA BEGRO - Tienda Er\u00f3tica","og_description":"NO. 80 4 PIECE BUTT PLUG SET BLACK Para todos aquellos que aman la puerta de atr\u00e1s o aquellos que","og_url":"https:\/\/demoweb.info\/sexshop001\/producto\/no-80-kit-plug-silicona-begro\/","og_site_name":"Tienda Er\u00f3tica","article_modified_time":"2022-01-22T08:30:14+00:00","og_image":[{"width":550,"height":550,"url":"https:\/\/demoweb.info\/sexshop001\/wp-content\/uploads\/2022\/01\/NO.-80-KIT-PLUG-SILICONA-BEGRO.jpg","type":"image\/jpeg"}],"twitter_card":"summary_large_image","twitter_misc":{"Tiempo de lectura":"1 minuto"},"schema":{"@context":"https:\/\/schema.org","@graph":[{"@type":"WebPage","@id":"https:\/\/demoweb.info\/sexshop001\/producto\/no-80-kit-plug-silicona-begro\/","url":"https:\/\/demoweb.info\/sexshop001\/producto\/no-80-kit-plug-silicona-begro\/","name":"NO. 80 KIT PLUG SILICONA BEGRO - Tienda Er\u00f3tica","isPartOf":{"@id":"https:\/\/demoweb.info\/sexshop001\/#website"},"datePublished":"2022-01-22T08:29:58+00:00","dateModified":"2022-01-22T08:30:14+00:00","breadcrumb":{"@id":"https:\/\/demoweb.info\/sexshop001\/producto\/no-80-kit-plug-silicona-begro\/#breadcrumb"},"inLanguage":"es","potentialAction":[{"@type":"ReadAction","target":["https:\/\/demoweb.info\/sexshop001\/producto\/no-80-kit-plug-silicona-begro\/"]}]},{"@type":"BreadcrumbList","@id":"https:\/\/demoweb.info\/sexshop001\/producto\/no-80-kit-plug-silicona-begro\/#breadcrumb","itemListElement":[{"@type":"ListItem","position":1,"name":"Portada","item":"https:\/\/demoweb.info\/sexshop001\/"},{"@type":"ListItem","position":2,"name":"Tienda","item":"https:\/\/demoweb.info\/sexshop001\/tienda\/"},{"@type":"ListItem","position":3,"name":"NO. 80 KIT PLUG SILICONA BEGRO"}]},{"@type":"WebSite","@id":"https:\/\/demoweb.info\/sexshop001\/#website","url":"https:\/\/demoweb.info\/sexshop001\/","name":"Tienda Er\u00f3tica","description":"DEMOWEB SL","potentialAction":[{"@type":"SearchAction","target":{"@type":"EntryPoint","urlTemplate":"https:\/\/demoweb.info\/sexshop001\/?s={search_term_string}"},"query-input":"required name=search_term_string"}],"inLanguage":"es"}]}},"_links":{"self":[{"href":"https:\/\/demoweb.info\/sexshop001\/wp-json\/wp\/v3\/product\/7560","targetHints":{"allow":["GET"]}}],"collection":[{"href":"https:\/\/demoweb.info\/sexshop001\/wp-json\/wp\/v3\/product"}],"about":[{"href":"https:\/\/demoweb.info\/sexshop001\/wp-json\/wp\/v2\/types\/product"}],"replies":[{"embeddable":true,"href":"https:\/\/demoweb.info\/sexshop001\/wp-json\/wp\/v2\/comments?post=7560"}],"wp:featuredmedia":[{"embeddable":true,"href":"https:\/\/demoweb.info\/sexshop001\/wp-json\/wp\/v2\/media\/7561"}],"wp:attachment":[{"href":"https:\/\/demoweb.info\/sexshop001\/wp-json\/wp\/v2\/media?parent=7560"}],"wp:term":[{"taxonomy":"product_cat","embeddable":true,"href":"https:\/\/demoweb.info\/sexshop001\/wp-json\/wp\/v2\/product_cat?post=7560"},{"taxonomy":"product_tag","embeddable":true,"href":"https:\/\/demoweb.info\/sexshop001\/wp-json\/wp\/v2\/product_tag?post=7560"}],"curies":[{"name":"wp","href":"https:\/\/api.w.org\/{rel}","templated":true}]}}