{"id":7495,"date":"2022-01-22T09:29:26","date_gmt":"2022-01-22T08:29:26","guid":{"rendered":"https:\/\/demoweb.info\/sexshop001\/producto\/alida-vibrador-morado\/"},"modified":"2022-01-22T09:29:44","modified_gmt":"2022-01-22T08:29:44","slug":"alida-vibrador-morado","status":"publish","type":"product","link":"https:\/\/demoweb.info\/sexshop001\/producto\/alida-vibrador-morado\/","title":{"rendered":"ALIDA VIBRADOR MORADO"},"content":{"rendered":"<p><strong>ALIDA RECHARGEABLE PURPLE<\/strong><\/p>\n<p>\u00a1El ALIDA te hechizar\u00e1 con sus poderes org\u00e1smicos! Golpear los lugares correctos una y otra vez no es haza\u00f1a para este m\u00e1gico juguete de alegr\u00eda. Acelerando a unas impresionantes 5200 rpm, el motor F1 ultrarresistente har\u00e1 \u00a1seguro que no solo vienes sino que llegas con estilo! Con modos de 10 velocidades para elegir, siempre ser\u00e1 una configuraci\u00f3n que haga el truco y a menos de 55dB nadie m\u00e1s lo sabr\u00e1. Hecho de silicona y ABS de grado m\u00e9dico, sin ftalatos, el ALIDA mide 21,1 cm (8,31\u201d) de alto, tiene una longitud insertable de 11,8 cm (4,65\u201d) con una circunferencia de 3,6 cm (1,42\u201d).<\/p>\n<p>Este hermoso juguete es recargable a trav\u00e9s del cable USB incluido. \u00a1Una carga de 30 minutos te<br \/>\ndar\u00e1 60 minutos de placer desenfrenado!<\/p>\n<ul>\n<li>Dimensiones embalaje    24 x 10 x 5 cm<\/li>\n<li>Peso embalaje    150 gram<\/li>\n<li>Dimensiones del producto    21 x 3,5 x 3,5 cm<\/li>\n<li>Peso del producto    108,00 gram<\/li>\n<li>Di\u00e1metro del producto    3,5 cm<\/li>\n<li>Longitud insertable    12,0 cm<\/li>\n<li>Cantidad de motores    1<\/li>\n<li>Rotaciones    5200 RPM<\/li>\n<li>Tipos de velocidad    10<\/li>\n<li>Nivel de ruido    55 dB<\/li>\n<li>Recargable    S\u00ed<\/li>\n<li>Tiempo de recarga    60 min<\/li>\n<li>Vida de la recarga de las bater\u00edas    30 min<\/li>\n<li>A prueba de salpicaduras    S\u00ed<\/li>\n<li>Libre de ftalato    S\u00ed<\/li>\n<li>Materiales\n\t <\/li>\n<\/ul>\n","protected":false},"excerpt":{"rendered":"<p>ALIDA RECHARGEABLE PURPLE \u00a1El ALIDA te hechizar\u00e1 con sus poderes org\u00e1smicos! Golpear los lugares correctos una y otra vez no<\/p>\n","protected":false},"featured_media":7496,"comment_status":"open","ping_status":"open","template":"","meta":[],"product_cat":[315],"product_tag":[316,302],"class_list":["post-7495","product","type-product","status-publish","has-post-thumbnail","hentry","product_cat-silicona-vibradores-juguetes-xxx","product_tag-luna","product_tag-shots"],"bundled_by":[],"bundle_stock_status":"instock","bundle_stock_quantity":1,"bundle_virtual":false,"bundle_layout":"","bundle_add_to_cart_form_location":"","bundle_editable_in_cart":false,"bundle_sold_individually_context":"","bundle_item_grouping":"","bundle_min_size":"","bundle_max_size":"","bundled_items":[],"yoast_head":"<!-- This site is optimized with the Yoast SEO plugin v20.6 - https:\/\/yoast.com\/wordpress\/plugins\/seo\/ -->\n<title>ALIDA VIBRADOR MORADO - Tienda Er\u00f3tica<\/title>\n<meta name=\"robots\" content=\"noindex, follow, max-snippet:-1, max-image-preview:large, max-video-preview:-1\" \/>\n<meta property=\"og:locale\" content=\"es_ES\" \/>\n<meta property=\"og:type\" content=\"article\" \/>\n<meta property=\"og:title\" content=\"ALIDA VIBRADOR MORADO - Tienda Er\u00f3tica\" \/>\n<meta property=\"og:description\" content=\"ALIDA RECHARGEABLE PURPLE \u00a1El ALIDA te hechizar\u00e1 con sus poderes org\u00e1smicos! Golpear los lugares correctos una y otra vez no\" \/>\n<meta property=\"og:url\" content=\"https:\/\/demoweb.info\/sexshop001\/producto\/alida-vibrador-morado\/\" \/>\n<meta property=\"og:site_name\" content=\"Tienda Er\u00f3tica\" \/>\n<meta property=\"article:modified_time\" content=\"2022-01-22T08:29:44+00:00\" \/>\n<meta property=\"og:image\" content=\"https:\/\/demoweb.info\/sexshop001\/wp-content\/uploads\/2022\/01\/ALIDA-VIBRADOR-MORADO.jpg\" \/>\n\t<meta property=\"og:image:width\" content=\"550\" \/>\n\t<meta property=\"og:image:height\" content=\"550\" \/>\n\t<meta property=\"og:image:type\" content=\"image\/jpeg\" \/>\n<meta name=\"twitter:card\" content=\"summary_large_image\" \/>\n<meta name=\"twitter:label1\" content=\"Tiempo de lectura\" \/>\n\t<meta name=\"twitter:data1\" content=\"1 minuto\" \/>\n<script type=\"application\/ld+json\" class=\"yoast-schema-graph\">{\"@context\":\"https:\/\/schema.org\",\"@graph\":[{\"@type\":\"WebPage\",\"@id\":\"https:\/\/demoweb.info\/sexshop001\/producto\/alida-vibrador-morado\/\",\"url\":\"https:\/\/demoweb.info\/sexshop001\/producto\/alida-vibrador-morado\/\",\"name\":\"ALIDA VIBRADOR MORADO - Tienda Er\u00f3tica\",\"isPartOf\":{\"@id\":\"https:\/\/demoweb.info\/sexshop001\/#website\"},\"datePublished\":\"2022-01-22T08:29:26+00:00\",\"dateModified\":\"2022-01-22T08:29:44+00:00\",\"breadcrumb\":{\"@id\":\"https:\/\/demoweb.info\/sexshop001\/producto\/alida-vibrador-morado\/#breadcrumb\"},\"inLanguage\":\"es\",\"potentialAction\":[{\"@type\":\"ReadAction\",\"target\":[\"https:\/\/demoweb.info\/sexshop001\/producto\/alida-vibrador-morado\/\"]}]},{\"@type\":\"BreadcrumbList\",\"@id\":\"https:\/\/demoweb.info\/sexshop001\/producto\/alida-vibrador-morado\/#breadcrumb\",\"itemListElement\":[{\"@type\":\"ListItem\",\"position\":1,\"name\":\"Portada\",\"item\":\"https:\/\/demoweb.info\/sexshop001\/\"},{\"@type\":\"ListItem\",\"position\":2,\"name\":\"Tienda\",\"item\":\"https:\/\/demoweb.info\/sexshop001\/tienda\/\"},{\"@type\":\"ListItem\",\"position\":3,\"name\":\"ALIDA VIBRADOR MORADO\"}]},{\"@type\":\"WebSite\",\"@id\":\"https:\/\/demoweb.info\/sexshop001\/#website\",\"url\":\"https:\/\/demoweb.info\/sexshop001\/\",\"name\":\"Tienda Er\u00f3tica\",\"description\":\"DEMOWEB SL\",\"potentialAction\":[{\"@type\":\"SearchAction\",\"target\":{\"@type\":\"EntryPoint\",\"urlTemplate\":\"https:\/\/demoweb.info\/sexshop001\/?s={search_term_string}\"},\"query-input\":\"required name=search_term_string\"}],\"inLanguage\":\"es\"}]}<\/script>\n<!-- \/ Yoast SEO plugin. -->","yoast_head_json":{"title":"ALIDA VIBRADOR MORADO - Tienda Er\u00f3tica","robots":{"index":"noindex","follow":"follow","max-snippet":"max-snippet:-1","max-image-preview":"max-image-preview:large","max-video-preview":"max-video-preview:-1"},"og_locale":"es_ES","og_type":"article","og_title":"ALIDA VIBRADOR MORADO - Tienda Er\u00f3tica","og_description":"ALIDA RECHARGEABLE PURPLE \u00a1El ALIDA te hechizar\u00e1 con sus poderes org\u00e1smicos! Golpear los lugares correctos una y otra vez no","og_url":"https:\/\/demoweb.info\/sexshop001\/producto\/alida-vibrador-morado\/","og_site_name":"Tienda Er\u00f3tica","article_modified_time":"2022-01-22T08:29:44+00:00","og_image":[{"width":550,"height":550,"url":"https:\/\/demoweb.info\/sexshop001\/wp-content\/uploads\/2022\/01\/ALIDA-VIBRADOR-MORADO.jpg","type":"image\/jpeg"}],"twitter_card":"summary_large_image","twitter_misc":{"Tiempo de lectura":"1 minuto"},"schema":{"@context":"https:\/\/schema.org","@graph":[{"@type":"WebPage","@id":"https:\/\/demoweb.info\/sexshop001\/producto\/alida-vibrador-morado\/","url":"https:\/\/demoweb.info\/sexshop001\/producto\/alida-vibrador-morado\/","name":"ALIDA VIBRADOR MORADO - Tienda Er\u00f3tica","isPartOf":{"@id":"https:\/\/demoweb.info\/sexshop001\/#website"},"datePublished":"2022-01-22T08:29:26+00:00","dateModified":"2022-01-22T08:29:44+00:00","breadcrumb":{"@id":"https:\/\/demoweb.info\/sexshop001\/producto\/alida-vibrador-morado\/#breadcrumb"},"inLanguage":"es","potentialAction":[{"@type":"ReadAction","target":["https:\/\/demoweb.info\/sexshop001\/producto\/alida-vibrador-morado\/"]}]},{"@type":"BreadcrumbList","@id":"https:\/\/demoweb.info\/sexshop001\/producto\/alida-vibrador-morado\/#breadcrumb","itemListElement":[{"@type":"ListItem","position":1,"name":"Portada","item":"https:\/\/demoweb.info\/sexshop001\/"},{"@type":"ListItem","position":2,"name":"Tienda","item":"https:\/\/demoweb.info\/sexshop001\/tienda\/"},{"@type":"ListItem","position":3,"name":"ALIDA VIBRADOR MORADO"}]},{"@type":"WebSite","@id":"https:\/\/demoweb.info\/sexshop001\/#website","url":"https:\/\/demoweb.info\/sexshop001\/","name":"Tienda Er\u00f3tica","description":"DEMOWEB SL","potentialAction":[{"@type":"SearchAction","target":{"@type":"EntryPoint","urlTemplate":"https:\/\/demoweb.info\/sexshop001\/?s={search_term_string}"},"query-input":"required name=search_term_string"}],"inLanguage":"es"}]}},"_links":{"self":[{"href":"https:\/\/demoweb.info\/sexshop001\/wp-json\/wp\/v3\/product\/7495","targetHints":{"allow":["GET"]}}],"collection":[{"href":"https:\/\/demoweb.info\/sexshop001\/wp-json\/wp\/v3\/product"}],"about":[{"href":"https:\/\/demoweb.info\/sexshop001\/wp-json\/wp\/v2\/types\/product"}],"replies":[{"embeddable":true,"href":"https:\/\/demoweb.info\/sexshop001\/wp-json\/wp\/v2\/comments?post=7495"}],"wp:featuredmedia":[{"embeddable":true,"href":"https:\/\/demoweb.info\/sexshop001\/wp-json\/wp\/v2\/media\/7496"}],"wp:attachment":[{"href":"https:\/\/demoweb.info\/sexshop001\/wp-json\/wp\/v2\/media?parent=7495"}],"wp:term":[{"taxonomy":"product_cat","embeddable":true,"href":"https:\/\/demoweb.info\/sexshop001\/wp-json\/wp\/v2\/product_cat?post=7495"},{"taxonomy":"product_tag","embeddable":true,"href":"https:\/\/demoweb.info\/sexshop001\/wp-json\/wp\/v2\/product_tag?post=7495"}],"curies":[{"name":"wp","href":"https:\/\/api.w.org\/{rel}","templated":true}]}}