{"id":7485,"date":"2022-01-22T09:29:26","date_gmt":"2022-01-22T08:29:26","guid":{"rendered":"https:\/\/demoweb.info\/sexshop001\/producto\/ares-vibrador-morado\/"},"modified":"2022-01-22T09:29:40","modified_gmt":"2022-01-22T08:29:40","slug":"ares-vibrador-morado","status":"publish","type":"product","link":"https:\/\/demoweb.info\/sexshop001\/producto\/ares-vibrador-morado\/","title":{"rendered":"ARES VIBRADOR MORADO"},"content":{"rendered":"<p><strong>ARES RECHARGEABLE PURPLE<\/strong><\/p>\n<p>\u00a1El ARES ir\u00e1 todo el camino para tu placer! \u00a1Con su cabeza activadora del punto G y el estimulador del cl\u00edtoris, ejecutado con 4 extensiones equivalentes, este vibrador te lleva a un viaje al cielo del orgasmo! Hecho de silicona de alta calidad y ABS. Viene con 2 motores F1 extra fuertes que aceleran hasta 5200 rpm y 15000 rpm en la punta curva para una estimulaci\u00f3n perfecta del punto G! Los 10 modos de velocidad diferentes asegurar\u00e1n que siempre haya algo para todos y a menos de 60dB nadie m\u00e1s que usted sabr\u00e1 sobre su cita secreta. Este hermoso juguete es recargable a trav\u00e9s del cable USB incluido. \u00a1Una carga de 30 minutos te dar\u00e1 60 minutos de placer desenfrenado!<\/p>\n<p>El ARES mide 21,2 cm de alto y tiene una circunferencia de 3,6 cm.<\/p>\n<ul>\n<li>Dimensiones del producto    21,5 x 7 x 7 cm<\/li>\n<li>Peso del producto    137,00 gram<\/li>\n<li>Di\u00e1metro del producto    3,6 cm<\/li>\n<li>Longitud insertable    12,0 cm<\/li>\n<li>Cantidad de motores    2<\/li>\n<li>Rotaciones    15000 RPM<\/li>\n<li>Tipos de velocidad    10<\/li>\n<li>Nivel de ruido    55 dB<\/li>\n<li>Recargable    S\u00ed<\/li>\n<li>Tiempo de recarga    60 min<\/li>\n<li>Vida de la recarga de las bater\u00edas    30 min<\/li>\n<li>A prueba de salpicaduras    S\u00ed<\/li>\n<li>Libre de ftalato    S\u00ed<\/li>\n<li>Presupuesto    Toy: 3<\/li>\n<li>Materiales    high grade silicone\n\t <\/li>\n<\/ul>\n","protected":false},"excerpt":{"rendered":"<p>ARES RECHARGEABLE PURPLE \u00a1El ARES ir\u00e1 todo el camino para tu placer! \u00a1Con su cabeza activadora del punto G y<\/p>\n","protected":false},"featured_media":7486,"comment_status":"open","ping_status":"open","template":"","meta":[],"product_cat":[315],"product_tag":[316,302],"class_list":["post-7485","product","type-product","status-publish","has-post-thumbnail","hentry","product_cat-silicona-vibradores-juguetes-xxx","product_tag-luna","product_tag-shots"],"bundled_by":[],"bundle_stock_status":"instock","bundle_stock_quantity":4,"bundle_virtual":false,"bundle_layout":"","bundle_add_to_cart_form_location":"","bundle_editable_in_cart":false,"bundle_sold_individually_context":"","bundle_item_grouping":"","bundle_min_size":"","bundle_max_size":"","bundled_items":[],"yoast_head":"<!-- This site is optimized with the Yoast SEO plugin v20.6 - https:\/\/yoast.com\/wordpress\/plugins\/seo\/ -->\n<title>ARES VIBRADOR MORADO - Tienda Er\u00f3tica<\/title>\n<meta name=\"robots\" content=\"noindex, follow, max-snippet:-1, max-image-preview:large, max-video-preview:-1\" \/>\n<meta property=\"og:locale\" content=\"es_ES\" \/>\n<meta property=\"og:type\" content=\"article\" \/>\n<meta property=\"og:title\" content=\"ARES VIBRADOR MORADO - Tienda Er\u00f3tica\" \/>\n<meta property=\"og:description\" content=\"ARES RECHARGEABLE PURPLE \u00a1El ARES ir\u00e1 todo el camino para tu placer! \u00a1Con su cabeza activadora del punto G y\" \/>\n<meta property=\"og:url\" content=\"https:\/\/demoweb.info\/sexshop001\/producto\/ares-vibrador-morado\/\" \/>\n<meta property=\"og:site_name\" content=\"Tienda Er\u00f3tica\" \/>\n<meta property=\"article:modified_time\" content=\"2022-01-22T08:29:40+00:00\" \/>\n<meta property=\"og:image\" content=\"https:\/\/demoweb.info\/sexshop001\/wp-content\/uploads\/2022\/01\/ARES-VIBRADOR-MORADO.jpg\" \/>\n\t<meta property=\"og:image:width\" content=\"550\" \/>\n\t<meta property=\"og:image:height\" content=\"550\" \/>\n\t<meta property=\"og:image:type\" content=\"image\/jpeg\" \/>\n<meta name=\"twitter:card\" content=\"summary_large_image\" \/>\n<meta name=\"twitter:label1\" content=\"Tiempo de lectura\" \/>\n\t<meta name=\"twitter:data1\" content=\"1 minuto\" \/>\n<script type=\"application\/ld+json\" class=\"yoast-schema-graph\">{\"@context\":\"https:\/\/schema.org\",\"@graph\":[{\"@type\":\"WebPage\",\"@id\":\"https:\/\/demoweb.info\/sexshop001\/producto\/ares-vibrador-morado\/\",\"url\":\"https:\/\/demoweb.info\/sexshop001\/producto\/ares-vibrador-morado\/\",\"name\":\"ARES VIBRADOR MORADO - Tienda Er\u00f3tica\",\"isPartOf\":{\"@id\":\"https:\/\/demoweb.info\/sexshop001\/#website\"},\"datePublished\":\"2022-01-22T08:29:26+00:00\",\"dateModified\":\"2022-01-22T08:29:40+00:00\",\"breadcrumb\":{\"@id\":\"https:\/\/demoweb.info\/sexshop001\/producto\/ares-vibrador-morado\/#breadcrumb\"},\"inLanguage\":\"es\",\"potentialAction\":[{\"@type\":\"ReadAction\",\"target\":[\"https:\/\/demoweb.info\/sexshop001\/producto\/ares-vibrador-morado\/\"]}]},{\"@type\":\"BreadcrumbList\",\"@id\":\"https:\/\/demoweb.info\/sexshop001\/producto\/ares-vibrador-morado\/#breadcrumb\",\"itemListElement\":[{\"@type\":\"ListItem\",\"position\":1,\"name\":\"Portada\",\"item\":\"https:\/\/demoweb.info\/sexshop001\/\"},{\"@type\":\"ListItem\",\"position\":2,\"name\":\"Tienda\",\"item\":\"https:\/\/demoweb.info\/sexshop001\/tienda\/\"},{\"@type\":\"ListItem\",\"position\":3,\"name\":\"ARES VIBRADOR MORADO\"}]},{\"@type\":\"WebSite\",\"@id\":\"https:\/\/demoweb.info\/sexshop001\/#website\",\"url\":\"https:\/\/demoweb.info\/sexshop001\/\",\"name\":\"Tienda Er\u00f3tica\",\"description\":\"DEMOWEB SL\",\"potentialAction\":[{\"@type\":\"SearchAction\",\"target\":{\"@type\":\"EntryPoint\",\"urlTemplate\":\"https:\/\/demoweb.info\/sexshop001\/?s={search_term_string}\"},\"query-input\":\"required name=search_term_string\"}],\"inLanguage\":\"es\"}]}<\/script>\n<!-- \/ Yoast SEO plugin. -->","yoast_head_json":{"title":"ARES VIBRADOR MORADO - Tienda Er\u00f3tica","robots":{"index":"noindex","follow":"follow","max-snippet":"max-snippet:-1","max-image-preview":"max-image-preview:large","max-video-preview":"max-video-preview:-1"},"og_locale":"es_ES","og_type":"article","og_title":"ARES VIBRADOR MORADO - Tienda Er\u00f3tica","og_description":"ARES RECHARGEABLE PURPLE \u00a1El ARES ir\u00e1 todo el camino para tu placer! \u00a1Con su cabeza activadora del punto G y","og_url":"https:\/\/demoweb.info\/sexshop001\/producto\/ares-vibrador-morado\/","og_site_name":"Tienda Er\u00f3tica","article_modified_time":"2022-01-22T08:29:40+00:00","og_image":[{"width":550,"height":550,"url":"https:\/\/demoweb.info\/sexshop001\/wp-content\/uploads\/2022\/01\/ARES-VIBRADOR-MORADO.jpg","type":"image\/jpeg"}],"twitter_card":"summary_large_image","twitter_misc":{"Tiempo de lectura":"1 minuto"},"schema":{"@context":"https:\/\/schema.org","@graph":[{"@type":"WebPage","@id":"https:\/\/demoweb.info\/sexshop001\/producto\/ares-vibrador-morado\/","url":"https:\/\/demoweb.info\/sexshop001\/producto\/ares-vibrador-morado\/","name":"ARES VIBRADOR MORADO - Tienda Er\u00f3tica","isPartOf":{"@id":"https:\/\/demoweb.info\/sexshop001\/#website"},"datePublished":"2022-01-22T08:29:26+00:00","dateModified":"2022-01-22T08:29:40+00:00","breadcrumb":{"@id":"https:\/\/demoweb.info\/sexshop001\/producto\/ares-vibrador-morado\/#breadcrumb"},"inLanguage":"es","potentialAction":[{"@type":"ReadAction","target":["https:\/\/demoweb.info\/sexshop001\/producto\/ares-vibrador-morado\/"]}]},{"@type":"BreadcrumbList","@id":"https:\/\/demoweb.info\/sexshop001\/producto\/ares-vibrador-morado\/#breadcrumb","itemListElement":[{"@type":"ListItem","position":1,"name":"Portada","item":"https:\/\/demoweb.info\/sexshop001\/"},{"@type":"ListItem","position":2,"name":"Tienda","item":"https:\/\/demoweb.info\/sexshop001\/tienda\/"},{"@type":"ListItem","position":3,"name":"ARES VIBRADOR MORADO"}]},{"@type":"WebSite","@id":"https:\/\/demoweb.info\/sexshop001\/#website","url":"https:\/\/demoweb.info\/sexshop001\/","name":"Tienda Er\u00f3tica","description":"DEMOWEB SL","potentialAction":[{"@type":"SearchAction","target":{"@type":"EntryPoint","urlTemplate":"https:\/\/demoweb.info\/sexshop001\/?s={search_term_string}"},"query-input":"required name=search_term_string"}],"inLanguage":"es"}]}},"_links":{"self":[{"href":"https:\/\/demoweb.info\/sexshop001\/wp-json\/wp\/v3\/product\/7485","targetHints":{"allow":["GET"]}}],"collection":[{"href":"https:\/\/demoweb.info\/sexshop001\/wp-json\/wp\/v3\/product"}],"about":[{"href":"https:\/\/demoweb.info\/sexshop001\/wp-json\/wp\/v2\/types\/product"}],"replies":[{"embeddable":true,"href":"https:\/\/demoweb.info\/sexshop001\/wp-json\/wp\/v2\/comments?post=7485"}],"wp:featuredmedia":[{"embeddable":true,"href":"https:\/\/demoweb.info\/sexshop001\/wp-json\/wp\/v2\/media\/7486"}],"wp:attachment":[{"href":"https:\/\/demoweb.info\/sexshop001\/wp-json\/wp\/v2\/media?parent=7485"}],"wp:term":[{"taxonomy":"product_cat","embeddable":true,"href":"https:\/\/demoweb.info\/sexshop001\/wp-json\/wp\/v2\/product_cat?post=7485"},{"taxonomy":"product_tag","embeddable":true,"href":"https:\/\/demoweb.info\/sexshop001\/wp-json\/wp\/v2\/product_tag?post=7485"}],"curies":[{"name":"wp","href":"https:\/\/api.w.org\/{rel}","templated":true}]}}