{"id":74737,"date":"2022-01-22T21:29:19","date_gmt":"2022-01-22T20:29:19","guid":{"rendered":"https:\/\/demoweb.info\/sexshop001\/producto\/wall-banger-plug-morado\/"},"modified":"2022-01-22T21:29:23","modified_gmt":"2022-01-22T20:29:23","slug":"wall-banger-plug-morado","status":"publish","type":"product","link":"https:\/\/demoweb.info\/sexshop001\/producto\/wall-banger-plug-morado\/","title":{"rendered":"WALL BANGER PLUG-MORADO"},"content":{"rendered":"<p><strong>WALL BANGER PLUG-MORADO<\/strong><\/p>\n<p>\u00a1El Wall Banger Plug est\u00e1 dise\u00f1ado para crear la mejor experiencia en excitantes sesiones de sexo en solitario o compartirlo con un compa\u00f1ero para una aventura sexual sublime!<\/p>\n<\/p>\n<p>Este masajeador vibratorio multifunci\u00f3n tiene un control remoto magn\u00e9tico extra\u00edble que se conecta f\u00e1cilmente a la base del enchufe para poner el control al alcance de su mano o, mejor a\u00fan, \u00a1deje que su pareja use el control remoto! \u00a1Una poderosa base de ventosa sostiene el Wall Banger Plug para alcanzar esos lugares perfectos!<\/p>\n<\/p>\n<p>\u00a1Experimenta la diversi\u00f3n y descubre un sinf\u00edn de posibilidades!<\/p>\n<p><strong>Caracter\u00edsticas<\/strong><\/p>\n<ul>\n<li>Dimensiones del producto: 12 x 6.8 cm<\/li>\n<li>Longitud total: 12 cm<\/li>\n<li>Di\u00e1metro: 3.8 cm<\/li>\n<li>Longitud insertable: 9 cm<\/li>\n<li>Vibrando: Si<\/li>\n<li>Modos de vibraci\u00f3n: 7<\/li>\n<li>Modos de velocidad: 3<\/li>\n<li>Resistencia al agua: Impermeable<\/li>\n<li>Bodysafe: Si<\/li>\n<li>Material: Silicone | ABS PlasticSilicone | ABS Plastic<\/li>\n<li>Recargable: USB rechargeable<\/li>\n<li>Bater\u00edas requeridas: CR1620<\/li>\n<li>Cantidad de la bater\u00eda: 1<\/li>\n<li>Baterias incluidas: Si<\/li>\n<li>Tiempo de carga en minutos: 60<\/li>\n<li>Tiempo de funcionamiento en minutos: 60<\/li>\n<li>Control remoto: Si<\/li>\n<\/ul>\n","protected":false},"excerpt":{"rendered":"<p>WALL BANGER PLUG-MORADO \u00a1El Wall Banger Plug est\u00e1 dise\u00f1ado para crear la mejor experiencia en excitantes sesiones de sexo en<\/p>\n","protected":false},"featured_media":74738,"comment_status":"open","ping_status":"open","template":"","meta":[],"product_cat":[295],"product_tag":[773,259],"class_list":["post-74737","product","type-product","status-publish","has-post-thumbnail","hentry","product_cat-vibradores-plugs","product_tag-3some","product_tag-pipedream"],"bundled_by":[],"bundle_stock_status":"instock","bundle_stock_quantity":5,"bundle_virtual":false,"bundle_layout":"","bundle_add_to_cart_form_location":"","bundle_editable_in_cart":false,"bundle_sold_individually_context":"","bundle_item_grouping":"","bundle_min_size":"","bundle_max_size":"","bundled_items":[],"yoast_head":"<!-- This site is optimized with the Yoast SEO plugin v20.6 - https:\/\/yoast.com\/wordpress\/plugins\/seo\/ -->\n<title>WALL BANGER PLUG-MORADO - Tienda Er\u00f3tica<\/title>\n<meta name=\"robots\" content=\"noindex, follow, max-snippet:-1, max-image-preview:large, max-video-preview:-1\" \/>\n<meta property=\"og:locale\" content=\"es_ES\" \/>\n<meta property=\"og:type\" content=\"article\" \/>\n<meta property=\"og:title\" content=\"WALL BANGER PLUG-MORADO - Tienda Er\u00f3tica\" \/>\n<meta property=\"og:description\" content=\"WALL BANGER PLUG-MORADO \u00a1El Wall Banger Plug est\u00e1 dise\u00f1ado para crear la mejor experiencia en excitantes sesiones de sexo en\" \/>\n<meta property=\"og:url\" content=\"https:\/\/demoweb.info\/sexshop001\/producto\/wall-banger-plug-morado\/\" \/>\n<meta property=\"og:site_name\" content=\"Tienda Er\u00f3tica\" \/>\n<meta property=\"article:modified_time\" content=\"2022-01-22T20:29:23+00:00\" \/>\n<meta property=\"og:image\" content=\"https:\/\/demoweb.info\/sexshop001\/wp-content\/uploads\/2022\/01\/WALL-BANGER-PLUG-MORADO.jpg\" \/>\n\t<meta property=\"og:image:width\" content=\"550\" \/>\n\t<meta property=\"og:image:height\" content=\"550\" \/>\n\t<meta property=\"og:image:type\" content=\"image\/jpeg\" \/>\n<meta name=\"twitter:card\" content=\"summary_large_image\" \/>\n<meta name=\"twitter:label1\" content=\"Tiempo de lectura\" \/>\n\t<meta name=\"twitter:data1\" content=\"1 minuto\" \/>\n<script type=\"application\/ld+json\" class=\"yoast-schema-graph\">{\"@context\":\"https:\/\/schema.org\",\"@graph\":[{\"@type\":\"WebPage\",\"@id\":\"https:\/\/demoweb.info\/sexshop001\/producto\/wall-banger-plug-morado\/\",\"url\":\"https:\/\/demoweb.info\/sexshop001\/producto\/wall-banger-plug-morado\/\",\"name\":\"WALL BANGER PLUG-MORADO - Tienda Er\u00f3tica\",\"isPartOf\":{\"@id\":\"https:\/\/demoweb.info\/sexshop001\/#website\"},\"datePublished\":\"2022-01-22T20:29:19+00:00\",\"dateModified\":\"2022-01-22T20:29:23+00:00\",\"breadcrumb\":{\"@id\":\"https:\/\/demoweb.info\/sexshop001\/producto\/wall-banger-plug-morado\/#breadcrumb\"},\"inLanguage\":\"es\",\"potentialAction\":[{\"@type\":\"ReadAction\",\"target\":[\"https:\/\/demoweb.info\/sexshop001\/producto\/wall-banger-plug-morado\/\"]}]},{\"@type\":\"BreadcrumbList\",\"@id\":\"https:\/\/demoweb.info\/sexshop001\/producto\/wall-banger-plug-morado\/#breadcrumb\",\"itemListElement\":[{\"@type\":\"ListItem\",\"position\":1,\"name\":\"Portada\",\"item\":\"https:\/\/demoweb.info\/sexshop001\/\"},{\"@type\":\"ListItem\",\"position\":2,\"name\":\"Tienda\",\"item\":\"https:\/\/demoweb.info\/sexshop001\/tienda\/\"},{\"@type\":\"ListItem\",\"position\":3,\"name\":\"WALL BANGER PLUG-MORADO\"}]},{\"@type\":\"WebSite\",\"@id\":\"https:\/\/demoweb.info\/sexshop001\/#website\",\"url\":\"https:\/\/demoweb.info\/sexshop001\/\",\"name\":\"Tienda Er\u00f3tica\",\"description\":\"DEMOWEB SL\",\"potentialAction\":[{\"@type\":\"SearchAction\",\"target\":{\"@type\":\"EntryPoint\",\"urlTemplate\":\"https:\/\/demoweb.info\/sexshop001\/?s={search_term_string}\"},\"query-input\":\"required name=search_term_string\"}],\"inLanguage\":\"es\"}]}<\/script>\n<!-- \/ Yoast SEO plugin. -->","yoast_head_json":{"title":"WALL BANGER PLUG-MORADO - Tienda Er\u00f3tica","robots":{"index":"noindex","follow":"follow","max-snippet":"max-snippet:-1","max-image-preview":"max-image-preview:large","max-video-preview":"max-video-preview:-1"},"og_locale":"es_ES","og_type":"article","og_title":"WALL BANGER PLUG-MORADO - Tienda Er\u00f3tica","og_description":"WALL BANGER PLUG-MORADO \u00a1El Wall Banger Plug est\u00e1 dise\u00f1ado para crear la mejor experiencia en excitantes sesiones de sexo en","og_url":"https:\/\/demoweb.info\/sexshop001\/producto\/wall-banger-plug-morado\/","og_site_name":"Tienda Er\u00f3tica","article_modified_time":"2022-01-22T20:29:23+00:00","og_image":[{"width":550,"height":550,"url":"https:\/\/demoweb.info\/sexshop001\/wp-content\/uploads\/2022\/01\/WALL-BANGER-PLUG-MORADO.jpg","type":"image\/jpeg"}],"twitter_card":"summary_large_image","twitter_misc":{"Tiempo de lectura":"1 minuto"},"schema":{"@context":"https:\/\/schema.org","@graph":[{"@type":"WebPage","@id":"https:\/\/demoweb.info\/sexshop001\/producto\/wall-banger-plug-morado\/","url":"https:\/\/demoweb.info\/sexshop001\/producto\/wall-banger-plug-morado\/","name":"WALL BANGER PLUG-MORADO - Tienda Er\u00f3tica","isPartOf":{"@id":"https:\/\/demoweb.info\/sexshop001\/#website"},"datePublished":"2022-01-22T20:29:19+00:00","dateModified":"2022-01-22T20:29:23+00:00","breadcrumb":{"@id":"https:\/\/demoweb.info\/sexshop001\/producto\/wall-banger-plug-morado\/#breadcrumb"},"inLanguage":"es","potentialAction":[{"@type":"ReadAction","target":["https:\/\/demoweb.info\/sexshop001\/producto\/wall-banger-plug-morado\/"]}]},{"@type":"BreadcrumbList","@id":"https:\/\/demoweb.info\/sexshop001\/producto\/wall-banger-plug-morado\/#breadcrumb","itemListElement":[{"@type":"ListItem","position":1,"name":"Portada","item":"https:\/\/demoweb.info\/sexshop001\/"},{"@type":"ListItem","position":2,"name":"Tienda","item":"https:\/\/demoweb.info\/sexshop001\/tienda\/"},{"@type":"ListItem","position":3,"name":"WALL BANGER PLUG-MORADO"}]},{"@type":"WebSite","@id":"https:\/\/demoweb.info\/sexshop001\/#website","url":"https:\/\/demoweb.info\/sexshop001\/","name":"Tienda Er\u00f3tica","description":"DEMOWEB SL","potentialAction":[{"@type":"SearchAction","target":{"@type":"EntryPoint","urlTemplate":"https:\/\/demoweb.info\/sexshop001\/?s={search_term_string}"},"query-input":"required name=search_term_string"}],"inLanguage":"es"}]}},"_links":{"self":[{"href":"https:\/\/demoweb.info\/sexshop001\/wp-json\/wp\/v3\/product\/74737","targetHints":{"allow":["GET"]}}],"collection":[{"href":"https:\/\/demoweb.info\/sexshop001\/wp-json\/wp\/v3\/product"}],"about":[{"href":"https:\/\/demoweb.info\/sexshop001\/wp-json\/wp\/v2\/types\/product"}],"replies":[{"embeddable":true,"href":"https:\/\/demoweb.info\/sexshop001\/wp-json\/wp\/v2\/comments?post=74737"}],"wp:featuredmedia":[{"embeddable":true,"href":"https:\/\/demoweb.info\/sexshop001\/wp-json\/wp\/v2\/media\/74738"}],"wp:attachment":[{"href":"https:\/\/demoweb.info\/sexshop001\/wp-json\/wp\/v2\/media?parent=74737"}],"wp:term":[{"taxonomy":"product_cat","embeddable":true,"href":"https:\/\/demoweb.info\/sexshop001\/wp-json\/wp\/v2\/product_cat?post=74737"},{"taxonomy":"product_tag","embeddable":true,"href":"https:\/\/demoweb.info\/sexshop001\/wp-json\/wp\/v2\/product_tag?post=74737"}],"curies":[{"name":"wp","href":"https:\/\/api.w.org\/{rel}","templated":true}]}}