{"id":74721,"date":"2022-01-22T21:28:47","date_gmt":"2022-01-22T20:28:47","guid":{"rendered":"https:\/\/demoweb.info\/sexshop001\/producto\/perfect-10-torso-marron\/"},"modified":"2022-01-22T21:29:10","modified_gmt":"2022-01-22T20:29:10","slug":"perfect-10-torso-marron","status":"publish","type":"product","link":"https:\/\/demoweb.info\/sexshop001\/producto\/perfect-10-torso-marron\/","title":{"rendered":"PERFECT 10 TORSO-MARR\u00d3N"},"content":{"rendered":"<p><strong>PERFECT 10 TORSO-MARR\u00d3N<\/strong><\/p>\n<p>\u00a1Eche un vistazo a su perchero perfectamente redondo y sus partes \u00edntimas perfectamente colocadas y sabr\u00e1 por qu\u00e9 la llamamos Perfect 10! El PDX Plus + Perfect 10 Torso no solo se ve incre\u00edble; \u00a1Se siente tan realista que podr\u00edas olvidar lo que est\u00e1s jodiendo! Hecha de nuestro galardonado Fanta Flesh TPE, esta f\u00f3rmula ultra premium imita el aspecto y la sensaci\u00f3n de la piel natural para lograr un realismo incre\u00edble y cl\u00edmax explosivos.<\/p>\n<\/p>\n<p>Se mueve y se sacude cuando lo aprietas, suena como algo real cuando lo golpeas y se siente como el cielo cuando te deslizas dentro de \u00e9l. Con m\u00e1s de 10.5 libras de Fanta Flesh masajeando y envolviendo cada cent\u00edmetro de tu barra de placer, esta nena tetona sabe lo que quieren los chicos y c\u00f3mo sacarte. Dale la vuelta sobre su ombligo y disfruta de un f\u00e1cil acceso a sus mejillas redondas y su trasero curvil\u00edneo &#8230;<\/p>\n<\/p>\n<p> \u00a1luego lanza esos tata a motor hasta que explotes! Desde su hermosa espalda hinchada hasta el intrincado acabado de su agujero de miel, \u00a1cada detalle ha sido cuidadosamente elaborado para brindarte la mejor experiencia realista!<\/p>\n<p><strong>Caracter\u00edsticas<\/strong><\/p>\n<ul>\n<li>Informaci\u00f3n adicional: Dise\u00f1o 3D ultrarrealista: \u00a1sin fondo plano! \u00a1Dale la vuelta y disfruta de m\u00faltiples posiciones! &bull; Elige el agujero: \u00a1Perfecto para aquellos que anhelan variedad! \u00bfPara qu\u00e9 est\u00e1s de humor? &bull; Intrincado dise\u00f1o de t\u00fanel: dise\u00f1ado profesionalmente para el m\u00e1ximo placer. \u00a1Cada agujero tiene un patr\u00f3n diferente! &bull; Acci\u00f3n delantera y trasera: \u00a1Haz su misionero, dale la vuelta y luego d\u00e1selo a su estilo perrito!<\/li>\n<li>Dimensiones del producto: 44.5 x 21.6 x 13.9 cm<\/li>\n<li>Longitud total: 44.5 cm<\/li>\n<li>Di\u00e1metro: Tunnel Diameter stretches to over 7.6 cm<\/li>\n<li>Longitud insertable: Tunnel length Anal: 12.7 cm | Tunnel length Vagina: 12.7 cm<\/li>\n<li>Bodysafe: Si<\/li>\n<li>Material: FantaFlesh TPE<\/li>\n<\/ul>\n","protected":false},"excerpt":{"rendered":"<p>PERFECT 10 TORSO-MARR\u00d3N \u00a1Eche un vistazo a su perchero perfectamente redondo y sus partes \u00edntimas perfectamente colocadas y sabr\u00e1 por<\/p>\n","protected":false},"featured_media":74722,"comment_status":"open","ping_status":"open","template":"","meta":[],"product_cat":[1135],"product_tag":[904,259],"class_list":["post-74721","product","type-product","status-publish","has-post-thumbnail","hentry","product_cat-torsos","product_tag-pdx-plus","product_tag-pipedream"],"bundled_by":[],"bundle_stock_status":"instock","bundle_stock_quantity":1,"bundle_virtual":false,"bundle_layout":"","bundle_add_to_cart_form_location":"","bundle_editable_in_cart":false,"bundle_sold_individually_context":"","bundle_item_grouping":"","bundle_min_size":"","bundle_max_size":"","bundled_items":[],"yoast_head":"<!-- This site is optimized with the Yoast SEO plugin v20.6 - https:\/\/yoast.com\/wordpress\/plugins\/seo\/ -->\n<title>PERFECT 10 TORSO-MARR\u00d3N - Tienda Er\u00f3tica<\/title>\n<meta name=\"robots\" content=\"noindex, follow, max-snippet:-1, max-image-preview:large, max-video-preview:-1\" \/>\n<meta property=\"og:locale\" content=\"es_ES\" \/>\n<meta property=\"og:type\" content=\"article\" \/>\n<meta property=\"og:title\" content=\"PERFECT 10 TORSO-MARR\u00d3N - Tienda Er\u00f3tica\" \/>\n<meta property=\"og:description\" content=\"PERFECT 10 TORSO-MARR\u00d3N \u00a1Eche un vistazo a su perchero perfectamente redondo y sus partes \u00edntimas perfectamente colocadas y sabr\u00e1 por\" \/>\n<meta property=\"og:url\" content=\"https:\/\/demoweb.info\/sexshop001\/producto\/perfect-10-torso-marron\/\" \/>\n<meta property=\"og:site_name\" content=\"Tienda Er\u00f3tica\" \/>\n<meta property=\"article:modified_time\" content=\"2022-01-22T20:29:10+00:00\" \/>\n<meta property=\"og:image\" content=\"https:\/\/demoweb.info\/sexshop001\/wp-content\/uploads\/2022\/01\/PERFECT-10-TORSO-MARRON.jpg\" \/>\n\t<meta property=\"og:image:width\" content=\"550\" \/>\n\t<meta property=\"og:image:height\" content=\"550\" \/>\n\t<meta property=\"og:image:type\" content=\"image\/jpeg\" \/>\n<meta name=\"twitter:card\" content=\"summary_large_image\" \/>\n<meta name=\"twitter:label1\" content=\"Tiempo de lectura\" \/>\n\t<meta name=\"twitter:data1\" content=\"2 minutos\" \/>\n<script type=\"application\/ld+json\" class=\"yoast-schema-graph\">{\"@context\":\"https:\/\/schema.org\",\"@graph\":[{\"@type\":\"WebPage\",\"@id\":\"https:\/\/demoweb.info\/sexshop001\/producto\/perfect-10-torso-marron\/\",\"url\":\"https:\/\/demoweb.info\/sexshop001\/producto\/perfect-10-torso-marron\/\",\"name\":\"PERFECT 10 TORSO-MARR\u00d3N - Tienda Er\u00f3tica\",\"isPartOf\":{\"@id\":\"https:\/\/demoweb.info\/sexshop001\/#website\"},\"datePublished\":\"2022-01-22T20:28:47+00:00\",\"dateModified\":\"2022-01-22T20:29:10+00:00\",\"breadcrumb\":{\"@id\":\"https:\/\/demoweb.info\/sexshop001\/producto\/perfect-10-torso-marron\/#breadcrumb\"},\"inLanguage\":\"es\",\"potentialAction\":[{\"@type\":\"ReadAction\",\"target\":[\"https:\/\/demoweb.info\/sexshop001\/producto\/perfect-10-torso-marron\/\"]}]},{\"@type\":\"BreadcrumbList\",\"@id\":\"https:\/\/demoweb.info\/sexshop001\/producto\/perfect-10-torso-marron\/#breadcrumb\",\"itemListElement\":[{\"@type\":\"ListItem\",\"position\":1,\"name\":\"Portada\",\"item\":\"https:\/\/demoweb.info\/sexshop001\/\"},{\"@type\":\"ListItem\",\"position\":2,\"name\":\"Tienda\",\"item\":\"https:\/\/demoweb.info\/sexshop001\/tienda\/\"},{\"@type\":\"ListItem\",\"position\":3,\"name\":\"PERFECT 10 TORSO-MARR\u00d3N\"}]},{\"@type\":\"WebSite\",\"@id\":\"https:\/\/demoweb.info\/sexshop001\/#website\",\"url\":\"https:\/\/demoweb.info\/sexshop001\/\",\"name\":\"Tienda Er\u00f3tica\",\"description\":\"DEMOWEB SL\",\"potentialAction\":[{\"@type\":\"SearchAction\",\"target\":{\"@type\":\"EntryPoint\",\"urlTemplate\":\"https:\/\/demoweb.info\/sexshop001\/?s={search_term_string}\"},\"query-input\":\"required name=search_term_string\"}],\"inLanguage\":\"es\"}]}<\/script>\n<!-- \/ Yoast SEO plugin. -->","yoast_head_json":{"title":"PERFECT 10 TORSO-MARR\u00d3N - Tienda Er\u00f3tica","robots":{"index":"noindex","follow":"follow","max-snippet":"max-snippet:-1","max-image-preview":"max-image-preview:large","max-video-preview":"max-video-preview:-1"},"og_locale":"es_ES","og_type":"article","og_title":"PERFECT 10 TORSO-MARR\u00d3N - Tienda Er\u00f3tica","og_description":"PERFECT 10 TORSO-MARR\u00d3N \u00a1Eche un vistazo a su perchero perfectamente redondo y sus partes \u00edntimas perfectamente colocadas y sabr\u00e1 por","og_url":"https:\/\/demoweb.info\/sexshop001\/producto\/perfect-10-torso-marron\/","og_site_name":"Tienda Er\u00f3tica","article_modified_time":"2022-01-22T20:29:10+00:00","og_image":[{"width":550,"height":550,"url":"https:\/\/demoweb.info\/sexshop001\/wp-content\/uploads\/2022\/01\/PERFECT-10-TORSO-MARRON.jpg","type":"image\/jpeg"}],"twitter_card":"summary_large_image","twitter_misc":{"Tiempo de lectura":"2 minutos"},"schema":{"@context":"https:\/\/schema.org","@graph":[{"@type":"WebPage","@id":"https:\/\/demoweb.info\/sexshop001\/producto\/perfect-10-torso-marron\/","url":"https:\/\/demoweb.info\/sexshop001\/producto\/perfect-10-torso-marron\/","name":"PERFECT 10 TORSO-MARR\u00d3N - Tienda Er\u00f3tica","isPartOf":{"@id":"https:\/\/demoweb.info\/sexshop001\/#website"},"datePublished":"2022-01-22T20:28:47+00:00","dateModified":"2022-01-22T20:29:10+00:00","breadcrumb":{"@id":"https:\/\/demoweb.info\/sexshop001\/producto\/perfect-10-torso-marron\/#breadcrumb"},"inLanguage":"es","potentialAction":[{"@type":"ReadAction","target":["https:\/\/demoweb.info\/sexshop001\/producto\/perfect-10-torso-marron\/"]}]},{"@type":"BreadcrumbList","@id":"https:\/\/demoweb.info\/sexshop001\/producto\/perfect-10-torso-marron\/#breadcrumb","itemListElement":[{"@type":"ListItem","position":1,"name":"Portada","item":"https:\/\/demoweb.info\/sexshop001\/"},{"@type":"ListItem","position":2,"name":"Tienda","item":"https:\/\/demoweb.info\/sexshop001\/tienda\/"},{"@type":"ListItem","position":3,"name":"PERFECT 10 TORSO-MARR\u00d3N"}]},{"@type":"WebSite","@id":"https:\/\/demoweb.info\/sexshop001\/#website","url":"https:\/\/demoweb.info\/sexshop001\/","name":"Tienda Er\u00f3tica","description":"DEMOWEB SL","potentialAction":[{"@type":"SearchAction","target":{"@type":"EntryPoint","urlTemplate":"https:\/\/demoweb.info\/sexshop001\/?s={search_term_string}"},"query-input":"required name=search_term_string"}],"inLanguage":"es"}]}},"_links":{"self":[{"href":"https:\/\/demoweb.info\/sexshop001\/wp-json\/wp\/v3\/product\/74721","targetHints":{"allow":["GET"]}}],"collection":[{"href":"https:\/\/demoweb.info\/sexshop001\/wp-json\/wp\/v3\/product"}],"about":[{"href":"https:\/\/demoweb.info\/sexshop001\/wp-json\/wp\/v2\/types\/product"}],"replies":[{"embeddable":true,"href":"https:\/\/demoweb.info\/sexshop001\/wp-json\/wp\/v2\/comments?post=74721"}],"wp:featuredmedia":[{"embeddable":true,"href":"https:\/\/demoweb.info\/sexshop001\/wp-json\/wp\/v2\/media\/74722"}],"wp:attachment":[{"href":"https:\/\/demoweb.info\/sexshop001\/wp-json\/wp\/v2\/media?parent=74721"}],"wp:term":[{"taxonomy":"product_cat","embeddable":true,"href":"https:\/\/demoweb.info\/sexshop001\/wp-json\/wp\/v2\/product_cat?post=74721"},{"taxonomy":"product_tag","embeddable":true,"href":"https:\/\/demoweb.info\/sexshop001\/wp-json\/wp\/v2\/product_tag?post=74721"}],"curies":[{"name":"wp","href":"https:\/\/api.w.org\/{rel}","templated":true}]}}