{"id":74705,"date":"2022-01-22T21:28:47","date_gmt":"2022-01-22T20:28:47","guid":{"rendered":"https:\/\/demoweb.info\/sexshop001\/producto\/perfect-ass-masturbator\/"},"modified":"2022-01-22T21:28:58","modified_gmt":"2022-01-22T20:28:58","slug":"perfect-ass-masturbator","status":"publish","type":"product","link":"https:\/\/demoweb.info\/sexshop001\/producto\/perfect-ass-masturbator\/","title":{"rendered":"PERFECT ASS MASTURBATOR"},"content":{"rendered":"<p><strong>PERFECT ASS MASTURBATOR<\/strong><\/p>\n<p>\u00a1Es hora de cumplir todas tus fantas\u00edas sexuales con nuestro Perfect Ass Masturbator! Cada cent\u00edmetro de su suave y flexible bot\u00edn de Fanta Flesh fue hecho para que lo disfrutes. Sus grandes nalgas redondas son perfectas para apretar y masajear, mientras que sus dos agujeros apretados est\u00e1n llenos de protuberancias de placer que fueron dise\u00f1adas para masajear cada cent\u00edmetro de tu eje. Cada hoyo presenta un patr\u00f3n diferente para brindarle la experiencia realista que ha estado anhelando.<\/p>\n<p><strong>Caracter\u00edsticas<\/strong><\/p>\n<ul>\n<li>Informaci\u00f3n adicional: Elige tu agujero: Elige tu agujero: \u00a1perfecto para aquellos que anhelan variedad! \u00bfPara qu\u00e9 est\u00e1s de humor? &bull; Intrincado dise\u00f1o de t\u00fanel: dise\u00f1ado profesionalmente para el m\u00e1ximo placer. \u00a1Cada agujero tiene un patr\u00f3n diferente! &bull; Perfect Ass Cheeks: \u00a1Las nalgas grandes y redondas son perfectas para apretar, azotar y otros juegos previos!<\/li>\n<li>Dimensiones del producto: 19.1 x 28.6 cm<\/li>\n<li>Longitud total: 19.1 cm<\/li>\n<li>Di\u00e1metro: Tunnel Diameter stretches to over 7.6 cm<\/li>\n<li>Longitud insertable: Tunnel length Anal: 12.7 cm | Tunnel length Vagina: 12.7 cm<\/li>\n<li>Bodysafe: Si<\/li>\n<li>Material: FantaFlesh TPR<\/li>\n<\/ul>\n","protected":false},"excerpt":{"rendered":"<p>PERFECT ASS MASTURBATOR \u00a1Es hora de cumplir todas tus fantas\u00edas sexuales con nuestro Perfect Ass Masturbator! Cada cent\u00edmetro de su<\/p>\n","protected":false},"featured_media":74706,"comment_status":"open","ping_status":"open","template":"","meta":[],"product_cat":[560],"product_tag":[904,259],"class_list":["post-74705","product","type-product","status-publish","has-post-thumbnail","hentry","product_cat-vaginas-y-anos","product_tag-pdx-plus","product_tag-pipedream"],"bundled_by":[],"bundle_stock_status":"instock","bundle_stock_quantity":2,"bundle_virtual":false,"bundle_layout":"","bundle_add_to_cart_form_location":"","bundle_editable_in_cart":false,"bundle_sold_individually_context":"","bundle_item_grouping":"","bundle_min_size":"","bundle_max_size":"","bundled_items":[],"yoast_head":"<!-- This site is optimized with the Yoast SEO plugin v20.6 - https:\/\/yoast.com\/wordpress\/plugins\/seo\/ -->\n<title>PERFECT ASS MASTURBATOR - Tienda Er\u00f3tica<\/title>\n<meta name=\"robots\" content=\"noindex, follow, max-snippet:-1, max-image-preview:large, max-video-preview:-1\" \/>\n<meta property=\"og:locale\" content=\"es_ES\" \/>\n<meta property=\"og:type\" content=\"article\" \/>\n<meta property=\"og:title\" content=\"PERFECT ASS MASTURBATOR - Tienda Er\u00f3tica\" \/>\n<meta property=\"og:description\" content=\"PERFECT ASS MASTURBATOR \u00a1Es hora de cumplir todas tus fantas\u00edas sexuales con nuestro Perfect Ass Masturbator! Cada cent\u00edmetro de su\" \/>\n<meta property=\"og:url\" content=\"https:\/\/demoweb.info\/sexshop001\/producto\/perfect-ass-masturbator\/\" \/>\n<meta property=\"og:site_name\" content=\"Tienda Er\u00f3tica\" \/>\n<meta property=\"article:modified_time\" content=\"2022-01-22T20:28:58+00:00\" \/>\n<meta property=\"og:image\" content=\"https:\/\/demoweb.info\/sexshop001\/wp-content\/uploads\/2022\/01\/PERFECT-ASS-MASTURBATOR.jpg\" \/>\n\t<meta property=\"og:image:width\" content=\"550\" \/>\n\t<meta property=\"og:image:height\" content=\"550\" \/>\n\t<meta property=\"og:image:type\" content=\"image\/jpeg\" \/>\n<meta name=\"twitter:card\" content=\"summary_large_image\" \/>\n<meta name=\"twitter:label1\" content=\"Tiempo de lectura\" \/>\n\t<meta name=\"twitter:data1\" content=\"1 minuto\" \/>\n<script type=\"application\/ld+json\" class=\"yoast-schema-graph\">{\"@context\":\"https:\/\/schema.org\",\"@graph\":[{\"@type\":\"WebPage\",\"@id\":\"https:\/\/demoweb.info\/sexshop001\/producto\/perfect-ass-masturbator\/\",\"url\":\"https:\/\/demoweb.info\/sexshop001\/producto\/perfect-ass-masturbator\/\",\"name\":\"PERFECT ASS MASTURBATOR - Tienda Er\u00f3tica\",\"isPartOf\":{\"@id\":\"https:\/\/demoweb.info\/sexshop001\/#website\"},\"datePublished\":\"2022-01-22T20:28:47+00:00\",\"dateModified\":\"2022-01-22T20:28:58+00:00\",\"breadcrumb\":{\"@id\":\"https:\/\/demoweb.info\/sexshop001\/producto\/perfect-ass-masturbator\/#breadcrumb\"},\"inLanguage\":\"es\",\"potentialAction\":[{\"@type\":\"ReadAction\",\"target\":[\"https:\/\/demoweb.info\/sexshop001\/producto\/perfect-ass-masturbator\/\"]}]},{\"@type\":\"BreadcrumbList\",\"@id\":\"https:\/\/demoweb.info\/sexshop001\/producto\/perfect-ass-masturbator\/#breadcrumb\",\"itemListElement\":[{\"@type\":\"ListItem\",\"position\":1,\"name\":\"Portada\",\"item\":\"https:\/\/demoweb.info\/sexshop001\/\"},{\"@type\":\"ListItem\",\"position\":2,\"name\":\"Tienda\",\"item\":\"https:\/\/demoweb.info\/sexshop001\/tienda\/\"},{\"@type\":\"ListItem\",\"position\":3,\"name\":\"PERFECT ASS MASTURBATOR\"}]},{\"@type\":\"WebSite\",\"@id\":\"https:\/\/demoweb.info\/sexshop001\/#website\",\"url\":\"https:\/\/demoweb.info\/sexshop001\/\",\"name\":\"Tienda Er\u00f3tica\",\"description\":\"DEMOWEB SL\",\"potentialAction\":[{\"@type\":\"SearchAction\",\"target\":{\"@type\":\"EntryPoint\",\"urlTemplate\":\"https:\/\/demoweb.info\/sexshop001\/?s={search_term_string}\"},\"query-input\":\"required name=search_term_string\"}],\"inLanguage\":\"es\"}]}<\/script>\n<!-- \/ Yoast SEO plugin. -->","yoast_head_json":{"title":"PERFECT ASS MASTURBATOR - Tienda Er\u00f3tica","robots":{"index":"noindex","follow":"follow","max-snippet":"max-snippet:-1","max-image-preview":"max-image-preview:large","max-video-preview":"max-video-preview:-1"},"og_locale":"es_ES","og_type":"article","og_title":"PERFECT ASS MASTURBATOR - Tienda Er\u00f3tica","og_description":"PERFECT ASS MASTURBATOR \u00a1Es hora de cumplir todas tus fantas\u00edas sexuales con nuestro Perfect Ass Masturbator! Cada cent\u00edmetro de su","og_url":"https:\/\/demoweb.info\/sexshop001\/producto\/perfect-ass-masturbator\/","og_site_name":"Tienda Er\u00f3tica","article_modified_time":"2022-01-22T20:28:58+00:00","og_image":[{"width":550,"height":550,"url":"https:\/\/demoweb.info\/sexshop001\/wp-content\/uploads\/2022\/01\/PERFECT-ASS-MASTURBATOR.jpg","type":"image\/jpeg"}],"twitter_card":"summary_large_image","twitter_misc":{"Tiempo de lectura":"1 minuto"},"schema":{"@context":"https:\/\/schema.org","@graph":[{"@type":"WebPage","@id":"https:\/\/demoweb.info\/sexshop001\/producto\/perfect-ass-masturbator\/","url":"https:\/\/demoweb.info\/sexshop001\/producto\/perfect-ass-masturbator\/","name":"PERFECT ASS MASTURBATOR - Tienda Er\u00f3tica","isPartOf":{"@id":"https:\/\/demoweb.info\/sexshop001\/#website"},"datePublished":"2022-01-22T20:28:47+00:00","dateModified":"2022-01-22T20:28:58+00:00","breadcrumb":{"@id":"https:\/\/demoweb.info\/sexshop001\/producto\/perfect-ass-masturbator\/#breadcrumb"},"inLanguage":"es","potentialAction":[{"@type":"ReadAction","target":["https:\/\/demoweb.info\/sexshop001\/producto\/perfect-ass-masturbator\/"]}]},{"@type":"BreadcrumbList","@id":"https:\/\/demoweb.info\/sexshop001\/producto\/perfect-ass-masturbator\/#breadcrumb","itemListElement":[{"@type":"ListItem","position":1,"name":"Portada","item":"https:\/\/demoweb.info\/sexshop001\/"},{"@type":"ListItem","position":2,"name":"Tienda","item":"https:\/\/demoweb.info\/sexshop001\/tienda\/"},{"@type":"ListItem","position":3,"name":"PERFECT ASS MASTURBATOR"}]},{"@type":"WebSite","@id":"https:\/\/demoweb.info\/sexshop001\/#website","url":"https:\/\/demoweb.info\/sexshop001\/","name":"Tienda Er\u00f3tica","description":"DEMOWEB SL","potentialAction":[{"@type":"SearchAction","target":{"@type":"EntryPoint","urlTemplate":"https:\/\/demoweb.info\/sexshop001\/?s={search_term_string}"},"query-input":"required name=search_term_string"}],"inLanguage":"es"}]}},"_links":{"self":[{"href":"https:\/\/demoweb.info\/sexshop001\/wp-json\/wp\/v3\/product\/74705","targetHints":{"allow":["GET"]}}],"collection":[{"href":"https:\/\/demoweb.info\/sexshop001\/wp-json\/wp\/v3\/product"}],"about":[{"href":"https:\/\/demoweb.info\/sexshop001\/wp-json\/wp\/v2\/types\/product"}],"replies":[{"embeddable":true,"href":"https:\/\/demoweb.info\/sexshop001\/wp-json\/wp\/v2\/comments?post=74705"}],"wp:featuredmedia":[{"embeddable":true,"href":"https:\/\/demoweb.info\/sexshop001\/wp-json\/wp\/v2\/media\/74706"}],"wp:attachment":[{"href":"https:\/\/demoweb.info\/sexshop001\/wp-json\/wp\/v2\/media?parent=74705"}],"wp:term":[{"taxonomy":"product_cat","embeddable":true,"href":"https:\/\/demoweb.info\/sexshop001\/wp-json\/wp\/v2\/product_cat?post=74705"},{"taxonomy":"product_tag","embeddable":true,"href":"https:\/\/demoweb.info\/sexshop001\/wp-json\/wp\/v2\/product_tag?post=74705"}],"curies":[{"name":"wp","href":"https:\/\/api.w.org\/{rel}","templated":true}]}}