{"id":74695,"date":"2022-01-22T21:28:47","date_gmt":"2022-01-22T20:28:47","guid":{"rendered":"https:\/\/demoweb.info\/sexshop001\/producto\/pick-your-pleasure-stroker\/"},"modified":"2022-01-22T21:28:50","modified_gmt":"2022-01-22T20:28:50","slug":"pick-your-pleasure-stroker","status":"publish","type":"product","link":"https:\/\/demoweb.info\/sexshop001\/producto\/pick-your-pleasure-stroker\/","title":{"rendered":"PICK YOUR PLEASURE STROKER"},"content":{"rendered":"<p><strong>PICK YOUR PLEASURE STROKER <\/strong><\/p>\n<p>\u00a1Elige tu agujero y da vida a tus fantas\u00edas m\u00e1s calientes con el ultrarrealista Pick Your Pleasure Stroker! Cada pieza presenta una textura de piel s\u00faper detallada y dos orificios diferentes para la penetraci\u00f3n. Ya sea que anheles el co\u00f1o o el culo, \u00a1este stroker lo tiene cubierto! \u00a1Tambi\u00e9n cuenta con un intrincado t\u00fanel interior forrado con protuberancias de placer que sacudir\u00e1n tu mundo! Fabricado con nuestro exclusivo material Fanta Flesh, el Pick Your Pleasure Stroker se ve y se siente como si fuera real.<\/p>\n<p><strong>Caracter\u00edsticas<\/strong><\/p>\n<ul>\n<li>Informaci\u00f3n adicional: Choose Your Hole: \u00a1Perfecto para aquellos que anhelan variedad! \u00bfPara qu\u00e9 est\u00e1s de humor? &bull; Intrincado dise\u00f1o de t\u00fanel: dise\u00f1ado para brindarle el m\u00e1ximo placer. &bull; Textura de piel realista: \u00a1Los detalles s\u00faper finos hacen que se vea y se sienta como algo real!<\/li>\n<li>Dimensiones del producto: 16.5 x 9.7 cm<\/li>\n<li>Longitud total: 16.5 cm<\/li>\n<li>Di\u00e1metro: Tunnel Diameter stretches to over 7.6 cm<\/li>\n<li>Longitud insertable: Tunnel length Anal: 12.7 cm | Tunnel length Vagina: 12.7 cm<\/li>\n<li>Bodysafe: Si<\/li>\n<li>Material: FantaFlesh TPR<\/li>\n<\/ul>\n","protected":false},"excerpt":{"rendered":"<p>PICK YOUR PLEASURE STROKER \u00a1Elige tu agujero y da vida a tus fantas\u00edas m\u00e1s calientes con el ultrarrealista Pick Your<\/p>\n","protected":false},"featured_media":74696,"comment_status":"open","ping_status":"open","template":"","meta":[],"product_cat":[687],"product_tag":[904,259],"class_list":["post-74695","product","type-product","status-publish","has-post-thumbnail","hentry","product_cat-dobles-masturbadores","product_tag-pdx-plus","product_tag-pipedream"],"bundled_by":[],"bundle_stock_status":"instock","bundle_stock_quantity":4,"bundle_virtual":false,"bundle_layout":"","bundle_add_to_cart_form_location":"","bundle_editable_in_cart":false,"bundle_sold_individually_context":"","bundle_item_grouping":"","bundle_min_size":"","bundle_max_size":"","bundled_items":[],"yoast_head":"<!-- This site is optimized with the Yoast SEO plugin v20.6 - https:\/\/yoast.com\/wordpress\/plugins\/seo\/ -->\n<title>PICK YOUR PLEASURE STROKER - Tienda Er\u00f3tica<\/title>\n<meta name=\"robots\" content=\"noindex, follow, max-snippet:-1, max-image-preview:large, max-video-preview:-1\" \/>\n<meta property=\"og:locale\" content=\"es_ES\" \/>\n<meta property=\"og:type\" content=\"article\" \/>\n<meta property=\"og:title\" content=\"PICK YOUR PLEASURE STROKER - Tienda Er\u00f3tica\" \/>\n<meta property=\"og:description\" content=\"PICK YOUR PLEASURE STROKER \u00a1Elige tu agujero y da vida a tus fantas\u00edas m\u00e1s calientes con el ultrarrealista Pick Your\" \/>\n<meta property=\"og:url\" content=\"https:\/\/demoweb.info\/sexshop001\/producto\/pick-your-pleasure-stroker\/\" \/>\n<meta property=\"og:site_name\" content=\"Tienda Er\u00f3tica\" \/>\n<meta property=\"article:modified_time\" content=\"2022-01-22T20:28:50+00:00\" \/>\n<meta property=\"og:image\" content=\"https:\/\/demoweb.info\/sexshop001\/wp-content\/uploads\/2022\/01\/PICK-YOUR-PLEASURE-STROKER.jpg\" \/>\n\t<meta property=\"og:image:width\" content=\"550\" \/>\n\t<meta property=\"og:image:height\" content=\"550\" \/>\n\t<meta property=\"og:image:type\" content=\"image\/jpeg\" \/>\n<meta name=\"twitter:card\" content=\"summary_large_image\" \/>\n<meta name=\"twitter:label1\" content=\"Tiempo de lectura\" \/>\n\t<meta name=\"twitter:data1\" content=\"1 minuto\" \/>\n<script type=\"application\/ld+json\" class=\"yoast-schema-graph\">{\"@context\":\"https:\/\/schema.org\",\"@graph\":[{\"@type\":\"WebPage\",\"@id\":\"https:\/\/demoweb.info\/sexshop001\/producto\/pick-your-pleasure-stroker\/\",\"url\":\"https:\/\/demoweb.info\/sexshop001\/producto\/pick-your-pleasure-stroker\/\",\"name\":\"PICK YOUR PLEASURE STROKER - Tienda Er\u00f3tica\",\"isPartOf\":{\"@id\":\"https:\/\/demoweb.info\/sexshop001\/#website\"},\"datePublished\":\"2022-01-22T20:28:47+00:00\",\"dateModified\":\"2022-01-22T20:28:50+00:00\",\"breadcrumb\":{\"@id\":\"https:\/\/demoweb.info\/sexshop001\/producto\/pick-your-pleasure-stroker\/#breadcrumb\"},\"inLanguage\":\"es\",\"potentialAction\":[{\"@type\":\"ReadAction\",\"target\":[\"https:\/\/demoweb.info\/sexshop001\/producto\/pick-your-pleasure-stroker\/\"]}]},{\"@type\":\"BreadcrumbList\",\"@id\":\"https:\/\/demoweb.info\/sexshop001\/producto\/pick-your-pleasure-stroker\/#breadcrumb\",\"itemListElement\":[{\"@type\":\"ListItem\",\"position\":1,\"name\":\"Portada\",\"item\":\"https:\/\/demoweb.info\/sexshop001\/\"},{\"@type\":\"ListItem\",\"position\":2,\"name\":\"Tienda\",\"item\":\"https:\/\/demoweb.info\/sexshop001\/tienda\/\"},{\"@type\":\"ListItem\",\"position\":3,\"name\":\"PICK YOUR PLEASURE STROKER\"}]},{\"@type\":\"WebSite\",\"@id\":\"https:\/\/demoweb.info\/sexshop001\/#website\",\"url\":\"https:\/\/demoweb.info\/sexshop001\/\",\"name\":\"Tienda Er\u00f3tica\",\"description\":\"DEMOWEB SL\",\"potentialAction\":[{\"@type\":\"SearchAction\",\"target\":{\"@type\":\"EntryPoint\",\"urlTemplate\":\"https:\/\/demoweb.info\/sexshop001\/?s={search_term_string}\"},\"query-input\":\"required name=search_term_string\"}],\"inLanguage\":\"es\"}]}<\/script>\n<!-- \/ Yoast SEO plugin. -->","yoast_head_json":{"title":"PICK YOUR PLEASURE STROKER - Tienda Er\u00f3tica","robots":{"index":"noindex","follow":"follow","max-snippet":"max-snippet:-1","max-image-preview":"max-image-preview:large","max-video-preview":"max-video-preview:-1"},"og_locale":"es_ES","og_type":"article","og_title":"PICK YOUR PLEASURE STROKER - Tienda Er\u00f3tica","og_description":"PICK YOUR PLEASURE STROKER \u00a1Elige tu agujero y da vida a tus fantas\u00edas m\u00e1s calientes con el ultrarrealista Pick Your","og_url":"https:\/\/demoweb.info\/sexshop001\/producto\/pick-your-pleasure-stroker\/","og_site_name":"Tienda Er\u00f3tica","article_modified_time":"2022-01-22T20:28:50+00:00","og_image":[{"width":550,"height":550,"url":"https:\/\/demoweb.info\/sexshop001\/wp-content\/uploads\/2022\/01\/PICK-YOUR-PLEASURE-STROKER.jpg","type":"image\/jpeg"}],"twitter_card":"summary_large_image","twitter_misc":{"Tiempo de lectura":"1 minuto"},"schema":{"@context":"https:\/\/schema.org","@graph":[{"@type":"WebPage","@id":"https:\/\/demoweb.info\/sexshop001\/producto\/pick-your-pleasure-stroker\/","url":"https:\/\/demoweb.info\/sexshop001\/producto\/pick-your-pleasure-stroker\/","name":"PICK YOUR PLEASURE STROKER - Tienda Er\u00f3tica","isPartOf":{"@id":"https:\/\/demoweb.info\/sexshop001\/#website"},"datePublished":"2022-01-22T20:28:47+00:00","dateModified":"2022-01-22T20:28:50+00:00","breadcrumb":{"@id":"https:\/\/demoweb.info\/sexshop001\/producto\/pick-your-pleasure-stroker\/#breadcrumb"},"inLanguage":"es","potentialAction":[{"@type":"ReadAction","target":["https:\/\/demoweb.info\/sexshop001\/producto\/pick-your-pleasure-stroker\/"]}]},{"@type":"BreadcrumbList","@id":"https:\/\/demoweb.info\/sexshop001\/producto\/pick-your-pleasure-stroker\/#breadcrumb","itemListElement":[{"@type":"ListItem","position":1,"name":"Portada","item":"https:\/\/demoweb.info\/sexshop001\/"},{"@type":"ListItem","position":2,"name":"Tienda","item":"https:\/\/demoweb.info\/sexshop001\/tienda\/"},{"@type":"ListItem","position":3,"name":"PICK YOUR PLEASURE STROKER"}]},{"@type":"WebSite","@id":"https:\/\/demoweb.info\/sexshop001\/#website","url":"https:\/\/demoweb.info\/sexshop001\/","name":"Tienda Er\u00f3tica","description":"DEMOWEB SL","potentialAction":[{"@type":"SearchAction","target":{"@type":"EntryPoint","urlTemplate":"https:\/\/demoweb.info\/sexshop001\/?s={search_term_string}"},"query-input":"required name=search_term_string"}],"inLanguage":"es"}]}},"_links":{"self":[{"href":"https:\/\/demoweb.info\/sexshop001\/wp-json\/wp\/v3\/product\/74695","targetHints":{"allow":["GET"]}}],"collection":[{"href":"https:\/\/demoweb.info\/sexshop001\/wp-json\/wp\/v3\/product"}],"about":[{"href":"https:\/\/demoweb.info\/sexshop001\/wp-json\/wp\/v2\/types\/product"}],"replies":[{"embeddable":true,"href":"https:\/\/demoweb.info\/sexshop001\/wp-json\/wp\/v2\/comments?post=74695"}],"wp:featuredmedia":[{"embeddable":true,"href":"https:\/\/demoweb.info\/sexshop001\/wp-json\/wp\/v2\/media\/74696"}],"wp:attachment":[{"href":"https:\/\/demoweb.info\/sexshop001\/wp-json\/wp\/v2\/media?parent=74695"}],"wp:term":[{"taxonomy":"product_cat","embeddable":true,"href":"https:\/\/demoweb.info\/sexshop001\/wp-json\/wp\/v2\/product_cat?post=74695"},{"taxonomy":"product_tag","embeddable":true,"href":"https:\/\/demoweb.info\/sexshop001\/wp-json\/wp\/v2\/product_tag?post=74695"}],"curies":[{"name":"wp","href":"https:\/\/api.w.org\/{rel}","templated":true}]}}