{"id":74658,"date":"2022-01-22T21:28:15","date_gmt":"2022-01-22T20:28:15","guid":{"rendered":"https:\/\/demoweb.info\/sexshop001\/producto\/wall-banger-2-0-rosa\/"},"modified":"2022-01-22T21:28:22","modified_gmt":"2022-01-22T20:28:22","slug":"wall-banger-2-0-rosa","status":"publish","type":"product","link":"https:\/\/demoweb.info\/sexshop001\/producto\/wall-banger-2-0-rosa\/","title":{"rendered":"WALL BANGER 2.0-ROSA"},"content":{"rendered":"<p><strong>WALL BANGER 2.0-ROSA<\/strong><\/p>\n<p>Del\u00e9itese con los placeres simples de un cl\u00e1sico! Con diez funciones de vibraci\u00f3n, una potente base de ventosa y un dise\u00f1o realista y resistente, \u00a1hay mucho que amar de este Classix Silicone Wall Banger!<\/p>\n<\/p>\n<p>El bot\u00f3n inferior enciende el potente motor y el bot\u00f3n superior recorre diez funciones de placer intenso, mientras que el incre\u00edble agarre de la base de la ventosa mantiene el consolador en su lugar de forma segura, proporcionando una estimulaci\u00f3n emocionante justo donde lo desea.<\/p>\n<\/p>\n<p>Pegue el consolador al piso, la pared, el poste de la cama o casi cualquier superficie plana para disfrutar de la satisfacci\u00f3n de golpear la pared con cada empuje apasionado. Y el Classix Silicone Wall Banger es convenientemente impermeable. Pru\u00e9belo en el spa o en la ducha y convierta la hora del ba\u00f1o en un momento de placer.<\/p>\n<p><strong>Caracter\u00edsticas<\/strong><\/p>\n<ul>\n<li>Longitud total: 19.5 cm<\/li>\n<li>Di\u00e1metro: 3.2 cm<\/li>\n<li>Longitud insertable: 15.2 cm<\/li>\n<li>Vibrando: Si<\/li>\n<li>Modos de vibraci\u00f3n: 8<\/li>\n<li>Resistencia al agua: Impermeable<\/li>\n<li>Bodysafe: Si<\/li>\n<li>Material: Silicone | ABS Plastic<\/li>\n<li>Bater\u00edas requeridas: AA<\/li>\n<li>Cantidad de la bater\u00eda: 2<\/li>\n<li>Baterias incluidas: No<\/li>\n<\/ul>\n","protected":false},"excerpt":{"rendered":"<p>WALL BANGER 2.0-ROSA Del\u00e9itese con los placeres simples de un cl\u00e1sico! Con diez funciones de vibraci\u00f3n, una potente base de<\/p>\n","protected":false},"featured_media":74659,"comment_status":"open","ping_status":"open","template":"","meta":[],"product_cat":[317],"product_tag":[477,259],"class_list":["post-74658","product","type-product","status-publish","has-post-thumbnail","hentry","product_cat-con-vibrador","product_tag-classix","product_tag-pipedream"],"bundled_by":[],"bundle_stock_status":"instock","bundle_stock_quantity":1,"bundle_virtual":false,"bundle_layout":"","bundle_add_to_cart_form_location":"","bundle_editable_in_cart":false,"bundle_sold_individually_context":"","bundle_item_grouping":"","bundle_min_size":"","bundle_max_size":"","bundled_items":[],"yoast_head":"<!-- This site is optimized with the Yoast SEO plugin v20.6 - https:\/\/yoast.com\/wordpress\/plugins\/seo\/ -->\n<title>WALL BANGER 2.0-ROSA - Tienda Er\u00f3tica<\/title>\n<meta name=\"robots\" content=\"noindex, follow, max-snippet:-1, max-image-preview:large, max-video-preview:-1\" \/>\n<meta property=\"og:locale\" content=\"es_ES\" \/>\n<meta property=\"og:type\" content=\"article\" \/>\n<meta property=\"og:title\" content=\"WALL BANGER 2.0-ROSA - Tienda Er\u00f3tica\" \/>\n<meta property=\"og:description\" content=\"WALL BANGER 2.0-ROSA Del\u00e9itese con los placeres simples de un cl\u00e1sico! Con diez funciones de vibraci\u00f3n, una potente base de\" \/>\n<meta property=\"og:url\" content=\"https:\/\/demoweb.info\/sexshop001\/producto\/wall-banger-2-0-rosa\/\" \/>\n<meta property=\"og:site_name\" content=\"Tienda Er\u00f3tica\" \/>\n<meta property=\"article:modified_time\" content=\"2022-01-22T20:28:22+00:00\" \/>\n<meta property=\"og:image\" content=\"https:\/\/demoweb.info\/sexshop001\/wp-content\/uploads\/2022\/01\/WALL-BANGER-2.0-ROSA.jpg\" \/>\n\t<meta property=\"og:image:width\" content=\"550\" \/>\n\t<meta property=\"og:image:height\" content=\"550\" \/>\n\t<meta property=\"og:image:type\" content=\"image\/jpeg\" \/>\n<meta name=\"twitter:card\" content=\"summary_large_image\" \/>\n<meta name=\"twitter:label1\" content=\"Tiempo de lectura\" \/>\n\t<meta name=\"twitter:data1\" content=\"1 minuto\" \/>\n<script type=\"application\/ld+json\" class=\"yoast-schema-graph\">{\"@context\":\"https:\/\/schema.org\",\"@graph\":[{\"@type\":\"WebPage\",\"@id\":\"https:\/\/demoweb.info\/sexshop001\/producto\/wall-banger-2-0-rosa\/\",\"url\":\"https:\/\/demoweb.info\/sexshop001\/producto\/wall-banger-2-0-rosa\/\",\"name\":\"WALL BANGER 2.0-ROSA - Tienda Er\u00f3tica\",\"isPartOf\":{\"@id\":\"https:\/\/demoweb.info\/sexshop001\/#website\"},\"datePublished\":\"2022-01-22T20:28:15+00:00\",\"dateModified\":\"2022-01-22T20:28:22+00:00\",\"breadcrumb\":{\"@id\":\"https:\/\/demoweb.info\/sexshop001\/producto\/wall-banger-2-0-rosa\/#breadcrumb\"},\"inLanguage\":\"es\",\"potentialAction\":[{\"@type\":\"ReadAction\",\"target\":[\"https:\/\/demoweb.info\/sexshop001\/producto\/wall-banger-2-0-rosa\/\"]}]},{\"@type\":\"BreadcrumbList\",\"@id\":\"https:\/\/demoweb.info\/sexshop001\/producto\/wall-banger-2-0-rosa\/#breadcrumb\",\"itemListElement\":[{\"@type\":\"ListItem\",\"position\":1,\"name\":\"Portada\",\"item\":\"https:\/\/demoweb.info\/sexshop001\/\"},{\"@type\":\"ListItem\",\"position\":2,\"name\":\"Tienda\",\"item\":\"https:\/\/demoweb.info\/sexshop001\/tienda\/\"},{\"@type\":\"ListItem\",\"position\":3,\"name\":\"WALL BANGER 2.0-ROSA\"}]},{\"@type\":\"WebSite\",\"@id\":\"https:\/\/demoweb.info\/sexshop001\/#website\",\"url\":\"https:\/\/demoweb.info\/sexshop001\/\",\"name\":\"Tienda Er\u00f3tica\",\"description\":\"DEMOWEB SL\",\"potentialAction\":[{\"@type\":\"SearchAction\",\"target\":{\"@type\":\"EntryPoint\",\"urlTemplate\":\"https:\/\/demoweb.info\/sexshop001\/?s={search_term_string}\"},\"query-input\":\"required name=search_term_string\"}],\"inLanguage\":\"es\"}]}<\/script>\n<!-- \/ Yoast SEO plugin. -->","yoast_head_json":{"title":"WALL BANGER 2.0-ROSA - Tienda Er\u00f3tica","robots":{"index":"noindex","follow":"follow","max-snippet":"max-snippet:-1","max-image-preview":"max-image-preview:large","max-video-preview":"max-video-preview:-1"},"og_locale":"es_ES","og_type":"article","og_title":"WALL BANGER 2.0-ROSA - Tienda Er\u00f3tica","og_description":"WALL BANGER 2.0-ROSA Del\u00e9itese con los placeres simples de un cl\u00e1sico! Con diez funciones de vibraci\u00f3n, una potente base de","og_url":"https:\/\/demoweb.info\/sexshop001\/producto\/wall-banger-2-0-rosa\/","og_site_name":"Tienda Er\u00f3tica","article_modified_time":"2022-01-22T20:28:22+00:00","og_image":[{"width":550,"height":550,"url":"https:\/\/demoweb.info\/sexshop001\/wp-content\/uploads\/2022\/01\/WALL-BANGER-2.0-ROSA.jpg","type":"image\/jpeg"}],"twitter_card":"summary_large_image","twitter_misc":{"Tiempo de lectura":"1 minuto"},"schema":{"@context":"https:\/\/schema.org","@graph":[{"@type":"WebPage","@id":"https:\/\/demoweb.info\/sexshop001\/producto\/wall-banger-2-0-rosa\/","url":"https:\/\/demoweb.info\/sexshop001\/producto\/wall-banger-2-0-rosa\/","name":"WALL BANGER 2.0-ROSA - Tienda Er\u00f3tica","isPartOf":{"@id":"https:\/\/demoweb.info\/sexshop001\/#website"},"datePublished":"2022-01-22T20:28:15+00:00","dateModified":"2022-01-22T20:28:22+00:00","breadcrumb":{"@id":"https:\/\/demoweb.info\/sexshop001\/producto\/wall-banger-2-0-rosa\/#breadcrumb"},"inLanguage":"es","potentialAction":[{"@type":"ReadAction","target":["https:\/\/demoweb.info\/sexshop001\/producto\/wall-banger-2-0-rosa\/"]}]},{"@type":"BreadcrumbList","@id":"https:\/\/demoweb.info\/sexshop001\/producto\/wall-banger-2-0-rosa\/#breadcrumb","itemListElement":[{"@type":"ListItem","position":1,"name":"Portada","item":"https:\/\/demoweb.info\/sexshop001\/"},{"@type":"ListItem","position":2,"name":"Tienda","item":"https:\/\/demoweb.info\/sexshop001\/tienda\/"},{"@type":"ListItem","position":3,"name":"WALL BANGER 2.0-ROSA"}]},{"@type":"WebSite","@id":"https:\/\/demoweb.info\/sexshop001\/#website","url":"https:\/\/demoweb.info\/sexshop001\/","name":"Tienda Er\u00f3tica","description":"DEMOWEB SL","potentialAction":[{"@type":"SearchAction","target":{"@type":"EntryPoint","urlTemplate":"https:\/\/demoweb.info\/sexshop001\/?s={search_term_string}"},"query-input":"required name=search_term_string"}],"inLanguage":"es"}]}},"_links":{"self":[{"href":"https:\/\/demoweb.info\/sexshop001\/wp-json\/wp\/v3\/product\/74658","targetHints":{"allow":["GET"]}}],"collection":[{"href":"https:\/\/demoweb.info\/sexshop001\/wp-json\/wp\/v3\/product"}],"about":[{"href":"https:\/\/demoweb.info\/sexshop001\/wp-json\/wp\/v2\/types\/product"}],"replies":[{"embeddable":true,"href":"https:\/\/demoweb.info\/sexshop001\/wp-json\/wp\/v2\/comments?post=74658"}],"wp:featuredmedia":[{"embeddable":true,"href":"https:\/\/demoweb.info\/sexshop001\/wp-json\/wp\/v2\/media\/74659"}],"wp:attachment":[{"href":"https:\/\/demoweb.info\/sexshop001\/wp-json\/wp\/v2\/media?parent=74658"}],"wp:term":[{"taxonomy":"product_cat","embeddable":true,"href":"https:\/\/demoweb.info\/sexshop001\/wp-json\/wp\/v2\/product_cat?post=74658"},{"taxonomy":"product_tag","embeddable":true,"href":"https:\/\/demoweb.info\/sexshop001\/wp-json\/wp\/v2\/product_tag?post=74658"}],"curies":[{"name":"wp","href":"https:\/\/api.w.org\/{rel}","templated":true}]}}