{"id":74651,"date":"2022-01-22T21:28:15","date_gmt":"2022-01-22T20:28:15","guid":{"rendered":"https:\/\/demoweb.info\/sexshop001\/producto\/icicles-no-83-azul\/"},"modified":"2022-01-22T21:28:16","modified_gmt":"2022-01-22T20:28:16","slug":"icicles-no-83-azul","status":"publish","type":"product","link":"https:\/\/demoweb.info\/sexshop001\/producto\/icicles-no-83-azul\/","title":{"rendered":"ICICLES NO 83-AZUL"},"content":{"rendered":"<p><strong>ICICLES NO 83-AZUL<\/strong><\/p>\n<p>Icicle No. 83 est\u00e1 dise\u00f1ado para crear la mejor experiencia en excitantes sesiones de sexo en solitario o compartirlo con un compa\u00f1ero para una aventura sexual sublime.<\/p>\n<\/p>\n<p>Este enchufe de vidrio vibrante multifunci\u00f3n cuenta con cuentas de contornos sensuales, una base acampanada para una f\u00e1cil recuperaci\u00f3n y un control remoto inal\u00e1mbrico para poner el control al alcance de su mano, o mejor a\u00fan, \u00a1en manos de su pareja! \u00a1Recorra 10 patrones de vibraci\u00f3n \u00fanicos para obtener orgasmos verdaderamente intensos que se aferran a la s\u00e1bana!<\/p>\n<\/p>\n<p>Una base de ventosa de silicona poderosa y removible sostiene el Icicle No. 83 para alcanzar esos lugares perfectos. Con su potente base de ventosa de silicona que sujeta el tap\u00f3n de forma segura en su lugar, obtendr\u00e1 una estimulaci\u00f3n emocionante justo donde la desea.<\/p>\n<\/p>\n<p>P\u00e9guelo al piso, la pared, el poste de la cama o casi cualquier superficie plana; \u00a1se sorprender\u00e1 de c\u00f3mo se mantiene en su lugar durante cada apasionante empuje! Adem\u00e1s, el vibrador es resistente al agua, \u00a1as\u00ed que convierta la hora del ba\u00f1o en tiempo de juego! \u00a1Experimenta la diversi\u00f3n y descubre un sinf\u00edn de posibilidades!<\/p>\n<p><strong>Caracter\u00edsticas<\/strong><\/p>\n<ul>\n<li>Informaci\u00f3n adicional: PRECAUCI\u00d3N: Manipule con cuidado. Los tapones de vidrio pueden ser muy resbaladizos cuando est\u00e1n h\u00famedos o lubricados. Si se deja caer sobre un piso de piedra o baldosas, el vidrio puede astillarse o romperse. Siempre inspeccione el enchufe antes de usarlo y deje de usarlo inmediatamente si est\u00e1 da\u00f1ado. &bull; Control remoto inal\u00e1mbrico recargable incluido: \u00a1El control remoto recargable de un solo bot\u00f3n controla 10 funciones de vibraci\u00f3n y pone toda la potencia en la punta de sus dedos o la de un compa\u00f1ero! &bull; Enchufe recargable y control remoto &bull; Instrucciones de funcionamiento: Mantenga presionado el bot\u00f3n de encendido del vibrador o del control remoto inal\u00e1mbrico durante 3 segundos para encenderlo. Presione el bot\u00f3n de encendido para recorrer los 7 niveles y 3 velocidades de vibraci\u00f3n. Para apagar, mantenga presionado el bot\u00f3n de encendido durante 3 segundos. &bull; Instrucciones de cuidado: La limpieza es muy sencilla despu\u00e9s de la diversi\u00f3n con ToyCleaner y agua tibia. NOTA: El control remoto no es resistente al agua. Limpiar suavemente con un pa\u00f1o h\u00famedo y no sumergir.<\/li>\n<li>Longitud total: 10.6 cm<\/li>\n<li>Di\u00e1metro: 3.7 cm<\/li>\n<li>Longitud insertable: 9.1 cm<\/li>\n<li>Vibrando: Si<\/li>\n<li>Modos de vibraci\u00f3n: 7<\/li>\n<li>Modos de velocidad: 3<\/li>\n<li>Resistencia al agua: Impermeable<\/li>\n<li>Bodysafe: Si<\/li>\n<li>Material: Toy: Glass | Suction base: Silicone | Bullet: ABS Plastic<\/li>\n<li>Recargable: Si<\/li>\n<li>Bater\u00edas requeridas: Lithium Battery, USB Rechargeable<\/li>\n<li>Tiempo de carga en minutos: 120<\/li>\n<li>Tiempo de funcionamiento en minutos: 45<\/li>\n<li>Control remoto: Si<\/li>\n<\/ul>\n","protected":false},"excerpt":{"rendered":"<p>ICICLES NO 83-AZUL Icicle No. 83 est\u00e1 dise\u00f1ado para crear la mejor experiencia en excitantes sesiones de sexo en solitario<\/p>\n","protected":false},"featured_media":74652,"comment_status":"open","ping_status":"open","template":"","meta":[],"product_cat":[462],"product_tag":[793,259],"class_list":["post-74651","product","type-product","status-publish","has-post-thumbnail","hentry","product_cat-cristal","product_tag-icicles","product_tag-pipedream"],"bundled_by":[],"bundle_stock_status":"instock","bundle_stock_quantity":3,"bundle_virtual":false,"bundle_layout":"","bundle_add_to_cart_form_location":"","bundle_editable_in_cart":false,"bundle_sold_individually_context":"","bundle_item_grouping":"","bundle_min_size":"","bundle_max_size":"","bundled_items":[],"yoast_head":"<!-- This site is optimized with the Yoast SEO plugin v20.6 - https:\/\/yoast.com\/wordpress\/plugins\/seo\/ -->\n<title>ICICLES NO 83-AZUL - Tienda Er\u00f3tica<\/title>\n<meta name=\"robots\" content=\"noindex, follow, max-snippet:-1, max-image-preview:large, max-video-preview:-1\" \/>\n<meta property=\"og:locale\" content=\"es_ES\" \/>\n<meta property=\"og:type\" content=\"article\" \/>\n<meta property=\"og:title\" content=\"ICICLES NO 83-AZUL - Tienda Er\u00f3tica\" \/>\n<meta property=\"og:description\" content=\"ICICLES NO 83-AZUL Icicle No. 83 est\u00e1 dise\u00f1ado para crear la mejor experiencia en excitantes sesiones de sexo en solitario\" \/>\n<meta property=\"og:url\" content=\"https:\/\/demoweb.info\/sexshop001\/producto\/icicles-no-83-azul\/\" \/>\n<meta property=\"og:site_name\" content=\"Tienda Er\u00f3tica\" \/>\n<meta property=\"article:modified_time\" content=\"2022-01-22T20:28:16+00:00\" \/>\n<meta property=\"og:image\" content=\"https:\/\/demoweb.info\/sexshop001\/wp-content\/uploads\/2022\/01\/ICICLES-NO-83-AZUL.jpg\" \/>\n\t<meta property=\"og:image:width\" content=\"550\" \/>\n\t<meta property=\"og:image:height\" content=\"550\" \/>\n\t<meta property=\"og:image:type\" content=\"image\/jpeg\" \/>\n<meta name=\"twitter:card\" content=\"summary_large_image\" \/>\n<meta name=\"twitter:label1\" content=\"Tiempo de lectura\" \/>\n\t<meta name=\"twitter:data1\" content=\"2 minutos\" \/>\n<script type=\"application\/ld+json\" class=\"yoast-schema-graph\">{\"@context\":\"https:\/\/schema.org\",\"@graph\":[{\"@type\":\"WebPage\",\"@id\":\"https:\/\/demoweb.info\/sexshop001\/producto\/icicles-no-83-azul\/\",\"url\":\"https:\/\/demoweb.info\/sexshop001\/producto\/icicles-no-83-azul\/\",\"name\":\"ICICLES NO 83-AZUL - Tienda Er\u00f3tica\",\"isPartOf\":{\"@id\":\"https:\/\/demoweb.info\/sexshop001\/#website\"},\"datePublished\":\"2022-01-22T20:28:15+00:00\",\"dateModified\":\"2022-01-22T20:28:16+00:00\",\"breadcrumb\":{\"@id\":\"https:\/\/demoweb.info\/sexshop001\/producto\/icicles-no-83-azul\/#breadcrumb\"},\"inLanguage\":\"es\",\"potentialAction\":[{\"@type\":\"ReadAction\",\"target\":[\"https:\/\/demoweb.info\/sexshop001\/producto\/icicles-no-83-azul\/\"]}]},{\"@type\":\"BreadcrumbList\",\"@id\":\"https:\/\/demoweb.info\/sexshop001\/producto\/icicles-no-83-azul\/#breadcrumb\",\"itemListElement\":[{\"@type\":\"ListItem\",\"position\":1,\"name\":\"Portada\",\"item\":\"https:\/\/demoweb.info\/sexshop001\/\"},{\"@type\":\"ListItem\",\"position\":2,\"name\":\"Tienda\",\"item\":\"https:\/\/demoweb.info\/sexshop001\/tienda\/\"},{\"@type\":\"ListItem\",\"position\":3,\"name\":\"ICICLES NO 83-AZUL\"}]},{\"@type\":\"WebSite\",\"@id\":\"https:\/\/demoweb.info\/sexshop001\/#website\",\"url\":\"https:\/\/demoweb.info\/sexshop001\/\",\"name\":\"Tienda Er\u00f3tica\",\"description\":\"DEMOWEB SL\",\"potentialAction\":[{\"@type\":\"SearchAction\",\"target\":{\"@type\":\"EntryPoint\",\"urlTemplate\":\"https:\/\/demoweb.info\/sexshop001\/?s={search_term_string}\"},\"query-input\":\"required name=search_term_string\"}],\"inLanguage\":\"es\"}]}<\/script>\n<!-- \/ Yoast SEO plugin. -->","yoast_head_json":{"title":"ICICLES NO 83-AZUL - Tienda Er\u00f3tica","robots":{"index":"noindex","follow":"follow","max-snippet":"max-snippet:-1","max-image-preview":"max-image-preview:large","max-video-preview":"max-video-preview:-1"},"og_locale":"es_ES","og_type":"article","og_title":"ICICLES NO 83-AZUL - Tienda Er\u00f3tica","og_description":"ICICLES NO 83-AZUL Icicle No. 83 est\u00e1 dise\u00f1ado para crear la mejor experiencia en excitantes sesiones de sexo en solitario","og_url":"https:\/\/demoweb.info\/sexshop001\/producto\/icicles-no-83-azul\/","og_site_name":"Tienda Er\u00f3tica","article_modified_time":"2022-01-22T20:28:16+00:00","og_image":[{"width":550,"height":550,"url":"https:\/\/demoweb.info\/sexshop001\/wp-content\/uploads\/2022\/01\/ICICLES-NO-83-AZUL.jpg","type":"image\/jpeg"}],"twitter_card":"summary_large_image","twitter_misc":{"Tiempo de lectura":"2 minutos"},"schema":{"@context":"https:\/\/schema.org","@graph":[{"@type":"WebPage","@id":"https:\/\/demoweb.info\/sexshop001\/producto\/icicles-no-83-azul\/","url":"https:\/\/demoweb.info\/sexshop001\/producto\/icicles-no-83-azul\/","name":"ICICLES NO 83-AZUL - Tienda Er\u00f3tica","isPartOf":{"@id":"https:\/\/demoweb.info\/sexshop001\/#website"},"datePublished":"2022-01-22T20:28:15+00:00","dateModified":"2022-01-22T20:28:16+00:00","breadcrumb":{"@id":"https:\/\/demoweb.info\/sexshop001\/producto\/icicles-no-83-azul\/#breadcrumb"},"inLanguage":"es","potentialAction":[{"@type":"ReadAction","target":["https:\/\/demoweb.info\/sexshop001\/producto\/icicles-no-83-azul\/"]}]},{"@type":"BreadcrumbList","@id":"https:\/\/demoweb.info\/sexshop001\/producto\/icicles-no-83-azul\/#breadcrumb","itemListElement":[{"@type":"ListItem","position":1,"name":"Portada","item":"https:\/\/demoweb.info\/sexshop001\/"},{"@type":"ListItem","position":2,"name":"Tienda","item":"https:\/\/demoweb.info\/sexshop001\/tienda\/"},{"@type":"ListItem","position":3,"name":"ICICLES NO 83-AZUL"}]},{"@type":"WebSite","@id":"https:\/\/demoweb.info\/sexshop001\/#website","url":"https:\/\/demoweb.info\/sexshop001\/","name":"Tienda Er\u00f3tica","description":"DEMOWEB SL","potentialAction":[{"@type":"SearchAction","target":{"@type":"EntryPoint","urlTemplate":"https:\/\/demoweb.info\/sexshop001\/?s={search_term_string}"},"query-input":"required name=search_term_string"}],"inLanguage":"es"}]}},"_links":{"self":[{"href":"https:\/\/demoweb.info\/sexshop001\/wp-json\/wp\/v3\/product\/74651","targetHints":{"allow":["GET"]}}],"collection":[{"href":"https:\/\/demoweb.info\/sexshop001\/wp-json\/wp\/v3\/product"}],"about":[{"href":"https:\/\/demoweb.info\/sexshop001\/wp-json\/wp\/v2\/types\/product"}],"replies":[{"embeddable":true,"href":"https:\/\/demoweb.info\/sexshop001\/wp-json\/wp\/v2\/comments?post=74651"}],"wp:featuredmedia":[{"embeddable":true,"href":"https:\/\/demoweb.info\/sexshop001\/wp-json\/wp\/v2\/media\/74652"}],"wp:attachment":[{"href":"https:\/\/demoweb.info\/sexshop001\/wp-json\/wp\/v2\/media?parent=74651"}],"wp:term":[{"taxonomy":"product_cat","embeddable":true,"href":"https:\/\/demoweb.info\/sexshop001\/wp-json\/wp\/v2\/product_cat?post=74651"},{"taxonomy":"product_tag","embeddable":true,"href":"https:\/\/demoweb.info\/sexshop001\/wp-json\/wp\/v2\/product_tag?post=74651"}],"curies":[{"name":"wp","href":"https:\/\/api.w.org\/{rel}","templated":true}]}}