{"id":74549,"date":"2022-01-22T21:26:19","date_gmt":"2022-01-22T20:26:19","guid":{"rendered":"https:\/\/demoweb.info\/sexshop001\/producto\/slay-amaze-me\/"},"modified":"2022-01-22T21:26:57","modified_gmt":"2022-01-22T20:26:57","slug":"slay-amaze-me","status":"publish","type":"product","link":"https:\/\/demoweb.info\/sexshop001\/producto\/slay-amaze-me\/","title":{"rendered":"SLAY AMAZE ME"},"content":{"rendered":"<p><strong>SLAY AMAZE ME<\/strong><\/p>\n<p>Desliza la burlona Slay #AmazeMe en tu bolso o bolso de mano para disfrutar de un temblor de rodillas dondequiera que vayas. El exclusivo miniconejo masajeador cabe entre los dedos para permitirle brindar una tentaci\u00f3n precisa mientras las orejas parpadeantes le hacen cosquillas y provocan. <\/p>\n<p>Divi\u00e9rtase mientras parpadea a trav\u00e9s de 10 indulgentes funciones de vibraci\u00f3n, pulsaci\u00f3n y escalamiento con el bot\u00f3n de control de f\u00e1cil toque. Controle sin esfuerzo el puro placer con un bot\u00f3n de silicona de f\u00e1cil toque y mant\u00e9ngalo presionado durante 3 segundos para encenderlo o apagarlo.<\/p>\n<p>Los teasers de doble parpadeo son ideales para explorar puntos sensuales dulces y puntos de placer \u00edntimo con facilidad. Con un cuerpo redondeado y puntas flexibles, podr\u00e1 disfrutar de vibraciones emocionantes desde cualquier \u00e1ngulo que desee. Utilice el control suave de un solo bot\u00f3n para disfrutar de hasta 1,5 horas de placer vibratorio. <\/p>\n<p>Cargue su pasi\u00f3n en solo 2.5 horas conectando el cable USB provisto en el puerto de carga autosellante en la parte posterior del masajeador. El discreto masajeador delgado de 4 pulgadas lo convierte en el compa\u00f1ero de viaje perfecto, permiti\u00e9ndote abrazar el placer irradiado donde sea que te lleven tus fantas\u00edas.<\/p>\n<p>\n<strong>Caracter\u00edsticas<\/strong><\/p>\n<ul>\n<li>Longitud total: 10.8 cm<\/li>\n<li>Di\u00e1metro: 3.5 cm<\/li>\n<li>Vibrando: Si<\/li>\n<li>Resistencia al agua: Impermeable<\/li>\n<li>Material: Silicone, ABS Plastic \/ Metallic Plating<\/li>\n<li>Recargable: Si<\/li>\n<li>Bater\u00edas requeridas: USB Rechargeable<\/li>\n<li>Tiempo de carga en minutos: 150<\/li>\n<li>Tiempo de funcionamiento en minutos: 90\n\t <\/li>\n<\/ul>\n","protected":false},"excerpt":{"rendered":"<p>SLAY AMAZE ME Desliza la burlona Slay #AmazeMe en tu bolso o bolso de mano para disfrutar de un temblor<\/p>\n","protected":false},"featured_media":74550,"comment_status":"open","ping_status":"open","template":"","meta":[],"product_cat":[820],"product_tag":[660,884],"class_list":["post-74549","product","type-product","status-publish","has-post-thumbnail","hentry","product_cat-masajeadores","product_tag-calexotics","product_tag-slay"],"bundled_by":[],"bundle_stock_status":"instock","bundle_stock_quantity":1,"bundle_virtual":false,"bundle_layout":"","bundle_add_to_cart_form_location":"","bundle_editable_in_cart":false,"bundle_sold_individually_context":"","bundle_item_grouping":"","bundle_min_size":"","bundle_max_size":"","bundled_items":[],"yoast_head":"<!-- This site is optimized with the Yoast SEO plugin v20.6 - https:\/\/yoast.com\/wordpress\/plugins\/seo\/ -->\n<title>SLAY AMAZE ME - Tienda Er\u00f3tica<\/title>\n<meta name=\"robots\" content=\"noindex, follow, max-snippet:-1, max-image-preview:large, max-video-preview:-1\" \/>\n<meta property=\"og:locale\" content=\"es_ES\" \/>\n<meta property=\"og:type\" content=\"article\" \/>\n<meta property=\"og:title\" content=\"SLAY AMAZE ME - Tienda Er\u00f3tica\" \/>\n<meta property=\"og:description\" content=\"SLAY AMAZE ME Desliza la burlona Slay #AmazeMe en tu bolso o bolso de mano para disfrutar de un temblor\" \/>\n<meta property=\"og:url\" content=\"https:\/\/demoweb.info\/sexshop001\/producto\/slay-amaze-me\/\" \/>\n<meta property=\"og:site_name\" content=\"Tienda Er\u00f3tica\" \/>\n<meta property=\"article:modified_time\" content=\"2022-01-22T20:26:57+00:00\" \/>\n<meta property=\"og:image\" content=\"https:\/\/demoweb.info\/sexshop001\/wp-content\/uploads\/2022\/01\/SLAY-AMAZE-ME.jpg\" \/>\n\t<meta property=\"og:image:width\" content=\"550\" \/>\n\t<meta property=\"og:image:height\" content=\"550\" \/>\n\t<meta property=\"og:image:type\" content=\"image\/jpeg\" \/>\n<meta name=\"twitter:card\" content=\"summary_large_image\" \/>\n<meta name=\"twitter:label1\" content=\"Tiempo de lectura\" \/>\n\t<meta name=\"twitter:data1\" content=\"1 minuto\" \/>\n<script type=\"application\/ld+json\" class=\"yoast-schema-graph\">{\"@context\":\"https:\/\/schema.org\",\"@graph\":[{\"@type\":\"WebPage\",\"@id\":\"https:\/\/demoweb.info\/sexshop001\/producto\/slay-amaze-me\/\",\"url\":\"https:\/\/demoweb.info\/sexshop001\/producto\/slay-amaze-me\/\",\"name\":\"SLAY AMAZE ME - Tienda Er\u00f3tica\",\"isPartOf\":{\"@id\":\"https:\/\/demoweb.info\/sexshop001\/#website\"},\"datePublished\":\"2022-01-22T20:26:19+00:00\",\"dateModified\":\"2022-01-22T20:26:57+00:00\",\"breadcrumb\":{\"@id\":\"https:\/\/demoweb.info\/sexshop001\/producto\/slay-amaze-me\/#breadcrumb\"},\"inLanguage\":\"es\",\"potentialAction\":[{\"@type\":\"ReadAction\",\"target\":[\"https:\/\/demoweb.info\/sexshop001\/producto\/slay-amaze-me\/\"]}]},{\"@type\":\"BreadcrumbList\",\"@id\":\"https:\/\/demoweb.info\/sexshop001\/producto\/slay-amaze-me\/#breadcrumb\",\"itemListElement\":[{\"@type\":\"ListItem\",\"position\":1,\"name\":\"Portada\",\"item\":\"https:\/\/demoweb.info\/sexshop001\/\"},{\"@type\":\"ListItem\",\"position\":2,\"name\":\"Tienda\",\"item\":\"https:\/\/demoweb.info\/sexshop001\/tienda\/\"},{\"@type\":\"ListItem\",\"position\":3,\"name\":\"SLAY AMAZE ME\"}]},{\"@type\":\"WebSite\",\"@id\":\"https:\/\/demoweb.info\/sexshop001\/#website\",\"url\":\"https:\/\/demoweb.info\/sexshop001\/\",\"name\":\"Tienda Er\u00f3tica\",\"description\":\"DEMOWEB SL\",\"potentialAction\":[{\"@type\":\"SearchAction\",\"target\":{\"@type\":\"EntryPoint\",\"urlTemplate\":\"https:\/\/demoweb.info\/sexshop001\/?s={search_term_string}\"},\"query-input\":\"required name=search_term_string\"}],\"inLanguage\":\"es\"}]}<\/script>\n<!-- \/ Yoast SEO plugin. -->","yoast_head_json":{"title":"SLAY AMAZE ME - Tienda Er\u00f3tica","robots":{"index":"noindex","follow":"follow","max-snippet":"max-snippet:-1","max-image-preview":"max-image-preview:large","max-video-preview":"max-video-preview:-1"},"og_locale":"es_ES","og_type":"article","og_title":"SLAY AMAZE ME - Tienda Er\u00f3tica","og_description":"SLAY AMAZE ME Desliza la burlona Slay #AmazeMe en tu bolso o bolso de mano para disfrutar de un temblor","og_url":"https:\/\/demoweb.info\/sexshop001\/producto\/slay-amaze-me\/","og_site_name":"Tienda Er\u00f3tica","article_modified_time":"2022-01-22T20:26:57+00:00","og_image":[{"width":550,"height":550,"url":"https:\/\/demoweb.info\/sexshop001\/wp-content\/uploads\/2022\/01\/SLAY-AMAZE-ME.jpg","type":"image\/jpeg"}],"twitter_card":"summary_large_image","twitter_misc":{"Tiempo de lectura":"1 minuto"},"schema":{"@context":"https:\/\/schema.org","@graph":[{"@type":"WebPage","@id":"https:\/\/demoweb.info\/sexshop001\/producto\/slay-amaze-me\/","url":"https:\/\/demoweb.info\/sexshop001\/producto\/slay-amaze-me\/","name":"SLAY AMAZE ME - Tienda Er\u00f3tica","isPartOf":{"@id":"https:\/\/demoweb.info\/sexshop001\/#website"},"datePublished":"2022-01-22T20:26:19+00:00","dateModified":"2022-01-22T20:26:57+00:00","breadcrumb":{"@id":"https:\/\/demoweb.info\/sexshop001\/producto\/slay-amaze-me\/#breadcrumb"},"inLanguage":"es","potentialAction":[{"@type":"ReadAction","target":["https:\/\/demoweb.info\/sexshop001\/producto\/slay-amaze-me\/"]}]},{"@type":"BreadcrumbList","@id":"https:\/\/demoweb.info\/sexshop001\/producto\/slay-amaze-me\/#breadcrumb","itemListElement":[{"@type":"ListItem","position":1,"name":"Portada","item":"https:\/\/demoweb.info\/sexshop001\/"},{"@type":"ListItem","position":2,"name":"Tienda","item":"https:\/\/demoweb.info\/sexshop001\/tienda\/"},{"@type":"ListItem","position":3,"name":"SLAY AMAZE ME"}]},{"@type":"WebSite","@id":"https:\/\/demoweb.info\/sexshop001\/#website","url":"https:\/\/demoweb.info\/sexshop001\/","name":"Tienda Er\u00f3tica","description":"DEMOWEB SL","potentialAction":[{"@type":"SearchAction","target":{"@type":"EntryPoint","urlTemplate":"https:\/\/demoweb.info\/sexshop001\/?s={search_term_string}"},"query-input":"required name=search_term_string"}],"inLanguage":"es"}]}},"_links":{"self":[{"href":"https:\/\/demoweb.info\/sexshop001\/wp-json\/wp\/v3\/product\/74549","targetHints":{"allow":["GET"]}}],"collection":[{"href":"https:\/\/demoweb.info\/sexshop001\/wp-json\/wp\/v3\/product"}],"about":[{"href":"https:\/\/demoweb.info\/sexshop001\/wp-json\/wp\/v2\/types\/product"}],"replies":[{"embeddable":true,"href":"https:\/\/demoweb.info\/sexshop001\/wp-json\/wp\/v2\/comments?post=74549"}],"wp:featuredmedia":[{"embeddable":true,"href":"https:\/\/demoweb.info\/sexshop001\/wp-json\/wp\/v2\/media\/74550"}],"wp:attachment":[{"href":"https:\/\/demoweb.info\/sexshop001\/wp-json\/wp\/v2\/media?parent=74549"}],"wp:term":[{"taxonomy":"product_cat","embeddable":true,"href":"https:\/\/demoweb.info\/sexshop001\/wp-json\/wp\/v2\/product_cat?post=74549"},{"taxonomy":"product_tag","embeddable":true,"href":"https:\/\/demoweb.info\/sexshop001\/wp-json\/wp\/v2\/product_tag?post=74549"}],"curies":[{"name":"wp","href":"https:\/\/api.w.org\/{rel}","templated":true}]}}