{"id":74424,"date":"2022-01-22T21:24:57","date_gmt":"2022-01-22T20:24:57","guid":{"rendered":"https:\/\/demoweb.info\/sexshop001\/producto\/angel-panty-vibe-negro\/"},"modified":"2022-01-22T21:25:19","modified_gmt":"2022-01-22T20:25:19","slug":"angel-panty-vibe-negro","status":"publish","type":"product","link":"https:\/\/demoweb.info\/sexshop001\/producto\/angel-panty-vibe-negro\/","title":{"rendered":"ANGEL PANTY VIBE-NEGRO"},"content":{"rendered":"<p><strong>ANGEL PANTY VIBE-NEGRO<\/strong><\/p>\n<p>El Divine Panty Pleaser de TOYJOY Designer Edition es un conjunto sexy, \u00a1perfecto para los juegos previos traviesos! <\/p>\n<p>El juego incluye una braga de encaje, un estimulador de bragas vibrante en forma de coraz\u00f3n y un control remoto. P\u00f3ngase las elegantes bragas de encaje y entregue el control remoto a su pareja, y d\u00e9jese mimar por vibraciones poderosas y placenteras. <\/p>\n<p>El estimulador vibratorio de bragas ofrece 4 modos de pulsaci\u00f3n, 3 velocidades de vibraci\u00f3n y es recargable por USB. El Divine Panty Pleaser de TOYJOY Designer Edition viene en un lujoso empaque, que tambi\u00e9n se puede usar como caja de recuerdo.<\/p>\n<p>\n<strong>CARACTER\u00cdSTICAS<\/strong><\/p>\n<ul>\n<li>Informaci\u00f3n Adicional * Panty de encaje negro con tirantes ajustables* 4 modos de pulsaci\u00f3n* 3 velocidades de vibraci\u00f3n* Incluido mando a distancia* Silencioso y discreto* USB recargable<\/li>\n<li>Dimensiones del producto Toy: 9.3 cm \/ 3.7 inch | Panty: One Size with adjustable straps<\/li>\n<li>Longitud total: 9.3 cm \/ 3.7 inch<\/li>\n<li>Vibrando: Si<\/li>\n<li>Modos de vibraci\u00f3n: 3<\/li>\n<li>Modos de velocidad: 4<\/li>\n<li>Resistencia al agua : A prueba de salpicaduras<\/li>\n<li>Bodysafe: Si<\/li>\n<li>Material Toy: Made of 100% Pure Silicone | Panty: Made of 80% Nylon and 20% Spandex<\/li>\n<li>Recargable: Si<\/li>\n<li>Bater\u00edas requeridas: USB Rechargeable<\/li>\n<li>Tiempo de carga en minutos: 90<\/li>\n<li>Tiempo de funcionamiento en minutos: 60<\/li>\n<li>Control remoto: Si<\/li>\n<\/ul>\n","protected":false},"excerpt":{"rendered":"<p>ANGEL PANTY VIBE-NEGRO El Divine Panty Pleaser de TOYJOY Designer Edition es un conjunto sexy, \u00a1perfecto para los juegos previos<\/p>\n","protected":false},"featured_media":74425,"comment_status":"open","ping_status":"open","template":"","meta":[],"product_cat":[375],"product_tag":[250,247],"class_list":["post-74424","product","type-product","status-publish","has-post-thumbnail","hentry","product_cat-con-vibrador-para-ella","product_tag-designer-edition","product_tag-toyjoy"],"bundled_by":[],"bundle_stock_status":"instock","bundle_stock_quantity":2,"bundle_virtual":false,"bundle_layout":"","bundle_add_to_cart_form_location":"","bundle_editable_in_cart":false,"bundle_sold_individually_context":"","bundle_item_grouping":"","bundle_min_size":"","bundle_max_size":"","bundled_items":[],"yoast_head":"<!-- This site is optimized with the Yoast SEO plugin v20.6 - https:\/\/yoast.com\/wordpress\/plugins\/seo\/ -->\n<title>ANGEL PANTY VIBE-NEGRO - Tienda Er\u00f3tica<\/title>\n<meta name=\"robots\" content=\"noindex, follow, max-snippet:-1, max-image-preview:large, max-video-preview:-1\" \/>\n<meta property=\"og:locale\" content=\"es_ES\" \/>\n<meta property=\"og:type\" content=\"article\" \/>\n<meta property=\"og:title\" content=\"ANGEL PANTY VIBE-NEGRO - Tienda Er\u00f3tica\" \/>\n<meta property=\"og:description\" content=\"ANGEL PANTY VIBE-NEGRO El Divine Panty Pleaser de TOYJOY Designer Edition es un conjunto sexy, \u00a1perfecto para los juegos previos\" \/>\n<meta property=\"og:url\" content=\"https:\/\/demoweb.info\/sexshop001\/producto\/angel-panty-vibe-negro\/\" \/>\n<meta property=\"og:site_name\" content=\"Tienda Er\u00f3tica\" \/>\n<meta property=\"article:modified_time\" content=\"2022-01-22T20:25:19+00:00\" \/>\n<meta property=\"og:image\" content=\"https:\/\/demoweb.info\/sexshop001\/wp-content\/uploads\/2022\/01\/ANGEL-PANTY-VIBE-NEGRO.jpg\" \/>\n\t<meta property=\"og:image:width\" content=\"550\" \/>\n\t<meta property=\"og:image:height\" content=\"550\" \/>\n\t<meta property=\"og:image:type\" content=\"image\/jpeg\" \/>\n<meta name=\"twitter:card\" content=\"summary_large_image\" \/>\n<meta name=\"twitter:label1\" content=\"Tiempo de lectura\" \/>\n\t<meta name=\"twitter:data1\" content=\"1 minuto\" \/>\n<script type=\"application\/ld+json\" class=\"yoast-schema-graph\">{\"@context\":\"https:\/\/schema.org\",\"@graph\":[{\"@type\":\"WebPage\",\"@id\":\"https:\/\/demoweb.info\/sexshop001\/producto\/angel-panty-vibe-negro\/\",\"url\":\"https:\/\/demoweb.info\/sexshop001\/producto\/angel-panty-vibe-negro\/\",\"name\":\"ANGEL PANTY VIBE-NEGRO - Tienda Er\u00f3tica\",\"isPartOf\":{\"@id\":\"https:\/\/demoweb.info\/sexshop001\/#website\"},\"datePublished\":\"2022-01-22T20:24:57+00:00\",\"dateModified\":\"2022-01-22T20:25:19+00:00\",\"breadcrumb\":{\"@id\":\"https:\/\/demoweb.info\/sexshop001\/producto\/angel-panty-vibe-negro\/#breadcrumb\"},\"inLanguage\":\"es\",\"potentialAction\":[{\"@type\":\"ReadAction\",\"target\":[\"https:\/\/demoweb.info\/sexshop001\/producto\/angel-panty-vibe-negro\/\"]}]},{\"@type\":\"BreadcrumbList\",\"@id\":\"https:\/\/demoweb.info\/sexshop001\/producto\/angel-panty-vibe-negro\/#breadcrumb\",\"itemListElement\":[{\"@type\":\"ListItem\",\"position\":1,\"name\":\"Portada\",\"item\":\"https:\/\/demoweb.info\/sexshop001\/\"},{\"@type\":\"ListItem\",\"position\":2,\"name\":\"Tienda\",\"item\":\"https:\/\/demoweb.info\/sexshop001\/tienda\/\"},{\"@type\":\"ListItem\",\"position\":3,\"name\":\"ANGEL PANTY VIBE-NEGRO\"}]},{\"@type\":\"WebSite\",\"@id\":\"https:\/\/demoweb.info\/sexshop001\/#website\",\"url\":\"https:\/\/demoweb.info\/sexshop001\/\",\"name\":\"Tienda Er\u00f3tica\",\"description\":\"DEMOWEB SL\",\"potentialAction\":[{\"@type\":\"SearchAction\",\"target\":{\"@type\":\"EntryPoint\",\"urlTemplate\":\"https:\/\/demoweb.info\/sexshop001\/?s={search_term_string}\"},\"query-input\":\"required name=search_term_string\"}],\"inLanguage\":\"es\"}]}<\/script>\n<!-- \/ Yoast SEO plugin. -->","yoast_head_json":{"title":"ANGEL PANTY VIBE-NEGRO - Tienda Er\u00f3tica","robots":{"index":"noindex","follow":"follow","max-snippet":"max-snippet:-1","max-image-preview":"max-image-preview:large","max-video-preview":"max-video-preview:-1"},"og_locale":"es_ES","og_type":"article","og_title":"ANGEL PANTY VIBE-NEGRO - Tienda Er\u00f3tica","og_description":"ANGEL PANTY VIBE-NEGRO El Divine Panty Pleaser de TOYJOY Designer Edition es un conjunto sexy, \u00a1perfecto para los juegos previos","og_url":"https:\/\/demoweb.info\/sexshop001\/producto\/angel-panty-vibe-negro\/","og_site_name":"Tienda Er\u00f3tica","article_modified_time":"2022-01-22T20:25:19+00:00","og_image":[{"width":550,"height":550,"url":"https:\/\/demoweb.info\/sexshop001\/wp-content\/uploads\/2022\/01\/ANGEL-PANTY-VIBE-NEGRO.jpg","type":"image\/jpeg"}],"twitter_card":"summary_large_image","twitter_misc":{"Tiempo de lectura":"1 minuto"},"schema":{"@context":"https:\/\/schema.org","@graph":[{"@type":"WebPage","@id":"https:\/\/demoweb.info\/sexshop001\/producto\/angel-panty-vibe-negro\/","url":"https:\/\/demoweb.info\/sexshop001\/producto\/angel-panty-vibe-negro\/","name":"ANGEL PANTY VIBE-NEGRO - Tienda Er\u00f3tica","isPartOf":{"@id":"https:\/\/demoweb.info\/sexshop001\/#website"},"datePublished":"2022-01-22T20:24:57+00:00","dateModified":"2022-01-22T20:25:19+00:00","breadcrumb":{"@id":"https:\/\/demoweb.info\/sexshop001\/producto\/angel-panty-vibe-negro\/#breadcrumb"},"inLanguage":"es","potentialAction":[{"@type":"ReadAction","target":["https:\/\/demoweb.info\/sexshop001\/producto\/angel-panty-vibe-negro\/"]}]},{"@type":"BreadcrumbList","@id":"https:\/\/demoweb.info\/sexshop001\/producto\/angel-panty-vibe-negro\/#breadcrumb","itemListElement":[{"@type":"ListItem","position":1,"name":"Portada","item":"https:\/\/demoweb.info\/sexshop001\/"},{"@type":"ListItem","position":2,"name":"Tienda","item":"https:\/\/demoweb.info\/sexshop001\/tienda\/"},{"@type":"ListItem","position":3,"name":"ANGEL PANTY VIBE-NEGRO"}]},{"@type":"WebSite","@id":"https:\/\/demoweb.info\/sexshop001\/#website","url":"https:\/\/demoweb.info\/sexshop001\/","name":"Tienda Er\u00f3tica","description":"DEMOWEB SL","potentialAction":[{"@type":"SearchAction","target":{"@type":"EntryPoint","urlTemplate":"https:\/\/demoweb.info\/sexshop001\/?s={search_term_string}"},"query-input":"required name=search_term_string"}],"inLanguage":"es"}]}},"_links":{"self":[{"href":"https:\/\/demoweb.info\/sexshop001\/wp-json\/wp\/v3\/product\/74424","targetHints":{"allow":["GET"]}}],"collection":[{"href":"https:\/\/demoweb.info\/sexshop001\/wp-json\/wp\/v3\/product"}],"about":[{"href":"https:\/\/demoweb.info\/sexshop001\/wp-json\/wp\/v2\/types\/product"}],"replies":[{"embeddable":true,"href":"https:\/\/demoweb.info\/sexshop001\/wp-json\/wp\/v2\/comments?post=74424"}],"wp:featuredmedia":[{"embeddable":true,"href":"https:\/\/demoweb.info\/sexshop001\/wp-json\/wp\/v2\/media\/74425"}],"wp:attachment":[{"href":"https:\/\/demoweb.info\/sexshop001\/wp-json\/wp\/v2\/media?parent=74424"}],"wp:term":[{"taxonomy":"product_cat","embeddable":true,"href":"https:\/\/demoweb.info\/sexshop001\/wp-json\/wp\/v2\/product_cat?post=74424"},{"taxonomy":"product_tag","embeddable":true,"href":"https:\/\/demoweb.info\/sexshop001\/wp-json\/wp\/v2\/product_tag?post=74424"}],"curies":[{"name":"wp","href":"https:\/\/api.w.org\/{rel}","templated":true}]}}