{"id":74417,"date":"2022-01-22T21:24:57","date_gmt":"2022-01-22T20:24:57","guid":{"rendered":"https:\/\/demoweb.info\/sexshop001\/producto\/triple-pleasure-vibrador-morado\/"},"modified":"2022-01-22T21:25:13","modified_gmt":"2022-01-22T20:25:13","slug":"triple-pleasure-vibrador-morado","status":"publish","type":"product","link":"https:\/\/demoweb.info\/sexshop001\/producto\/triple-pleasure-vibrador-morado\/","title":{"rendered":"TRIPLE PLEASURE VIBRADOR-MORADO"},"content":{"rendered":"<p><strong>TRIPLE PLEASURE VIBRADOR-MORADO<\/strong><\/p>\n<p>El Vibrador Triple Placer de la colecci\u00f3n Love Rabbit by TOYJOY es sexy, travieso e intensamente poderoso. Este vibrador de estilo conejo 3 en 1 cuenta con un eje vibrador, un estimulador del cl\u00edtoris y placenteras bolas anales.<\/p>\n<p>\u00a1Eso significa tres veces la satisfacci\u00f3n \u00edntima y las oportunidades de juego er\u00f3tico en tres veces!<\/p>\n<p>El vibrador de moda est\u00e1 hecho de silicona de alta calidad, que es hipoalerg\u00e9nica y 100% segura para el cuerpo. El elegante dise\u00f1o tambi\u00e9n ofrece 7 modos de pulsaci\u00f3n y 5 velocidades de vibraci\u00f3n, adem\u00e1s de recargable por USB.<\/p>\n<p><strong>Caracter\u00edsticas<\/strong><\/p>\n<ul>\n<li>Longitud total: 21.5 cm<\/li>\n<li>Di\u00e1metro: 4 cm<\/li>\n<li>Longitud insertable: Vibrator: 11 cm | Anal beads: 8.5 cm<\/li>\n<li>Vibrando: Si<\/li>\n<li>Modos de vibraci\u00f3n: 7<\/li>\n<li>Modos de velocidad: 5<\/li>\n<li>Resistencia al agua: A prueba de salpicaduras<\/li>\n<li>Bodysafe: Si<\/li>\n<li>Material: Silicone | ABS Plastic<\/li>\n<li>Motores: 2<\/li>\n<li>Recargable: USB rechargeable<\/li>\n<li>Bater\u00edas requeridas: Lithium Ion<\/li>\n<li>Baterias incluidas: Si<\/li>\n<li>Tiempo de carga en minutos: 120<\/li>\n<li>Tiempo de funcionamiento en minutos: 40<\/li>\n<\/ul>\n","protected":false},"excerpt":{"rendered":"<p>TRIPLE PLEASURE VIBRADOR-MORADO El Vibrador Triple Placer de la colecci\u00f3n Love Rabbit by TOYJOY es sexy, travieso e intensamente poderoso.<\/p>\n","protected":false},"featured_media":74418,"comment_status":"open","ping_status":"open","template":"","meta":[],"product_cat":[1038],"product_tag":[1701,247],"class_list":["post-74417","product","type-product","status-publish","has-post-thumbnail","hentry","product_cat-triple-estimulacion","product_tag-love-rabbits","product_tag-toyjoy"],"bundled_by":[],"bundle_stock_status":"outofstock","bundle_stock_quantity":0,"bundle_virtual":false,"bundle_layout":"","bundle_add_to_cart_form_location":"","bundle_editable_in_cart":false,"bundle_sold_individually_context":"","bundle_item_grouping":"","bundle_min_size":"","bundle_max_size":"","bundled_items":[],"yoast_head":"<!-- This site is optimized with the Yoast SEO plugin v20.6 - https:\/\/yoast.com\/wordpress\/plugins\/seo\/ -->\n<title>TRIPLE PLEASURE VIBRADOR-MORADO - Tienda Er\u00f3tica<\/title>\n<meta name=\"robots\" content=\"noindex, follow, max-snippet:-1, max-image-preview:large, max-video-preview:-1\" \/>\n<meta property=\"og:locale\" content=\"es_ES\" \/>\n<meta property=\"og:type\" content=\"article\" \/>\n<meta property=\"og:title\" content=\"TRIPLE PLEASURE VIBRADOR-MORADO - Tienda Er\u00f3tica\" \/>\n<meta property=\"og:description\" content=\"TRIPLE PLEASURE VIBRADOR-MORADO El Vibrador Triple Placer de la colecci\u00f3n Love Rabbit by TOYJOY es sexy, travieso e intensamente poderoso.\" \/>\n<meta property=\"og:url\" content=\"https:\/\/demoweb.info\/sexshop001\/producto\/triple-pleasure-vibrador-morado\/\" \/>\n<meta property=\"og:site_name\" content=\"Tienda Er\u00f3tica\" \/>\n<meta property=\"article:modified_time\" content=\"2022-01-22T20:25:13+00:00\" \/>\n<meta property=\"og:image\" content=\"https:\/\/demoweb.info\/sexshop001\/wp-content\/uploads\/2022\/01\/TRIPLE-PLEASURE-VIBRADOR-MORADO.jpg\" \/>\n\t<meta property=\"og:image:width\" content=\"550\" \/>\n\t<meta property=\"og:image:height\" content=\"550\" \/>\n\t<meta property=\"og:image:type\" content=\"image\/jpeg\" \/>\n<meta name=\"twitter:card\" content=\"summary_large_image\" \/>\n<meta name=\"twitter:label1\" content=\"Tiempo de lectura\" \/>\n\t<meta name=\"twitter:data1\" content=\"1 minuto\" \/>\n<script type=\"application\/ld+json\" class=\"yoast-schema-graph\">{\"@context\":\"https:\/\/schema.org\",\"@graph\":[{\"@type\":\"WebPage\",\"@id\":\"https:\/\/demoweb.info\/sexshop001\/producto\/triple-pleasure-vibrador-morado\/\",\"url\":\"https:\/\/demoweb.info\/sexshop001\/producto\/triple-pleasure-vibrador-morado\/\",\"name\":\"TRIPLE PLEASURE VIBRADOR-MORADO - Tienda Er\u00f3tica\",\"isPartOf\":{\"@id\":\"https:\/\/demoweb.info\/sexshop001\/#website\"},\"datePublished\":\"2022-01-22T20:24:57+00:00\",\"dateModified\":\"2022-01-22T20:25:13+00:00\",\"breadcrumb\":{\"@id\":\"https:\/\/demoweb.info\/sexshop001\/producto\/triple-pleasure-vibrador-morado\/#breadcrumb\"},\"inLanguage\":\"es\",\"potentialAction\":[{\"@type\":\"ReadAction\",\"target\":[\"https:\/\/demoweb.info\/sexshop001\/producto\/triple-pleasure-vibrador-morado\/\"]}]},{\"@type\":\"BreadcrumbList\",\"@id\":\"https:\/\/demoweb.info\/sexshop001\/producto\/triple-pleasure-vibrador-morado\/#breadcrumb\",\"itemListElement\":[{\"@type\":\"ListItem\",\"position\":1,\"name\":\"Portada\",\"item\":\"https:\/\/demoweb.info\/sexshop001\/\"},{\"@type\":\"ListItem\",\"position\":2,\"name\":\"Tienda\",\"item\":\"https:\/\/demoweb.info\/sexshop001\/tienda\/\"},{\"@type\":\"ListItem\",\"position\":3,\"name\":\"TRIPLE PLEASURE VIBRADOR-MORADO\"}]},{\"@type\":\"WebSite\",\"@id\":\"https:\/\/demoweb.info\/sexshop001\/#website\",\"url\":\"https:\/\/demoweb.info\/sexshop001\/\",\"name\":\"Tienda Er\u00f3tica\",\"description\":\"DEMOWEB SL\",\"potentialAction\":[{\"@type\":\"SearchAction\",\"target\":{\"@type\":\"EntryPoint\",\"urlTemplate\":\"https:\/\/demoweb.info\/sexshop001\/?s={search_term_string}\"},\"query-input\":\"required name=search_term_string\"}],\"inLanguage\":\"es\"}]}<\/script>\n<!-- \/ Yoast SEO plugin. -->","yoast_head_json":{"title":"TRIPLE PLEASURE VIBRADOR-MORADO - Tienda Er\u00f3tica","robots":{"index":"noindex","follow":"follow","max-snippet":"max-snippet:-1","max-image-preview":"max-image-preview:large","max-video-preview":"max-video-preview:-1"},"og_locale":"es_ES","og_type":"article","og_title":"TRIPLE PLEASURE VIBRADOR-MORADO - Tienda Er\u00f3tica","og_description":"TRIPLE PLEASURE VIBRADOR-MORADO El Vibrador Triple Placer de la colecci\u00f3n Love Rabbit by TOYJOY es sexy, travieso e intensamente poderoso.","og_url":"https:\/\/demoweb.info\/sexshop001\/producto\/triple-pleasure-vibrador-morado\/","og_site_name":"Tienda Er\u00f3tica","article_modified_time":"2022-01-22T20:25:13+00:00","og_image":[{"width":550,"height":550,"url":"https:\/\/demoweb.info\/sexshop001\/wp-content\/uploads\/2022\/01\/TRIPLE-PLEASURE-VIBRADOR-MORADO.jpg","type":"image\/jpeg"}],"twitter_card":"summary_large_image","twitter_misc":{"Tiempo de lectura":"1 minuto"},"schema":{"@context":"https:\/\/schema.org","@graph":[{"@type":"WebPage","@id":"https:\/\/demoweb.info\/sexshop001\/producto\/triple-pleasure-vibrador-morado\/","url":"https:\/\/demoweb.info\/sexshop001\/producto\/triple-pleasure-vibrador-morado\/","name":"TRIPLE PLEASURE VIBRADOR-MORADO - Tienda Er\u00f3tica","isPartOf":{"@id":"https:\/\/demoweb.info\/sexshop001\/#website"},"datePublished":"2022-01-22T20:24:57+00:00","dateModified":"2022-01-22T20:25:13+00:00","breadcrumb":{"@id":"https:\/\/demoweb.info\/sexshop001\/producto\/triple-pleasure-vibrador-morado\/#breadcrumb"},"inLanguage":"es","potentialAction":[{"@type":"ReadAction","target":["https:\/\/demoweb.info\/sexshop001\/producto\/triple-pleasure-vibrador-morado\/"]}]},{"@type":"BreadcrumbList","@id":"https:\/\/demoweb.info\/sexshop001\/producto\/triple-pleasure-vibrador-morado\/#breadcrumb","itemListElement":[{"@type":"ListItem","position":1,"name":"Portada","item":"https:\/\/demoweb.info\/sexshop001\/"},{"@type":"ListItem","position":2,"name":"Tienda","item":"https:\/\/demoweb.info\/sexshop001\/tienda\/"},{"@type":"ListItem","position":3,"name":"TRIPLE PLEASURE VIBRADOR-MORADO"}]},{"@type":"WebSite","@id":"https:\/\/demoweb.info\/sexshop001\/#website","url":"https:\/\/demoweb.info\/sexshop001\/","name":"Tienda Er\u00f3tica","description":"DEMOWEB SL","potentialAction":[{"@type":"SearchAction","target":{"@type":"EntryPoint","urlTemplate":"https:\/\/demoweb.info\/sexshop001\/?s={search_term_string}"},"query-input":"required name=search_term_string"}],"inLanguage":"es"}]}},"_links":{"self":[{"href":"https:\/\/demoweb.info\/sexshop001\/wp-json\/wp\/v3\/product\/74417","targetHints":{"allow":["GET"]}}],"collection":[{"href":"https:\/\/demoweb.info\/sexshop001\/wp-json\/wp\/v3\/product"}],"about":[{"href":"https:\/\/demoweb.info\/sexshop001\/wp-json\/wp\/v2\/types\/product"}],"replies":[{"embeddable":true,"href":"https:\/\/demoweb.info\/sexshop001\/wp-json\/wp\/v2\/comments?post=74417"}],"wp:featuredmedia":[{"embeddable":true,"href":"https:\/\/demoweb.info\/sexshop001\/wp-json\/wp\/v2\/media\/74418"}],"wp:attachment":[{"href":"https:\/\/demoweb.info\/sexshop001\/wp-json\/wp\/v2\/media?parent=74417"}],"wp:term":[{"taxonomy":"product_cat","embeddable":true,"href":"https:\/\/demoweb.info\/sexshop001\/wp-json\/wp\/v2\/product_cat?post=74417"},{"taxonomy":"product_tag","embeddable":true,"href":"https:\/\/demoweb.info\/sexshop001\/wp-json\/wp\/v2\/product_tag?post=74417"}],"curies":[{"name":"wp","href":"https:\/\/api.w.org\/{rel}","templated":true}]}}