{"id":7436,"date":"2022-01-22T09:28:53","date_gmt":"2022-01-22T08:28:53","guid":{"rendered":"https:\/\/demoweb.info\/sexshop001\/producto\/bala-de-7-velocidades-oro\/"},"modified":"2022-01-22T09:29:20","modified_gmt":"2022-01-22T08:29:20","slug":"bala-de-7-velocidades-oro","status":"publish","type":"product","link":"https:\/\/demoweb.info\/sexshop001\/producto\/bala-de-7-velocidades-oro\/","title":{"rendered":"BALA DE 7 VELOCIDADES ORO"},"content":{"rendered":"<p><strong>7 SPEED RECHARGEABLE BULLET<\/strong><\/p>\n<p>Lo puedes utilizar para la estimulaci\u00f3n del cl\u00edtoris, la vagina, el ano y el pez\u00f3n. Fabricado de ABS liso, resistente a los impactos y libre de ftalatos, este peque\u00f1o cohete de bolsillo acelera hasta 10,000 RPM. silencioso con 50dB.<\/p>\n<p>El vibrador de bala recargable por USB tiene un total de 7 modos de vibraci\u00f3n y es resistente al agua IPX7, lo que significa que puede extender su tiempo de juego en la ba\u00f1era o la ducha. Una carga completa de 60 minutos y te dar\u00e1 90 minutos de placer desenfrenado.<\/p>\n<ul>\n<li>Longitud total de 7.7cm<\/li>\n<li>Di\u00e1metro 2 cm<\/li>\n<li>Longitud insertable de 4 cm<\/li>\n<\/ul>\n","protected":false},"excerpt":{"rendered":"<p>7 SPEED RECHARGEABLE BULLET Lo puedes utilizar para la estimulaci\u00f3n del cl\u00edtoris, la vagina, el ano y el pez\u00f3n. Fabricado<\/p>\n","protected":false},"featured_media":7437,"comment_status":"open","ping_status":"open","template":"","meta":[],"product_cat":[313],"product_tag":[314,302],"class_list":["post-7436","product","type-product","status-publish","has-post-thumbnail","hentry","product_cat-balas-y-huevos","product_tag-be-good-tonight","product_tag-shots"],"bundled_by":[],"bundle_stock_status":"instock","bundle_stock_quantity":1,"bundle_virtual":false,"bundle_layout":"","bundle_add_to_cart_form_location":"","bundle_editable_in_cart":false,"bundle_sold_individually_context":"","bundle_item_grouping":"","bundle_min_size":"","bundle_max_size":"","bundled_items":[],"yoast_head":"<!-- This site is optimized with the Yoast SEO plugin v20.6 - https:\/\/yoast.com\/wordpress\/plugins\/seo\/ -->\n<title>BALA DE 7 VELOCIDADES ORO - Tienda Er\u00f3tica<\/title>\n<meta name=\"robots\" content=\"noindex, follow, max-snippet:-1, max-image-preview:large, max-video-preview:-1\" \/>\n<meta property=\"og:locale\" content=\"es_ES\" \/>\n<meta property=\"og:type\" content=\"article\" \/>\n<meta property=\"og:title\" content=\"BALA DE 7 VELOCIDADES ORO - Tienda Er\u00f3tica\" \/>\n<meta property=\"og:description\" content=\"7 SPEED RECHARGEABLE BULLET Lo puedes utilizar para la estimulaci\u00f3n del cl\u00edtoris, la vagina, el ano y el pez\u00f3n. Fabricado\" \/>\n<meta property=\"og:url\" content=\"https:\/\/demoweb.info\/sexshop001\/producto\/bala-de-7-velocidades-oro\/\" \/>\n<meta property=\"og:site_name\" content=\"Tienda Er\u00f3tica\" \/>\n<meta property=\"article:modified_time\" content=\"2022-01-22T08:29:20+00:00\" \/>\n<meta property=\"og:image\" content=\"https:\/\/demoweb.info\/sexshop001\/wp-content\/uploads\/2022\/01\/BALA-DE-7-VELOCIDADES-ORO.jpg\" \/>\n\t<meta property=\"og:image:width\" content=\"550\" \/>\n\t<meta property=\"og:image:height\" content=\"550\" \/>\n\t<meta property=\"og:image:type\" content=\"image\/jpeg\" \/>\n<meta name=\"twitter:card\" content=\"summary_large_image\" \/>\n<meta name=\"twitter:label1\" content=\"Tiempo de lectura\" \/>\n\t<meta name=\"twitter:data1\" content=\"1 minuto\" \/>\n<script type=\"application\/ld+json\" class=\"yoast-schema-graph\">{\"@context\":\"https:\/\/schema.org\",\"@graph\":[{\"@type\":\"WebPage\",\"@id\":\"https:\/\/demoweb.info\/sexshop001\/producto\/bala-de-7-velocidades-oro\/\",\"url\":\"https:\/\/demoweb.info\/sexshop001\/producto\/bala-de-7-velocidades-oro\/\",\"name\":\"BALA DE 7 VELOCIDADES ORO - Tienda Er\u00f3tica\",\"isPartOf\":{\"@id\":\"https:\/\/demoweb.info\/sexshop001\/#website\"},\"datePublished\":\"2022-01-22T08:28:53+00:00\",\"dateModified\":\"2022-01-22T08:29:20+00:00\",\"breadcrumb\":{\"@id\":\"https:\/\/demoweb.info\/sexshop001\/producto\/bala-de-7-velocidades-oro\/#breadcrumb\"},\"inLanguage\":\"es\",\"potentialAction\":[{\"@type\":\"ReadAction\",\"target\":[\"https:\/\/demoweb.info\/sexshop001\/producto\/bala-de-7-velocidades-oro\/\"]}]},{\"@type\":\"BreadcrumbList\",\"@id\":\"https:\/\/demoweb.info\/sexshop001\/producto\/bala-de-7-velocidades-oro\/#breadcrumb\",\"itemListElement\":[{\"@type\":\"ListItem\",\"position\":1,\"name\":\"Portada\",\"item\":\"https:\/\/demoweb.info\/sexshop001\/\"},{\"@type\":\"ListItem\",\"position\":2,\"name\":\"Tienda\",\"item\":\"https:\/\/demoweb.info\/sexshop001\/tienda\/\"},{\"@type\":\"ListItem\",\"position\":3,\"name\":\"BALA DE 7 VELOCIDADES ORO\"}]},{\"@type\":\"WebSite\",\"@id\":\"https:\/\/demoweb.info\/sexshop001\/#website\",\"url\":\"https:\/\/demoweb.info\/sexshop001\/\",\"name\":\"Tienda Er\u00f3tica\",\"description\":\"DEMOWEB SL\",\"potentialAction\":[{\"@type\":\"SearchAction\",\"target\":{\"@type\":\"EntryPoint\",\"urlTemplate\":\"https:\/\/demoweb.info\/sexshop001\/?s={search_term_string}\"},\"query-input\":\"required name=search_term_string\"}],\"inLanguage\":\"es\"}]}<\/script>\n<!-- \/ Yoast SEO plugin. -->","yoast_head_json":{"title":"BALA DE 7 VELOCIDADES ORO - Tienda Er\u00f3tica","robots":{"index":"noindex","follow":"follow","max-snippet":"max-snippet:-1","max-image-preview":"max-image-preview:large","max-video-preview":"max-video-preview:-1"},"og_locale":"es_ES","og_type":"article","og_title":"BALA DE 7 VELOCIDADES ORO - Tienda Er\u00f3tica","og_description":"7 SPEED RECHARGEABLE BULLET Lo puedes utilizar para la estimulaci\u00f3n del cl\u00edtoris, la vagina, el ano y el pez\u00f3n. Fabricado","og_url":"https:\/\/demoweb.info\/sexshop001\/producto\/bala-de-7-velocidades-oro\/","og_site_name":"Tienda Er\u00f3tica","article_modified_time":"2022-01-22T08:29:20+00:00","og_image":[{"width":550,"height":550,"url":"https:\/\/demoweb.info\/sexshop001\/wp-content\/uploads\/2022\/01\/BALA-DE-7-VELOCIDADES-ORO.jpg","type":"image\/jpeg"}],"twitter_card":"summary_large_image","twitter_misc":{"Tiempo de lectura":"1 minuto"},"schema":{"@context":"https:\/\/schema.org","@graph":[{"@type":"WebPage","@id":"https:\/\/demoweb.info\/sexshop001\/producto\/bala-de-7-velocidades-oro\/","url":"https:\/\/demoweb.info\/sexshop001\/producto\/bala-de-7-velocidades-oro\/","name":"BALA DE 7 VELOCIDADES ORO - Tienda Er\u00f3tica","isPartOf":{"@id":"https:\/\/demoweb.info\/sexshop001\/#website"},"datePublished":"2022-01-22T08:28:53+00:00","dateModified":"2022-01-22T08:29:20+00:00","breadcrumb":{"@id":"https:\/\/demoweb.info\/sexshop001\/producto\/bala-de-7-velocidades-oro\/#breadcrumb"},"inLanguage":"es","potentialAction":[{"@type":"ReadAction","target":["https:\/\/demoweb.info\/sexshop001\/producto\/bala-de-7-velocidades-oro\/"]}]},{"@type":"BreadcrumbList","@id":"https:\/\/demoweb.info\/sexshop001\/producto\/bala-de-7-velocidades-oro\/#breadcrumb","itemListElement":[{"@type":"ListItem","position":1,"name":"Portada","item":"https:\/\/demoweb.info\/sexshop001\/"},{"@type":"ListItem","position":2,"name":"Tienda","item":"https:\/\/demoweb.info\/sexshop001\/tienda\/"},{"@type":"ListItem","position":3,"name":"BALA DE 7 VELOCIDADES ORO"}]},{"@type":"WebSite","@id":"https:\/\/demoweb.info\/sexshop001\/#website","url":"https:\/\/demoweb.info\/sexshop001\/","name":"Tienda Er\u00f3tica","description":"DEMOWEB SL","potentialAction":[{"@type":"SearchAction","target":{"@type":"EntryPoint","urlTemplate":"https:\/\/demoweb.info\/sexshop001\/?s={search_term_string}"},"query-input":"required name=search_term_string"}],"inLanguage":"es"}]}},"_links":{"self":[{"href":"https:\/\/demoweb.info\/sexshop001\/wp-json\/wp\/v3\/product\/7436","targetHints":{"allow":["GET"]}}],"collection":[{"href":"https:\/\/demoweb.info\/sexshop001\/wp-json\/wp\/v3\/product"}],"about":[{"href":"https:\/\/demoweb.info\/sexshop001\/wp-json\/wp\/v2\/types\/product"}],"replies":[{"embeddable":true,"href":"https:\/\/demoweb.info\/sexshop001\/wp-json\/wp\/v2\/comments?post=7436"}],"wp:featuredmedia":[{"embeddable":true,"href":"https:\/\/demoweb.info\/sexshop001\/wp-json\/wp\/v2\/media\/7437"}],"wp:attachment":[{"href":"https:\/\/demoweb.info\/sexshop001\/wp-json\/wp\/v2\/media?parent=7436"}],"wp:term":[{"taxonomy":"product_cat","embeddable":true,"href":"https:\/\/demoweb.info\/sexshop001\/wp-json\/wp\/v2\/product_cat?post=7436"},{"taxonomy":"product_tag","embeddable":true,"href":"https:\/\/demoweb.info\/sexshop001\/wp-json\/wp\/v2\/product_tag?post=7436"}],"curies":[{"name":"wp","href":"https:\/\/api.w.org\/{rel}","templated":true}]}}