{"id":7416,"date":"2022-01-22T09:28:53","date_gmt":"2022-01-22T08:28:53","guid":{"rendered":"https:\/\/demoweb.info\/sexshop001\/producto\/kit-de-silicona-rojo-recargable-usb-rojo\/"},"modified":"2022-01-22T09:29:12","modified_gmt":"2022-01-22T08:29:12","slug":"kit-de-silicona-rojo-recargable-usb-rojo","status":"publish","type":"product","link":"https:\/\/demoweb.info\/sexshop001\/producto\/kit-de-silicona-rojo-recargable-usb-rojo\/","title":{"rendered":"KIT DE SILICONA ROJO RECARGABLE USB &#8211; ROJO"},"content":{"rendered":"<p><strong>SILICONE USB-RECHARGEABLE ANAL SET <\/strong><\/p>\n<p>Excitante juego de 6 piezas. Esta bala de silicona recargable v\u00eda USB est\u00e1 equipada con un motor muy potente, llegando hasta unas impresionantes 10,000 rpm y vienecon 10 excitantes modalidades de velocidad. La bala se desliza en la<br \/>\nbase de 5 diferentes plugs, los cuales var\u00edan en longitud y estructura.<\/p>\n<p>La bala recargable v\u00eda USB toma aproximadamente 2 horas en cargarse completamente y te da 45 minutos de placer anal.<br \/>\nEs impearmeable IPX7, lo que significa que podr\u00e1s tener sufuciente diversi\u00f3n durante el ba\u00f1o. Elaborado con silicona suave de grado m\u00e9dico y ABS.<\/p>\n<ul>\n<li>Cantidad de motores : 1<\/li>\n<li>Rotaciones : 10000 RPM<\/li>\n<li>Tipos de velocidad: 10<\/li>\n<li>Nivel de ruido: 50 dB<\/li>\n<li>Tiempo de recarga : 120 min<\/li>\n<\/ul>\n<p>Peso<\/p>\n<ul>\n<li>Bala: 20g<\/li>\n<li>Plug peque\u00f1o: 30g<\/li>\n<li>Plug largo: 47g<\/li>\n<li>Plug curvado peque\u00f1o: 36g<\/li>\n<li>Plug curvado medio: 55g<\/li>\n<li>Plug curvado largo: 55g<\/li>\n<\/ul>\n<p>Largo X Ancho x Alto<\/p>\n<ul>\n<li>Bala: 6,3 x 2 x 2 cm<\/li>\n<li>Plug peque\u00f1o: 8,5 x 3,5 x 3,5 cm<\/li>\n<li>Plug largo: 10,5 x 3,5 x 3,5 cm<\/li>\n<li>Plug curvado peque\u00f1o: 10,5 x 3,5 x 3,5 cm<\/li>\n<li>Plug curvado medio: 14 x 3,5 x 3,5 cm<\/li>\n<li>Plug curvado largo: 18 x 3,5 x 3,5 cm<\/li>\n<\/ul>\n<p>Di\u00e1metro del producto<\/p>\n<ul>\n<li>Bala: 2 cm<\/li>\n<li>Plug peque\u00f1o: 3 cm<\/li>\n<li>Plug largo: 3,2 cm<\/li>\n<li>Plug curvado peque\u00f1o: 3,2 cm<\/li>\n<li>Plug curvado medio: 3,2 cm<\/li>\n<li>Plug curvado largo: 2,6 cm<\/li>\n<\/ul>\n<p>Longitud insertable:<\/p>\n<ul>\n<li>Bala: 4,5 cm<\/li>\n<li>Plug peque\u00f1o:6 cm<\/li>\n<li>Plug largo: 8,5 cm<\/li>\n<li>Plug curvado peque\u00f1o: 8,5 cm<\/li>\n<li>Plug curvado medio: 12 cm<\/li>\n<li>Plug curvado largo: 15,5 cm<\/li>\n<\/ul>\n","protected":false},"excerpt":{"rendered":"<p>SILICONE USB-RECHARGEABLE ANAL SET Excitante juego de 6 piezas. Esta bala de silicona recargable v\u00eda USB est\u00e1 equipada con un<\/p>\n","protected":false},"featured_media":7417,"comment_status":"open","ping_status":"open","template":"","meta":[],"product_cat":[310],"product_tag":[307,302],"class_list":["post-7416","product","type-product","status-publish","has-post-thumbnail","hentry","product_cat-kits","product_tag-ouch","product_tag-shots"],"bundled_by":[],"bundle_stock_status":"instock","bundle_stock_quantity":1,"bundle_virtual":false,"bundle_layout":"","bundle_add_to_cart_form_location":"","bundle_editable_in_cart":false,"bundle_sold_individually_context":"","bundle_item_grouping":"","bundle_min_size":"","bundle_max_size":"","bundled_items":[],"yoast_head":"<!-- This site is optimized with the Yoast SEO plugin v20.6 - https:\/\/yoast.com\/wordpress\/plugins\/seo\/ -->\n<title>KIT DE SILICONA ROJO RECARGABLE USB - ROJO - Tienda Er\u00f3tica<\/title>\n<meta name=\"robots\" content=\"noindex, follow, max-snippet:-1, max-image-preview:large, max-video-preview:-1\" \/>\n<meta property=\"og:locale\" content=\"es_ES\" \/>\n<meta property=\"og:type\" content=\"article\" \/>\n<meta property=\"og:title\" content=\"KIT DE SILICONA ROJO RECARGABLE USB - ROJO - Tienda Er\u00f3tica\" \/>\n<meta property=\"og:description\" content=\"SILICONE USB-RECHARGEABLE ANAL SET Excitante juego de 6 piezas. Esta bala de silicona recargable v\u00eda USB est\u00e1 equipada con un\" \/>\n<meta property=\"og:url\" content=\"https:\/\/demoweb.info\/sexshop001\/producto\/kit-de-silicona-rojo-recargable-usb-rojo\/\" \/>\n<meta property=\"og:site_name\" content=\"Tienda Er\u00f3tica\" \/>\n<meta property=\"article:modified_time\" content=\"2022-01-22T08:29:12+00:00\" \/>\n<meta property=\"og:image\" content=\"https:\/\/demoweb.info\/sexshop001\/wp-content\/uploads\/2022\/01\/KIT-DE-SILICONA-ROJO-RECARGABLE-USB-ROJO.jpg\" \/>\n\t<meta property=\"og:image:width\" content=\"550\" \/>\n\t<meta property=\"og:image:height\" content=\"550\" \/>\n\t<meta property=\"og:image:type\" content=\"image\/jpeg\" \/>\n<meta name=\"twitter:card\" content=\"summary_large_image\" \/>\n<meta name=\"twitter:label1\" content=\"Tiempo de lectura\" \/>\n\t<meta name=\"twitter:data1\" content=\"1 minuto\" \/>\n<script type=\"application\/ld+json\" class=\"yoast-schema-graph\">{\"@context\":\"https:\/\/schema.org\",\"@graph\":[{\"@type\":\"WebPage\",\"@id\":\"https:\/\/demoweb.info\/sexshop001\/producto\/kit-de-silicona-rojo-recargable-usb-rojo\/\",\"url\":\"https:\/\/demoweb.info\/sexshop001\/producto\/kit-de-silicona-rojo-recargable-usb-rojo\/\",\"name\":\"KIT DE SILICONA ROJO RECARGABLE USB - ROJO - Tienda Er\u00f3tica\",\"isPartOf\":{\"@id\":\"https:\/\/demoweb.info\/sexshop001\/#website\"},\"datePublished\":\"2022-01-22T08:28:53+00:00\",\"dateModified\":\"2022-01-22T08:29:12+00:00\",\"breadcrumb\":{\"@id\":\"https:\/\/demoweb.info\/sexshop001\/producto\/kit-de-silicona-rojo-recargable-usb-rojo\/#breadcrumb\"},\"inLanguage\":\"es\",\"potentialAction\":[{\"@type\":\"ReadAction\",\"target\":[\"https:\/\/demoweb.info\/sexshop001\/producto\/kit-de-silicona-rojo-recargable-usb-rojo\/\"]}]},{\"@type\":\"BreadcrumbList\",\"@id\":\"https:\/\/demoweb.info\/sexshop001\/producto\/kit-de-silicona-rojo-recargable-usb-rojo\/#breadcrumb\",\"itemListElement\":[{\"@type\":\"ListItem\",\"position\":1,\"name\":\"Portada\",\"item\":\"https:\/\/demoweb.info\/sexshop001\/\"},{\"@type\":\"ListItem\",\"position\":2,\"name\":\"Tienda\",\"item\":\"https:\/\/demoweb.info\/sexshop001\/tienda\/\"},{\"@type\":\"ListItem\",\"position\":3,\"name\":\"KIT DE SILICONA ROJO RECARGABLE USB &#8211; ROJO\"}]},{\"@type\":\"WebSite\",\"@id\":\"https:\/\/demoweb.info\/sexshop001\/#website\",\"url\":\"https:\/\/demoweb.info\/sexshop001\/\",\"name\":\"Tienda Er\u00f3tica\",\"description\":\"DEMOWEB SL\",\"potentialAction\":[{\"@type\":\"SearchAction\",\"target\":{\"@type\":\"EntryPoint\",\"urlTemplate\":\"https:\/\/demoweb.info\/sexshop001\/?s={search_term_string}\"},\"query-input\":\"required name=search_term_string\"}],\"inLanguage\":\"es\"}]}<\/script>\n<!-- \/ Yoast SEO plugin. -->","yoast_head_json":{"title":"KIT DE SILICONA ROJO RECARGABLE USB - ROJO - Tienda Er\u00f3tica","robots":{"index":"noindex","follow":"follow","max-snippet":"max-snippet:-1","max-image-preview":"max-image-preview:large","max-video-preview":"max-video-preview:-1"},"og_locale":"es_ES","og_type":"article","og_title":"KIT DE SILICONA ROJO RECARGABLE USB - ROJO - Tienda Er\u00f3tica","og_description":"SILICONE USB-RECHARGEABLE ANAL SET Excitante juego de 6 piezas. Esta bala de silicona recargable v\u00eda USB est\u00e1 equipada con un","og_url":"https:\/\/demoweb.info\/sexshop001\/producto\/kit-de-silicona-rojo-recargable-usb-rojo\/","og_site_name":"Tienda Er\u00f3tica","article_modified_time":"2022-01-22T08:29:12+00:00","og_image":[{"width":550,"height":550,"url":"https:\/\/demoweb.info\/sexshop001\/wp-content\/uploads\/2022\/01\/KIT-DE-SILICONA-ROJO-RECARGABLE-USB-ROJO.jpg","type":"image\/jpeg"}],"twitter_card":"summary_large_image","twitter_misc":{"Tiempo de lectura":"1 minuto"},"schema":{"@context":"https:\/\/schema.org","@graph":[{"@type":"WebPage","@id":"https:\/\/demoweb.info\/sexshop001\/producto\/kit-de-silicona-rojo-recargable-usb-rojo\/","url":"https:\/\/demoweb.info\/sexshop001\/producto\/kit-de-silicona-rojo-recargable-usb-rojo\/","name":"KIT DE SILICONA ROJO RECARGABLE USB - ROJO - Tienda Er\u00f3tica","isPartOf":{"@id":"https:\/\/demoweb.info\/sexshop001\/#website"},"datePublished":"2022-01-22T08:28:53+00:00","dateModified":"2022-01-22T08:29:12+00:00","breadcrumb":{"@id":"https:\/\/demoweb.info\/sexshop001\/producto\/kit-de-silicona-rojo-recargable-usb-rojo\/#breadcrumb"},"inLanguage":"es","potentialAction":[{"@type":"ReadAction","target":["https:\/\/demoweb.info\/sexshop001\/producto\/kit-de-silicona-rojo-recargable-usb-rojo\/"]}]},{"@type":"BreadcrumbList","@id":"https:\/\/demoweb.info\/sexshop001\/producto\/kit-de-silicona-rojo-recargable-usb-rojo\/#breadcrumb","itemListElement":[{"@type":"ListItem","position":1,"name":"Portada","item":"https:\/\/demoweb.info\/sexshop001\/"},{"@type":"ListItem","position":2,"name":"Tienda","item":"https:\/\/demoweb.info\/sexshop001\/tienda\/"},{"@type":"ListItem","position":3,"name":"KIT DE SILICONA ROJO RECARGABLE USB &#8211; ROJO"}]},{"@type":"WebSite","@id":"https:\/\/demoweb.info\/sexshop001\/#website","url":"https:\/\/demoweb.info\/sexshop001\/","name":"Tienda Er\u00f3tica","description":"DEMOWEB SL","potentialAction":[{"@type":"SearchAction","target":{"@type":"EntryPoint","urlTemplate":"https:\/\/demoweb.info\/sexshop001\/?s={search_term_string}"},"query-input":"required name=search_term_string"}],"inLanguage":"es"}]}},"_links":{"self":[{"href":"https:\/\/demoweb.info\/sexshop001\/wp-json\/wp\/v3\/product\/7416","targetHints":{"allow":["GET"]}}],"collection":[{"href":"https:\/\/demoweb.info\/sexshop001\/wp-json\/wp\/v3\/product"}],"about":[{"href":"https:\/\/demoweb.info\/sexshop001\/wp-json\/wp\/v2\/types\/product"}],"replies":[{"embeddable":true,"href":"https:\/\/demoweb.info\/sexshop001\/wp-json\/wp\/v2\/comments?post=7416"}],"wp:featuredmedia":[{"embeddable":true,"href":"https:\/\/demoweb.info\/sexshop001\/wp-json\/wp\/v2\/media\/7417"}],"wp:attachment":[{"href":"https:\/\/demoweb.info\/sexshop001\/wp-json\/wp\/v2\/media?parent=7416"}],"wp:term":[{"taxonomy":"product_cat","embeddable":true,"href":"https:\/\/demoweb.info\/sexshop001\/wp-json\/wp\/v2\/product_cat?post=7416"},{"taxonomy":"product_tag","embeddable":true,"href":"https:\/\/demoweb.info\/sexshop001\/wp-json\/wp\/v2\/product_tag?post=7416"}],"curies":[{"name":"wp","href":"https:\/\/api.w.org\/{rel}","templated":true}]}}