{"id":7399,"date":"2022-01-22T09:28:53","date_gmt":"2022-01-22T08:28:53","guid":{"rendered":"https:\/\/demoweb.info\/sexshop001\/producto\/ondas-extra-largas-con-vibracion-para-la-uretra-2\/"},"modified":"2022-01-22T09:29:05","modified_gmt":"2022-01-22T08:29:05","slug":"ondas-extra-largas-con-vibracion-para-la-uretra-2","status":"publish","type":"product","link":"https:\/\/demoweb.info\/sexshop001\/producto\/ondas-extra-largas-con-vibracion-para-la-uretra-2\/","title":{"rendered":"ONDAS EXTRA LARGAS CON VIBRACI\u00d3N PARA LA URETRA"},"content":{"rendered":"<p><strong>SILICONE VIBRATING BULLET PLUG WITH BEADED TIP BLACK<\/strong><\/p>\n<p>OUCH! \u00a1Presenta una nueva l\u00ednea de juguetes para exploradores de la uretra! Si las sondas para la uretra son lo que te encienden, \u00a1entonces deja que estas suaves sondas te denel m\u00e1ximo placer!<\/p>\n<p>La uretra est\u00e1 alineada conterminaciones nerviosas s\u00faper sensibles, que pueden ser extremadamente placenteras cuando se usan para estimular. Adicionalmente,el juego profundo con la uretra es la \u00fanica forma de masajear la pr\u00f3stata directamente. OUCH! \u00a1Viene con una variedad de ondas para la uretra tanto para principiantes como para jugadores avanzados!<\/p>\n<p>Este modelo vibrador de USB RECARGABLE viene con 20 modos diferentes vibratorios s\u00faper silenciosos, con menos de 50 dB, \u00a1as\u00ed que cualquier lugar siempre ser\u00e1 el correcto para obtener el m\u00e1ximo placer! Con una carga de 2 horas completas este excelente juguete te dar\u00e1 1 hora de juego. Su parte superior redondeada te permite tener una inserci\u00f3n f\u00e1cil y sin esfuerzo. Elaborada de silicona libre de aftalato de grado m\u00e9dico, el juguete mide una longitud total de 13,5 cm (5,3\u201d) y una longitud insertable de 10,5 cm (4,41\u201d) y un di\u00e1metro de 0,4 cm (0,16\u00bb).<\/p>\n<ul>\n<li>Peso del producto    40,00 gram<\/li>\n<li>Longitud insertable    10,0 cm<\/li>\n<li>Cantidad de motores    1<\/li>\n<li>Rotaciones    1200 RPM<\/li>\n<li>Tipos de velocidad    20<\/li>\n<li>Nivel de ruido    50 dB<\/li>\n<li>Tiempo de recarga    120 min<\/li>\n<li>Vida de la recarga de las bater\u00edas    60 min<\/li>\n<li>Largo x alto x ancho<\/li>\n<li>Control remoto: 7 x 5 x 2,5 cm<\/li>\n<li>Pin: 13 x 1,2 x 1,2 cm<\/li>\n<li>Di\u00e1metro del producto: <\/li>\n<li>Control remoto 5 cm<\/li>\n<li>Pin: 1,2 cm<\/li>\n<li>Materiales    Silicone<\/li>\n<\/ul>\n","protected":false},"excerpt":{"rendered":"<p>SILICONE VIBRATING BULLET PLUG WITH BEADED TIP BLACK OUCH! \u00a1Presenta una nueva l\u00ednea de juguetes para exploradores de la uretra!<\/p>\n","protected":false},"featured_media":7400,"comment_status":"open","ping_status":"open","template":"","meta":[],"product_cat":[290],"product_tag":[307,302],"class_list":["post-7399","product","type-product","status-publish","has-post-thumbnail","hentry","product_cat-penis-plug","product_tag-ouch","product_tag-shots"],"bundled_by":[],"bundle_stock_status":"instock","bundle_stock_quantity":4,"bundle_virtual":false,"bundle_layout":"","bundle_add_to_cart_form_location":"","bundle_editable_in_cart":false,"bundle_sold_individually_context":"","bundle_item_grouping":"","bundle_min_size":"","bundle_max_size":"","bundled_items":[],"yoast_head":"<!-- This site is optimized with the Yoast SEO plugin v20.6 - https:\/\/yoast.com\/wordpress\/plugins\/seo\/ -->\n<title>ONDAS EXTRA LARGAS CON VIBRACI\u00d3N PARA LA URETRA - Tienda Er\u00f3tica<\/title>\n<meta name=\"robots\" content=\"noindex, follow, max-snippet:-1, max-image-preview:large, max-video-preview:-1\" \/>\n<meta property=\"og:locale\" content=\"es_ES\" \/>\n<meta property=\"og:type\" content=\"article\" \/>\n<meta property=\"og:title\" content=\"ONDAS EXTRA LARGAS CON VIBRACI\u00d3N PARA LA URETRA - Tienda Er\u00f3tica\" \/>\n<meta property=\"og:description\" content=\"SILICONE VIBRATING BULLET PLUG WITH BEADED TIP BLACK OUCH! \u00a1Presenta una nueva l\u00ednea de juguetes para exploradores de la uretra!\" \/>\n<meta property=\"og:url\" content=\"https:\/\/demoweb.info\/sexshop001\/producto\/ondas-extra-largas-con-vibracion-para-la-uretra-2\/\" \/>\n<meta property=\"og:site_name\" content=\"Tienda Er\u00f3tica\" \/>\n<meta property=\"article:modified_time\" content=\"2022-01-22T08:29:05+00:00\" \/>\n<meta property=\"og:image\" content=\"https:\/\/demoweb.info\/sexshop001\/wp-content\/uploads\/2022\/01\/ONDAS-EXTRA-LARGAS-CON-VIBRACION-PARA-LA-URETRA-4.jpg\" \/>\n\t<meta property=\"og:image:width\" content=\"550\" \/>\n\t<meta property=\"og:image:height\" content=\"550\" \/>\n\t<meta property=\"og:image:type\" content=\"image\/jpeg\" \/>\n<meta name=\"twitter:card\" content=\"summary_large_image\" \/>\n<meta name=\"twitter:label1\" content=\"Tiempo de lectura\" \/>\n\t<meta name=\"twitter:data1\" content=\"1 minuto\" \/>\n<script type=\"application\/ld+json\" class=\"yoast-schema-graph\">{\"@context\":\"https:\/\/schema.org\",\"@graph\":[{\"@type\":\"WebPage\",\"@id\":\"https:\/\/demoweb.info\/sexshop001\/producto\/ondas-extra-largas-con-vibracion-para-la-uretra-2\/\",\"url\":\"https:\/\/demoweb.info\/sexshop001\/producto\/ondas-extra-largas-con-vibracion-para-la-uretra-2\/\",\"name\":\"ONDAS EXTRA LARGAS CON VIBRACI\u00d3N PARA LA URETRA - Tienda Er\u00f3tica\",\"isPartOf\":{\"@id\":\"https:\/\/demoweb.info\/sexshop001\/#website\"},\"datePublished\":\"2022-01-22T08:28:53+00:00\",\"dateModified\":\"2022-01-22T08:29:05+00:00\",\"breadcrumb\":{\"@id\":\"https:\/\/demoweb.info\/sexshop001\/producto\/ondas-extra-largas-con-vibracion-para-la-uretra-2\/#breadcrumb\"},\"inLanguage\":\"es\",\"potentialAction\":[{\"@type\":\"ReadAction\",\"target\":[\"https:\/\/demoweb.info\/sexshop001\/producto\/ondas-extra-largas-con-vibracion-para-la-uretra-2\/\"]}]},{\"@type\":\"BreadcrumbList\",\"@id\":\"https:\/\/demoweb.info\/sexshop001\/producto\/ondas-extra-largas-con-vibracion-para-la-uretra-2\/#breadcrumb\",\"itemListElement\":[{\"@type\":\"ListItem\",\"position\":1,\"name\":\"Portada\",\"item\":\"https:\/\/demoweb.info\/sexshop001\/\"},{\"@type\":\"ListItem\",\"position\":2,\"name\":\"Tienda\",\"item\":\"https:\/\/demoweb.info\/sexshop001\/tienda\/\"},{\"@type\":\"ListItem\",\"position\":3,\"name\":\"ONDAS EXTRA LARGAS CON VIBRACI\u00d3N PARA LA URETRA\"}]},{\"@type\":\"WebSite\",\"@id\":\"https:\/\/demoweb.info\/sexshop001\/#website\",\"url\":\"https:\/\/demoweb.info\/sexshop001\/\",\"name\":\"Tienda Er\u00f3tica\",\"description\":\"DEMOWEB SL\",\"potentialAction\":[{\"@type\":\"SearchAction\",\"target\":{\"@type\":\"EntryPoint\",\"urlTemplate\":\"https:\/\/demoweb.info\/sexshop001\/?s={search_term_string}\"},\"query-input\":\"required name=search_term_string\"}],\"inLanguage\":\"es\"}]}<\/script>\n<!-- \/ Yoast SEO plugin. -->","yoast_head_json":{"title":"ONDAS EXTRA LARGAS CON VIBRACI\u00d3N PARA LA URETRA - Tienda Er\u00f3tica","robots":{"index":"noindex","follow":"follow","max-snippet":"max-snippet:-1","max-image-preview":"max-image-preview:large","max-video-preview":"max-video-preview:-1"},"og_locale":"es_ES","og_type":"article","og_title":"ONDAS EXTRA LARGAS CON VIBRACI\u00d3N PARA LA URETRA - Tienda Er\u00f3tica","og_description":"SILICONE VIBRATING BULLET PLUG WITH BEADED TIP BLACK OUCH! \u00a1Presenta una nueva l\u00ednea de juguetes para exploradores de la uretra!","og_url":"https:\/\/demoweb.info\/sexshop001\/producto\/ondas-extra-largas-con-vibracion-para-la-uretra-2\/","og_site_name":"Tienda Er\u00f3tica","article_modified_time":"2022-01-22T08:29:05+00:00","og_image":[{"width":550,"height":550,"url":"https:\/\/demoweb.info\/sexshop001\/wp-content\/uploads\/2022\/01\/ONDAS-EXTRA-LARGAS-CON-VIBRACION-PARA-LA-URETRA-4.jpg","type":"image\/jpeg"}],"twitter_card":"summary_large_image","twitter_misc":{"Tiempo de lectura":"1 minuto"},"schema":{"@context":"https:\/\/schema.org","@graph":[{"@type":"WebPage","@id":"https:\/\/demoweb.info\/sexshop001\/producto\/ondas-extra-largas-con-vibracion-para-la-uretra-2\/","url":"https:\/\/demoweb.info\/sexshop001\/producto\/ondas-extra-largas-con-vibracion-para-la-uretra-2\/","name":"ONDAS EXTRA LARGAS CON VIBRACI\u00d3N PARA LA URETRA - Tienda Er\u00f3tica","isPartOf":{"@id":"https:\/\/demoweb.info\/sexshop001\/#website"},"datePublished":"2022-01-22T08:28:53+00:00","dateModified":"2022-01-22T08:29:05+00:00","breadcrumb":{"@id":"https:\/\/demoweb.info\/sexshop001\/producto\/ondas-extra-largas-con-vibracion-para-la-uretra-2\/#breadcrumb"},"inLanguage":"es","potentialAction":[{"@type":"ReadAction","target":["https:\/\/demoweb.info\/sexshop001\/producto\/ondas-extra-largas-con-vibracion-para-la-uretra-2\/"]}]},{"@type":"BreadcrumbList","@id":"https:\/\/demoweb.info\/sexshop001\/producto\/ondas-extra-largas-con-vibracion-para-la-uretra-2\/#breadcrumb","itemListElement":[{"@type":"ListItem","position":1,"name":"Portada","item":"https:\/\/demoweb.info\/sexshop001\/"},{"@type":"ListItem","position":2,"name":"Tienda","item":"https:\/\/demoweb.info\/sexshop001\/tienda\/"},{"@type":"ListItem","position":3,"name":"ONDAS EXTRA LARGAS CON VIBRACI\u00d3N PARA LA URETRA"}]},{"@type":"WebSite","@id":"https:\/\/demoweb.info\/sexshop001\/#website","url":"https:\/\/demoweb.info\/sexshop001\/","name":"Tienda Er\u00f3tica","description":"DEMOWEB SL","potentialAction":[{"@type":"SearchAction","target":{"@type":"EntryPoint","urlTemplate":"https:\/\/demoweb.info\/sexshop001\/?s={search_term_string}"},"query-input":"required name=search_term_string"}],"inLanguage":"es"}]}},"_links":{"self":[{"href":"https:\/\/demoweb.info\/sexshop001\/wp-json\/wp\/v3\/product\/7399","targetHints":{"allow":["GET"]}}],"collection":[{"href":"https:\/\/demoweb.info\/sexshop001\/wp-json\/wp\/v3\/product"}],"about":[{"href":"https:\/\/demoweb.info\/sexshop001\/wp-json\/wp\/v2\/types\/product"}],"replies":[{"embeddable":true,"href":"https:\/\/demoweb.info\/sexshop001\/wp-json\/wp\/v2\/comments?post=7399"}],"wp:featuredmedia":[{"embeddable":true,"href":"https:\/\/demoweb.info\/sexshop001\/wp-json\/wp\/v2\/media\/7400"}],"wp:attachment":[{"href":"https:\/\/demoweb.info\/sexshop001\/wp-json\/wp\/v2\/media?parent=7399"}],"wp:term":[{"taxonomy":"product_cat","embeddable":true,"href":"https:\/\/demoweb.info\/sexshop001\/wp-json\/wp\/v2\/product_cat?post=7399"},{"taxonomy":"product_tag","embeddable":true,"href":"https:\/\/demoweb.info\/sexshop001\/wp-json\/wp\/v2\/product_tag?post=7399"}],"curies":[{"name":"wp","href":"https:\/\/api.w.org\/{rel}","templated":true}]}}