{"id":7394,"date":"2022-01-22T09:28:53","date_gmt":"2022-01-22T08:28:53","guid":{"rendered":"https:\/\/demoweb.info\/sexshop001\/producto\/ondas-extra-largas-con-vibracion-para-la-uretra\/"},"modified":"2022-01-22T09:29:03","modified_gmt":"2022-01-22T08:29:03","slug":"ondas-extra-largas-con-vibracion-para-la-uretra","status":"publish","type":"product","link":"https:\/\/demoweb.info\/sexshop001\/producto\/ondas-extra-largas-con-vibracion-para-la-uretra\/","title":{"rendered":"ONDAS EXTRA LARGAS CON VIBRACI\u00d3N PARA LA URETRA"},"content":{"rendered":"<p><strong>SILICONE VIBRATING BULLET PLUG WITH BEADED TIP BLACK<\/strong><\/p>\n<p>OUCH! \u00a1Presenta una nueva l\u00ednea de juguetes para exploradores de la uretra! Si las sondas para la uretra son lo que te encienden, \u00a1entonces deja que estas suaves sondas te denel m\u00e1ximo placer!<\/p>\n<p>La uretra est\u00e1 alineada conterminaciones nerviosas s\u00faper sensibles, que pueden ser extremadamente placenteras cuando se usan para estimular. Adicionalmente,el juego profundo con la uretra es la \u00fanica forma de masajear la pr\u00f3stata directamente. OUCH! \u00a1Viene con una variedad de ondas para la uretra tanto para principiantes como para jugadores avanzados!<\/p>\n<p>Este modelo vibrador tiene una variedad de sondas para la uretra tanto para principiantes como para jugadores avanzados! Este modelo vibratorio SUPER LARGO es muy flexible y su punta redondeada es de f\u00e1cil inserci\u00f3n. La sonda tiene un \u00fanico modo de vibraci\u00f3n que llega hasta unas 12 000 rpm, pero es s\u00faper silenciosa de 50 dB. Necesita de una bater\u00eda AAA (incluida). Elaborada de silicona libre de aftalato de grado m\u00e9dico, el juguete mide una longitud total de 45 cm (17,7\u201d) y una longitud insertable de 35 cm (13,41\u201d) y un di\u00e1metro de 0,5 cm (0,2\u201d).<\/p>\n<ul>\n<li>Dimensiones embalaje    38,50 x 12,50 x 2,30 cm<\/li>\n<li>Peso embalaje    64 gram<\/li>\n<li>Dimensiones del producto    45 x 2 x 2 cm<\/li>\n<li>Peso del producto    35,00 gram<\/li>\n<li>Di\u00e1metro del producto    0,6 cm<\/li>\n<li>Longitud insertable    35,0 cm<\/li>\n<li>Nivel de ruido    50 dB<\/li>\n<li>Se requieren bater\u00edas    1<\/li>\n<li>Tipo de bater\u00edas    AAA<\/li>\n<li>Bater\u00edas incluidas    S\u00ed<\/li>\n<li>A prueba de agua    S\u00ed<\/li>\n<li>A prueba de salpicaduras    S\u00ed<\/li>\n<li>Libre de ftalato    S\u00ed<\/li>\n<li>Materiales    Silicone<\/li>\n<\/ul>\n","protected":false},"excerpt":{"rendered":"<p>SILICONE VIBRATING BULLET PLUG WITH BEADED TIP BLACK OUCH! \u00a1Presenta una nueva l\u00ednea de juguetes para exploradores de la uretra!<\/p>\n","protected":false},"featured_media":7395,"comment_status":"open","ping_status":"open","template":"","meta":[],"product_cat":[290],"product_tag":[307,302],"class_list":["post-7394","product","type-product","status-publish","has-post-thumbnail","hentry","product_cat-penis-plug","product_tag-ouch","product_tag-shots"],"bundled_by":[],"bundle_stock_status":"outofstock","bundle_stock_quantity":0,"bundle_virtual":false,"bundle_layout":"","bundle_add_to_cart_form_location":"","bundle_editable_in_cart":false,"bundle_sold_individually_context":"","bundle_item_grouping":"","bundle_min_size":"","bundle_max_size":"","bundled_items":[],"yoast_head":"<!-- This site is optimized with the Yoast SEO plugin v20.6 - https:\/\/yoast.com\/wordpress\/plugins\/seo\/ -->\n<title>ONDAS EXTRA LARGAS CON VIBRACI\u00d3N PARA LA URETRA - Tienda Er\u00f3tica<\/title>\n<meta name=\"robots\" content=\"noindex, follow, max-snippet:-1, max-image-preview:large, max-video-preview:-1\" \/>\n<meta property=\"og:locale\" content=\"es_ES\" \/>\n<meta property=\"og:type\" content=\"article\" \/>\n<meta property=\"og:title\" content=\"ONDAS EXTRA LARGAS CON VIBRACI\u00d3N PARA LA URETRA - Tienda Er\u00f3tica\" \/>\n<meta property=\"og:description\" content=\"SILICONE VIBRATING BULLET PLUG WITH BEADED TIP BLACK OUCH! \u00a1Presenta una nueva l\u00ednea de juguetes para exploradores de la uretra!\" \/>\n<meta property=\"og:url\" content=\"https:\/\/demoweb.info\/sexshop001\/producto\/ondas-extra-largas-con-vibracion-para-la-uretra\/\" \/>\n<meta property=\"og:site_name\" content=\"Tienda Er\u00f3tica\" \/>\n<meta property=\"article:modified_time\" content=\"2022-01-22T08:29:03+00:00\" \/>\n<meta property=\"og:image\" content=\"https:\/\/demoweb.info\/sexshop001\/wp-content\/uploads\/2022\/01\/ONDAS-EXTRA-LARGAS-CON-VIBRACION-PARA-LA-URETRA.jpg\" \/>\n\t<meta property=\"og:image:width\" content=\"550\" \/>\n\t<meta property=\"og:image:height\" content=\"550\" \/>\n\t<meta property=\"og:image:type\" content=\"image\/jpeg\" \/>\n<meta name=\"twitter:card\" content=\"summary_large_image\" \/>\n<meta name=\"twitter:label1\" content=\"Tiempo de lectura\" \/>\n\t<meta name=\"twitter:data1\" content=\"1 minuto\" \/>\n<script type=\"application\/ld+json\" class=\"yoast-schema-graph\">{\"@context\":\"https:\/\/schema.org\",\"@graph\":[{\"@type\":\"WebPage\",\"@id\":\"https:\/\/demoweb.info\/sexshop001\/producto\/ondas-extra-largas-con-vibracion-para-la-uretra\/\",\"url\":\"https:\/\/demoweb.info\/sexshop001\/producto\/ondas-extra-largas-con-vibracion-para-la-uretra\/\",\"name\":\"ONDAS EXTRA LARGAS CON VIBRACI\u00d3N PARA LA URETRA - Tienda Er\u00f3tica\",\"isPartOf\":{\"@id\":\"https:\/\/demoweb.info\/sexshop001\/#website\"},\"datePublished\":\"2022-01-22T08:28:53+00:00\",\"dateModified\":\"2022-01-22T08:29:03+00:00\",\"breadcrumb\":{\"@id\":\"https:\/\/demoweb.info\/sexshop001\/producto\/ondas-extra-largas-con-vibracion-para-la-uretra\/#breadcrumb\"},\"inLanguage\":\"es\",\"potentialAction\":[{\"@type\":\"ReadAction\",\"target\":[\"https:\/\/demoweb.info\/sexshop001\/producto\/ondas-extra-largas-con-vibracion-para-la-uretra\/\"]}]},{\"@type\":\"BreadcrumbList\",\"@id\":\"https:\/\/demoweb.info\/sexshop001\/producto\/ondas-extra-largas-con-vibracion-para-la-uretra\/#breadcrumb\",\"itemListElement\":[{\"@type\":\"ListItem\",\"position\":1,\"name\":\"Portada\",\"item\":\"https:\/\/demoweb.info\/sexshop001\/\"},{\"@type\":\"ListItem\",\"position\":2,\"name\":\"Tienda\",\"item\":\"https:\/\/demoweb.info\/sexshop001\/tienda\/\"},{\"@type\":\"ListItem\",\"position\":3,\"name\":\"ONDAS EXTRA LARGAS CON VIBRACI\u00d3N PARA LA URETRA\"}]},{\"@type\":\"WebSite\",\"@id\":\"https:\/\/demoweb.info\/sexshop001\/#website\",\"url\":\"https:\/\/demoweb.info\/sexshop001\/\",\"name\":\"Tienda Er\u00f3tica\",\"description\":\"DEMOWEB SL\",\"potentialAction\":[{\"@type\":\"SearchAction\",\"target\":{\"@type\":\"EntryPoint\",\"urlTemplate\":\"https:\/\/demoweb.info\/sexshop001\/?s={search_term_string}\"},\"query-input\":\"required name=search_term_string\"}],\"inLanguage\":\"es\"}]}<\/script>\n<!-- \/ Yoast SEO plugin. -->","yoast_head_json":{"title":"ONDAS EXTRA LARGAS CON VIBRACI\u00d3N PARA LA URETRA - Tienda Er\u00f3tica","robots":{"index":"noindex","follow":"follow","max-snippet":"max-snippet:-1","max-image-preview":"max-image-preview:large","max-video-preview":"max-video-preview:-1"},"og_locale":"es_ES","og_type":"article","og_title":"ONDAS EXTRA LARGAS CON VIBRACI\u00d3N PARA LA URETRA - Tienda Er\u00f3tica","og_description":"SILICONE VIBRATING BULLET PLUG WITH BEADED TIP BLACK OUCH! \u00a1Presenta una nueva l\u00ednea de juguetes para exploradores de la uretra!","og_url":"https:\/\/demoweb.info\/sexshop001\/producto\/ondas-extra-largas-con-vibracion-para-la-uretra\/","og_site_name":"Tienda Er\u00f3tica","article_modified_time":"2022-01-22T08:29:03+00:00","og_image":[{"width":550,"height":550,"url":"https:\/\/demoweb.info\/sexshop001\/wp-content\/uploads\/2022\/01\/ONDAS-EXTRA-LARGAS-CON-VIBRACION-PARA-LA-URETRA.jpg","type":"image\/jpeg"}],"twitter_card":"summary_large_image","twitter_misc":{"Tiempo de lectura":"1 minuto"},"schema":{"@context":"https:\/\/schema.org","@graph":[{"@type":"WebPage","@id":"https:\/\/demoweb.info\/sexshop001\/producto\/ondas-extra-largas-con-vibracion-para-la-uretra\/","url":"https:\/\/demoweb.info\/sexshop001\/producto\/ondas-extra-largas-con-vibracion-para-la-uretra\/","name":"ONDAS EXTRA LARGAS CON VIBRACI\u00d3N PARA LA URETRA - Tienda Er\u00f3tica","isPartOf":{"@id":"https:\/\/demoweb.info\/sexshop001\/#website"},"datePublished":"2022-01-22T08:28:53+00:00","dateModified":"2022-01-22T08:29:03+00:00","breadcrumb":{"@id":"https:\/\/demoweb.info\/sexshop001\/producto\/ondas-extra-largas-con-vibracion-para-la-uretra\/#breadcrumb"},"inLanguage":"es","potentialAction":[{"@type":"ReadAction","target":["https:\/\/demoweb.info\/sexshop001\/producto\/ondas-extra-largas-con-vibracion-para-la-uretra\/"]}]},{"@type":"BreadcrumbList","@id":"https:\/\/demoweb.info\/sexshop001\/producto\/ondas-extra-largas-con-vibracion-para-la-uretra\/#breadcrumb","itemListElement":[{"@type":"ListItem","position":1,"name":"Portada","item":"https:\/\/demoweb.info\/sexshop001\/"},{"@type":"ListItem","position":2,"name":"Tienda","item":"https:\/\/demoweb.info\/sexshop001\/tienda\/"},{"@type":"ListItem","position":3,"name":"ONDAS EXTRA LARGAS CON VIBRACI\u00d3N PARA LA URETRA"}]},{"@type":"WebSite","@id":"https:\/\/demoweb.info\/sexshop001\/#website","url":"https:\/\/demoweb.info\/sexshop001\/","name":"Tienda Er\u00f3tica","description":"DEMOWEB SL","potentialAction":[{"@type":"SearchAction","target":{"@type":"EntryPoint","urlTemplate":"https:\/\/demoweb.info\/sexshop001\/?s={search_term_string}"},"query-input":"required name=search_term_string"}],"inLanguage":"es"}]}},"_links":{"self":[{"href":"https:\/\/demoweb.info\/sexshop001\/wp-json\/wp\/v3\/product\/7394","targetHints":{"allow":["GET"]}}],"collection":[{"href":"https:\/\/demoweb.info\/sexshop001\/wp-json\/wp\/v3\/product"}],"about":[{"href":"https:\/\/demoweb.info\/sexshop001\/wp-json\/wp\/v2\/types\/product"}],"replies":[{"embeddable":true,"href":"https:\/\/demoweb.info\/sexshop001\/wp-json\/wp\/v2\/comments?post=7394"}],"wp:featuredmedia":[{"embeddable":true,"href":"https:\/\/demoweb.info\/sexshop001\/wp-json\/wp\/v2\/media\/7395"}],"wp:attachment":[{"href":"https:\/\/demoweb.info\/sexshop001\/wp-json\/wp\/v2\/media?parent=7394"}],"wp:term":[{"taxonomy":"product_cat","embeddable":true,"href":"https:\/\/demoweb.info\/sexshop001\/wp-json\/wp\/v2\/product_cat?post=7394"},{"taxonomy":"product_tag","embeddable":true,"href":"https:\/\/demoweb.info\/sexshop001\/wp-json\/wp\/v2\/product_tag?post=7394"}],"curies":[{"name":"wp","href":"https:\/\/api.w.org\/{rel}","templated":true}]}}