{"id":73794,"date":"2022-01-22T21:16:59","date_gmt":"2022-01-22T20:16:59","guid":{"rendered":"https:\/\/demoweb.info\/sexshop001\/producto\/bolsa-ultra-suave-para-viaje-roja\/"},"modified":"2022-01-22T21:17:02","modified_gmt":"2022-01-22T20:17:02","slug":"bolsa-ultra-suave-para-viaje-roja","status":"publish","type":"product","link":"https:\/\/demoweb.info\/sexshop001\/producto\/bolsa-ultra-suave-para-viaje-roja\/","title":{"rendered":"BOLSA ULTRA SUAVE PARA VIAJE &#8211; ROJA"},"content":{"rendered":"<p><strong>ULTRA SOFT GEAR BAG &#8211; 8<\/strong><\/p>\n<p>Guarda tus juguetes XPlay favoritos en esta resistente bolsa de algod\u00f3n.<\/p>\n<p>XPlay Gear es el dise\u00f1o m\u00e1s innovador y de alta ingenier\u00eda de Perfect Fit Brand Inc.<br \/>\nEstos dise\u00f1os innovadores est\u00e1n destinados a los primeros usuarios, atletas sexuales y exploradores.<\/p>\n<p>Los principiantes tambi\u00e9n se beneficiar\u00e1n si se toman el tiempo para aprender a usarlos de manera efectiva.<br \/>\nEstos no son los t\u00edpicos juguetes sexuales. De hecho, preferimos el t\u00e9rmino equipo sexual: equipo para hacer lo que haces m\u00e1s f\u00e1cil, mejor y m\u00e1s seguro.<\/p>\n<p>Dimensiones del producto: 35,5 x 25,4 x 0,5 cm<\/p>\n","protected":false},"excerpt":{"rendered":"<p>ULTRA SOFT GEAR BAG &#8211; 8 Guarda tus juguetes XPlay favoritos en esta resistente bolsa de algod\u00f3n. XPlay Gear es<\/p>\n","protected":false},"featured_media":73795,"comment_status":"open","ping_status":"open","template":"","meta":[],"product_cat":[954],"product_tag":[1323,1700],"class_list":["post-73794","product","type-product","status-publish","has-post-thumbnail","hentry","product_cat-accesorios-vibradores-juguetes-xxx","product_tag-perfect-fit","product_tag-xplay"],"bundled_by":[],"bundle_stock_status":"outofstock","bundle_stock_quantity":0,"bundle_virtual":false,"bundle_layout":"","bundle_add_to_cart_form_location":"","bundle_editable_in_cart":false,"bundle_sold_individually_context":"","bundle_item_grouping":"","bundle_min_size":"","bundle_max_size":"","bundled_items":[],"yoast_head":"<!-- This site is optimized with the Yoast SEO plugin v20.6 - https:\/\/yoast.com\/wordpress\/plugins\/seo\/ -->\n<title>BOLSA ULTRA SUAVE PARA VIAJE - ROJA - Tienda Er\u00f3tica<\/title>\n<meta name=\"robots\" content=\"noindex, follow, max-snippet:-1, max-image-preview:large, max-video-preview:-1\" \/>\n<meta property=\"og:locale\" content=\"es_ES\" \/>\n<meta property=\"og:type\" content=\"article\" \/>\n<meta property=\"og:title\" content=\"BOLSA ULTRA SUAVE PARA VIAJE - ROJA - Tienda Er\u00f3tica\" \/>\n<meta property=\"og:description\" content=\"ULTRA SOFT GEAR BAG &#8211; 8 Guarda tus juguetes XPlay favoritos en esta resistente bolsa de algod\u00f3n. XPlay Gear es\" \/>\n<meta property=\"og:url\" content=\"https:\/\/demoweb.info\/sexshop001\/producto\/bolsa-ultra-suave-para-viaje-roja\/\" \/>\n<meta property=\"og:site_name\" content=\"Tienda Er\u00f3tica\" \/>\n<meta property=\"article:modified_time\" content=\"2022-01-22T20:17:02+00:00\" \/>\n<meta property=\"og:image\" content=\"https:\/\/demoweb.info\/sexshop001\/wp-content\/uploads\/2022\/01\/BOLSA-ULTRA-SUAVE-PARA-VIAJE-ROJA.jpg\" \/>\n\t<meta property=\"og:image:width\" content=\"550\" \/>\n\t<meta property=\"og:image:height\" content=\"550\" \/>\n\t<meta property=\"og:image:type\" content=\"image\/jpeg\" \/>\n<meta name=\"twitter:card\" content=\"summary_large_image\" \/>\n<meta name=\"twitter:label1\" content=\"Tiempo de lectura\" \/>\n\t<meta name=\"twitter:data1\" content=\"1 minuto\" \/>\n<script type=\"application\/ld+json\" class=\"yoast-schema-graph\">{\"@context\":\"https:\/\/schema.org\",\"@graph\":[{\"@type\":\"WebPage\",\"@id\":\"https:\/\/demoweb.info\/sexshop001\/producto\/bolsa-ultra-suave-para-viaje-roja\/\",\"url\":\"https:\/\/demoweb.info\/sexshop001\/producto\/bolsa-ultra-suave-para-viaje-roja\/\",\"name\":\"BOLSA ULTRA SUAVE PARA VIAJE - ROJA - Tienda Er\u00f3tica\",\"isPartOf\":{\"@id\":\"https:\/\/demoweb.info\/sexshop001\/#website\"},\"datePublished\":\"2022-01-22T20:16:59+00:00\",\"dateModified\":\"2022-01-22T20:17:02+00:00\",\"breadcrumb\":{\"@id\":\"https:\/\/demoweb.info\/sexshop001\/producto\/bolsa-ultra-suave-para-viaje-roja\/#breadcrumb\"},\"inLanguage\":\"es\",\"potentialAction\":[{\"@type\":\"ReadAction\",\"target\":[\"https:\/\/demoweb.info\/sexshop001\/producto\/bolsa-ultra-suave-para-viaje-roja\/\"]}]},{\"@type\":\"BreadcrumbList\",\"@id\":\"https:\/\/demoweb.info\/sexshop001\/producto\/bolsa-ultra-suave-para-viaje-roja\/#breadcrumb\",\"itemListElement\":[{\"@type\":\"ListItem\",\"position\":1,\"name\":\"Portada\",\"item\":\"https:\/\/demoweb.info\/sexshop001\/\"},{\"@type\":\"ListItem\",\"position\":2,\"name\":\"Tienda\",\"item\":\"https:\/\/demoweb.info\/sexshop001\/tienda\/\"},{\"@type\":\"ListItem\",\"position\":3,\"name\":\"BOLSA ULTRA SUAVE PARA VIAJE &#8211; ROJA\"}]},{\"@type\":\"WebSite\",\"@id\":\"https:\/\/demoweb.info\/sexshop001\/#website\",\"url\":\"https:\/\/demoweb.info\/sexshop001\/\",\"name\":\"Tienda Er\u00f3tica\",\"description\":\"DEMOWEB SL\",\"potentialAction\":[{\"@type\":\"SearchAction\",\"target\":{\"@type\":\"EntryPoint\",\"urlTemplate\":\"https:\/\/demoweb.info\/sexshop001\/?s={search_term_string}\"},\"query-input\":\"required name=search_term_string\"}],\"inLanguage\":\"es\"}]}<\/script>\n<!-- \/ Yoast SEO plugin. -->","yoast_head_json":{"title":"BOLSA ULTRA SUAVE PARA VIAJE - ROJA - Tienda Er\u00f3tica","robots":{"index":"noindex","follow":"follow","max-snippet":"max-snippet:-1","max-image-preview":"max-image-preview:large","max-video-preview":"max-video-preview:-1"},"og_locale":"es_ES","og_type":"article","og_title":"BOLSA ULTRA SUAVE PARA VIAJE - ROJA - Tienda Er\u00f3tica","og_description":"ULTRA SOFT GEAR BAG &#8211; 8 Guarda tus juguetes XPlay favoritos en esta resistente bolsa de algod\u00f3n. XPlay Gear es","og_url":"https:\/\/demoweb.info\/sexshop001\/producto\/bolsa-ultra-suave-para-viaje-roja\/","og_site_name":"Tienda Er\u00f3tica","article_modified_time":"2022-01-22T20:17:02+00:00","og_image":[{"width":550,"height":550,"url":"https:\/\/demoweb.info\/sexshop001\/wp-content\/uploads\/2022\/01\/BOLSA-ULTRA-SUAVE-PARA-VIAJE-ROJA.jpg","type":"image\/jpeg"}],"twitter_card":"summary_large_image","twitter_misc":{"Tiempo de lectura":"1 minuto"},"schema":{"@context":"https:\/\/schema.org","@graph":[{"@type":"WebPage","@id":"https:\/\/demoweb.info\/sexshop001\/producto\/bolsa-ultra-suave-para-viaje-roja\/","url":"https:\/\/demoweb.info\/sexshop001\/producto\/bolsa-ultra-suave-para-viaje-roja\/","name":"BOLSA ULTRA SUAVE PARA VIAJE - ROJA - Tienda Er\u00f3tica","isPartOf":{"@id":"https:\/\/demoweb.info\/sexshop001\/#website"},"datePublished":"2022-01-22T20:16:59+00:00","dateModified":"2022-01-22T20:17:02+00:00","breadcrumb":{"@id":"https:\/\/demoweb.info\/sexshop001\/producto\/bolsa-ultra-suave-para-viaje-roja\/#breadcrumb"},"inLanguage":"es","potentialAction":[{"@type":"ReadAction","target":["https:\/\/demoweb.info\/sexshop001\/producto\/bolsa-ultra-suave-para-viaje-roja\/"]}]},{"@type":"BreadcrumbList","@id":"https:\/\/demoweb.info\/sexshop001\/producto\/bolsa-ultra-suave-para-viaje-roja\/#breadcrumb","itemListElement":[{"@type":"ListItem","position":1,"name":"Portada","item":"https:\/\/demoweb.info\/sexshop001\/"},{"@type":"ListItem","position":2,"name":"Tienda","item":"https:\/\/demoweb.info\/sexshop001\/tienda\/"},{"@type":"ListItem","position":3,"name":"BOLSA ULTRA SUAVE PARA VIAJE &#8211; ROJA"}]},{"@type":"WebSite","@id":"https:\/\/demoweb.info\/sexshop001\/#website","url":"https:\/\/demoweb.info\/sexshop001\/","name":"Tienda Er\u00f3tica","description":"DEMOWEB SL","potentialAction":[{"@type":"SearchAction","target":{"@type":"EntryPoint","urlTemplate":"https:\/\/demoweb.info\/sexshop001\/?s={search_term_string}"},"query-input":"required name=search_term_string"}],"inLanguage":"es"}]}},"_links":{"self":[{"href":"https:\/\/demoweb.info\/sexshop001\/wp-json\/wp\/v3\/product\/73794","targetHints":{"allow":["GET"]}}],"collection":[{"href":"https:\/\/demoweb.info\/sexshop001\/wp-json\/wp\/v3\/product"}],"about":[{"href":"https:\/\/demoweb.info\/sexshop001\/wp-json\/wp\/v2\/types\/product"}],"replies":[{"embeddable":true,"href":"https:\/\/demoweb.info\/sexshop001\/wp-json\/wp\/v2\/comments?post=73794"}],"wp:featuredmedia":[{"embeddable":true,"href":"https:\/\/demoweb.info\/sexshop001\/wp-json\/wp\/v2\/media\/73795"}],"wp:attachment":[{"href":"https:\/\/demoweb.info\/sexshop001\/wp-json\/wp\/v2\/media?parent=73794"}],"wp:term":[{"taxonomy":"product_cat","embeddable":true,"href":"https:\/\/demoweb.info\/sexshop001\/wp-json\/wp\/v2\/product_cat?post=73794"},{"taxonomy":"product_tag","embeddable":true,"href":"https:\/\/demoweb.info\/sexshop001\/wp-json\/wp\/v2\/product_tag?post=73794"}],"curies":[{"name":"wp","href":"https:\/\/api.w.org\/{rel}","templated":true}]}}