{"id":7379,"date":"2022-01-22T09:28:53","date_gmt":"2022-01-22T08:28:53","guid":{"rendered":"https:\/\/demoweb.info\/sexshop001\/producto\/advanced-ondas-para-la-uretra\/"},"modified":"2022-01-22T09:28:58","modified_gmt":"2022-01-22T08:28:58","slug":"advanced-ondas-para-la-uretra","status":"publish","type":"product","link":"https:\/\/demoweb.info\/sexshop001\/producto\/advanced-ondas-para-la-uretra\/","title":{"rendered":"ADVANCED ONDAS PARA LA URETRA"},"content":{"rendered":"<p><strong>SILICONE SPIRAL SCREW PLUG SET ADVANCED URETHRAL SOUNDING BLACK<\/strong><\/p>\n<p>OUCH! \u00a1Presenta una nueva l\u00ednea de juguetes para exploradores de la uretra! Si las sondas para la uretra son lo que te encienden, \u00a1entonces deja que estas suaves sondas te den el m\u00e1ximo placer!<\/p>\n<p>La uretra est\u00e1 alineada con terminaciones nerviosas s\u00faper sensibles, que pueden ser extremadamente placenteras cuando se usan para estimular. Adicionalmente, el juego profundo con la uretra es la \u00fanica forma de masajear la pr\u00f3stata directamente. OUCH! \u00a1Viene con una variedad de sondas para la uretra tanto para principiantes como para jugadores avanzados! Este juego de 4 sondas torcidas extra largas tienen puntas puntiagudas suaves que las hace f\u00e1ciles de insertar. La cabeza plana redondeada permite que lo extraigas de manera f\u00e1cil y segura.<\/p>\n<p>Elaboradas de silicona libre de aftalatos, \u00a1s\u00faper suave de grado m\u00e9dico, etas sondas tienen una longitud total de 30 cm (6,1\u201d\u201d) para ir muy profundo! Tienen una longitud insertable de 29,6 cm (11,65\u201d) y 4 di\u00e1metros diferentes, que miden 0,7 cm (0,28\u201d), 0,8 cm (0,32\u201d), 0,9 cm (0,36\u201d) y 1 cm (0,4\u201d). Siempre, \u00fasalo con una cantidad generosa de lubricante a base de agua e ins\u00e9rtalo suave e incrementalmente para obtener el m\u00e1ximo placer.\n <\/p>\n<ul>\n<li>Longitud insertable:  29,5 cm<\/li>\n<li>A prueba de agua    S\u00ed<\/li>\n<li>A prueba de salpicaduras    S\u00ed<\/li>\n<li>Libre de ftalato    S\u00ed<\/li>\n<li>Peso<\/li>\n<li>Extra peque\u00f1o: 8g<\/li>\n<li>Peque\u00f1o: 11g<\/li>\n<li>Medio: 14g<\/li>\n<li>Largo: 18g<\/li>\n<li>Largo x ancho x altura<\/li>\n<li>Extra peque\u00f1o: 30 x 1,2 x 1,2 cm<\/li>\n<li>Peque\u00f1o 30 x 1,3 x 1,3 cm<\/li>\n<li>Mediano: 30 x 1,5 x 1,5 cm<\/li>\n<li>Largo: 30 x 1,16 x 1,6 cm<\/li>\n<li>Di\u00e1metro del producto<\/li>\n<li>Extra peque\u00f1o:  0,7 cm<\/li>\n<li>Peque\u00f1o: 0,9 cm<\/li>\n<li>Mediano: 1 cm<\/li>\n<li>Grande: 1,1 cm<\/li>\n<li>Materiales: silicona<\/li>\n<\/ul>\n","protected":false},"excerpt":{"rendered":"<p>SILICONE SPIRAL SCREW PLUG SET ADVANCED URETHRAL SOUNDING BLACK OUCH! \u00a1Presenta una nueva l\u00ednea de juguetes para exploradores de la<\/p>\n","protected":false},"featured_media":7380,"comment_status":"open","ping_status":"open","template":"","meta":[],"product_cat":[290],"product_tag":[307,302],"class_list":["post-7379","product","type-product","status-publish","has-post-thumbnail","hentry","product_cat-penis-plug","product_tag-ouch","product_tag-shots"],"bundled_by":[],"bundle_stock_status":"instock","bundle_stock_quantity":1,"bundle_virtual":false,"bundle_layout":"","bundle_add_to_cart_form_location":"","bundle_editable_in_cart":false,"bundle_sold_individually_context":"","bundle_item_grouping":"","bundle_min_size":"","bundle_max_size":"","bundled_items":[],"yoast_head":"<!-- This site is optimized with the Yoast SEO plugin v20.6 - https:\/\/yoast.com\/wordpress\/plugins\/seo\/ -->\n<title>ADVANCED ONDAS PARA LA URETRA - Tienda Er\u00f3tica<\/title>\n<meta name=\"robots\" content=\"noindex, follow, max-snippet:-1, max-image-preview:large, max-video-preview:-1\" \/>\n<meta property=\"og:locale\" content=\"es_ES\" \/>\n<meta property=\"og:type\" content=\"article\" \/>\n<meta property=\"og:title\" content=\"ADVANCED ONDAS PARA LA URETRA - Tienda Er\u00f3tica\" \/>\n<meta property=\"og:description\" content=\"SILICONE SPIRAL SCREW PLUG SET ADVANCED URETHRAL SOUNDING BLACK OUCH! \u00a1Presenta una nueva l\u00ednea de juguetes para exploradores de la\" \/>\n<meta property=\"og:url\" content=\"https:\/\/demoweb.info\/sexshop001\/producto\/advanced-ondas-para-la-uretra\/\" \/>\n<meta property=\"og:site_name\" content=\"Tienda Er\u00f3tica\" \/>\n<meta property=\"article:modified_time\" content=\"2022-01-22T08:28:58+00:00\" \/>\n<meta property=\"og:image\" content=\"https:\/\/demoweb.info\/sexshop001\/wp-content\/uploads\/2022\/01\/ADVANCED-ONDAS-PARA-LA-URETRA.jpg\" \/>\n\t<meta property=\"og:image:width\" content=\"550\" \/>\n\t<meta property=\"og:image:height\" content=\"550\" \/>\n\t<meta property=\"og:image:type\" content=\"image\/jpeg\" \/>\n<meta name=\"twitter:card\" content=\"summary_large_image\" \/>\n<meta name=\"twitter:label1\" content=\"Tiempo de lectura\" \/>\n\t<meta name=\"twitter:data1\" content=\"1 minuto\" \/>\n<script type=\"application\/ld+json\" class=\"yoast-schema-graph\">{\"@context\":\"https:\/\/schema.org\",\"@graph\":[{\"@type\":\"WebPage\",\"@id\":\"https:\/\/demoweb.info\/sexshop001\/producto\/advanced-ondas-para-la-uretra\/\",\"url\":\"https:\/\/demoweb.info\/sexshop001\/producto\/advanced-ondas-para-la-uretra\/\",\"name\":\"ADVANCED ONDAS PARA LA URETRA - Tienda Er\u00f3tica\",\"isPartOf\":{\"@id\":\"https:\/\/demoweb.info\/sexshop001\/#website\"},\"datePublished\":\"2022-01-22T08:28:53+00:00\",\"dateModified\":\"2022-01-22T08:28:58+00:00\",\"breadcrumb\":{\"@id\":\"https:\/\/demoweb.info\/sexshop001\/producto\/advanced-ondas-para-la-uretra\/#breadcrumb\"},\"inLanguage\":\"es\",\"potentialAction\":[{\"@type\":\"ReadAction\",\"target\":[\"https:\/\/demoweb.info\/sexshop001\/producto\/advanced-ondas-para-la-uretra\/\"]}]},{\"@type\":\"BreadcrumbList\",\"@id\":\"https:\/\/demoweb.info\/sexshop001\/producto\/advanced-ondas-para-la-uretra\/#breadcrumb\",\"itemListElement\":[{\"@type\":\"ListItem\",\"position\":1,\"name\":\"Portada\",\"item\":\"https:\/\/demoweb.info\/sexshop001\/\"},{\"@type\":\"ListItem\",\"position\":2,\"name\":\"Tienda\",\"item\":\"https:\/\/demoweb.info\/sexshop001\/tienda\/\"},{\"@type\":\"ListItem\",\"position\":3,\"name\":\"ADVANCED ONDAS PARA LA URETRA\"}]},{\"@type\":\"WebSite\",\"@id\":\"https:\/\/demoweb.info\/sexshop001\/#website\",\"url\":\"https:\/\/demoweb.info\/sexshop001\/\",\"name\":\"Tienda Er\u00f3tica\",\"description\":\"DEMOWEB SL\",\"potentialAction\":[{\"@type\":\"SearchAction\",\"target\":{\"@type\":\"EntryPoint\",\"urlTemplate\":\"https:\/\/demoweb.info\/sexshop001\/?s={search_term_string}\"},\"query-input\":\"required name=search_term_string\"}],\"inLanguage\":\"es\"}]}<\/script>\n<!-- \/ Yoast SEO plugin. -->","yoast_head_json":{"title":"ADVANCED ONDAS PARA LA URETRA - Tienda Er\u00f3tica","robots":{"index":"noindex","follow":"follow","max-snippet":"max-snippet:-1","max-image-preview":"max-image-preview:large","max-video-preview":"max-video-preview:-1"},"og_locale":"es_ES","og_type":"article","og_title":"ADVANCED ONDAS PARA LA URETRA - Tienda Er\u00f3tica","og_description":"SILICONE SPIRAL SCREW PLUG SET ADVANCED URETHRAL SOUNDING BLACK OUCH! \u00a1Presenta una nueva l\u00ednea de juguetes para exploradores de la","og_url":"https:\/\/demoweb.info\/sexshop001\/producto\/advanced-ondas-para-la-uretra\/","og_site_name":"Tienda Er\u00f3tica","article_modified_time":"2022-01-22T08:28:58+00:00","og_image":[{"width":550,"height":550,"url":"https:\/\/demoweb.info\/sexshop001\/wp-content\/uploads\/2022\/01\/ADVANCED-ONDAS-PARA-LA-URETRA.jpg","type":"image\/jpeg"}],"twitter_card":"summary_large_image","twitter_misc":{"Tiempo de lectura":"1 minuto"},"schema":{"@context":"https:\/\/schema.org","@graph":[{"@type":"WebPage","@id":"https:\/\/demoweb.info\/sexshop001\/producto\/advanced-ondas-para-la-uretra\/","url":"https:\/\/demoweb.info\/sexshop001\/producto\/advanced-ondas-para-la-uretra\/","name":"ADVANCED ONDAS PARA LA URETRA - Tienda Er\u00f3tica","isPartOf":{"@id":"https:\/\/demoweb.info\/sexshop001\/#website"},"datePublished":"2022-01-22T08:28:53+00:00","dateModified":"2022-01-22T08:28:58+00:00","breadcrumb":{"@id":"https:\/\/demoweb.info\/sexshop001\/producto\/advanced-ondas-para-la-uretra\/#breadcrumb"},"inLanguage":"es","potentialAction":[{"@type":"ReadAction","target":["https:\/\/demoweb.info\/sexshop001\/producto\/advanced-ondas-para-la-uretra\/"]}]},{"@type":"BreadcrumbList","@id":"https:\/\/demoweb.info\/sexshop001\/producto\/advanced-ondas-para-la-uretra\/#breadcrumb","itemListElement":[{"@type":"ListItem","position":1,"name":"Portada","item":"https:\/\/demoweb.info\/sexshop001\/"},{"@type":"ListItem","position":2,"name":"Tienda","item":"https:\/\/demoweb.info\/sexshop001\/tienda\/"},{"@type":"ListItem","position":3,"name":"ADVANCED ONDAS PARA LA URETRA"}]},{"@type":"WebSite","@id":"https:\/\/demoweb.info\/sexshop001\/#website","url":"https:\/\/demoweb.info\/sexshop001\/","name":"Tienda Er\u00f3tica","description":"DEMOWEB SL","potentialAction":[{"@type":"SearchAction","target":{"@type":"EntryPoint","urlTemplate":"https:\/\/demoweb.info\/sexshop001\/?s={search_term_string}"},"query-input":"required name=search_term_string"}],"inLanguage":"es"}]}},"_links":{"self":[{"href":"https:\/\/demoweb.info\/sexshop001\/wp-json\/wp\/v3\/product\/7379","targetHints":{"allow":["GET"]}}],"collection":[{"href":"https:\/\/demoweb.info\/sexshop001\/wp-json\/wp\/v3\/product"}],"about":[{"href":"https:\/\/demoweb.info\/sexshop001\/wp-json\/wp\/v2\/types\/product"}],"replies":[{"embeddable":true,"href":"https:\/\/demoweb.info\/sexshop001\/wp-json\/wp\/v2\/comments?post=7379"}],"wp:featuredmedia":[{"embeddable":true,"href":"https:\/\/demoweb.info\/sexshop001\/wp-json\/wp\/v2\/media\/7380"}],"wp:attachment":[{"href":"https:\/\/demoweb.info\/sexshop001\/wp-json\/wp\/v2\/media?parent=7379"}],"wp:term":[{"taxonomy":"product_cat","embeddable":true,"href":"https:\/\/demoweb.info\/sexshop001\/wp-json\/wp\/v2\/product_cat?post=7379"},{"taxonomy":"product_tag","embeddable":true,"href":"https:\/\/demoweb.info\/sexshop001\/wp-json\/wp\/v2\/product_tag?post=7379"}],"curies":[{"name":"wp","href":"https:\/\/api.w.org\/{rel}","templated":true}]}}