{"id":73776,"date":"2022-01-22T21:16:44","date_gmt":"2022-01-22T20:16:44","guid":{"rendered":"https:\/\/demoweb.info\/sexshop001\/producto\/jack-daddy-stroker-transparente\/"},"modified":"2022-01-22T21:16:48","modified_gmt":"2022-01-22T20:16:48","slug":"jack-daddy-stroker-transparente","status":"publish","type":"product","link":"https:\/\/demoweb.info\/sexshop001\/producto\/jack-daddy-stroker-transparente\/","title":{"rendered":"JACK DADDY &#8211; STROKER &#8211; TRANSPARENTE"},"content":{"rendered":"<p><strong>JACK DADDY &#8211; STROKER &#8211; CLEAR<\/strong><\/p>\n<p>Mejor masturbador seg\u00fan la revista Men&#39;s Health.<br \/>\nEl lazo para el pulgar es tan pr\u00e1ctico que querr\u00e1 agregarlo a todos sus juguetes.<\/p>\n<p>XPlay Gear es perfecto.<br \/>\nLos dise\u00f1os m\u00e1s innovadores y de alta ingenier\u00eda de Fit Brand Inc.<br \/>\nEstos dise\u00f1os innovadores est\u00e1n destinados a los principianes, atletas sexuales y exploradores.<\/p>\n<p>Los principiantes tambi\u00e9n se beneficiar\u00e1n si se toman el tiempo para aprender a usarlos de manera efectiva.<br \/>\nEstos no son los t\u00edpicos Juguetes sexuales. De hecho, preferimos el t\u00e9rmino equipo sexual: equipo para hacer lo que haces m\u00e1s f\u00e1cil, mejor y m\u00e1s seguro.<\/p>\n<p>Dimensiones del producto: 11,4 x 5,9 cm<br \/>\nDi\u00e1metro interno: 1,9 cm<\/p>\n","protected":false},"excerpt":{"rendered":"<p>JACK DADDY &#8211; STROKER &#8211; CLEAR Mejor masturbador seg\u00fan la revista Men&#39;s Health. El lazo para el pulgar es tan<\/p>\n","protected":false},"featured_media":73777,"comment_status":"open","ping_status":"open","template":"","meta":[],"product_cat":[542],"product_tag":[1323,1700],"class_list":["post-73776","product","type-product","status-publish","has-post-thumbnail","hentry","product_cat-clasicos","product_tag-perfect-fit","product_tag-xplay"],"bundled_by":[],"bundle_stock_status":"instock","bundle_stock_quantity":1,"bundle_virtual":false,"bundle_layout":"","bundle_add_to_cart_form_location":"","bundle_editable_in_cart":false,"bundle_sold_individually_context":"","bundle_item_grouping":"","bundle_min_size":"","bundle_max_size":"","bundled_items":[],"yoast_head":"<!-- This site is optimized with the Yoast SEO plugin v20.6 - https:\/\/yoast.com\/wordpress\/plugins\/seo\/ -->\n<title>JACK DADDY - STROKER - TRANSPARENTE - Tienda Er\u00f3tica<\/title>\n<meta name=\"robots\" content=\"noindex, follow, max-snippet:-1, max-image-preview:large, max-video-preview:-1\" \/>\n<meta property=\"og:locale\" content=\"es_ES\" \/>\n<meta property=\"og:type\" content=\"article\" \/>\n<meta property=\"og:title\" content=\"JACK DADDY - STROKER - TRANSPARENTE - Tienda Er\u00f3tica\" \/>\n<meta property=\"og:description\" content=\"JACK DADDY &#8211; STROKER &#8211; CLEAR Mejor masturbador seg\u00fan la revista Men&#039;s Health. El lazo para el pulgar es tan\" \/>\n<meta property=\"og:url\" content=\"https:\/\/demoweb.info\/sexshop001\/producto\/jack-daddy-stroker-transparente\/\" \/>\n<meta property=\"og:site_name\" content=\"Tienda Er\u00f3tica\" \/>\n<meta property=\"article:modified_time\" content=\"2022-01-22T20:16:48+00:00\" \/>\n<meta property=\"og:image\" content=\"https:\/\/demoweb.info\/sexshop001\/wp-content\/uploads\/2022\/01\/JACK-DADDY-STROKER-TRANSPARENTE.jpg\" \/>\n\t<meta property=\"og:image:width\" content=\"550\" \/>\n\t<meta property=\"og:image:height\" content=\"550\" \/>\n\t<meta property=\"og:image:type\" content=\"image\/jpeg\" \/>\n<meta name=\"twitter:card\" content=\"summary_large_image\" \/>\n<meta name=\"twitter:label1\" content=\"Tiempo de lectura\" \/>\n\t<meta name=\"twitter:data1\" content=\"1 minuto\" \/>\n<script type=\"application\/ld+json\" class=\"yoast-schema-graph\">{\"@context\":\"https:\/\/schema.org\",\"@graph\":[{\"@type\":\"WebPage\",\"@id\":\"https:\/\/demoweb.info\/sexshop001\/producto\/jack-daddy-stroker-transparente\/\",\"url\":\"https:\/\/demoweb.info\/sexshop001\/producto\/jack-daddy-stroker-transparente\/\",\"name\":\"JACK DADDY - STROKER - TRANSPARENTE - Tienda Er\u00f3tica\",\"isPartOf\":{\"@id\":\"https:\/\/demoweb.info\/sexshop001\/#website\"},\"datePublished\":\"2022-01-22T20:16:44+00:00\",\"dateModified\":\"2022-01-22T20:16:48+00:00\",\"breadcrumb\":{\"@id\":\"https:\/\/demoweb.info\/sexshop001\/producto\/jack-daddy-stroker-transparente\/#breadcrumb\"},\"inLanguage\":\"es\",\"potentialAction\":[{\"@type\":\"ReadAction\",\"target\":[\"https:\/\/demoweb.info\/sexshop001\/producto\/jack-daddy-stroker-transparente\/\"]}]},{\"@type\":\"BreadcrumbList\",\"@id\":\"https:\/\/demoweb.info\/sexshop001\/producto\/jack-daddy-stroker-transparente\/#breadcrumb\",\"itemListElement\":[{\"@type\":\"ListItem\",\"position\":1,\"name\":\"Portada\",\"item\":\"https:\/\/demoweb.info\/sexshop001\/\"},{\"@type\":\"ListItem\",\"position\":2,\"name\":\"Tienda\",\"item\":\"https:\/\/demoweb.info\/sexshop001\/tienda\/\"},{\"@type\":\"ListItem\",\"position\":3,\"name\":\"JACK DADDY &#8211; STROKER &#8211; TRANSPARENTE\"}]},{\"@type\":\"WebSite\",\"@id\":\"https:\/\/demoweb.info\/sexshop001\/#website\",\"url\":\"https:\/\/demoweb.info\/sexshop001\/\",\"name\":\"Tienda Er\u00f3tica\",\"description\":\"DEMOWEB SL\",\"potentialAction\":[{\"@type\":\"SearchAction\",\"target\":{\"@type\":\"EntryPoint\",\"urlTemplate\":\"https:\/\/demoweb.info\/sexshop001\/?s={search_term_string}\"},\"query-input\":\"required name=search_term_string\"}],\"inLanguage\":\"es\"}]}<\/script>\n<!-- \/ Yoast SEO plugin. -->","yoast_head_json":{"title":"JACK DADDY - STROKER - TRANSPARENTE - Tienda Er\u00f3tica","robots":{"index":"noindex","follow":"follow","max-snippet":"max-snippet:-1","max-image-preview":"max-image-preview:large","max-video-preview":"max-video-preview:-1"},"og_locale":"es_ES","og_type":"article","og_title":"JACK DADDY - STROKER - TRANSPARENTE - Tienda Er\u00f3tica","og_description":"JACK DADDY &#8211; STROKER &#8211; CLEAR Mejor masturbador seg\u00fan la revista Men&#39;s Health. El lazo para el pulgar es tan","og_url":"https:\/\/demoweb.info\/sexshop001\/producto\/jack-daddy-stroker-transparente\/","og_site_name":"Tienda Er\u00f3tica","article_modified_time":"2022-01-22T20:16:48+00:00","og_image":[{"width":550,"height":550,"url":"https:\/\/demoweb.info\/sexshop001\/wp-content\/uploads\/2022\/01\/JACK-DADDY-STROKER-TRANSPARENTE.jpg","type":"image\/jpeg"}],"twitter_card":"summary_large_image","twitter_misc":{"Tiempo de lectura":"1 minuto"},"schema":{"@context":"https:\/\/schema.org","@graph":[{"@type":"WebPage","@id":"https:\/\/demoweb.info\/sexshop001\/producto\/jack-daddy-stroker-transparente\/","url":"https:\/\/demoweb.info\/sexshop001\/producto\/jack-daddy-stroker-transparente\/","name":"JACK DADDY - STROKER - TRANSPARENTE - Tienda Er\u00f3tica","isPartOf":{"@id":"https:\/\/demoweb.info\/sexshop001\/#website"},"datePublished":"2022-01-22T20:16:44+00:00","dateModified":"2022-01-22T20:16:48+00:00","breadcrumb":{"@id":"https:\/\/demoweb.info\/sexshop001\/producto\/jack-daddy-stroker-transparente\/#breadcrumb"},"inLanguage":"es","potentialAction":[{"@type":"ReadAction","target":["https:\/\/demoweb.info\/sexshop001\/producto\/jack-daddy-stroker-transparente\/"]}]},{"@type":"BreadcrumbList","@id":"https:\/\/demoweb.info\/sexshop001\/producto\/jack-daddy-stroker-transparente\/#breadcrumb","itemListElement":[{"@type":"ListItem","position":1,"name":"Portada","item":"https:\/\/demoweb.info\/sexshop001\/"},{"@type":"ListItem","position":2,"name":"Tienda","item":"https:\/\/demoweb.info\/sexshop001\/tienda\/"},{"@type":"ListItem","position":3,"name":"JACK DADDY &#8211; STROKER &#8211; TRANSPARENTE"}]},{"@type":"WebSite","@id":"https:\/\/demoweb.info\/sexshop001\/#website","url":"https:\/\/demoweb.info\/sexshop001\/","name":"Tienda Er\u00f3tica","description":"DEMOWEB SL","potentialAction":[{"@type":"SearchAction","target":{"@type":"EntryPoint","urlTemplate":"https:\/\/demoweb.info\/sexshop001\/?s={search_term_string}"},"query-input":"required name=search_term_string"}],"inLanguage":"es"}]}},"_links":{"self":[{"href":"https:\/\/demoweb.info\/sexshop001\/wp-json\/wp\/v3\/product\/73776","targetHints":{"allow":["GET"]}}],"collection":[{"href":"https:\/\/demoweb.info\/sexshop001\/wp-json\/wp\/v3\/product"}],"about":[{"href":"https:\/\/demoweb.info\/sexshop001\/wp-json\/wp\/v2\/types\/product"}],"replies":[{"embeddable":true,"href":"https:\/\/demoweb.info\/sexshop001\/wp-json\/wp\/v2\/comments?post=73776"}],"wp:featuredmedia":[{"embeddable":true,"href":"https:\/\/demoweb.info\/sexshop001\/wp-json\/wp\/v2\/media\/73777"}],"wp:attachment":[{"href":"https:\/\/demoweb.info\/sexshop001\/wp-json\/wp\/v2\/media?parent=73776"}],"wp:term":[{"taxonomy":"product_cat","embeddable":true,"href":"https:\/\/demoweb.info\/sexshop001\/wp-json\/wp\/v2\/product_cat?post=73776"},{"taxonomy":"product_tag","embeddable":true,"href":"https:\/\/demoweb.info\/sexshop001\/wp-json\/wp\/v2\/product_tag?post=73776"}],"curies":[{"name":"wp","href":"https:\/\/api.w.org\/{rel}","templated":true}]}}