{"id":73525,"date":"2022-01-22T21:12:35","date_gmt":"2022-01-22T20:12:35","guid":{"rendered":"https:\/\/demoweb.info\/sexshop001\/producto\/le-desir-liguero-de-rejilla-con-diseno-de-besos-multicolor\/"},"modified":"2022-01-22T21:13:16","modified_gmt":"2022-01-22T20:13:16","slug":"le-desir-liguero-de-rejilla-con-diseno-de-besos-multicolor","status":"publish","type":"product","link":"https:\/\/demoweb.info\/sexshop001\/producto\/le-desir-liguero-de-rejilla-con-diseno-de-besos-multicolor\/","title":{"rendered":"LE DESIR LIGUERO DE REJILLA CON DISE\u00d1O DE BESOS &#8211; MULTICOLOR"},"content":{"rendered":"<p><strong>LE DESIR TIE DYE KISS GARTERBELT &#038; DAZZLING DEEP-V CLEAVAGE STICKER<\/strong><\/p>\n<p>Liguero de rejilla con dise\u00f1o de beso y ligas incluidas. Esta prenda est\u00e1 disponible en tallas de la S a la XL. Si quieres lucir un look irresistiblemente sensual, p\u00f3ntelo por encima de un bikini, pantalones cortos o un vestido y a\u00f1\u00e1dele el espectacular adhesivo brillante para escote de pico. O no te pongas nada debajo para vivir una aventura sensual.<\/p>\n<p>Materiales: 92% nylon, 8% spandex<\/p>\n","protected":false},"excerpt":{"rendered":"<p>LE DESIR TIE DYE KISS GARTERBELT &#038; DAZZLING DEEP-V CLEAVAGE STICKER Liguero de rejilla con dise\u00f1o de beso y ligas<\/p>\n","protected":false},"featured_media":73526,"comment_status":"open","ping_status":"open","template":"","meta":[],"product_cat":[569],"product_tag":[935,302],"class_list":["post-73525","product","type-product","status-publish","has-post-thumbnail","hentry","product_cat-ligas-y-ligueros","product_tag-le-desir","product_tag-shots"],"bundled_by":[],"bundle_stock_status":"instock","bundle_stock_quantity":1,"bundle_virtual":false,"bundle_layout":"","bundle_add_to_cart_form_location":"","bundle_editable_in_cart":false,"bundle_sold_individually_context":"","bundle_item_grouping":"","bundle_min_size":"","bundle_max_size":"","bundled_items":[],"yoast_head":"<!-- This site is optimized with the Yoast SEO plugin v20.6 - https:\/\/yoast.com\/wordpress\/plugins\/seo\/ -->\n<title>LE DESIR LIGUERO DE REJILLA CON DISE\u00d1O DE BESOS - MULTICOLOR - Tienda Er\u00f3tica<\/title>\n<meta name=\"robots\" content=\"noindex, follow, max-snippet:-1, max-image-preview:large, max-video-preview:-1\" \/>\n<meta property=\"og:locale\" content=\"es_ES\" \/>\n<meta property=\"og:type\" content=\"article\" \/>\n<meta property=\"og:title\" content=\"LE DESIR LIGUERO DE REJILLA CON DISE\u00d1O DE BESOS - MULTICOLOR - Tienda Er\u00f3tica\" \/>\n<meta property=\"og:description\" content=\"LE DESIR TIE DYE KISS GARTERBELT &#038; DAZZLING DEEP-V CLEAVAGE STICKER Liguero de rejilla con dise\u00f1o de beso y ligas\" \/>\n<meta property=\"og:url\" content=\"https:\/\/demoweb.info\/sexshop001\/producto\/le-desir-liguero-de-rejilla-con-diseno-de-besos-multicolor\/\" \/>\n<meta property=\"og:site_name\" content=\"Tienda Er\u00f3tica\" \/>\n<meta property=\"article:modified_time\" content=\"2022-01-22T20:13:16+00:00\" \/>\n<meta property=\"og:image\" content=\"https:\/\/demoweb.info\/sexshop001\/wp-content\/uploads\/2022\/01\/LE-DESIR-LIGUERO-DE-REJILLA-CON-DISENO-DE-BESOS-MULTICOLOR.jpg\" \/>\n\t<meta property=\"og:image:width\" content=\"550\" \/>\n\t<meta property=\"og:image:height\" content=\"550\" \/>\n\t<meta property=\"og:image:type\" content=\"image\/jpeg\" \/>\n<meta name=\"twitter:card\" content=\"summary_large_image\" \/>\n<script type=\"application\/ld+json\" class=\"yoast-schema-graph\">{\"@context\":\"https:\/\/schema.org\",\"@graph\":[{\"@type\":\"WebPage\",\"@id\":\"https:\/\/demoweb.info\/sexshop001\/producto\/le-desir-liguero-de-rejilla-con-diseno-de-besos-multicolor\/\",\"url\":\"https:\/\/demoweb.info\/sexshop001\/producto\/le-desir-liguero-de-rejilla-con-diseno-de-besos-multicolor\/\",\"name\":\"LE DESIR LIGUERO DE REJILLA CON DISE\u00d1O DE BESOS - MULTICOLOR - Tienda Er\u00f3tica\",\"isPartOf\":{\"@id\":\"https:\/\/demoweb.info\/sexshop001\/#website\"},\"datePublished\":\"2022-01-22T20:12:35+00:00\",\"dateModified\":\"2022-01-22T20:13:16+00:00\",\"breadcrumb\":{\"@id\":\"https:\/\/demoweb.info\/sexshop001\/producto\/le-desir-liguero-de-rejilla-con-diseno-de-besos-multicolor\/#breadcrumb\"},\"inLanguage\":\"es\",\"potentialAction\":[{\"@type\":\"ReadAction\",\"target\":[\"https:\/\/demoweb.info\/sexshop001\/producto\/le-desir-liguero-de-rejilla-con-diseno-de-besos-multicolor\/\"]}]},{\"@type\":\"BreadcrumbList\",\"@id\":\"https:\/\/demoweb.info\/sexshop001\/producto\/le-desir-liguero-de-rejilla-con-diseno-de-besos-multicolor\/#breadcrumb\",\"itemListElement\":[{\"@type\":\"ListItem\",\"position\":1,\"name\":\"Portada\",\"item\":\"https:\/\/demoweb.info\/sexshop001\/\"},{\"@type\":\"ListItem\",\"position\":2,\"name\":\"Tienda\",\"item\":\"https:\/\/demoweb.info\/sexshop001\/tienda\/\"},{\"@type\":\"ListItem\",\"position\":3,\"name\":\"LE DESIR LIGUERO DE REJILLA CON DISE\u00d1O DE BESOS &#8211; MULTICOLOR\"}]},{\"@type\":\"WebSite\",\"@id\":\"https:\/\/demoweb.info\/sexshop001\/#website\",\"url\":\"https:\/\/demoweb.info\/sexshop001\/\",\"name\":\"Tienda Er\u00f3tica\",\"description\":\"DEMOWEB SL\",\"potentialAction\":[{\"@type\":\"SearchAction\",\"target\":{\"@type\":\"EntryPoint\",\"urlTemplate\":\"https:\/\/demoweb.info\/sexshop001\/?s={search_term_string}\"},\"query-input\":\"required name=search_term_string\"}],\"inLanguage\":\"es\"}]}<\/script>\n<!-- \/ Yoast SEO plugin. -->","yoast_head_json":{"title":"LE DESIR LIGUERO DE REJILLA CON DISE\u00d1O DE BESOS - MULTICOLOR - Tienda Er\u00f3tica","robots":{"index":"noindex","follow":"follow","max-snippet":"max-snippet:-1","max-image-preview":"max-image-preview:large","max-video-preview":"max-video-preview:-1"},"og_locale":"es_ES","og_type":"article","og_title":"LE DESIR LIGUERO DE REJILLA CON DISE\u00d1O DE BESOS - MULTICOLOR - Tienda Er\u00f3tica","og_description":"LE DESIR TIE DYE KISS GARTERBELT &#038; DAZZLING DEEP-V CLEAVAGE STICKER Liguero de rejilla con dise\u00f1o de beso y ligas","og_url":"https:\/\/demoweb.info\/sexshop001\/producto\/le-desir-liguero-de-rejilla-con-diseno-de-besos-multicolor\/","og_site_name":"Tienda Er\u00f3tica","article_modified_time":"2022-01-22T20:13:16+00:00","og_image":[{"width":550,"height":550,"url":"https:\/\/demoweb.info\/sexshop001\/wp-content\/uploads\/2022\/01\/LE-DESIR-LIGUERO-DE-REJILLA-CON-DISENO-DE-BESOS-MULTICOLOR.jpg","type":"image\/jpeg"}],"twitter_card":"summary_large_image","schema":{"@context":"https:\/\/schema.org","@graph":[{"@type":"WebPage","@id":"https:\/\/demoweb.info\/sexshop001\/producto\/le-desir-liguero-de-rejilla-con-diseno-de-besos-multicolor\/","url":"https:\/\/demoweb.info\/sexshop001\/producto\/le-desir-liguero-de-rejilla-con-diseno-de-besos-multicolor\/","name":"LE DESIR LIGUERO DE REJILLA CON DISE\u00d1O DE BESOS - MULTICOLOR - Tienda Er\u00f3tica","isPartOf":{"@id":"https:\/\/demoweb.info\/sexshop001\/#website"},"datePublished":"2022-01-22T20:12:35+00:00","dateModified":"2022-01-22T20:13:16+00:00","breadcrumb":{"@id":"https:\/\/demoweb.info\/sexshop001\/producto\/le-desir-liguero-de-rejilla-con-diseno-de-besos-multicolor\/#breadcrumb"},"inLanguage":"es","potentialAction":[{"@type":"ReadAction","target":["https:\/\/demoweb.info\/sexshop001\/producto\/le-desir-liguero-de-rejilla-con-diseno-de-besos-multicolor\/"]}]},{"@type":"BreadcrumbList","@id":"https:\/\/demoweb.info\/sexshop001\/producto\/le-desir-liguero-de-rejilla-con-diseno-de-besos-multicolor\/#breadcrumb","itemListElement":[{"@type":"ListItem","position":1,"name":"Portada","item":"https:\/\/demoweb.info\/sexshop001\/"},{"@type":"ListItem","position":2,"name":"Tienda","item":"https:\/\/demoweb.info\/sexshop001\/tienda\/"},{"@type":"ListItem","position":3,"name":"LE DESIR LIGUERO DE REJILLA CON DISE\u00d1O DE BESOS &#8211; MULTICOLOR"}]},{"@type":"WebSite","@id":"https:\/\/demoweb.info\/sexshop001\/#website","url":"https:\/\/demoweb.info\/sexshop001\/","name":"Tienda Er\u00f3tica","description":"DEMOWEB SL","potentialAction":[{"@type":"SearchAction","target":{"@type":"EntryPoint","urlTemplate":"https:\/\/demoweb.info\/sexshop001\/?s={search_term_string}"},"query-input":"required name=search_term_string"}],"inLanguage":"es"}]}},"_links":{"self":[{"href":"https:\/\/demoweb.info\/sexshop001\/wp-json\/wp\/v3\/product\/73525","targetHints":{"allow":["GET"]}}],"collection":[{"href":"https:\/\/demoweb.info\/sexshop001\/wp-json\/wp\/v3\/product"}],"about":[{"href":"https:\/\/demoweb.info\/sexshop001\/wp-json\/wp\/v2\/types\/product"}],"replies":[{"embeddable":true,"href":"https:\/\/demoweb.info\/sexshop001\/wp-json\/wp\/v2\/comments?post=73525"}],"wp:featuredmedia":[{"embeddable":true,"href":"https:\/\/demoweb.info\/sexshop001\/wp-json\/wp\/v2\/media\/73526"}],"wp:attachment":[{"href":"https:\/\/demoweb.info\/sexshop001\/wp-json\/wp\/v2\/media?parent=73525"}],"wp:term":[{"taxonomy":"product_cat","embeddable":true,"href":"https:\/\/demoweb.info\/sexshop001\/wp-json\/wp\/v2\/product_cat?post=73525"},{"taxonomy":"product_tag","embeddable":true,"href":"https:\/\/demoweb.info\/sexshop001\/wp-json\/wp\/v2\/product_tag?post=73525"}],"curies":[{"name":"wp","href":"https:\/\/api.w.org\/{rel}","templated":true}]}}