{"id":73386,"date":"2022-01-22T21:11:19","date_gmt":"2022-01-22T20:11:19","guid":{"rendered":"https:\/\/demoweb.info\/sexshop001\/producto\/ice-luge-enorme-pene-congelado\/"},"modified":"2022-01-22T21:11:19","modified_gmt":"2022-01-22T20:11:19","slug":"ice-luge-enorme-pene-congelado","status":"publish","type":"product","link":"https:\/\/demoweb.info\/sexshop001\/producto\/ice-luge-enorme-pene-congelado\/","title":{"rendered":"ICE LUGE &#8211; ENORME PENE CONGELADO"},"content":{"rendered":"<p><strong>HUGE PENIS ICE LUGE FREEZE AT HOME<\/strong><\/p>\n<p>Est\u00e1 todo listo para que tu y tus invitados disfrut\u00e9is del l\u00edquido helado de Huge Penis Ice Luge.<\/p>\n<p>Este molde de trineo de hielo cabe en la mayor\u00eda de los congeladores puesto que es de tama\u00f1o est\u00e1ndar y es f\u00e1cil de llenar a trav\u00e9s del orificio de llenado<\/p>\n<p>Una vez que est\u00e9 lleno hasta la l\u00ednea de llenado al 90%, col\u00f3quelo en el congelador hasta que se congele.<br \/>\nEl tiempo de congelaci\u00f3n depende de la configuraci\u00f3n del congelador, pero 24\/48 horas deber\u00edan ser suficientes<\/p>\n","protected":false},"excerpt":{"rendered":"<p>HUGE PENIS ICE LUGE FREEZE AT HOME Est\u00e1 todo listo para que tu y tus invitados disfrut\u00e9is del l\u00edquido helado<\/p>\n","protected":false},"featured_media":73387,"comment_status":"open","ping_status":"open","template":"","meta":[],"product_cat":[423],"product_tag":[1272],"class_list":["post-73386","product","type-product","status-publish","has-post-thumbnail","hentry","product_cat-accesorios","product_tag-cum-face"],"bundled_by":[],"bundle_stock_status":"instock","bundle_stock_quantity":25,"bundle_virtual":false,"bundle_layout":"","bundle_add_to_cart_form_location":"","bundle_editable_in_cart":false,"bundle_sold_individually_context":"","bundle_item_grouping":"","bundle_min_size":"","bundle_max_size":"","bundled_items":[],"yoast_head":"<!-- This site is optimized with the Yoast SEO plugin v20.6 - https:\/\/yoast.com\/wordpress\/plugins\/seo\/ -->\n<title>ICE LUGE - ENORME PENE CONGELADO - Tienda Er\u00f3tica<\/title>\n<meta name=\"robots\" content=\"noindex, follow, max-snippet:-1, max-image-preview:large, max-video-preview:-1\" \/>\n<meta property=\"og:locale\" content=\"es_ES\" \/>\n<meta property=\"og:type\" content=\"article\" \/>\n<meta property=\"og:title\" content=\"ICE LUGE - ENORME PENE CONGELADO - Tienda Er\u00f3tica\" \/>\n<meta property=\"og:description\" content=\"HUGE PENIS ICE LUGE FREEZE AT HOME Est\u00e1 todo listo para que tu y tus invitados disfrut\u00e9is del l\u00edquido helado\" \/>\n<meta property=\"og:url\" content=\"https:\/\/demoweb.info\/sexshop001\/producto\/ice-luge-enorme-pene-congelado\/\" \/>\n<meta property=\"og:site_name\" content=\"Tienda Er\u00f3tica\" \/>\n<meta property=\"og:image\" content=\"https:\/\/demoweb.info\/sexshop001\/wp-content\/uploads\/2022\/01\/ICE-LUGE-ENORME-PENE-CONGELADO.jpg\" \/>\n\t<meta property=\"og:image:width\" content=\"550\" \/>\n\t<meta property=\"og:image:height\" content=\"550\" \/>\n\t<meta property=\"og:image:type\" content=\"image\/jpeg\" \/>\n<meta name=\"twitter:card\" content=\"summary_large_image\" \/>\n<meta name=\"twitter:label1\" content=\"Tiempo de lectura\" \/>\n\t<meta name=\"twitter:data1\" content=\"1 minuto\" \/>\n<script type=\"application\/ld+json\" class=\"yoast-schema-graph\">{\"@context\":\"https:\/\/schema.org\",\"@graph\":[{\"@type\":\"WebPage\",\"@id\":\"https:\/\/demoweb.info\/sexshop001\/producto\/ice-luge-enorme-pene-congelado\/\",\"url\":\"https:\/\/demoweb.info\/sexshop001\/producto\/ice-luge-enorme-pene-congelado\/\",\"name\":\"ICE LUGE - ENORME PENE CONGELADO - Tienda Er\u00f3tica\",\"isPartOf\":{\"@id\":\"https:\/\/demoweb.info\/sexshop001\/#website\"},\"datePublished\":\"2022-01-22T20:11:19+00:00\",\"dateModified\":\"2022-01-22T20:11:19+00:00\",\"breadcrumb\":{\"@id\":\"https:\/\/demoweb.info\/sexshop001\/producto\/ice-luge-enorme-pene-congelado\/#breadcrumb\"},\"inLanguage\":\"es\",\"potentialAction\":[{\"@type\":\"ReadAction\",\"target\":[\"https:\/\/demoweb.info\/sexshop001\/producto\/ice-luge-enorme-pene-congelado\/\"]}]},{\"@type\":\"BreadcrumbList\",\"@id\":\"https:\/\/demoweb.info\/sexshop001\/producto\/ice-luge-enorme-pene-congelado\/#breadcrumb\",\"itemListElement\":[{\"@type\":\"ListItem\",\"position\":1,\"name\":\"Portada\",\"item\":\"https:\/\/demoweb.info\/sexshop001\/\"},{\"@type\":\"ListItem\",\"position\":2,\"name\":\"Tienda\",\"item\":\"https:\/\/demoweb.info\/sexshop001\/tienda\/\"},{\"@type\":\"ListItem\",\"position\":3,\"name\":\"ICE LUGE &#8211; ENORME PENE CONGELADO\"}]},{\"@type\":\"WebSite\",\"@id\":\"https:\/\/demoweb.info\/sexshop001\/#website\",\"url\":\"https:\/\/demoweb.info\/sexshop001\/\",\"name\":\"Tienda Er\u00f3tica\",\"description\":\"DEMOWEB SL\",\"potentialAction\":[{\"@type\":\"SearchAction\",\"target\":{\"@type\":\"EntryPoint\",\"urlTemplate\":\"https:\/\/demoweb.info\/sexshop001\/?s={search_term_string}\"},\"query-input\":\"required name=search_term_string\"}],\"inLanguage\":\"es\"}]}<\/script>\n<!-- \/ Yoast SEO plugin. -->","yoast_head_json":{"title":"ICE LUGE - ENORME PENE CONGELADO - Tienda Er\u00f3tica","robots":{"index":"noindex","follow":"follow","max-snippet":"max-snippet:-1","max-image-preview":"max-image-preview:large","max-video-preview":"max-video-preview:-1"},"og_locale":"es_ES","og_type":"article","og_title":"ICE LUGE - ENORME PENE CONGELADO - Tienda Er\u00f3tica","og_description":"HUGE PENIS ICE LUGE FREEZE AT HOME Est\u00e1 todo listo para que tu y tus invitados disfrut\u00e9is del l\u00edquido helado","og_url":"https:\/\/demoweb.info\/sexshop001\/producto\/ice-luge-enorme-pene-congelado\/","og_site_name":"Tienda Er\u00f3tica","og_image":[{"width":550,"height":550,"url":"https:\/\/demoweb.info\/sexshop001\/wp-content\/uploads\/2022\/01\/ICE-LUGE-ENORME-PENE-CONGELADO.jpg","type":"image\/jpeg"}],"twitter_card":"summary_large_image","twitter_misc":{"Tiempo de lectura":"1 minuto"},"schema":{"@context":"https:\/\/schema.org","@graph":[{"@type":"WebPage","@id":"https:\/\/demoweb.info\/sexshop001\/producto\/ice-luge-enorme-pene-congelado\/","url":"https:\/\/demoweb.info\/sexshop001\/producto\/ice-luge-enorme-pene-congelado\/","name":"ICE LUGE - ENORME PENE CONGELADO - Tienda Er\u00f3tica","isPartOf":{"@id":"https:\/\/demoweb.info\/sexshop001\/#website"},"datePublished":"2022-01-22T20:11:19+00:00","dateModified":"2022-01-22T20:11:19+00:00","breadcrumb":{"@id":"https:\/\/demoweb.info\/sexshop001\/producto\/ice-luge-enorme-pene-congelado\/#breadcrumb"},"inLanguage":"es","potentialAction":[{"@type":"ReadAction","target":["https:\/\/demoweb.info\/sexshop001\/producto\/ice-luge-enorme-pene-congelado\/"]}]},{"@type":"BreadcrumbList","@id":"https:\/\/demoweb.info\/sexshop001\/producto\/ice-luge-enorme-pene-congelado\/#breadcrumb","itemListElement":[{"@type":"ListItem","position":1,"name":"Portada","item":"https:\/\/demoweb.info\/sexshop001\/"},{"@type":"ListItem","position":2,"name":"Tienda","item":"https:\/\/demoweb.info\/sexshop001\/tienda\/"},{"@type":"ListItem","position":3,"name":"ICE LUGE &#8211; ENORME PENE CONGELADO"}]},{"@type":"WebSite","@id":"https:\/\/demoweb.info\/sexshop001\/#website","url":"https:\/\/demoweb.info\/sexshop001\/","name":"Tienda Er\u00f3tica","description":"DEMOWEB SL","potentialAction":[{"@type":"SearchAction","target":{"@type":"EntryPoint","urlTemplate":"https:\/\/demoweb.info\/sexshop001\/?s={search_term_string}"},"query-input":"required name=search_term_string"}],"inLanguage":"es"}]}},"_links":{"self":[{"href":"https:\/\/demoweb.info\/sexshop001\/wp-json\/wp\/v3\/product\/73386","targetHints":{"allow":["GET"]}}],"collection":[{"href":"https:\/\/demoweb.info\/sexshop001\/wp-json\/wp\/v3\/product"}],"about":[{"href":"https:\/\/demoweb.info\/sexshop001\/wp-json\/wp\/v2\/types\/product"}],"replies":[{"embeddable":true,"href":"https:\/\/demoweb.info\/sexshop001\/wp-json\/wp\/v2\/comments?post=73386"}],"wp:featuredmedia":[{"embeddable":true,"href":"https:\/\/demoweb.info\/sexshop001\/wp-json\/wp\/v2\/media\/73387"}],"wp:attachment":[{"href":"https:\/\/demoweb.info\/sexshop001\/wp-json\/wp\/v2\/media?parent=73386"}],"wp:term":[{"taxonomy":"product_cat","embeddable":true,"href":"https:\/\/demoweb.info\/sexshop001\/wp-json\/wp\/v2\/product_cat?post=73386"},{"taxonomy":"product_tag","embeddable":true,"href":"https:\/\/demoweb.info\/sexshop001\/wp-json\/wp\/v2\/product_tag?post=73386"}],"curies":[{"name":"wp","href":"https:\/\/api.w.org\/{rel}","templated":true}]}}