{"id":73346,"date":"2022-01-22T21:10:31","date_gmt":"2022-01-22T20:10:31","guid":{"rendered":"https:\/\/demoweb.info\/sexshop001\/producto\/jessica-set-royal-blue\/"},"modified":"2022-01-22T21:10:46","modified_gmt":"2022-01-22T20:10:46","slug":"jessica-set-royal-blue","status":"publish","type":"product","link":"https:\/\/demoweb.info\/sexshop001\/producto\/jessica-set-royal-blue\/","title":{"rendered":"JESSICA SET ROYAL BLUE"},"content":{"rendered":"<p><strong>JESSICA SET ROYAL BLUE<\/strong><\/p>\n<p>\u00a1Un buen vibrador da placer, pero un gran vibrador es placer y DIVERSI\u00d3N!<br \/>\nPara romper una aburrida funci\u00f3n \u00fanica de los vibradores, ZALO crea este masajeador Jessica para parejas y para jugar en solitario, para desbloquear m\u00faltiples formas de divertirse.<\/p>\n<p>El dise\u00f1o est\u00e1 inspirado en la cultura del arte rococ\u00f3 del Palacio de Versalles en Par\u00eds en el siglo XVII. Utilizamos los elementos de dise\u00f1o basados   en la preferencia de la nobleza francesa para crear este elegante producto de lujo.<\/p>\n<p>Caracter\u00edsticas:<\/p>\n<ul>\n<li>Dimensiones del producto    15,8 x 4,6 x 3,3 cm<\/li>\n<li>Peso del producto    140 gram<\/li>\n<li>Cantidad de motores    2<\/li>\n<li>Rotaciones    7000 RPM<\/li>\n<li>Consejo acerca de la vibraci\u00f3n de rotaci\u00f3n    7000 RPM<\/li>\n<li>Tipos de velocidad    8<\/li>\n<li>Velocidad m\u00faltiple    S\u00ed<\/li>\n<li>Recargable    S\u00ed<\/li>\n<li>Tiempo de recarga    120 min<\/li>\n<li>Vida de la recarga de las bater\u00edas    120 min<\/li>\n<li>A prueba de agua    S\u00ed<\/li>\n<\/ul>\n","protected":false},"excerpt":{"rendered":"<p>JESSICA SET ROYAL BLUE \u00a1Un buen vibrador da placer, pero un gran vibrador es placer y DIVERSI\u00d3N! Para romper una<\/p>\n","protected":false},"featured_media":73347,"comment_status":"open","ping_status":"open","template":"","meta":[],"product_cat":[445],"product_tag":[503],"class_list":["post-73346","product","type-product","status-publish","has-post-thumbnail","hentry","product_cat-para-parejas-vibradores-juguetes-xxx","product_tag-zalo"],"bundled_by":[],"bundle_stock_status":"instock","bundle_stock_quantity":1,"bundle_virtual":false,"bundle_layout":"","bundle_add_to_cart_form_location":"","bundle_editable_in_cart":false,"bundle_sold_individually_context":"","bundle_item_grouping":"","bundle_min_size":"","bundle_max_size":"","bundled_items":[],"yoast_head":"<!-- This site is optimized with the Yoast SEO plugin v20.6 - https:\/\/yoast.com\/wordpress\/plugins\/seo\/ -->\n<title>JESSICA SET ROYAL BLUE - Tienda Er\u00f3tica<\/title>\n<meta name=\"robots\" content=\"noindex, follow, max-snippet:-1, max-image-preview:large, max-video-preview:-1\" \/>\n<meta property=\"og:locale\" content=\"es_ES\" \/>\n<meta property=\"og:type\" content=\"article\" \/>\n<meta property=\"og:title\" content=\"JESSICA SET ROYAL BLUE - Tienda Er\u00f3tica\" \/>\n<meta property=\"og:description\" content=\"JESSICA SET ROYAL BLUE \u00a1Un buen vibrador da placer, pero un gran vibrador es placer y DIVERSI\u00d3N! Para romper una\" \/>\n<meta property=\"og:url\" content=\"https:\/\/demoweb.info\/sexshop001\/producto\/jessica-set-royal-blue\/\" \/>\n<meta property=\"og:site_name\" content=\"Tienda Er\u00f3tica\" \/>\n<meta property=\"article:modified_time\" content=\"2022-01-22T20:10:46+00:00\" \/>\n<meta property=\"og:image\" content=\"https:\/\/demoweb.info\/sexshop001\/wp-content\/uploads\/2022\/01\/JESSICA-SET-ROYAL-BLUE.jpg\" \/>\n\t<meta property=\"og:image:width\" content=\"550\" \/>\n\t<meta property=\"og:image:height\" content=\"550\" \/>\n\t<meta property=\"og:image:type\" content=\"image\/jpeg\" \/>\n<meta name=\"twitter:card\" content=\"summary_large_image\" \/>\n<meta name=\"twitter:label1\" content=\"Tiempo de lectura\" \/>\n\t<meta name=\"twitter:data1\" content=\"1 minuto\" \/>\n<script type=\"application\/ld+json\" class=\"yoast-schema-graph\">{\"@context\":\"https:\/\/schema.org\",\"@graph\":[{\"@type\":\"WebPage\",\"@id\":\"https:\/\/demoweb.info\/sexshop001\/producto\/jessica-set-royal-blue\/\",\"url\":\"https:\/\/demoweb.info\/sexshop001\/producto\/jessica-set-royal-blue\/\",\"name\":\"JESSICA SET ROYAL BLUE - Tienda Er\u00f3tica\",\"isPartOf\":{\"@id\":\"https:\/\/demoweb.info\/sexshop001\/#website\"},\"datePublished\":\"2022-01-22T20:10:31+00:00\",\"dateModified\":\"2022-01-22T20:10:46+00:00\",\"breadcrumb\":{\"@id\":\"https:\/\/demoweb.info\/sexshop001\/producto\/jessica-set-royal-blue\/#breadcrumb\"},\"inLanguage\":\"es\",\"potentialAction\":[{\"@type\":\"ReadAction\",\"target\":[\"https:\/\/demoweb.info\/sexshop001\/producto\/jessica-set-royal-blue\/\"]}]},{\"@type\":\"BreadcrumbList\",\"@id\":\"https:\/\/demoweb.info\/sexshop001\/producto\/jessica-set-royal-blue\/#breadcrumb\",\"itemListElement\":[{\"@type\":\"ListItem\",\"position\":1,\"name\":\"Portada\",\"item\":\"https:\/\/demoweb.info\/sexshop001\/\"},{\"@type\":\"ListItem\",\"position\":2,\"name\":\"Tienda\",\"item\":\"https:\/\/demoweb.info\/sexshop001\/tienda\/\"},{\"@type\":\"ListItem\",\"position\":3,\"name\":\"JESSICA SET ROYAL BLUE\"}]},{\"@type\":\"WebSite\",\"@id\":\"https:\/\/demoweb.info\/sexshop001\/#website\",\"url\":\"https:\/\/demoweb.info\/sexshop001\/\",\"name\":\"Tienda Er\u00f3tica\",\"description\":\"DEMOWEB SL\",\"potentialAction\":[{\"@type\":\"SearchAction\",\"target\":{\"@type\":\"EntryPoint\",\"urlTemplate\":\"https:\/\/demoweb.info\/sexshop001\/?s={search_term_string}\"},\"query-input\":\"required name=search_term_string\"}],\"inLanguage\":\"es\"}]}<\/script>\n<!-- \/ Yoast SEO plugin. -->","yoast_head_json":{"title":"JESSICA SET ROYAL BLUE - Tienda Er\u00f3tica","robots":{"index":"noindex","follow":"follow","max-snippet":"max-snippet:-1","max-image-preview":"max-image-preview:large","max-video-preview":"max-video-preview:-1"},"og_locale":"es_ES","og_type":"article","og_title":"JESSICA SET ROYAL BLUE - Tienda Er\u00f3tica","og_description":"JESSICA SET ROYAL BLUE \u00a1Un buen vibrador da placer, pero un gran vibrador es placer y DIVERSI\u00d3N! Para romper una","og_url":"https:\/\/demoweb.info\/sexshop001\/producto\/jessica-set-royal-blue\/","og_site_name":"Tienda Er\u00f3tica","article_modified_time":"2022-01-22T20:10:46+00:00","og_image":[{"width":550,"height":550,"url":"https:\/\/demoweb.info\/sexshop001\/wp-content\/uploads\/2022\/01\/JESSICA-SET-ROYAL-BLUE.jpg","type":"image\/jpeg"}],"twitter_card":"summary_large_image","twitter_misc":{"Tiempo de lectura":"1 minuto"},"schema":{"@context":"https:\/\/schema.org","@graph":[{"@type":"WebPage","@id":"https:\/\/demoweb.info\/sexshop001\/producto\/jessica-set-royal-blue\/","url":"https:\/\/demoweb.info\/sexshop001\/producto\/jessica-set-royal-blue\/","name":"JESSICA SET ROYAL BLUE - Tienda Er\u00f3tica","isPartOf":{"@id":"https:\/\/demoweb.info\/sexshop001\/#website"},"datePublished":"2022-01-22T20:10:31+00:00","dateModified":"2022-01-22T20:10:46+00:00","breadcrumb":{"@id":"https:\/\/demoweb.info\/sexshop001\/producto\/jessica-set-royal-blue\/#breadcrumb"},"inLanguage":"es","potentialAction":[{"@type":"ReadAction","target":["https:\/\/demoweb.info\/sexshop001\/producto\/jessica-set-royal-blue\/"]}]},{"@type":"BreadcrumbList","@id":"https:\/\/demoweb.info\/sexshop001\/producto\/jessica-set-royal-blue\/#breadcrumb","itemListElement":[{"@type":"ListItem","position":1,"name":"Portada","item":"https:\/\/demoweb.info\/sexshop001\/"},{"@type":"ListItem","position":2,"name":"Tienda","item":"https:\/\/demoweb.info\/sexshop001\/tienda\/"},{"@type":"ListItem","position":3,"name":"JESSICA SET ROYAL BLUE"}]},{"@type":"WebSite","@id":"https:\/\/demoweb.info\/sexshop001\/#website","url":"https:\/\/demoweb.info\/sexshop001\/","name":"Tienda Er\u00f3tica","description":"DEMOWEB SL","potentialAction":[{"@type":"SearchAction","target":{"@type":"EntryPoint","urlTemplate":"https:\/\/demoweb.info\/sexshop001\/?s={search_term_string}"},"query-input":"required name=search_term_string"}],"inLanguage":"es"}]}},"_links":{"self":[{"href":"https:\/\/demoweb.info\/sexshop001\/wp-json\/wp\/v3\/product\/73346","targetHints":{"allow":["GET"]}}],"collection":[{"href":"https:\/\/demoweb.info\/sexshop001\/wp-json\/wp\/v3\/product"}],"about":[{"href":"https:\/\/demoweb.info\/sexshop001\/wp-json\/wp\/v2\/types\/product"}],"replies":[{"embeddable":true,"href":"https:\/\/demoweb.info\/sexshop001\/wp-json\/wp\/v2\/comments?post=73346"}],"wp:featuredmedia":[{"embeddable":true,"href":"https:\/\/demoweb.info\/sexshop001\/wp-json\/wp\/v2\/media\/73347"}],"wp:attachment":[{"href":"https:\/\/demoweb.info\/sexshop001\/wp-json\/wp\/v2\/media?parent=73346"}],"wp:term":[{"taxonomy":"product_cat","embeddable":true,"href":"https:\/\/demoweb.info\/sexshop001\/wp-json\/wp\/v2\/product_cat?post=73346"},{"taxonomy":"product_tag","embeddable":true,"href":"https:\/\/demoweb.info\/sexshop001\/wp-json\/wp\/v2\/product_tag?post=73346"}],"curies":[{"name":"wp","href":"https:\/\/api.w.org\/{rel}","templated":true}]}}