{"id":73220,"date":"2022-01-22T21:08:38","date_gmt":"2022-01-22T20:08:38","guid":{"rendered":"https:\/\/demoweb.info\/sexshop001\/producto\/piss-holer-negro\/"},"modified":"2022-01-22T21:09:03","modified_gmt":"2022-01-22T20:09:03","slug":"piss-holer-negro","status":"publish","type":"product","link":"https:\/\/demoweb.info\/sexshop001\/producto\/piss-holer-negro\/","title":{"rendered":"PISS HOLER &#8211; NEGRO"},"content":{"rendered":"<p><strong>PISS HOLER <\/strong><\/p>\n<p>Vibrating Sounds es un kit de sonido para principiantes y entusiastas avanzados. El kit incluye tres varillas de silicona en longitudes y espesores graduados. Las sondas flexibles con cuentas se doblan con el cuerpo, para que sea m\u00e1s f\u00e1cil profundizar y golpear la pr\u00f3stata. El dise\u00f1o de cuentas permite que el lubricante permanezca entre las cuentas a medida que las inserta, para facilitar el deslizamiento sin tener que volver a lubricar con tanta frecuencia.<\/p>\n<p>El kit tambi\u00e9n incluye una bala vibratoria intercambiable de 7 velocidades, con 7 fuerzas y patrones diferentes que recorren toda la longitud de cada sonido. Cuando se inserta a trav\u00e9s de la abertura circular en la parte superior de cada sonido, la bala tambi\u00e9n act\u00faa como un mango para guiar f\u00e1cilmente cada sonido mientras se inserta para esa sensaci\u00f3n \u00fanica de pr\u00f3stata que anhela.<\/p>\n<p>Hecho de silicona de grado m\u00e9dico de primera calidad. Estos sonidos uretrales son f\u00e1ciles de esterilizar y seguros para el cuerpo para una experiencia de sonido completamente nueva.<\/p>\n<p>Silicona suave al tacto<br \/>\n3 tama\u00f1os graduados<br \/>\nEstimulaci\u00f3n intensa<br \/>\nSuper flexible<br \/>\nEstimula la pr\u00f3stata<\/p>\n<p>\nPeque\u00f1a:<\/p>\n<ul>\n<li>Largo: 14cm<\/li>\n<li>Ancho m\u00e1s grande: 9 mm<\/li>\n<\/ul>\n<p>Mediana:<\/p>\n<ul>\n<li>Longitud: 22 cm <\/li>\n<li>Ancho m\u00e1s grande: 10 cm<\/li>\n<\/ul>\n<p>Grande:<\/p>\n<ul>\n<li>Longitud: 41 cm<\/li>\n<li>Di\u00e1metro m\u00e1s grande: 12 mm<\/li>\n<\/ul>\n<p>Este producto es seguro con todos los lubricantes, completamente hipoalerg\u00e9nico, no irritante y compatible con pieles sensibles.<\/p>\n<p>Instrucciones de cuidado:<br \/>\nL\u00e1vese bien con un jab\u00f3n suave y agua tibia o un limpiador de juguetes. Seque con palmaditas y deje que el producto se seque completamente al aire. Almacenar por separado.<\/p>\n","protected":false},"excerpt":{"rendered":"<p>PISS HOLER Vibrating Sounds es un kit de sonido para principiantes y entusiastas avanzados. El kit incluye tres varillas de<\/p>\n","protected":false},"featured_media":73221,"comment_status":"open","ping_status":"open","template":"","meta":[],"product_cat":[304],"product_tag":[1699],"class_list":["post-73220","product","type-product","status-publish","has-post-thumbnail","hentry","product_cat-vibradores-penis-plug","product_tag-boneyard"],"bundled_by":[],"bundle_stock_status":"instock","bundle_stock_quantity":1,"bundle_virtual":false,"bundle_layout":"","bundle_add_to_cart_form_location":"","bundle_editable_in_cart":false,"bundle_sold_individually_context":"","bundle_item_grouping":"","bundle_min_size":"","bundle_max_size":"","bundled_items":[],"yoast_head":"<!-- This site is optimized with the Yoast SEO plugin v20.6 - https:\/\/yoast.com\/wordpress\/plugins\/seo\/ -->\n<title>PISS HOLER - NEGRO - Tienda Er\u00f3tica<\/title>\n<meta name=\"robots\" content=\"noindex, follow, max-snippet:-1, max-image-preview:large, max-video-preview:-1\" \/>\n<meta property=\"og:locale\" content=\"es_ES\" \/>\n<meta property=\"og:type\" content=\"article\" \/>\n<meta property=\"og:title\" content=\"PISS HOLER - NEGRO - Tienda Er\u00f3tica\" \/>\n<meta property=\"og:description\" content=\"PISS HOLER Vibrating Sounds es un kit de sonido para principiantes y entusiastas avanzados. El kit incluye tres varillas de\" \/>\n<meta property=\"og:url\" content=\"https:\/\/demoweb.info\/sexshop001\/producto\/piss-holer-negro\/\" \/>\n<meta property=\"og:site_name\" content=\"Tienda Er\u00f3tica\" \/>\n<meta property=\"article:modified_time\" content=\"2022-01-22T20:09:03+00:00\" \/>\n<meta property=\"og:image\" content=\"https:\/\/demoweb.info\/sexshop001\/wp-content\/uploads\/2022\/01\/PISS-HOLER-NEGRO.jpg\" \/>\n\t<meta property=\"og:image:width\" content=\"550\" \/>\n\t<meta property=\"og:image:height\" content=\"550\" \/>\n\t<meta property=\"og:image:type\" content=\"image\/jpeg\" \/>\n<meta name=\"twitter:card\" content=\"summary_large_image\" \/>\n<meta name=\"twitter:label1\" content=\"Tiempo de lectura\" \/>\n\t<meta name=\"twitter:data1\" content=\"1 minuto\" \/>\n<script type=\"application\/ld+json\" class=\"yoast-schema-graph\">{\"@context\":\"https:\/\/schema.org\",\"@graph\":[{\"@type\":\"WebPage\",\"@id\":\"https:\/\/demoweb.info\/sexshop001\/producto\/piss-holer-negro\/\",\"url\":\"https:\/\/demoweb.info\/sexshop001\/producto\/piss-holer-negro\/\",\"name\":\"PISS HOLER - NEGRO - Tienda Er\u00f3tica\",\"isPartOf\":{\"@id\":\"https:\/\/demoweb.info\/sexshop001\/#website\"},\"datePublished\":\"2022-01-22T20:08:38+00:00\",\"dateModified\":\"2022-01-22T20:09:03+00:00\",\"breadcrumb\":{\"@id\":\"https:\/\/demoweb.info\/sexshop001\/producto\/piss-holer-negro\/#breadcrumb\"},\"inLanguage\":\"es\",\"potentialAction\":[{\"@type\":\"ReadAction\",\"target\":[\"https:\/\/demoweb.info\/sexshop001\/producto\/piss-holer-negro\/\"]}]},{\"@type\":\"BreadcrumbList\",\"@id\":\"https:\/\/demoweb.info\/sexshop001\/producto\/piss-holer-negro\/#breadcrumb\",\"itemListElement\":[{\"@type\":\"ListItem\",\"position\":1,\"name\":\"Portada\",\"item\":\"https:\/\/demoweb.info\/sexshop001\/\"},{\"@type\":\"ListItem\",\"position\":2,\"name\":\"Tienda\",\"item\":\"https:\/\/demoweb.info\/sexshop001\/tienda\/\"},{\"@type\":\"ListItem\",\"position\":3,\"name\":\"PISS HOLER &#8211; NEGRO\"}]},{\"@type\":\"WebSite\",\"@id\":\"https:\/\/demoweb.info\/sexshop001\/#website\",\"url\":\"https:\/\/demoweb.info\/sexshop001\/\",\"name\":\"Tienda Er\u00f3tica\",\"description\":\"DEMOWEB SL\",\"potentialAction\":[{\"@type\":\"SearchAction\",\"target\":{\"@type\":\"EntryPoint\",\"urlTemplate\":\"https:\/\/demoweb.info\/sexshop001\/?s={search_term_string}\"},\"query-input\":\"required name=search_term_string\"}],\"inLanguage\":\"es\"}]}<\/script>\n<!-- \/ Yoast SEO plugin. -->","yoast_head_json":{"title":"PISS HOLER - NEGRO - Tienda Er\u00f3tica","robots":{"index":"noindex","follow":"follow","max-snippet":"max-snippet:-1","max-image-preview":"max-image-preview:large","max-video-preview":"max-video-preview:-1"},"og_locale":"es_ES","og_type":"article","og_title":"PISS HOLER - NEGRO - Tienda Er\u00f3tica","og_description":"PISS HOLER Vibrating Sounds es un kit de sonido para principiantes y entusiastas avanzados. El kit incluye tres varillas de","og_url":"https:\/\/demoweb.info\/sexshop001\/producto\/piss-holer-negro\/","og_site_name":"Tienda Er\u00f3tica","article_modified_time":"2022-01-22T20:09:03+00:00","og_image":[{"width":550,"height":550,"url":"https:\/\/demoweb.info\/sexshop001\/wp-content\/uploads\/2022\/01\/PISS-HOLER-NEGRO.jpg","type":"image\/jpeg"}],"twitter_card":"summary_large_image","twitter_misc":{"Tiempo de lectura":"1 minuto"},"schema":{"@context":"https:\/\/schema.org","@graph":[{"@type":"WebPage","@id":"https:\/\/demoweb.info\/sexshop001\/producto\/piss-holer-negro\/","url":"https:\/\/demoweb.info\/sexshop001\/producto\/piss-holer-negro\/","name":"PISS HOLER - NEGRO - Tienda Er\u00f3tica","isPartOf":{"@id":"https:\/\/demoweb.info\/sexshop001\/#website"},"datePublished":"2022-01-22T20:08:38+00:00","dateModified":"2022-01-22T20:09:03+00:00","breadcrumb":{"@id":"https:\/\/demoweb.info\/sexshop001\/producto\/piss-holer-negro\/#breadcrumb"},"inLanguage":"es","potentialAction":[{"@type":"ReadAction","target":["https:\/\/demoweb.info\/sexshop001\/producto\/piss-holer-negro\/"]}]},{"@type":"BreadcrumbList","@id":"https:\/\/demoweb.info\/sexshop001\/producto\/piss-holer-negro\/#breadcrumb","itemListElement":[{"@type":"ListItem","position":1,"name":"Portada","item":"https:\/\/demoweb.info\/sexshop001\/"},{"@type":"ListItem","position":2,"name":"Tienda","item":"https:\/\/demoweb.info\/sexshop001\/tienda\/"},{"@type":"ListItem","position":3,"name":"PISS HOLER &#8211; NEGRO"}]},{"@type":"WebSite","@id":"https:\/\/demoweb.info\/sexshop001\/#website","url":"https:\/\/demoweb.info\/sexshop001\/","name":"Tienda Er\u00f3tica","description":"DEMOWEB SL","potentialAction":[{"@type":"SearchAction","target":{"@type":"EntryPoint","urlTemplate":"https:\/\/demoweb.info\/sexshop001\/?s={search_term_string}"},"query-input":"required name=search_term_string"}],"inLanguage":"es"}]}},"_links":{"self":[{"href":"https:\/\/demoweb.info\/sexshop001\/wp-json\/wp\/v3\/product\/73220","targetHints":{"allow":["GET"]}}],"collection":[{"href":"https:\/\/demoweb.info\/sexshop001\/wp-json\/wp\/v3\/product"}],"about":[{"href":"https:\/\/demoweb.info\/sexshop001\/wp-json\/wp\/v2\/types\/product"}],"replies":[{"embeddable":true,"href":"https:\/\/demoweb.info\/sexshop001\/wp-json\/wp\/v2\/comments?post=73220"}],"wp:featuredmedia":[{"embeddable":true,"href":"https:\/\/demoweb.info\/sexshop001\/wp-json\/wp\/v2\/media\/73221"}],"wp:attachment":[{"href":"https:\/\/demoweb.info\/sexshop001\/wp-json\/wp\/v2\/media?parent=73220"}],"wp:term":[{"taxonomy":"product_cat","embeddable":true,"href":"https:\/\/demoweb.info\/sexshop001\/wp-json\/wp\/v2\/product_cat?post=73220"},{"taxonomy":"product_tag","embeddable":true,"href":"https:\/\/demoweb.info\/sexshop001\/wp-json\/wp\/v2\/product_tag?post=73220"}],"curies":[{"name":"wp","href":"https:\/\/api.w.org\/{rel}","templated":true}]}}