{"id":73207,"date":"2022-01-22T21:08:38","date_gmt":"2022-01-22T20:08:38","guid":{"rendered":"https:\/\/demoweb.info\/sexshop001\/producto\/skwert-inyector-de-lubricante-negro\/"},"modified":"2022-01-22T21:08:53","modified_gmt":"2022-01-22T20:08:53","slug":"skwert-inyector-de-lubricante-negro","status":"publish","type":"product","link":"https:\/\/demoweb.info\/sexshop001\/producto\/skwert-inyector-de-lubricante-negro\/","title":{"rendered":"SKWERT INYECTOR DE LUBRICANTE &#8211; NEGRO"},"content":{"rendered":"<p><strong>SKWERT LUBE INJECTOR<\/strong><\/p>\n<p>Este inyector de lubricante Skwert convierte r\u00e1pidamente la mayor\u00eda de las botellas de lubricante en un inyector de lubricante. Olv\u00eddese de esas jeringas sucias, el inyector de lubricante Skwert hace que la lubricaci\u00f3n profunda sea mucho m\u00e1s f\u00e1cil.<\/p>\n<p>El inyector de pl\u00e1stico intercambiable de 10 cm viene con una tapa de botella de lubricante grande y peque\u00f1a. El inyector tiene c\u00f3modas sujeciones de bomba de dedo, que le permiten inyectar la cantidad perfecta de lubricante sin reflujo.<\/p>\n<p>El inyector tambi\u00e9n viene con una tapa de viaje \/ almacenamiento sanitario. El accesorio de la manguera se puede cortar para adaptarse a botellas de varios tama\u00f1os.<\/p>\n<ul>\n<li>Tapa de almacenamiento sanitario<\/li>\n<li>Boquilla de pl\u00e1stico de 10 cm<\/li>\n<li>Accesorio de botella de lubricante peque\u00f1a<\/li>\n<li>Accesorio de botella de lubricante grande<\/li>\n<li>C\u00f3modas sujeciones de bomba de dedo<\/li>\n<\/ul>\n<p>Este producto es seguro con todos los lubricantes, completamente hipoalerg\u00e9nico, no irritante y compatible con pieles sensibles.<\/p>\n<p>Instrucciones de cuidado:<br \/>\nL\u00e1vese bien con un jab\u00f3n suave y agua tibia o un limpiador de juguetes. Seque con palmaditas y deje que el producto se seque completamente al aire. Almacenar por separado.<\/p>\n<ul>\n<li>Dimensiones del producto: 4 x 0,4 cm<\/li>\n<li>Peso del producto:  70 gram<\/li>\n<li>Longitud insertable:   4 cm<\/li>\n<\/ul>\n","protected":false},"excerpt":{"rendered":"<p>SKWERT LUBE INJECTOR Este inyector de lubricante Skwert convierte r\u00e1pidamente la mayor\u00eda de las botellas de lubricante en un inyector<\/p>\n","protected":false},"featured_media":73208,"comment_status":"open","ping_status":"open","template":"","meta":[],"product_cat":[785],"product_tag":[1699],"class_list":["post-73207","product","type-product","status-publish","has-post-thumbnail","hentry","product_cat-accesorios-limpieza-intima","product_tag-boneyard"],"bundled_by":[],"bundle_stock_status":"instock","bundle_stock_quantity":1,"bundle_virtual":false,"bundle_layout":"","bundle_add_to_cart_form_location":"","bundle_editable_in_cart":false,"bundle_sold_individually_context":"","bundle_item_grouping":"","bundle_min_size":"","bundle_max_size":"","bundled_items":[],"yoast_head":"<!-- This site is optimized with the Yoast SEO plugin v20.6 - https:\/\/yoast.com\/wordpress\/plugins\/seo\/ -->\n<title>SKWERT INYECTOR DE LUBRICANTE - NEGRO - Tienda Er\u00f3tica<\/title>\n<meta name=\"robots\" content=\"noindex, follow, max-snippet:-1, max-image-preview:large, max-video-preview:-1\" \/>\n<meta property=\"og:locale\" content=\"es_ES\" \/>\n<meta property=\"og:type\" content=\"article\" \/>\n<meta property=\"og:title\" content=\"SKWERT INYECTOR DE LUBRICANTE - NEGRO - Tienda Er\u00f3tica\" \/>\n<meta property=\"og:description\" content=\"SKWERT LUBE INJECTOR Este inyector de lubricante Skwert convierte r\u00e1pidamente la mayor\u00eda de las botellas de lubricante en un inyector\" \/>\n<meta property=\"og:url\" content=\"https:\/\/demoweb.info\/sexshop001\/producto\/skwert-inyector-de-lubricante-negro\/\" \/>\n<meta property=\"og:site_name\" content=\"Tienda Er\u00f3tica\" \/>\n<meta property=\"article:modified_time\" content=\"2022-01-22T20:08:53+00:00\" \/>\n<meta property=\"og:image\" content=\"https:\/\/demoweb.info\/sexshop001\/wp-content\/uploads\/2022\/01\/SKWERT-INYECTOR-DE-LUBRICANTE-NEGRO.jpg\" \/>\n\t<meta property=\"og:image:width\" content=\"550\" \/>\n\t<meta property=\"og:image:height\" content=\"550\" \/>\n\t<meta property=\"og:image:type\" content=\"image\/jpeg\" \/>\n<meta name=\"twitter:card\" content=\"summary_large_image\" \/>\n<meta name=\"twitter:label1\" content=\"Tiempo de lectura\" \/>\n\t<meta name=\"twitter:data1\" content=\"1 minuto\" \/>\n<script type=\"application\/ld+json\" class=\"yoast-schema-graph\">{\"@context\":\"https:\/\/schema.org\",\"@graph\":[{\"@type\":\"WebPage\",\"@id\":\"https:\/\/demoweb.info\/sexshop001\/producto\/skwert-inyector-de-lubricante-negro\/\",\"url\":\"https:\/\/demoweb.info\/sexshop001\/producto\/skwert-inyector-de-lubricante-negro\/\",\"name\":\"SKWERT INYECTOR DE LUBRICANTE - NEGRO - Tienda Er\u00f3tica\",\"isPartOf\":{\"@id\":\"https:\/\/demoweb.info\/sexshop001\/#website\"},\"datePublished\":\"2022-01-22T20:08:38+00:00\",\"dateModified\":\"2022-01-22T20:08:53+00:00\",\"breadcrumb\":{\"@id\":\"https:\/\/demoweb.info\/sexshop001\/producto\/skwert-inyector-de-lubricante-negro\/#breadcrumb\"},\"inLanguage\":\"es\",\"potentialAction\":[{\"@type\":\"ReadAction\",\"target\":[\"https:\/\/demoweb.info\/sexshop001\/producto\/skwert-inyector-de-lubricante-negro\/\"]}]},{\"@type\":\"BreadcrumbList\",\"@id\":\"https:\/\/demoweb.info\/sexshop001\/producto\/skwert-inyector-de-lubricante-negro\/#breadcrumb\",\"itemListElement\":[{\"@type\":\"ListItem\",\"position\":1,\"name\":\"Portada\",\"item\":\"https:\/\/demoweb.info\/sexshop001\/\"},{\"@type\":\"ListItem\",\"position\":2,\"name\":\"Tienda\",\"item\":\"https:\/\/demoweb.info\/sexshop001\/tienda\/\"},{\"@type\":\"ListItem\",\"position\":3,\"name\":\"SKWERT INYECTOR DE LUBRICANTE &#8211; NEGRO\"}]},{\"@type\":\"WebSite\",\"@id\":\"https:\/\/demoweb.info\/sexshop001\/#website\",\"url\":\"https:\/\/demoweb.info\/sexshop001\/\",\"name\":\"Tienda Er\u00f3tica\",\"description\":\"DEMOWEB SL\",\"potentialAction\":[{\"@type\":\"SearchAction\",\"target\":{\"@type\":\"EntryPoint\",\"urlTemplate\":\"https:\/\/demoweb.info\/sexshop001\/?s={search_term_string}\"},\"query-input\":\"required name=search_term_string\"}],\"inLanguage\":\"es\"}]}<\/script>\n<!-- \/ Yoast SEO plugin. -->","yoast_head_json":{"title":"SKWERT INYECTOR DE LUBRICANTE - NEGRO - Tienda Er\u00f3tica","robots":{"index":"noindex","follow":"follow","max-snippet":"max-snippet:-1","max-image-preview":"max-image-preview:large","max-video-preview":"max-video-preview:-1"},"og_locale":"es_ES","og_type":"article","og_title":"SKWERT INYECTOR DE LUBRICANTE - NEGRO - Tienda Er\u00f3tica","og_description":"SKWERT LUBE INJECTOR Este inyector de lubricante Skwert convierte r\u00e1pidamente la mayor\u00eda de las botellas de lubricante en un inyector","og_url":"https:\/\/demoweb.info\/sexshop001\/producto\/skwert-inyector-de-lubricante-negro\/","og_site_name":"Tienda Er\u00f3tica","article_modified_time":"2022-01-22T20:08:53+00:00","og_image":[{"width":550,"height":550,"url":"https:\/\/demoweb.info\/sexshop001\/wp-content\/uploads\/2022\/01\/SKWERT-INYECTOR-DE-LUBRICANTE-NEGRO.jpg","type":"image\/jpeg"}],"twitter_card":"summary_large_image","twitter_misc":{"Tiempo de lectura":"1 minuto"},"schema":{"@context":"https:\/\/schema.org","@graph":[{"@type":"WebPage","@id":"https:\/\/demoweb.info\/sexshop001\/producto\/skwert-inyector-de-lubricante-negro\/","url":"https:\/\/demoweb.info\/sexshop001\/producto\/skwert-inyector-de-lubricante-negro\/","name":"SKWERT INYECTOR DE LUBRICANTE - NEGRO - Tienda Er\u00f3tica","isPartOf":{"@id":"https:\/\/demoweb.info\/sexshop001\/#website"},"datePublished":"2022-01-22T20:08:38+00:00","dateModified":"2022-01-22T20:08:53+00:00","breadcrumb":{"@id":"https:\/\/demoweb.info\/sexshop001\/producto\/skwert-inyector-de-lubricante-negro\/#breadcrumb"},"inLanguage":"es","potentialAction":[{"@type":"ReadAction","target":["https:\/\/demoweb.info\/sexshop001\/producto\/skwert-inyector-de-lubricante-negro\/"]}]},{"@type":"BreadcrumbList","@id":"https:\/\/demoweb.info\/sexshop001\/producto\/skwert-inyector-de-lubricante-negro\/#breadcrumb","itemListElement":[{"@type":"ListItem","position":1,"name":"Portada","item":"https:\/\/demoweb.info\/sexshop001\/"},{"@type":"ListItem","position":2,"name":"Tienda","item":"https:\/\/demoweb.info\/sexshop001\/tienda\/"},{"@type":"ListItem","position":3,"name":"SKWERT INYECTOR DE LUBRICANTE &#8211; NEGRO"}]},{"@type":"WebSite","@id":"https:\/\/demoweb.info\/sexshop001\/#website","url":"https:\/\/demoweb.info\/sexshop001\/","name":"Tienda Er\u00f3tica","description":"DEMOWEB SL","potentialAction":[{"@type":"SearchAction","target":{"@type":"EntryPoint","urlTemplate":"https:\/\/demoweb.info\/sexshop001\/?s={search_term_string}"},"query-input":"required name=search_term_string"}],"inLanguage":"es"}]}},"_links":{"self":[{"href":"https:\/\/demoweb.info\/sexshop001\/wp-json\/wp\/v3\/product\/73207","targetHints":{"allow":["GET"]}}],"collection":[{"href":"https:\/\/demoweb.info\/sexshop001\/wp-json\/wp\/v3\/product"}],"about":[{"href":"https:\/\/demoweb.info\/sexshop001\/wp-json\/wp\/v2\/types\/product"}],"replies":[{"embeddable":true,"href":"https:\/\/demoweb.info\/sexshop001\/wp-json\/wp\/v2\/comments?post=73207"}],"wp:featuredmedia":[{"embeddable":true,"href":"https:\/\/demoweb.info\/sexshop001\/wp-json\/wp\/v2\/media\/73208"}],"wp:attachment":[{"href":"https:\/\/demoweb.info\/sexshop001\/wp-json\/wp\/v2\/media?parent=73207"}],"wp:term":[{"taxonomy":"product_cat","embeddable":true,"href":"https:\/\/demoweb.info\/sexshop001\/wp-json\/wp\/v2\/product_cat?post=73207"},{"taxonomy":"product_tag","embeddable":true,"href":"https:\/\/demoweb.info\/sexshop001\/wp-json\/wp\/v2\/product_tag?post=73207"}],"curies":[{"name":"wp","href":"https:\/\/api.w.org\/{rel}","templated":true}]}}