{"id":73181,"date":"2022-01-22T21:08:12","date_gmt":"2022-01-22T20:08:12","guid":{"rendered":"https:\/\/demoweb.info\/sexshop001\/producto\/meat-rack-cock-ring-azul\/"},"modified":"2022-01-22T21:08:30","modified_gmt":"2022-01-22T20:08:30","slug":"meat-rack-cock-ring-azul","status":"publish","type":"product","link":"https:\/\/demoweb.info\/sexshop001\/producto\/meat-rack-cock-ring-azul\/","title":{"rendered":"MEAT RACK COCK RING &#8211; AZUL"},"content":{"rendered":"<p><strong>MEAT RACK COCK RING<\/strong><\/p>\n<p>The Meat Rack: este robusto anillo para el pene est\u00e1 hecho de silicona 100% s\u00faper el\u00e1stica. El anillo est\u00e1 hechao para brindar comodidad y durabilidad con un tacto suave y un dise\u00f1o que no se enrolla.<\/p>\n<p>Su circunferencia gruesa asegura una erecci\u00f3n m\u00e1s potente. El estiramiento 3X permite usar 1 talla sobre el pene, los test\u00edculos o ambos.<\/p>\n<p>El Meat Rack viene en negro, azul, rojo y amarillo.<\/p>\n<ul>\n<li>100% silicona<\/li>\n<li>Estiramiento 3X<\/li>\n<li>Dise\u00f1o resistente sin rollo<\/li>\n<li>Circunferencia gruesa para una erecci\u00f3n m\u00e1s potente<\/li>\n<li>El di\u00e1metro interior es de 44,5 mm<\/li>\n<li>El di\u00e1metro exterior es de 63,5 mm<\/li>\n<li>Instrucciones de cuidado: seguro con todos los lubricantes. &#8211; Lavar despu\u00e9s de usar con agua y jab\u00f3n o limpiar en el estante superior del lavavajillas sin calor. &#8211; Deje secar al aire.<\/li>\n<li>Dimensiones del producto 2,5 x 0,7 x 0,4 cm<\/li>\n<li>Peso del producto 105 gram<\/li>\n<\/ul>\n","protected":false},"excerpt":{"rendered":"<p>MEAT RACK COCK RING The Meat Rack: este robusto anillo para el pene est\u00e1 hecho de silicona 100% s\u00faper el\u00e1stica.<\/p>\n","protected":false},"featured_media":73182,"comment_status":"open","ping_status":"open","template":"","meta":[],"product_cat":[323],"product_tag":[1699],"class_list":["post-73181","product","type-product","status-publish","has-post-thumbnail","hentry","product_cat-silicona-anillos","product_tag-boneyard"],"bundled_by":[],"bundle_stock_status":"instock","bundle_stock_quantity":3,"bundle_virtual":false,"bundle_layout":"","bundle_add_to_cart_form_location":"","bundle_editable_in_cart":false,"bundle_sold_individually_context":"","bundle_item_grouping":"","bundle_min_size":"","bundle_max_size":"","bundled_items":[],"yoast_head":"<!-- This site is optimized with the Yoast SEO plugin v20.6 - https:\/\/yoast.com\/wordpress\/plugins\/seo\/ -->\n<title>MEAT RACK COCK RING - AZUL - Tienda Er\u00f3tica<\/title>\n<meta name=\"robots\" content=\"noindex, follow, max-snippet:-1, max-image-preview:large, max-video-preview:-1\" \/>\n<meta property=\"og:locale\" content=\"es_ES\" \/>\n<meta property=\"og:type\" content=\"article\" \/>\n<meta property=\"og:title\" content=\"MEAT RACK COCK RING - AZUL - Tienda Er\u00f3tica\" \/>\n<meta property=\"og:description\" content=\"MEAT RACK COCK RING The Meat Rack: este robusto anillo para el pene est\u00e1 hecho de silicona 100% s\u00faper el\u00e1stica.\" \/>\n<meta property=\"og:url\" content=\"https:\/\/demoweb.info\/sexshop001\/producto\/meat-rack-cock-ring-azul\/\" \/>\n<meta property=\"og:site_name\" content=\"Tienda Er\u00f3tica\" \/>\n<meta property=\"article:modified_time\" content=\"2022-01-22T20:08:30+00:00\" \/>\n<meta property=\"og:image\" content=\"https:\/\/demoweb.info\/sexshop001\/wp-content\/uploads\/2022\/01\/MEAT-RACK-COCK-RING-AZUL.jpg\" \/>\n\t<meta property=\"og:image:width\" content=\"550\" \/>\n\t<meta property=\"og:image:height\" content=\"550\" \/>\n\t<meta property=\"og:image:type\" content=\"image\/jpeg\" \/>\n<meta name=\"twitter:card\" content=\"summary_large_image\" \/>\n<meta name=\"twitter:label1\" content=\"Tiempo de lectura\" \/>\n\t<meta name=\"twitter:data1\" content=\"1 minuto\" \/>\n<script type=\"application\/ld+json\" class=\"yoast-schema-graph\">{\"@context\":\"https:\/\/schema.org\",\"@graph\":[{\"@type\":\"WebPage\",\"@id\":\"https:\/\/demoweb.info\/sexshop001\/producto\/meat-rack-cock-ring-azul\/\",\"url\":\"https:\/\/demoweb.info\/sexshop001\/producto\/meat-rack-cock-ring-azul\/\",\"name\":\"MEAT RACK COCK RING - AZUL - Tienda Er\u00f3tica\",\"isPartOf\":{\"@id\":\"https:\/\/demoweb.info\/sexshop001\/#website\"},\"datePublished\":\"2022-01-22T20:08:12+00:00\",\"dateModified\":\"2022-01-22T20:08:30+00:00\",\"breadcrumb\":{\"@id\":\"https:\/\/demoweb.info\/sexshop001\/producto\/meat-rack-cock-ring-azul\/#breadcrumb\"},\"inLanguage\":\"es\",\"potentialAction\":[{\"@type\":\"ReadAction\",\"target\":[\"https:\/\/demoweb.info\/sexshop001\/producto\/meat-rack-cock-ring-azul\/\"]}]},{\"@type\":\"BreadcrumbList\",\"@id\":\"https:\/\/demoweb.info\/sexshop001\/producto\/meat-rack-cock-ring-azul\/#breadcrumb\",\"itemListElement\":[{\"@type\":\"ListItem\",\"position\":1,\"name\":\"Portada\",\"item\":\"https:\/\/demoweb.info\/sexshop001\/\"},{\"@type\":\"ListItem\",\"position\":2,\"name\":\"Tienda\",\"item\":\"https:\/\/demoweb.info\/sexshop001\/tienda\/\"},{\"@type\":\"ListItem\",\"position\":3,\"name\":\"MEAT RACK COCK RING &#8211; AZUL\"}]},{\"@type\":\"WebSite\",\"@id\":\"https:\/\/demoweb.info\/sexshop001\/#website\",\"url\":\"https:\/\/demoweb.info\/sexshop001\/\",\"name\":\"Tienda Er\u00f3tica\",\"description\":\"DEMOWEB SL\",\"potentialAction\":[{\"@type\":\"SearchAction\",\"target\":{\"@type\":\"EntryPoint\",\"urlTemplate\":\"https:\/\/demoweb.info\/sexshop001\/?s={search_term_string}\"},\"query-input\":\"required name=search_term_string\"}],\"inLanguage\":\"es\"}]}<\/script>\n<!-- \/ Yoast SEO plugin. -->","yoast_head_json":{"title":"MEAT RACK COCK RING - AZUL - Tienda Er\u00f3tica","robots":{"index":"noindex","follow":"follow","max-snippet":"max-snippet:-1","max-image-preview":"max-image-preview:large","max-video-preview":"max-video-preview:-1"},"og_locale":"es_ES","og_type":"article","og_title":"MEAT RACK COCK RING - AZUL - Tienda Er\u00f3tica","og_description":"MEAT RACK COCK RING The Meat Rack: este robusto anillo para el pene est\u00e1 hecho de silicona 100% s\u00faper el\u00e1stica.","og_url":"https:\/\/demoweb.info\/sexshop001\/producto\/meat-rack-cock-ring-azul\/","og_site_name":"Tienda Er\u00f3tica","article_modified_time":"2022-01-22T20:08:30+00:00","og_image":[{"width":550,"height":550,"url":"https:\/\/demoweb.info\/sexshop001\/wp-content\/uploads\/2022\/01\/MEAT-RACK-COCK-RING-AZUL.jpg","type":"image\/jpeg"}],"twitter_card":"summary_large_image","twitter_misc":{"Tiempo de lectura":"1 minuto"},"schema":{"@context":"https:\/\/schema.org","@graph":[{"@type":"WebPage","@id":"https:\/\/demoweb.info\/sexshop001\/producto\/meat-rack-cock-ring-azul\/","url":"https:\/\/demoweb.info\/sexshop001\/producto\/meat-rack-cock-ring-azul\/","name":"MEAT RACK COCK RING - AZUL - Tienda Er\u00f3tica","isPartOf":{"@id":"https:\/\/demoweb.info\/sexshop001\/#website"},"datePublished":"2022-01-22T20:08:12+00:00","dateModified":"2022-01-22T20:08:30+00:00","breadcrumb":{"@id":"https:\/\/demoweb.info\/sexshop001\/producto\/meat-rack-cock-ring-azul\/#breadcrumb"},"inLanguage":"es","potentialAction":[{"@type":"ReadAction","target":["https:\/\/demoweb.info\/sexshop001\/producto\/meat-rack-cock-ring-azul\/"]}]},{"@type":"BreadcrumbList","@id":"https:\/\/demoweb.info\/sexshop001\/producto\/meat-rack-cock-ring-azul\/#breadcrumb","itemListElement":[{"@type":"ListItem","position":1,"name":"Portada","item":"https:\/\/demoweb.info\/sexshop001\/"},{"@type":"ListItem","position":2,"name":"Tienda","item":"https:\/\/demoweb.info\/sexshop001\/tienda\/"},{"@type":"ListItem","position":3,"name":"MEAT RACK COCK RING &#8211; AZUL"}]},{"@type":"WebSite","@id":"https:\/\/demoweb.info\/sexshop001\/#website","url":"https:\/\/demoweb.info\/sexshop001\/","name":"Tienda Er\u00f3tica","description":"DEMOWEB SL","potentialAction":[{"@type":"SearchAction","target":{"@type":"EntryPoint","urlTemplate":"https:\/\/demoweb.info\/sexshop001\/?s={search_term_string}"},"query-input":"required name=search_term_string"}],"inLanguage":"es"}]}},"_links":{"self":[{"href":"https:\/\/demoweb.info\/sexshop001\/wp-json\/wp\/v3\/product\/73181","targetHints":{"allow":["GET"]}}],"collection":[{"href":"https:\/\/demoweb.info\/sexshop001\/wp-json\/wp\/v3\/product"}],"about":[{"href":"https:\/\/demoweb.info\/sexshop001\/wp-json\/wp\/v2\/types\/product"}],"replies":[{"embeddable":true,"href":"https:\/\/demoweb.info\/sexshop001\/wp-json\/wp\/v2\/comments?post=73181"}],"wp:featuredmedia":[{"embeddable":true,"href":"https:\/\/demoweb.info\/sexshop001\/wp-json\/wp\/v2\/media\/73182"}],"wp:attachment":[{"href":"https:\/\/demoweb.info\/sexshop001\/wp-json\/wp\/v2\/media?parent=73181"}],"wp:term":[{"taxonomy":"product_cat","embeddable":true,"href":"https:\/\/demoweb.info\/sexshop001\/wp-json\/wp\/v2\/product_cat?post=73181"},{"taxonomy":"product_tag","embeddable":true,"href":"https:\/\/demoweb.info\/sexshop001\/wp-json\/wp\/v2\/product_tag?post=73181"}],"curies":[{"name":"wp","href":"https:\/\/api.w.org\/{rel}","templated":true}]}}