{"id":73126,"date":"2022-01-22T21:07:42","date_gmt":"2022-01-22T20:07:42","guid":{"rendered":"https:\/\/demoweb.info\/sexshop001\/producto\/anillo-de-silicona-negro-45mm\/"},"modified":"2022-01-22T21:07:44","modified_gmt":"2022-01-22T20:07:44","slug":"anillo-de-silicona-negro-45mm","status":"publish","type":"product","link":"https:\/\/demoweb.info\/sexshop001\/producto\/anillo-de-silicona-negro-45mm\/","title":{"rendered":"ANILLO DE SILICONA &#8211; NEGRO &#8211; 45MM"},"content":{"rendered":"<p><strong>SILICONE RING<\/strong><\/p>\n<p>Estos juguetes masculinos imprescindibles est\u00e1n dise\u00f1ados con materiales y producci\u00f3n superiores, lo que aumenta tanto la comodidad como la vida \u00fatil.<br \/>\nEl poderoso e ic\u00f3nico dise\u00f1o de la marca Boneyard tiene un elegante acabado de silicona suave al tacto y presenta un estiramiento 3x superior y duradero.<\/p>\n<p>Los anillos de silicona 100% de grado m\u00e9dico y el dise\u00f1o antideslizante proporcionan un ajuste ce\u00f1ido que tanto el usuario como sus compa\u00f1eros de juego agradecer\u00e1n. \u00danicos en s\u00ed mismos, estos anillos se sinergizan con el usuario, brindando una comodidad infinita cuando se los usa debajo de sus jeans.<\/p>\n<p>Puede estar seguro de que resistir\u00e1n el castigo de sus sesiones de juego m\u00e1s largas una y otra vez. Te mantiene duro por m\u00e1s tiempo y m\u00e1s fuerte.<\/p>\n<p>Ajuste c\u00f3modo sin enrollar<br \/>\nDurabilidad extrema<br \/>\n100% silicona<br \/>\nEstiramiento 3X<\/p>\n<p>Este producto es seguro con todos los lubricantes, completamente hipoalerg\u00e9nico, no irritante y compatible con pieles sensibles.<\/p>\n<p>Caracter\u00edsticas:<\/p>\n<ul>\n<li>Dimensiones del producto 2,2 x 0,5 x 0,2 cm<\/li>\n<li>Peso del producto 10 gram<\/li>\n<li>A prueba de agua S\u00ed<\/li>\n<li>A prueba de salpicaduras S\u00ed<\/li>\n<li>Libre de ftalato S\u00ed<\/li>\n<li>Materiales Silicone<\/li>\n<\/ul>\n","protected":false},"excerpt":{"rendered":"<p>SILICONE RING Estos juguetes masculinos imprescindibles est\u00e1n dise\u00f1ados con materiales y producci\u00f3n superiores, lo que aumenta tanto la comodidad como<\/p>\n","protected":false},"featured_media":73127,"comment_status":"open","ping_status":"open","template":"","meta":[],"product_cat":[323],"product_tag":[1699],"class_list":["post-73126","product","type-product","status-publish","has-post-thumbnail","hentry","product_cat-silicona-anillos","product_tag-boneyard"],"bundled_by":[],"bundle_stock_status":"instock","bundle_stock_quantity":1,"bundle_virtual":false,"bundle_layout":"","bundle_add_to_cart_form_location":"","bundle_editable_in_cart":false,"bundle_sold_individually_context":"","bundle_item_grouping":"","bundle_min_size":"","bundle_max_size":"","bundled_items":[],"yoast_head":"<!-- This site is optimized with the Yoast SEO plugin v20.6 - https:\/\/yoast.com\/wordpress\/plugins\/seo\/ -->\n<title>ANILLO DE SILICONA - NEGRO - 45MM - Tienda Er\u00f3tica<\/title>\n<meta name=\"robots\" content=\"noindex, follow, max-snippet:-1, max-image-preview:large, max-video-preview:-1\" \/>\n<meta property=\"og:locale\" content=\"es_ES\" \/>\n<meta property=\"og:type\" content=\"article\" \/>\n<meta property=\"og:title\" content=\"ANILLO DE SILICONA - NEGRO - 45MM - Tienda Er\u00f3tica\" \/>\n<meta property=\"og:description\" content=\"SILICONE RING Estos juguetes masculinos imprescindibles est\u00e1n dise\u00f1ados con materiales y producci\u00f3n superiores, lo que aumenta tanto la comodidad como\" \/>\n<meta property=\"og:url\" content=\"https:\/\/demoweb.info\/sexshop001\/producto\/anillo-de-silicona-negro-45mm\/\" \/>\n<meta property=\"og:site_name\" content=\"Tienda Er\u00f3tica\" \/>\n<meta property=\"article:modified_time\" content=\"2022-01-22T20:07:44+00:00\" \/>\n<meta property=\"og:image\" content=\"https:\/\/demoweb.info\/sexshop001\/wp-content\/uploads\/2022\/01\/ANILLO-DE-SILICONA-NEGRO-45MM.jpg\" \/>\n\t<meta property=\"og:image:width\" content=\"550\" \/>\n\t<meta property=\"og:image:height\" content=\"550\" \/>\n\t<meta property=\"og:image:type\" content=\"image\/jpeg\" \/>\n<meta name=\"twitter:card\" content=\"summary_large_image\" \/>\n<meta name=\"twitter:label1\" content=\"Tiempo de lectura\" \/>\n\t<meta name=\"twitter:data1\" content=\"1 minuto\" \/>\n<script type=\"application\/ld+json\" class=\"yoast-schema-graph\">{\"@context\":\"https:\/\/schema.org\",\"@graph\":[{\"@type\":\"WebPage\",\"@id\":\"https:\/\/demoweb.info\/sexshop001\/producto\/anillo-de-silicona-negro-45mm\/\",\"url\":\"https:\/\/demoweb.info\/sexshop001\/producto\/anillo-de-silicona-negro-45mm\/\",\"name\":\"ANILLO DE SILICONA - NEGRO - 45MM - Tienda Er\u00f3tica\",\"isPartOf\":{\"@id\":\"https:\/\/demoweb.info\/sexshop001\/#website\"},\"datePublished\":\"2022-01-22T20:07:42+00:00\",\"dateModified\":\"2022-01-22T20:07:44+00:00\",\"breadcrumb\":{\"@id\":\"https:\/\/demoweb.info\/sexshop001\/producto\/anillo-de-silicona-negro-45mm\/#breadcrumb\"},\"inLanguage\":\"es\",\"potentialAction\":[{\"@type\":\"ReadAction\",\"target\":[\"https:\/\/demoweb.info\/sexshop001\/producto\/anillo-de-silicona-negro-45mm\/\"]}]},{\"@type\":\"BreadcrumbList\",\"@id\":\"https:\/\/demoweb.info\/sexshop001\/producto\/anillo-de-silicona-negro-45mm\/#breadcrumb\",\"itemListElement\":[{\"@type\":\"ListItem\",\"position\":1,\"name\":\"Portada\",\"item\":\"https:\/\/demoweb.info\/sexshop001\/\"},{\"@type\":\"ListItem\",\"position\":2,\"name\":\"Tienda\",\"item\":\"https:\/\/demoweb.info\/sexshop001\/tienda\/\"},{\"@type\":\"ListItem\",\"position\":3,\"name\":\"ANILLO DE SILICONA &#8211; NEGRO &#8211; 45MM\"}]},{\"@type\":\"WebSite\",\"@id\":\"https:\/\/demoweb.info\/sexshop001\/#website\",\"url\":\"https:\/\/demoweb.info\/sexshop001\/\",\"name\":\"Tienda Er\u00f3tica\",\"description\":\"DEMOWEB SL\",\"potentialAction\":[{\"@type\":\"SearchAction\",\"target\":{\"@type\":\"EntryPoint\",\"urlTemplate\":\"https:\/\/demoweb.info\/sexshop001\/?s={search_term_string}\"},\"query-input\":\"required name=search_term_string\"}],\"inLanguage\":\"es\"}]}<\/script>\n<!-- \/ Yoast SEO plugin. -->","yoast_head_json":{"title":"ANILLO DE SILICONA - NEGRO - 45MM - Tienda Er\u00f3tica","robots":{"index":"noindex","follow":"follow","max-snippet":"max-snippet:-1","max-image-preview":"max-image-preview:large","max-video-preview":"max-video-preview:-1"},"og_locale":"es_ES","og_type":"article","og_title":"ANILLO DE SILICONA - NEGRO - 45MM - Tienda Er\u00f3tica","og_description":"SILICONE RING Estos juguetes masculinos imprescindibles est\u00e1n dise\u00f1ados con materiales y producci\u00f3n superiores, lo que aumenta tanto la comodidad como","og_url":"https:\/\/demoweb.info\/sexshop001\/producto\/anillo-de-silicona-negro-45mm\/","og_site_name":"Tienda Er\u00f3tica","article_modified_time":"2022-01-22T20:07:44+00:00","og_image":[{"width":550,"height":550,"url":"https:\/\/demoweb.info\/sexshop001\/wp-content\/uploads\/2022\/01\/ANILLO-DE-SILICONA-NEGRO-45MM.jpg","type":"image\/jpeg"}],"twitter_card":"summary_large_image","twitter_misc":{"Tiempo de lectura":"1 minuto"},"schema":{"@context":"https:\/\/schema.org","@graph":[{"@type":"WebPage","@id":"https:\/\/demoweb.info\/sexshop001\/producto\/anillo-de-silicona-negro-45mm\/","url":"https:\/\/demoweb.info\/sexshop001\/producto\/anillo-de-silicona-negro-45mm\/","name":"ANILLO DE SILICONA - NEGRO - 45MM - Tienda Er\u00f3tica","isPartOf":{"@id":"https:\/\/demoweb.info\/sexshop001\/#website"},"datePublished":"2022-01-22T20:07:42+00:00","dateModified":"2022-01-22T20:07:44+00:00","breadcrumb":{"@id":"https:\/\/demoweb.info\/sexshop001\/producto\/anillo-de-silicona-negro-45mm\/#breadcrumb"},"inLanguage":"es","potentialAction":[{"@type":"ReadAction","target":["https:\/\/demoweb.info\/sexshop001\/producto\/anillo-de-silicona-negro-45mm\/"]}]},{"@type":"BreadcrumbList","@id":"https:\/\/demoweb.info\/sexshop001\/producto\/anillo-de-silicona-negro-45mm\/#breadcrumb","itemListElement":[{"@type":"ListItem","position":1,"name":"Portada","item":"https:\/\/demoweb.info\/sexshop001\/"},{"@type":"ListItem","position":2,"name":"Tienda","item":"https:\/\/demoweb.info\/sexshop001\/tienda\/"},{"@type":"ListItem","position":3,"name":"ANILLO DE SILICONA &#8211; NEGRO &#8211; 45MM"}]},{"@type":"WebSite","@id":"https:\/\/demoweb.info\/sexshop001\/#website","url":"https:\/\/demoweb.info\/sexshop001\/","name":"Tienda Er\u00f3tica","description":"DEMOWEB SL","potentialAction":[{"@type":"SearchAction","target":{"@type":"EntryPoint","urlTemplate":"https:\/\/demoweb.info\/sexshop001\/?s={search_term_string}"},"query-input":"required name=search_term_string"}],"inLanguage":"es"}]}},"_links":{"self":[{"href":"https:\/\/demoweb.info\/sexshop001\/wp-json\/wp\/v3\/product\/73126","targetHints":{"allow":["GET"]}}],"collection":[{"href":"https:\/\/demoweb.info\/sexshop001\/wp-json\/wp\/v3\/product"}],"about":[{"href":"https:\/\/demoweb.info\/sexshop001\/wp-json\/wp\/v2\/types\/product"}],"replies":[{"embeddable":true,"href":"https:\/\/demoweb.info\/sexshop001\/wp-json\/wp\/v2\/comments?post=73126"}],"wp:featuredmedia":[{"embeddable":true,"href":"https:\/\/demoweb.info\/sexshop001\/wp-json\/wp\/v2\/media\/73127"}],"wp:attachment":[{"href":"https:\/\/demoweb.info\/sexshop001\/wp-json\/wp\/v2\/media?parent=73126"}],"wp:term":[{"taxonomy":"product_cat","embeddable":true,"href":"https:\/\/demoweb.info\/sexshop001\/wp-json\/wp\/v2\/product_cat?post=73126"},{"taxonomy":"product_tag","embeddable":true,"href":"https:\/\/demoweb.info\/sexshop001\/wp-json\/wp\/v2\/product_tag?post=73126"}],"curies":[{"name":"wp","href":"https:\/\/api.w.org\/{rel}","templated":true}]}}