{"id":73110,"date":"2022-01-22T21:07:14","date_gmt":"2022-01-22T20:07:14","guid":{"rendered":"https:\/\/demoweb.info\/sexshop001\/producto\/kit-5-pcs-anillos-silicona-negro\/"},"modified":"2022-01-22T21:07:31","modified_gmt":"2022-01-22T20:07:31","slug":"kit-5-pcs-anillos-silicona-negro","status":"publish","type":"product","link":"https:\/\/demoweb.info\/sexshop001\/producto\/kit-5-pcs-anillos-silicona-negro\/","title":{"rendered":"KIT 5 PCS ANILLOS SILICONA &#8211; NEGRO"},"content":{"rendered":"<p><strong>SILICONE RING 5 PCS KIT<\/strong><\/p>\n<p>Estos juguetes masculinos imprescindibles est\u00e1n dise\u00f1ados con materiales y producci\u00f3n superiores, lo que aumenta tanto la comodidad como la vida \u00fatil.<\/p>\n<p>El poderoso e ic\u00f3nico dise\u00f1o de la marca Boneyard tiene un elegante acabado de silicona suave al tacto y presenta un estiramiento 3x superior y duradero.<\/p>\n<p>Los anillos de silicona 100% de grado m\u00e9dico y el dise\u00f1o antideslizante proporcionan un ajuste ce\u00f1ido que tanto el usuario como sus compa\u00f1eros de juego agradecer\u00e1n. \u00danicos en s\u00ed mismos, estos anillos se sinergizan con el usuario, brindando una comodidad infinita cuando se los usa debajo de sus jeans.<\/p>\n<p>Ideal para apilar y perfecto para tiendas para garantizar que el cliente obtenga el tama\u00f1o correcto. Puede estar seguro de que resistir\u00e1n el castigo de sus sesiones de juego m\u00e1s largas una y otra vez.<\/p>\n<p>Los anillos est\u00e1n empaquetados en un juego de 5 juegos de rango completo para un ajuste personalizado. Los tama\u00f1os son 1,2 (30 mm), 1,4 (35 mm), 1,6 (40 mm), 1,8 (45 mm) y 2,0 (50 mm). Tambi\u00e9n se venden individualmente para m\u00faltiples usos.<\/p>\n","protected":false},"excerpt":{"rendered":"<p>SILICONE RING 5 PCS KIT Estos juguetes masculinos imprescindibles est\u00e1n dise\u00f1ados con materiales y producci\u00f3n superiores, lo que aumenta tanto<\/p>\n","protected":false},"featured_media":73111,"comment_status":"open","ping_status":"open","template":"","meta":[],"product_cat":[323],"product_tag":[1699],"class_list":["post-73110","product","type-product","status-publish","has-post-thumbnail","hentry","product_cat-silicona-anillos","product_tag-boneyard"],"bundled_by":[],"bundle_stock_status":"instock","bundle_stock_quantity":1,"bundle_virtual":false,"bundle_layout":"","bundle_add_to_cart_form_location":"","bundle_editable_in_cart":false,"bundle_sold_individually_context":"","bundle_item_grouping":"","bundle_min_size":"","bundle_max_size":"","bundled_items":[],"yoast_head":"<!-- This site is optimized with the Yoast SEO plugin v20.6 - https:\/\/yoast.com\/wordpress\/plugins\/seo\/ -->\n<title>KIT 5 PCS ANILLOS SILICONA - NEGRO - Tienda Er\u00f3tica<\/title>\n<meta name=\"robots\" content=\"noindex, follow, max-snippet:-1, max-image-preview:large, max-video-preview:-1\" \/>\n<meta property=\"og:locale\" content=\"es_ES\" \/>\n<meta property=\"og:type\" content=\"article\" \/>\n<meta property=\"og:title\" content=\"KIT 5 PCS ANILLOS SILICONA - NEGRO - Tienda Er\u00f3tica\" \/>\n<meta property=\"og:description\" content=\"SILICONE RING 5 PCS KIT Estos juguetes masculinos imprescindibles est\u00e1n dise\u00f1ados con materiales y producci\u00f3n superiores, lo que aumenta tanto\" \/>\n<meta property=\"og:url\" content=\"https:\/\/demoweb.info\/sexshop001\/producto\/kit-5-pcs-anillos-silicona-negro\/\" \/>\n<meta property=\"og:site_name\" content=\"Tienda Er\u00f3tica\" \/>\n<meta property=\"article:modified_time\" content=\"2022-01-22T20:07:31+00:00\" \/>\n<meta property=\"og:image\" content=\"https:\/\/demoweb.info\/sexshop001\/wp-content\/uploads\/2022\/01\/KIT-5-PCS-ANILLOS-SILICONA-NEGRO.jpg\" \/>\n\t<meta property=\"og:image:width\" content=\"550\" \/>\n\t<meta property=\"og:image:height\" content=\"550\" \/>\n\t<meta property=\"og:image:type\" content=\"image\/jpeg\" \/>\n<meta name=\"twitter:card\" content=\"summary_large_image\" \/>\n<meta name=\"twitter:label1\" content=\"Tiempo de lectura\" \/>\n\t<meta name=\"twitter:data1\" content=\"1 minuto\" \/>\n<script type=\"application\/ld+json\" class=\"yoast-schema-graph\">{\"@context\":\"https:\/\/schema.org\",\"@graph\":[{\"@type\":\"WebPage\",\"@id\":\"https:\/\/demoweb.info\/sexshop001\/producto\/kit-5-pcs-anillos-silicona-negro\/\",\"url\":\"https:\/\/demoweb.info\/sexshop001\/producto\/kit-5-pcs-anillos-silicona-negro\/\",\"name\":\"KIT 5 PCS ANILLOS SILICONA - NEGRO - Tienda Er\u00f3tica\",\"isPartOf\":{\"@id\":\"https:\/\/demoweb.info\/sexshop001\/#website\"},\"datePublished\":\"2022-01-22T20:07:14+00:00\",\"dateModified\":\"2022-01-22T20:07:31+00:00\",\"breadcrumb\":{\"@id\":\"https:\/\/demoweb.info\/sexshop001\/producto\/kit-5-pcs-anillos-silicona-negro\/#breadcrumb\"},\"inLanguage\":\"es\",\"potentialAction\":[{\"@type\":\"ReadAction\",\"target\":[\"https:\/\/demoweb.info\/sexshop001\/producto\/kit-5-pcs-anillos-silicona-negro\/\"]}]},{\"@type\":\"BreadcrumbList\",\"@id\":\"https:\/\/demoweb.info\/sexshop001\/producto\/kit-5-pcs-anillos-silicona-negro\/#breadcrumb\",\"itemListElement\":[{\"@type\":\"ListItem\",\"position\":1,\"name\":\"Portada\",\"item\":\"https:\/\/demoweb.info\/sexshop001\/\"},{\"@type\":\"ListItem\",\"position\":2,\"name\":\"Tienda\",\"item\":\"https:\/\/demoweb.info\/sexshop001\/tienda\/\"},{\"@type\":\"ListItem\",\"position\":3,\"name\":\"KIT 5 PCS ANILLOS SILICONA &#8211; NEGRO\"}]},{\"@type\":\"WebSite\",\"@id\":\"https:\/\/demoweb.info\/sexshop001\/#website\",\"url\":\"https:\/\/demoweb.info\/sexshop001\/\",\"name\":\"Tienda Er\u00f3tica\",\"description\":\"DEMOWEB SL\",\"potentialAction\":[{\"@type\":\"SearchAction\",\"target\":{\"@type\":\"EntryPoint\",\"urlTemplate\":\"https:\/\/demoweb.info\/sexshop001\/?s={search_term_string}\"},\"query-input\":\"required name=search_term_string\"}],\"inLanguage\":\"es\"}]}<\/script>\n<!-- \/ Yoast SEO plugin. -->","yoast_head_json":{"title":"KIT 5 PCS ANILLOS SILICONA - NEGRO - Tienda Er\u00f3tica","robots":{"index":"noindex","follow":"follow","max-snippet":"max-snippet:-1","max-image-preview":"max-image-preview:large","max-video-preview":"max-video-preview:-1"},"og_locale":"es_ES","og_type":"article","og_title":"KIT 5 PCS ANILLOS SILICONA - NEGRO - Tienda Er\u00f3tica","og_description":"SILICONE RING 5 PCS KIT Estos juguetes masculinos imprescindibles est\u00e1n dise\u00f1ados con materiales y producci\u00f3n superiores, lo que aumenta tanto","og_url":"https:\/\/demoweb.info\/sexshop001\/producto\/kit-5-pcs-anillos-silicona-negro\/","og_site_name":"Tienda Er\u00f3tica","article_modified_time":"2022-01-22T20:07:31+00:00","og_image":[{"width":550,"height":550,"url":"https:\/\/demoweb.info\/sexshop001\/wp-content\/uploads\/2022\/01\/KIT-5-PCS-ANILLOS-SILICONA-NEGRO.jpg","type":"image\/jpeg"}],"twitter_card":"summary_large_image","twitter_misc":{"Tiempo de lectura":"1 minuto"},"schema":{"@context":"https:\/\/schema.org","@graph":[{"@type":"WebPage","@id":"https:\/\/demoweb.info\/sexshop001\/producto\/kit-5-pcs-anillos-silicona-negro\/","url":"https:\/\/demoweb.info\/sexshop001\/producto\/kit-5-pcs-anillos-silicona-negro\/","name":"KIT 5 PCS ANILLOS SILICONA - NEGRO - Tienda Er\u00f3tica","isPartOf":{"@id":"https:\/\/demoweb.info\/sexshop001\/#website"},"datePublished":"2022-01-22T20:07:14+00:00","dateModified":"2022-01-22T20:07:31+00:00","breadcrumb":{"@id":"https:\/\/demoweb.info\/sexshop001\/producto\/kit-5-pcs-anillos-silicona-negro\/#breadcrumb"},"inLanguage":"es","potentialAction":[{"@type":"ReadAction","target":["https:\/\/demoweb.info\/sexshop001\/producto\/kit-5-pcs-anillos-silicona-negro\/"]}]},{"@type":"BreadcrumbList","@id":"https:\/\/demoweb.info\/sexshop001\/producto\/kit-5-pcs-anillos-silicona-negro\/#breadcrumb","itemListElement":[{"@type":"ListItem","position":1,"name":"Portada","item":"https:\/\/demoweb.info\/sexshop001\/"},{"@type":"ListItem","position":2,"name":"Tienda","item":"https:\/\/demoweb.info\/sexshop001\/tienda\/"},{"@type":"ListItem","position":3,"name":"KIT 5 PCS ANILLOS SILICONA &#8211; NEGRO"}]},{"@type":"WebSite","@id":"https:\/\/demoweb.info\/sexshop001\/#website","url":"https:\/\/demoweb.info\/sexshop001\/","name":"Tienda Er\u00f3tica","description":"DEMOWEB SL","potentialAction":[{"@type":"SearchAction","target":{"@type":"EntryPoint","urlTemplate":"https:\/\/demoweb.info\/sexshop001\/?s={search_term_string}"},"query-input":"required name=search_term_string"}],"inLanguage":"es"}]}},"_links":{"self":[{"href":"https:\/\/demoweb.info\/sexshop001\/wp-json\/wp\/v3\/product\/73110","targetHints":{"allow":["GET"]}}],"collection":[{"href":"https:\/\/demoweb.info\/sexshop001\/wp-json\/wp\/v3\/product"}],"about":[{"href":"https:\/\/demoweb.info\/sexshop001\/wp-json\/wp\/v2\/types\/product"}],"replies":[{"embeddable":true,"href":"https:\/\/demoweb.info\/sexshop001\/wp-json\/wp\/v2\/comments?post=73110"}],"wp:featuredmedia":[{"embeddable":true,"href":"https:\/\/demoweb.info\/sexshop001\/wp-json\/wp\/v2\/media\/73111"}],"wp:attachment":[{"href":"https:\/\/demoweb.info\/sexshop001\/wp-json\/wp\/v2\/media?parent=73110"}],"wp:term":[{"taxonomy":"product_cat","embeddable":true,"href":"https:\/\/demoweb.info\/sexshop001\/wp-json\/wp\/v2\/product_cat?post=73110"},{"taxonomy":"product_tag","embeddable":true,"href":"https:\/\/demoweb.info\/sexshop001\/wp-json\/wp\/v2\/product_tag?post=73110"}],"curies":[{"name":"wp","href":"https:\/\/api.w.org\/{rel}","templated":true}]}}