{"id":7309,"date":"2022-01-22T09:28:25","date_gmt":"2022-01-22T08:28:25","guid":{"rendered":"https:\/\/demoweb.info\/sexshop001\/producto\/revo-intense-masajeador-de-prostata-negro\/"},"modified":"2022-01-22T09:28:28","modified_gmt":"2022-01-22T08:28:28","slug":"revo-intense-masajeador-de-prostata-negro","status":"publish","type":"product","link":"https:\/\/demoweb.info\/sexshop001\/producto\/revo-intense-masajeador-de-prostata-negro\/","title":{"rendered":"REVO INTENSE MASAJEADOR DE PROSTATA NEGRO"},"content":{"rendered":"<p><strong>REVO INTENSE WATERPROOF ROTATING PROSTATE MASSAGER BLACK<\/strong><\/p>\n<p>\u00a1Nuestra gama Revo ha sido actualizada y ahora es mejor que nunca!<\/p>\n<p>Esta nueva versi\u00f3n actualizada tiene un eje de 2 velocidades, bi rotacional que masajea suave pero de forma segura la pr\u00f3stata a medida que el masajeador de perineo de 6 funciones vibra para darle estimulaci\u00f3n simult\u00e1nea. \u00a1Puedes controlar ambos de forma independiente d\u00e1ndote 34 combinaciones de placer! Revo est\u00e1 hecho de silicona de alta calidad, lo que significa que es hipoalerg\u00e9nico y no poroso, y ahora tambi\u00e9n es resistente al agua, lo que significa que puede disfrutar de su ba\u00f1o o ducha.<\/p>\n<ul>\n<li>Dimensiones del producto    18 x 18,3 x 5 cm<\/li>\n<li>Peso del producto    278,00 gram<\/li>\n<li>Longitud insertable    8,5 cm<\/li>\n<li>Recargable    S\u00ed<\/li>\n<li>Tiempo de recarga    150 min<\/li>\n<li>Vida de la recarga de las bater\u00edas    360 min<\/li>\n<li>A prueba de agua    S\u00ed<\/li>\n<li>Libre de ftalato    S\u00ed<\/li>\n<li>Materiales    Silicone\n\t <\/li>\n<\/ul>\n","protected":false},"excerpt":{"rendered":"<p>REVO INTENSE WATERPROOF ROTATING PROSTATE MASSAGER BLACK \u00a1Nuestra gama Revo ha sido actualizada y ahora es mejor que nunca! Esta<\/p>\n","protected":false},"featured_media":7310,"comment_status":"open","ping_status":"open","template":"","meta":[],"product_cat":[295],"product_tag":[296],"class_list":["post-7309","product","type-product","status-publish","has-post-thumbnail","hentry","product_cat-vibradores-plugs","product_tag-nexus"],"bundled_by":[],"bundle_stock_status":"outofstock","bundle_stock_quantity":0,"bundle_virtual":false,"bundle_layout":"","bundle_add_to_cart_form_location":"","bundle_editable_in_cart":false,"bundle_sold_individually_context":"","bundle_item_grouping":"","bundle_min_size":"","bundle_max_size":"","bundled_items":[],"yoast_head":"<!-- This site is optimized with the Yoast SEO plugin v20.6 - https:\/\/yoast.com\/wordpress\/plugins\/seo\/ -->\n<title>REVO INTENSE MASAJEADOR DE PROSTATA NEGRO - Tienda Er\u00f3tica<\/title>\n<meta name=\"robots\" content=\"noindex, follow, max-snippet:-1, max-image-preview:large, max-video-preview:-1\" \/>\n<meta property=\"og:locale\" content=\"es_ES\" \/>\n<meta property=\"og:type\" content=\"article\" \/>\n<meta property=\"og:title\" content=\"REVO INTENSE MASAJEADOR DE PROSTATA NEGRO - Tienda Er\u00f3tica\" \/>\n<meta property=\"og:description\" content=\"REVO INTENSE WATERPROOF ROTATING PROSTATE MASSAGER BLACK \u00a1Nuestra gama Revo ha sido actualizada y ahora es mejor que nunca! Esta\" \/>\n<meta property=\"og:url\" content=\"https:\/\/demoweb.info\/sexshop001\/producto\/revo-intense-masajeador-de-prostata-negro\/\" \/>\n<meta property=\"og:site_name\" content=\"Tienda Er\u00f3tica\" \/>\n<meta property=\"article:modified_time\" content=\"2022-01-22T08:28:28+00:00\" \/>\n<meta property=\"og:image\" content=\"https:\/\/demoweb.info\/sexshop001\/wp-content\/uploads\/2022\/01\/REVO-INTENSE-MASAJEADOR-DE-PROSTATA-NEGRO.jpg\" \/>\n\t<meta property=\"og:image:width\" content=\"550\" \/>\n\t<meta property=\"og:image:height\" content=\"550\" \/>\n\t<meta property=\"og:image:type\" content=\"image\/jpeg\" \/>\n<meta name=\"twitter:card\" content=\"summary_large_image\" \/>\n<meta name=\"twitter:label1\" content=\"Tiempo de lectura\" \/>\n\t<meta name=\"twitter:data1\" content=\"1 minuto\" \/>\n<script type=\"application\/ld+json\" class=\"yoast-schema-graph\">{\"@context\":\"https:\/\/schema.org\",\"@graph\":[{\"@type\":\"WebPage\",\"@id\":\"https:\/\/demoweb.info\/sexshop001\/producto\/revo-intense-masajeador-de-prostata-negro\/\",\"url\":\"https:\/\/demoweb.info\/sexshop001\/producto\/revo-intense-masajeador-de-prostata-negro\/\",\"name\":\"REVO INTENSE MASAJEADOR DE PROSTATA NEGRO - Tienda Er\u00f3tica\",\"isPartOf\":{\"@id\":\"https:\/\/demoweb.info\/sexshop001\/#website\"},\"datePublished\":\"2022-01-22T08:28:25+00:00\",\"dateModified\":\"2022-01-22T08:28:28+00:00\",\"breadcrumb\":{\"@id\":\"https:\/\/demoweb.info\/sexshop001\/producto\/revo-intense-masajeador-de-prostata-negro\/#breadcrumb\"},\"inLanguage\":\"es\",\"potentialAction\":[{\"@type\":\"ReadAction\",\"target\":[\"https:\/\/demoweb.info\/sexshop001\/producto\/revo-intense-masajeador-de-prostata-negro\/\"]}]},{\"@type\":\"BreadcrumbList\",\"@id\":\"https:\/\/demoweb.info\/sexshop001\/producto\/revo-intense-masajeador-de-prostata-negro\/#breadcrumb\",\"itemListElement\":[{\"@type\":\"ListItem\",\"position\":1,\"name\":\"Portada\",\"item\":\"https:\/\/demoweb.info\/sexshop001\/\"},{\"@type\":\"ListItem\",\"position\":2,\"name\":\"Tienda\",\"item\":\"https:\/\/demoweb.info\/sexshop001\/tienda\/\"},{\"@type\":\"ListItem\",\"position\":3,\"name\":\"REVO INTENSE MASAJEADOR DE PROSTATA NEGRO\"}]},{\"@type\":\"WebSite\",\"@id\":\"https:\/\/demoweb.info\/sexshop001\/#website\",\"url\":\"https:\/\/demoweb.info\/sexshop001\/\",\"name\":\"Tienda Er\u00f3tica\",\"description\":\"DEMOWEB SL\",\"potentialAction\":[{\"@type\":\"SearchAction\",\"target\":{\"@type\":\"EntryPoint\",\"urlTemplate\":\"https:\/\/demoweb.info\/sexshop001\/?s={search_term_string}\"},\"query-input\":\"required name=search_term_string\"}],\"inLanguage\":\"es\"}]}<\/script>\n<!-- \/ Yoast SEO plugin. -->","yoast_head_json":{"title":"REVO INTENSE MASAJEADOR DE PROSTATA NEGRO - Tienda Er\u00f3tica","robots":{"index":"noindex","follow":"follow","max-snippet":"max-snippet:-1","max-image-preview":"max-image-preview:large","max-video-preview":"max-video-preview:-1"},"og_locale":"es_ES","og_type":"article","og_title":"REVO INTENSE MASAJEADOR DE PROSTATA NEGRO - Tienda Er\u00f3tica","og_description":"REVO INTENSE WATERPROOF ROTATING PROSTATE MASSAGER BLACK \u00a1Nuestra gama Revo ha sido actualizada y ahora es mejor que nunca! Esta","og_url":"https:\/\/demoweb.info\/sexshop001\/producto\/revo-intense-masajeador-de-prostata-negro\/","og_site_name":"Tienda Er\u00f3tica","article_modified_time":"2022-01-22T08:28:28+00:00","og_image":[{"width":550,"height":550,"url":"https:\/\/demoweb.info\/sexshop001\/wp-content\/uploads\/2022\/01\/REVO-INTENSE-MASAJEADOR-DE-PROSTATA-NEGRO.jpg","type":"image\/jpeg"}],"twitter_card":"summary_large_image","twitter_misc":{"Tiempo de lectura":"1 minuto"},"schema":{"@context":"https:\/\/schema.org","@graph":[{"@type":"WebPage","@id":"https:\/\/demoweb.info\/sexshop001\/producto\/revo-intense-masajeador-de-prostata-negro\/","url":"https:\/\/demoweb.info\/sexshop001\/producto\/revo-intense-masajeador-de-prostata-negro\/","name":"REVO INTENSE MASAJEADOR DE PROSTATA NEGRO - Tienda Er\u00f3tica","isPartOf":{"@id":"https:\/\/demoweb.info\/sexshop001\/#website"},"datePublished":"2022-01-22T08:28:25+00:00","dateModified":"2022-01-22T08:28:28+00:00","breadcrumb":{"@id":"https:\/\/demoweb.info\/sexshop001\/producto\/revo-intense-masajeador-de-prostata-negro\/#breadcrumb"},"inLanguage":"es","potentialAction":[{"@type":"ReadAction","target":["https:\/\/demoweb.info\/sexshop001\/producto\/revo-intense-masajeador-de-prostata-negro\/"]}]},{"@type":"BreadcrumbList","@id":"https:\/\/demoweb.info\/sexshop001\/producto\/revo-intense-masajeador-de-prostata-negro\/#breadcrumb","itemListElement":[{"@type":"ListItem","position":1,"name":"Portada","item":"https:\/\/demoweb.info\/sexshop001\/"},{"@type":"ListItem","position":2,"name":"Tienda","item":"https:\/\/demoweb.info\/sexshop001\/tienda\/"},{"@type":"ListItem","position":3,"name":"REVO INTENSE MASAJEADOR DE PROSTATA NEGRO"}]},{"@type":"WebSite","@id":"https:\/\/demoweb.info\/sexshop001\/#website","url":"https:\/\/demoweb.info\/sexshop001\/","name":"Tienda Er\u00f3tica","description":"DEMOWEB SL","potentialAction":[{"@type":"SearchAction","target":{"@type":"EntryPoint","urlTemplate":"https:\/\/demoweb.info\/sexshop001\/?s={search_term_string}"},"query-input":"required name=search_term_string"}],"inLanguage":"es"}]}},"_links":{"self":[{"href":"https:\/\/demoweb.info\/sexshop001\/wp-json\/wp\/v3\/product\/7309","targetHints":{"allow":["GET"]}}],"collection":[{"href":"https:\/\/demoweb.info\/sexshop001\/wp-json\/wp\/v3\/product"}],"about":[{"href":"https:\/\/demoweb.info\/sexshop001\/wp-json\/wp\/v2\/types\/product"}],"replies":[{"embeddable":true,"href":"https:\/\/demoweb.info\/sexshop001\/wp-json\/wp\/v2\/comments?post=7309"}],"wp:featuredmedia":[{"embeddable":true,"href":"https:\/\/demoweb.info\/sexshop001\/wp-json\/wp\/v2\/media\/7310"}],"wp:attachment":[{"href":"https:\/\/demoweb.info\/sexshop001\/wp-json\/wp\/v2\/media?parent=7309"}],"wp:term":[{"taxonomy":"product_cat","embeddable":true,"href":"https:\/\/demoweb.info\/sexshop001\/wp-json\/wp\/v2\/product_cat?post=7309"},{"taxonomy":"product_tag","embeddable":true,"href":"https:\/\/demoweb.info\/sexshop001\/wp-json\/wp\/v2\/product_tag?post=7309"}],"curies":[{"name":"wp","href":"https:\/\/api.w.org\/{rel}","templated":true}]}}