{"id":73031,"date":"2022-01-22T21:06:14","date_gmt":"2022-01-22T20:06:14","guid":{"rendered":"https:\/\/demoweb.info\/sexshop001\/producto\/jagger-negro\/"},"modified":"2022-01-22T21:06:28","modified_gmt":"2022-01-22T20:06:28","slug":"jagger-negro","status":"publish","type":"product","link":"https:\/\/demoweb.info\/sexshop001\/producto\/jagger-negro\/","title":{"rendered":"JAGGER &#8211; NEGRO"},"content":{"rendered":"<p><strong>JAGGER &#8211; BLACK<\/strong><\/p>\n<p>Funda transparente para potenciador de erecci\u00f3n de anillo vibrante recargable Jagger de Maia Toys.<br \/>\nCuenta con 10 velocidades devibraciones pulsantes.<\/p>\n<p>S\u00faper el\u00e1stico para un apoyo c\u00f3modo.<br \/>\nMotor fuerte.<\/p>\n<p>Fabricado con ftalato de materiales seguros para el cuerpo.<br \/>\nElast\u00f3meros termopl\u00e1sticos gratis Anillo de pene de TPE con revestimiento de silicona, vibrador de bala de pl\u00e1stico ABS. USB recargable.<\/p>\n<p>Caracter\u00edsticas:<\/p>\n<ul>\n<li>Dimensiones del producto    9 x 4 x 14,5 cm<\/li>\n<li>Peso del producto    55 gram<\/li>\n<li>Di\u00e1metro del producto    3,8 cm<\/li>\n<li>Cantidad de motores    1<\/li>\n<li>Rotaciones    8800 RPM<\/li>\n<li>Tipos de velocidad    10<\/li>\n<li>Nivel de ruido    48 dB<\/li>\n<li>Recargable    S\u00ed<\/li>\n<li>Tiempo de recarga    30 min<\/li>\n<li>Vida de la recarga de las bater\u00edas    180 min<\/li>\n<li>A prueba de agua    S\u00ed<\/li>\n<li>Libre de ftalato    S\u00ed<\/li>\n<li>Materiales    TPE, ABS<\/li>\n<\/ul>\n","protected":false},"excerpt":{"rendered":"<p>JAGGER &#8211; BLACK Funda transparente para potenciador de erecci\u00f3n de anillo vibrante recargable Jagger de Maia Toys. Cuenta con 10<\/p>\n","protected":false},"featured_media":73032,"comment_status":"open","ping_status":"open","template":"","meta":[],"product_cat":[438],"product_tag":[844],"class_list":["post-73031","product","type-product","status-publish","has-post-thumbnail","hentry","product_cat-con-vibrador-anillos","product_tag-maia-toys"],"bundled_by":[],"bundle_stock_status":"instock","bundle_stock_quantity":1,"bundle_virtual":false,"bundle_layout":"","bundle_add_to_cart_form_location":"","bundle_editable_in_cart":false,"bundle_sold_individually_context":"","bundle_item_grouping":"","bundle_min_size":"","bundle_max_size":"","bundled_items":[],"yoast_head":"<!-- This site is optimized with the Yoast SEO plugin v20.6 - https:\/\/yoast.com\/wordpress\/plugins\/seo\/ -->\n<title>JAGGER - NEGRO - Tienda Er\u00f3tica<\/title>\n<meta name=\"robots\" content=\"noindex, follow, max-snippet:-1, max-image-preview:large, max-video-preview:-1\" \/>\n<meta property=\"og:locale\" content=\"es_ES\" \/>\n<meta property=\"og:type\" content=\"article\" \/>\n<meta property=\"og:title\" content=\"JAGGER - NEGRO - Tienda Er\u00f3tica\" \/>\n<meta property=\"og:description\" content=\"JAGGER &#8211; BLACK Funda transparente para potenciador de erecci\u00f3n de anillo vibrante recargable Jagger de Maia Toys. Cuenta con 10\" \/>\n<meta property=\"og:url\" content=\"https:\/\/demoweb.info\/sexshop001\/producto\/jagger-negro\/\" \/>\n<meta property=\"og:site_name\" content=\"Tienda Er\u00f3tica\" \/>\n<meta property=\"article:modified_time\" content=\"2022-01-22T20:06:28+00:00\" \/>\n<meta property=\"og:image\" content=\"https:\/\/demoweb.info\/sexshop001\/wp-content\/uploads\/2022\/01\/JAGGER-NEGRO.jpg\" \/>\n\t<meta property=\"og:image:width\" content=\"550\" \/>\n\t<meta property=\"og:image:height\" content=\"550\" \/>\n\t<meta property=\"og:image:type\" content=\"image\/jpeg\" \/>\n<meta name=\"twitter:card\" content=\"summary_large_image\" \/>\n<meta name=\"twitter:label1\" content=\"Tiempo de lectura\" \/>\n\t<meta name=\"twitter:data1\" content=\"1 minuto\" \/>\n<script type=\"application\/ld+json\" class=\"yoast-schema-graph\">{\"@context\":\"https:\/\/schema.org\",\"@graph\":[{\"@type\":\"WebPage\",\"@id\":\"https:\/\/demoweb.info\/sexshop001\/producto\/jagger-negro\/\",\"url\":\"https:\/\/demoweb.info\/sexshop001\/producto\/jagger-negro\/\",\"name\":\"JAGGER - NEGRO - Tienda Er\u00f3tica\",\"isPartOf\":{\"@id\":\"https:\/\/demoweb.info\/sexshop001\/#website\"},\"datePublished\":\"2022-01-22T20:06:14+00:00\",\"dateModified\":\"2022-01-22T20:06:28+00:00\",\"breadcrumb\":{\"@id\":\"https:\/\/demoweb.info\/sexshop001\/producto\/jagger-negro\/#breadcrumb\"},\"inLanguage\":\"es\",\"potentialAction\":[{\"@type\":\"ReadAction\",\"target\":[\"https:\/\/demoweb.info\/sexshop001\/producto\/jagger-negro\/\"]}]},{\"@type\":\"BreadcrumbList\",\"@id\":\"https:\/\/demoweb.info\/sexshop001\/producto\/jagger-negro\/#breadcrumb\",\"itemListElement\":[{\"@type\":\"ListItem\",\"position\":1,\"name\":\"Portada\",\"item\":\"https:\/\/demoweb.info\/sexshop001\/\"},{\"@type\":\"ListItem\",\"position\":2,\"name\":\"Tienda\",\"item\":\"https:\/\/demoweb.info\/sexshop001\/tienda\/\"},{\"@type\":\"ListItem\",\"position\":3,\"name\":\"JAGGER &#8211; NEGRO\"}]},{\"@type\":\"WebSite\",\"@id\":\"https:\/\/demoweb.info\/sexshop001\/#website\",\"url\":\"https:\/\/demoweb.info\/sexshop001\/\",\"name\":\"Tienda Er\u00f3tica\",\"description\":\"DEMOWEB SL\",\"potentialAction\":[{\"@type\":\"SearchAction\",\"target\":{\"@type\":\"EntryPoint\",\"urlTemplate\":\"https:\/\/demoweb.info\/sexshop001\/?s={search_term_string}\"},\"query-input\":\"required name=search_term_string\"}],\"inLanguage\":\"es\"}]}<\/script>\n<!-- \/ Yoast SEO plugin. -->","yoast_head_json":{"title":"JAGGER - NEGRO - Tienda Er\u00f3tica","robots":{"index":"noindex","follow":"follow","max-snippet":"max-snippet:-1","max-image-preview":"max-image-preview:large","max-video-preview":"max-video-preview:-1"},"og_locale":"es_ES","og_type":"article","og_title":"JAGGER - NEGRO - Tienda Er\u00f3tica","og_description":"JAGGER &#8211; BLACK Funda transparente para potenciador de erecci\u00f3n de anillo vibrante recargable Jagger de Maia Toys. Cuenta con 10","og_url":"https:\/\/demoweb.info\/sexshop001\/producto\/jagger-negro\/","og_site_name":"Tienda Er\u00f3tica","article_modified_time":"2022-01-22T20:06:28+00:00","og_image":[{"width":550,"height":550,"url":"https:\/\/demoweb.info\/sexshop001\/wp-content\/uploads\/2022\/01\/JAGGER-NEGRO.jpg","type":"image\/jpeg"}],"twitter_card":"summary_large_image","twitter_misc":{"Tiempo de lectura":"1 minuto"},"schema":{"@context":"https:\/\/schema.org","@graph":[{"@type":"WebPage","@id":"https:\/\/demoweb.info\/sexshop001\/producto\/jagger-negro\/","url":"https:\/\/demoweb.info\/sexshop001\/producto\/jagger-negro\/","name":"JAGGER - NEGRO - Tienda Er\u00f3tica","isPartOf":{"@id":"https:\/\/demoweb.info\/sexshop001\/#website"},"datePublished":"2022-01-22T20:06:14+00:00","dateModified":"2022-01-22T20:06:28+00:00","breadcrumb":{"@id":"https:\/\/demoweb.info\/sexshop001\/producto\/jagger-negro\/#breadcrumb"},"inLanguage":"es","potentialAction":[{"@type":"ReadAction","target":["https:\/\/demoweb.info\/sexshop001\/producto\/jagger-negro\/"]}]},{"@type":"BreadcrumbList","@id":"https:\/\/demoweb.info\/sexshop001\/producto\/jagger-negro\/#breadcrumb","itemListElement":[{"@type":"ListItem","position":1,"name":"Portada","item":"https:\/\/demoweb.info\/sexshop001\/"},{"@type":"ListItem","position":2,"name":"Tienda","item":"https:\/\/demoweb.info\/sexshop001\/tienda\/"},{"@type":"ListItem","position":3,"name":"JAGGER &#8211; NEGRO"}]},{"@type":"WebSite","@id":"https:\/\/demoweb.info\/sexshop001\/#website","url":"https:\/\/demoweb.info\/sexshop001\/","name":"Tienda Er\u00f3tica","description":"DEMOWEB SL","potentialAction":[{"@type":"SearchAction","target":{"@type":"EntryPoint","urlTemplate":"https:\/\/demoweb.info\/sexshop001\/?s={search_term_string}"},"query-input":"required name=search_term_string"}],"inLanguage":"es"}]}},"_links":{"self":[{"href":"https:\/\/demoweb.info\/sexshop001\/wp-json\/wp\/v3\/product\/73031","targetHints":{"allow":["GET"]}}],"collection":[{"href":"https:\/\/demoweb.info\/sexshop001\/wp-json\/wp\/v3\/product"}],"about":[{"href":"https:\/\/demoweb.info\/sexshop001\/wp-json\/wp\/v2\/types\/product"}],"replies":[{"embeddable":true,"href":"https:\/\/demoweb.info\/sexshop001\/wp-json\/wp\/v2\/comments?post=73031"}],"wp:featuredmedia":[{"embeddable":true,"href":"https:\/\/demoweb.info\/sexshop001\/wp-json\/wp\/v2\/media\/73032"}],"wp:attachment":[{"href":"https:\/\/demoweb.info\/sexshop001\/wp-json\/wp\/v2\/media?parent=73031"}],"wp:term":[{"taxonomy":"product_cat","embeddable":true,"href":"https:\/\/demoweb.info\/sexshop001\/wp-json\/wp\/v2\/product_cat?post=73031"},{"taxonomy":"product_tag","embeddable":true,"href":"https:\/\/demoweb.info\/sexshop001\/wp-json\/wp\/v2\/product_tag?post=73031"}],"curies":[{"name":"wp","href":"https:\/\/api.w.org\/{rel}","templated":true}]}}