{"id":73012,"date":"2022-01-22T21:06:14","date_gmt":"2022-01-22T20:06:14","guid":{"rendered":"https:\/\/demoweb.info\/sexshop001\/producto\/angel-lavanda\/"},"modified":"2022-01-22T21:06:14","modified_gmt":"2022-01-22T20:06:14","slug":"angel-lavanda","status":"publish","type":"product","link":"https:\/\/demoweb.info\/sexshop001\/producto\/angel-lavanda\/","title":{"rendered":"ANGEL &#8211; LAVANDA"},"content":{"rendered":"<p><strong>ANGEL &#8211; LAVANDER<\/strong><\/p>\n<p>La bala vibradora de 25 funciones ANGEL es una peque\u00f1a fuente de energ\u00eda de placer celestial.<br \/>\nFabricado en silicona de grado m\u00e9dico para un deslizamiento verdaderamente angelical.<\/p>\n<p>El \u00c1NGEL lo agracia con 25 funciones de velocidad y pulsaciones.<br \/>\nSu base brillante brilla con hermosos destellos p\u00farpuras para darle un acento lujoso a tu colecci\u00f3n de juguetes.<\/p>\n<p>El dise\u00f1o delgado del ANGEL ofrece una estimulaci\u00f3n precisa con un motor extrafuerte.<br \/>\nNunca has visto una bala delgada tan poderosa y vers\u00e1til.<br \/>\nNunca m\u00e1s necesitar\u00e1s comprar otra bala.<\/p>\n<p>Dimensiones del producto: 9,2 x 4,4 x 19,5 cm<br \/>\nDi\u00e1metro del producto: 2,3 cm<br \/>\nLongitud insertable: 10,2 cm<br \/>\nCantidad de motores: 1<br \/>\nRotaciones: 7200 RPM<\/p>\n","protected":false},"excerpt":{"rendered":"<p>ANGEL &#8211; LAVANDER La bala vibradora de 25 funciones ANGEL es una peque\u00f1a fuente de energ\u00eda de placer celestial. Fabricado<\/p>\n","protected":false},"featured_media":73013,"comment_status":"open","ping_status":"open","template":"","meta":[],"product_cat":[476],"product_tag":[844],"class_list":["post-73012","product","type-product","status-publish","has-post-thumbnail","hentry","product_cat-silicona-balas-y-huevos","product_tag-maia-toys"],"bundled_by":[],"bundle_stock_status":"instock","bundle_stock_quantity":1,"bundle_virtual":false,"bundle_layout":"","bundle_add_to_cart_form_location":"","bundle_editable_in_cart":false,"bundle_sold_individually_context":"","bundle_item_grouping":"","bundle_min_size":"","bundle_max_size":"","bundled_items":[],"yoast_head":"<!-- This site is optimized with the Yoast SEO plugin v20.6 - https:\/\/yoast.com\/wordpress\/plugins\/seo\/ -->\n<title>ANGEL - LAVANDA - Tienda Er\u00f3tica<\/title>\n<meta name=\"robots\" content=\"noindex, follow, max-snippet:-1, max-image-preview:large, max-video-preview:-1\" \/>\n<meta property=\"og:locale\" content=\"es_ES\" \/>\n<meta property=\"og:type\" content=\"article\" \/>\n<meta property=\"og:title\" content=\"ANGEL - LAVANDA - Tienda Er\u00f3tica\" \/>\n<meta property=\"og:description\" content=\"ANGEL &#8211; LAVANDER La bala vibradora de 25 funciones ANGEL es una peque\u00f1a fuente de energ\u00eda de placer celestial. Fabricado\" \/>\n<meta property=\"og:url\" content=\"https:\/\/demoweb.info\/sexshop001\/producto\/angel-lavanda\/\" \/>\n<meta property=\"og:site_name\" content=\"Tienda Er\u00f3tica\" \/>\n<meta property=\"og:image\" content=\"https:\/\/demoweb.info\/sexshop001\/wp-content\/uploads\/2022\/01\/ANGEL-LAVANDA.jpg\" \/>\n\t<meta property=\"og:image:width\" content=\"550\" \/>\n\t<meta property=\"og:image:height\" content=\"550\" \/>\n\t<meta property=\"og:image:type\" content=\"image\/jpeg\" \/>\n<meta name=\"twitter:card\" content=\"summary_large_image\" \/>\n<meta name=\"twitter:label1\" content=\"Tiempo de lectura\" \/>\n\t<meta name=\"twitter:data1\" content=\"1 minuto\" \/>\n<script type=\"application\/ld+json\" class=\"yoast-schema-graph\">{\"@context\":\"https:\/\/schema.org\",\"@graph\":[{\"@type\":\"WebPage\",\"@id\":\"https:\/\/demoweb.info\/sexshop001\/producto\/angel-lavanda\/\",\"url\":\"https:\/\/demoweb.info\/sexshop001\/producto\/angel-lavanda\/\",\"name\":\"ANGEL - LAVANDA - Tienda Er\u00f3tica\",\"isPartOf\":{\"@id\":\"https:\/\/demoweb.info\/sexshop001\/#website\"},\"datePublished\":\"2022-01-22T20:06:14+00:00\",\"dateModified\":\"2022-01-22T20:06:14+00:00\",\"breadcrumb\":{\"@id\":\"https:\/\/demoweb.info\/sexshop001\/producto\/angel-lavanda\/#breadcrumb\"},\"inLanguage\":\"es\",\"potentialAction\":[{\"@type\":\"ReadAction\",\"target\":[\"https:\/\/demoweb.info\/sexshop001\/producto\/angel-lavanda\/\"]}]},{\"@type\":\"BreadcrumbList\",\"@id\":\"https:\/\/demoweb.info\/sexshop001\/producto\/angel-lavanda\/#breadcrumb\",\"itemListElement\":[{\"@type\":\"ListItem\",\"position\":1,\"name\":\"Portada\",\"item\":\"https:\/\/demoweb.info\/sexshop001\/\"},{\"@type\":\"ListItem\",\"position\":2,\"name\":\"Tienda\",\"item\":\"https:\/\/demoweb.info\/sexshop001\/tienda\/\"},{\"@type\":\"ListItem\",\"position\":3,\"name\":\"ANGEL &#8211; LAVANDA\"}]},{\"@type\":\"WebSite\",\"@id\":\"https:\/\/demoweb.info\/sexshop001\/#website\",\"url\":\"https:\/\/demoweb.info\/sexshop001\/\",\"name\":\"Tienda Er\u00f3tica\",\"description\":\"DEMOWEB SL\",\"potentialAction\":[{\"@type\":\"SearchAction\",\"target\":{\"@type\":\"EntryPoint\",\"urlTemplate\":\"https:\/\/demoweb.info\/sexshop001\/?s={search_term_string}\"},\"query-input\":\"required name=search_term_string\"}],\"inLanguage\":\"es\"}]}<\/script>\n<!-- \/ Yoast SEO plugin. -->","yoast_head_json":{"title":"ANGEL - LAVANDA - Tienda Er\u00f3tica","robots":{"index":"noindex","follow":"follow","max-snippet":"max-snippet:-1","max-image-preview":"max-image-preview:large","max-video-preview":"max-video-preview:-1"},"og_locale":"es_ES","og_type":"article","og_title":"ANGEL - LAVANDA - Tienda Er\u00f3tica","og_description":"ANGEL &#8211; LAVANDER La bala vibradora de 25 funciones ANGEL es una peque\u00f1a fuente de energ\u00eda de placer celestial. Fabricado","og_url":"https:\/\/demoweb.info\/sexshop001\/producto\/angel-lavanda\/","og_site_name":"Tienda Er\u00f3tica","og_image":[{"width":550,"height":550,"url":"https:\/\/demoweb.info\/sexshop001\/wp-content\/uploads\/2022\/01\/ANGEL-LAVANDA.jpg","type":"image\/jpeg"}],"twitter_card":"summary_large_image","twitter_misc":{"Tiempo de lectura":"1 minuto"},"schema":{"@context":"https:\/\/schema.org","@graph":[{"@type":"WebPage","@id":"https:\/\/demoweb.info\/sexshop001\/producto\/angel-lavanda\/","url":"https:\/\/demoweb.info\/sexshop001\/producto\/angel-lavanda\/","name":"ANGEL - LAVANDA - Tienda Er\u00f3tica","isPartOf":{"@id":"https:\/\/demoweb.info\/sexshop001\/#website"},"datePublished":"2022-01-22T20:06:14+00:00","dateModified":"2022-01-22T20:06:14+00:00","breadcrumb":{"@id":"https:\/\/demoweb.info\/sexshop001\/producto\/angel-lavanda\/#breadcrumb"},"inLanguage":"es","potentialAction":[{"@type":"ReadAction","target":["https:\/\/demoweb.info\/sexshop001\/producto\/angel-lavanda\/"]}]},{"@type":"BreadcrumbList","@id":"https:\/\/demoweb.info\/sexshop001\/producto\/angel-lavanda\/#breadcrumb","itemListElement":[{"@type":"ListItem","position":1,"name":"Portada","item":"https:\/\/demoweb.info\/sexshop001\/"},{"@type":"ListItem","position":2,"name":"Tienda","item":"https:\/\/demoweb.info\/sexshop001\/tienda\/"},{"@type":"ListItem","position":3,"name":"ANGEL &#8211; LAVANDA"}]},{"@type":"WebSite","@id":"https:\/\/demoweb.info\/sexshop001\/#website","url":"https:\/\/demoweb.info\/sexshop001\/","name":"Tienda Er\u00f3tica","description":"DEMOWEB SL","potentialAction":[{"@type":"SearchAction","target":{"@type":"EntryPoint","urlTemplate":"https:\/\/demoweb.info\/sexshop001\/?s={search_term_string}"},"query-input":"required name=search_term_string"}],"inLanguage":"es"}]}},"_links":{"self":[{"href":"https:\/\/demoweb.info\/sexshop001\/wp-json\/wp\/v3\/product\/73012","targetHints":{"allow":["GET"]}}],"collection":[{"href":"https:\/\/demoweb.info\/sexshop001\/wp-json\/wp\/v3\/product"}],"about":[{"href":"https:\/\/demoweb.info\/sexshop001\/wp-json\/wp\/v2\/types\/product"}],"replies":[{"embeddable":true,"href":"https:\/\/demoweb.info\/sexshop001\/wp-json\/wp\/v2\/comments?post=73012"}],"wp:featuredmedia":[{"embeddable":true,"href":"https:\/\/demoweb.info\/sexshop001\/wp-json\/wp\/v2\/media\/73013"}],"wp:attachment":[{"href":"https:\/\/demoweb.info\/sexshop001\/wp-json\/wp\/v2\/media?parent=73012"}],"wp:term":[{"taxonomy":"product_cat","embeddable":true,"href":"https:\/\/demoweb.info\/sexshop001\/wp-json\/wp\/v2\/product_cat?post=73012"},{"taxonomy":"product_tag","embeddable":true,"href":"https:\/\/demoweb.info\/sexshop001\/wp-json\/wp\/v2\/product_tag?post=73012"}],"curies":[{"name":"wp","href":"https:\/\/api.w.org\/{rel}","templated":true}]}}