{"id":72701,"date":"2022-01-22T21:01:56","date_gmt":"2022-01-22T20:01:56","guid":{"rendered":"https:\/\/demoweb.info\/sexshop001\/producto\/shots-dolls-sam-muneca-realistica\/"},"modified":"2022-01-22T21:01:57","modified_gmt":"2022-01-22T20:01:57","slug":"shots-dolls-sam-muneca-realistica","status":"publish","type":"product","link":"https:\/\/demoweb.info\/sexshop001\/producto\/shots-dolls-sam-muneca-realistica\/","title":{"rendered":"SHOTS DOLLS SAM MU\u00d1ECA REAL\u00cdSTICA"},"content":{"rendered":"<p><strong>SHOTS DOLLS SAM FLESH<\/strong><\/p>\n<p>Shots est\u00e1 encantado de presentar su nueva mu\u00f1eca de la vida real para todos los sexos. Sam es una mu\u00f1eca de pie G\u00c9NERO NEUTRAL,  hecha de material TPE seguro para el cuerpo. Sam tiene brazos y piernas totalmente articulables. Siempre mueva los brazos y las piernas suavemente y con cuidado a la posici\u00f3n requerida. Sam tiene tornillos de pie para dar el equilibrio correcto para estar de pie. Es posible quitar los pernos de pie. Solo g\u00edralos. Advertencia: cuando se quitan los tornillos, \u00a1Sam no puede pararse! Sam puede usar zapatos, sin embargo, se recomienda usar solo zapatos planos, sin tacones.<\/p>\n<p>Sam tiene tres aperturas para un juego er\u00f3tico incre\u00edble para cumplir todos tus deseos. Sam tambi\u00e9n tiene un pene de clic para que pueda elegir qu\u00e9 sexo prefiere. Las \u00e1reas vaginales, anales y orales de Sam deben limpiarse despu\u00e9s de cada uso para evitar la acumulaci\u00f3n de bacterias. Use solo lubricante a base de agua. Los lubricantes a base de silicona o petr\u00f3leo pueden da\u00f1ar la piel de Sam.<\/p>\n<p>Para dar una sensaci\u00f3n m\u00e1s realista, se ha agregado un elemento de calentamiento corporal. Para iniciar el elemento de calentamiento, conecte un puerto USB. Mantenga durante 3 minutos en el puerto USB para alcanzar el m\u00e1ximo calor. Despu\u00e9s de esto, inserte el elemento en la abertura preferida de Sam.<\/p>\n<p>Tenga cuidado de no colocar a Sam con o sobre art\u00edculos que contengan tintas, como peri\u00f3dicos, revistas, material de color oscuro, s\u00e1banas negras o h\u00famedas o materiales de cuero que tambi\u00e9n contengan pigmentos solubles en aceite.<\/p>\n<p>Experimenta una incre\u00edble aventura en la vida real. \u00a1Puedes tener una cita cuando quieras con Sam!<\/p>\n<ul>\n<li>Dimensiones del producto 168 x 35 x 30 cm<\/li>\n<li>Peso del producto 40000 gramos<\/li>\n<li>Profundidad de la vagina: 18 cm<\/li>\n<li>Profundidad del ano: 18 cm<\/li>\n<li>Profundidad oral: 15 cm<\/li>\n<li>Longitud del pene: 17 cm<\/li>\n<li>Di\u00e1metro del pene: 3,5 cm<\/li>\n<li>Materiales TPE<\/li>\n<\/ul>\n","protected":false},"excerpt":{"rendered":"<p>SHOTS DOLLS SAM FLESH Shots est\u00e1 encantado de presentar su nueva mu\u00f1eca de la vida real para todos los sexos.<\/p>\n","protected":false},"featured_media":72702,"comment_status":"open","ping_status":"open","template":"","meta":[],"product_cat":[472],"product_tag":[1164,302],"class_list":["post-72701","product","type-product","status-publish","has-post-thumbnail","hentry","product_cat-realisticas","product_tag-dolls","product_tag-shots"],"bundled_by":[],"bundle_stock_status":"instock","bundle_stock_quantity":2,"bundle_virtual":false,"bundle_layout":"","bundle_add_to_cart_form_location":"","bundle_editable_in_cart":false,"bundle_sold_individually_context":"","bundle_item_grouping":"","bundle_min_size":"","bundle_max_size":"","bundled_items":[],"yoast_head":"<!-- This site is optimized with the Yoast SEO plugin v20.6 - https:\/\/yoast.com\/wordpress\/plugins\/seo\/ -->\n<title>SHOTS DOLLS SAM MU\u00d1ECA REAL\u00cdSTICA - Tienda Er\u00f3tica<\/title>\n<meta name=\"robots\" content=\"noindex, follow, max-snippet:-1, max-image-preview:large, max-video-preview:-1\" \/>\n<meta property=\"og:locale\" content=\"es_ES\" \/>\n<meta property=\"og:type\" content=\"article\" \/>\n<meta property=\"og:title\" content=\"SHOTS DOLLS SAM MU\u00d1ECA REAL\u00cdSTICA - Tienda Er\u00f3tica\" \/>\n<meta property=\"og:description\" content=\"SHOTS DOLLS SAM FLESH Shots est\u00e1 encantado de presentar su nueva mu\u00f1eca de la vida real para todos los sexos.\" \/>\n<meta property=\"og:url\" content=\"https:\/\/demoweb.info\/sexshop001\/producto\/shots-dolls-sam-muneca-realistica\/\" \/>\n<meta property=\"og:site_name\" content=\"Tienda Er\u00f3tica\" \/>\n<meta property=\"article:modified_time\" content=\"2022-01-22T20:01:57+00:00\" \/>\n<meta property=\"og:image\" content=\"https:\/\/demoweb.info\/sexshop001\/wp-content\/uploads\/2022\/01\/SHOTS-DOLLS-SAM-MUNECA-REALISTICA.jpg\" \/>\n\t<meta property=\"og:image:width\" content=\"550\" \/>\n\t<meta property=\"og:image:height\" content=\"550\" \/>\n\t<meta property=\"og:image:type\" content=\"image\/jpeg\" \/>\n<meta name=\"twitter:card\" content=\"summary_large_image\" \/>\n<meta name=\"twitter:label1\" content=\"Tiempo de lectura\" \/>\n\t<meta name=\"twitter:data1\" content=\"2 minutos\" \/>\n<script type=\"application\/ld+json\" class=\"yoast-schema-graph\">{\"@context\":\"https:\/\/schema.org\",\"@graph\":[{\"@type\":\"WebPage\",\"@id\":\"https:\/\/demoweb.info\/sexshop001\/producto\/shots-dolls-sam-muneca-realistica\/\",\"url\":\"https:\/\/demoweb.info\/sexshop001\/producto\/shots-dolls-sam-muneca-realistica\/\",\"name\":\"SHOTS DOLLS SAM MU\u00d1ECA REAL\u00cdSTICA - Tienda Er\u00f3tica\",\"isPartOf\":{\"@id\":\"https:\/\/demoweb.info\/sexshop001\/#website\"},\"datePublished\":\"2022-01-22T20:01:56+00:00\",\"dateModified\":\"2022-01-22T20:01:57+00:00\",\"breadcrumb\":{\"@id\":\"https:\/\/demoweb.info\/sexshop001\/producto\/shots-dolls-sam-muneca-realistica\/#breadcrumb\"},\"inLanguage\":\"es\",\"potentialAction\":[{\"@type\":\"ReadAction\",\"target\":[\"https:\/\/demoweb.info\/sexshop001\/producto\/shots-dolls-sam-muneca-realistica\/\"]}]},{\"@type\":\"BreadcrumbList\",\"@id\":\"https:\/\/demoweb.info\/sexshop001\/producto\/shots-dolls-sam-muneca-realistica\/#breadcrumb\",\"itemListElement\":[{\"@type\":\"ListItem\",\"position\":1,\"name\":\"Portada\",\"item\":\"https:\/\/demoweb.info\/sexshop001\/\"},{\"@type\":\"ListItem\",\"position\":2,\"name\":\"Tienda\",\"item\":\"https:\/\/demoweb.info\/sexshop001\/tienda\/\"},{\"@type\":\"ListItem\",\"position\":3,\"name\":\"SHOTS DOLLS SAM MU\u00d1ECA REAL\u00cdSTICA\"}]},{\"@type\":\"WebSite\",\"@id\":\"https:\/\/demoweb.info\/sexshop001\/#website\",\"url\":\"https:\/\/demoweb.info\/sexshop001\/\",\"name\":\"Tienda Er\u00f3tica\",\"description\":\"DEMOWEB SL\",\"potentialAction\":[{\"@type\":\"SearchAction\",\"target\":{\"@type\":\"EntryPoint\",\"urlTemplate\":\"https:\/\/demoweb.info\/sexshop001\/?s={search_term_string}\"},\"query-input\":\"required name=search_term_string\"}],\"inLanguage\":\"es\"}]}<\/script>\n<!-- \/ Yoast SEO plugin. -->","yoast_head_json":{"title":"SHOTS DOLLS SAM MU\u00d1ECA REAL\u00cdSTICA - Tienda Er\u00f3tica","robots":{"index":"noindex","follow":"follow","max-snippet":"max-snippet:-1","max-image-preview":"max-image-preview:large","max-video-preview":"max-video-preview:-1"},"og_locale":"es_ES","og_type":"article","og_title":"SHOTS DOLLS SAM MU\u00d1ECA REAL\u00cdSTICA - Tienda Er\u00f3tica","og_description":"SHOTS DOLLS SAM FLESH Shots est\u00e1 encantado de presentar su nueva mu\u00f1eca de la vida real para todos los sexos.","og_url":"https:\/\/demoweb.info\/sexshop001\/producto\/shots-dolls-sam-muneca-realistica\/","og_site_name":"Tienda Er\u00f3tica","article_modified_time":"2022-01-22T20:01:57+00:00","og_image":[{"width":550,"height":550,"url":"https:\/\/demoweb.info\/sexshop001\/wp-content\/uploads\/2022\/01\/SHOTS-DOLLS-SAM-MUNECA-REALISTICA.jpg","type":"image\/jpeg"}],"twitter_card":"summary_large_image","twitter_misc":{"Tiempo de lectura":"2 minutos"},"schema":{"@context":"https:\/\/schema.org","@graph":[{"@type":"WebPage","@id":"https:\/\/demoweb.info\/sexshop001\/producto\/shots-dolls-sam-muneca-realistica\/","url":"https:\/\/demoweb.info\/sexshop001\/producto\/shots-dolls-sam-muneca-realistica\/","name":"SHOTS DOLLS SAM MU\u00d1ECA REAL\u00cdSTICA - Tienda Er\u00f3tica","isPartOf":{"@id":"https:\/\/demoweb.info\/sexshop001\/#website"},"datePublished":"2022-01-22T20:01:56+00:00","dateModified":"2022-01-22T20:01:57+00:00","breadcrumb":{"@id":"https:\/\/demoweb.info\/sexshop001\/producto\/shots-dolls-sam-muneca-realistica\/#breadcrumb"},"inLanguage":"es","potentialAction":[{"@type":"ReadAction","target":["https:\/\/demoweb.info\/sexshop001\/producto\/shots-dolls-sam-muneca-realistica\/"]}]},{"@type":"BreadcrumbList","@id":"https:\/\/demoweb.info\/sexshop001\/producto\/shots-dolls-sam-muneca-realistica\/#breadcrumb","itemListElement":[{"@type":"ListItem","position":1,"name":"Portada","item":"https:\/\/demoweb.info\/sexshop001\/"},{"@type":"ListItem","position":2,"name":"Tienda","item":"https:\/\/demoweb.info\/sexshop001\/tienda\/"},{"@type":"ListItem","position":3,"name":"SHOTS DOLLS SAM MU\u00d1ECA REAL\u00cdSTICA"}]},{"@type":"WebSite","@id":"https:\/\/demoweb.info\/sexshop001\/#website","url":"https:\/\/demoweb.info\/sexshop001\/","name":"Tienda Er\u00f3tica","description":"DEMOWEB SL","potentialAction":[{"@type":"SearchAction","target":{"@type":"EntryPoint","urlTemplate":"https:\/\/demoweb.info\/sexshop001\/?s={search_term_string}"},"query-input":"required name=search_term_string"}],"inLanguage":"es"}]}},"_links":{"self":[{"href":"https:\/\/demoweb.info\/sexshop001\/wp-json\/wp\/v3\/product\/72701","targetHints":{"allow":["GET"]}}],"collection":[{"href":"https:\/\/demoweb.info\/sexshop001\/wp-json\/wp\/v3\/product"}],"about":[{"href":"https:\/\/demoweb.info\/sexshop001\/wp-json\/wp\/v2\/types\/product"}],"replies":[{"embeddable":true,"href":"https:\/\/demoweb.info\/sexshop001\/wp-json\/wp\/v2\/comments?post=72701"}],"wp:featuredmedia":[{"embeddable":true,"href":"https:\/\/demoweb.info\/sexshop001\/wp-json\/wp\/v2\/media\/72702"}],"wp:attachment":[{"href":"https:\/\/demoweb.info\/sexshop001\/wp-json\/wp\/v2\/media?parent=72701"}],"wp:term":[{"taxonomy":"product_cat","embeddable":true,"href":"https:\/\/demoweb.info\/sexshop001\/wp-json\/wp\/v2\/product_cat?post=72701"},{"taxonomy":"product_tag","embeddable":true,"href":"https:\/\/demoweb.info\/sexshop001\/wp-json\/wp\/v2\/product_tag?post=72701"}],"curies":[{"name":"wp","href":"https:\/\/api.w.org\/{rel}","templated":true}]}}