{"id":72691,"date":"2022-01-22T21:01:21","date_gmt":"2022-01-22T20:01:21","guid":{"rendered":"https:\/\/demoweb.info\/sexshop001\/producto\/shots-dolls-mr-justin\/"},"modified":"2022-01-22T21:01:47","modified_gmt":"2022-01-22T20:01:47","slug":"shots-dolls-mr-justin","status":"publish","type":"product","link":"https:\/\/demoweb.info\/sexshop001\/producto\/shots-dolls-mr-justin\/","title":{"rendered":"SHOTS DOLLS &#8211; MR. JUSTIN"},"content":{"rendered":"<p><strong>SHOTS DOLLS &#8211; MR. JUSTIN <\/strong><\/p>\n<p>Shots est\u00e1 encantado de presentar su nuevo mu\u00f1eco real\u00edstico. Justin es un mu\u00f1eco de pie hecho de material TPE seguro para el cuerpo. Justin tiene brazos y piernas totalmente articulables. Mueve los brazos y las piernas suavemente y con cuidado a la posici\u00f3n requerida. Justin tiene tornillos en los pies para dar el equilibrio correcto para estar plantado. Es posible quitar los pernos de pie. Solo g\u00edralos. Advertencia: cuando se quitan los tornillos, \u00a1Justin no puede sostenerse! Justin puede usar zapatos.<\/p>\n<p>Justin tiene dos aperturas para un juego er\u00f3tico incre\u00edble para cumplir todos tus deseos. Las \u00e1reas anales y orales de Justin deben limpiarse despu\u00e9s de cada uso para evitar la acumulaci\u00f3n de bacterias. Use solo lubricante a base de agua. Los lubricantes a base de silicona o petr\u00f3leo pueden da\u00f1ar la piel de Justin.<\/p>\n<p>Para dar una sensaci\u00f3n m\u00e1s realista, se ha agregado un elemento de calentamiento corporal. Para iniciar el elemento de calentamiento, conecte un puerto USB. Mantenga durante 3 minutos en el puerto USB para alcanzar el m\u00e1ximo calor. Despu\u00e9s de esto, inserte el elemento en la apertura preferida de Justin.<\/p>\n<p>Tenga cuidado de no colocar a Justin con o sobre art\u00edculos que contengan tintas, como peri\u00f3dicos, revistas, material de color oscuro, s\u00e1banas negras o h\u00famedas o materiales de cuero que tambi\u00e9n contengan pigmentos solubles en aceite.<\/p>\n<p>Experimenta una incre\u00edble aventura en la vida real. \u00a1Puedes tener una cita cuando quieras con Justin!<\/p>\n<p>Incluido:<br \/>\n&#8211; Elemento de calentamiento del cuerpo USB<br \/>\n&#8211; 1 bola de pecho<br \/>\n&#8211; Pantalones cortos de ropa interior<br \/>\n&#8211; Cuerda<br \/>\n&#8211; Lentes<br \/>\n&#8211; Peluca<br \/>\n&#8211; Limpiador irrigador<br \/>\n&#8211; 1 pene accesorio adicional<br \/>\n&#8211; Manual de instrucciones<\/p>\n<p>Medidas:<\/p>\n<ul>\n<li>PROFUNDIDAD ANO: 18CM<\/li>\n<li>PROFUNDIDAD ORAL 15 CM<\/li>\n<li>LONGITUD DE PENE 18 CM<\/li>\n<li>DI\u00c1METRO DE PENE 3.8 CM<\/li>\n<\/ul>\n","protected":false},"excerpt":{"rendered":"<p>SHOTS DOLLS &#8211; MR. JUSTIN Shots est\u00e1 encantado de presentar su nuevo mu\u00f1eco real\u00edstico. Justin es un mu\u00f1eco de pie<\/p>\n","protected":false},"featured_media":72692,"comment_status":"open","ping_status":"open","template":"","meta":[],"product_cat":[1163],"product_tag":[1164,302],"class_list":["post-72691","product","type-product","status-publish","has-post-thumbnail","hentry","product_cat-hombres","product_tag-dolls","product_tag-shots"],"bundled_by":[],"bundle_stock_status":"instock","bundle_stock_quantity":1,"bundle_virtual":false,"bundle_layout":"","bundle_add_to_cart_form_location":"","bundle_editable_in_cart":false,"bundle_sold_individually_context":"","bundle_item_grouping":"","bundle_min_size":"","bundle_max_size":"","bundled_items":[],"yoast_head":"<!-- This site is optimized with the Yoast SEO plugin v20.6 - https:\/\/yoast.com\/wordpress\/plugins\/seo\/ -->\n<title>SHOTS DOLLS - MR. JUSTIN - Tienda Er\u00f3tica<\/title>\n<meta name=\"robots\" content=\"noindex, follow, max-snippet:-1, max-image-preview:large, max-video-preview:-1\" \/>\n<meta property=\"og:locale\" content=\"es_ES\" \/>\n<meta property=\"og:type\" content=\"article\" \/>\n<meta property=\"og:title\" content=\"SHOTS DOLLS - MR. JUSTIN - Tienda Er\u00f3tica\" \/>\n<meta property=\"og:description\" content=\"SHOTS DOLLS &#8211; MR. JUSTIN Shots est\u00e1 encantado de presentar su nuevo mu\u00f1eco real\u00edstico. Justin es un mu\u00f1eco de pie\" \/>\n<meta property=\"og:url\" content=\"https:\/\/demoweb.info\/sexshop001\/producto\/shots-dolls-mr-justin\/\" \/>\n<meta property=\"og:site_name\" content=\"Tienda Er\u00f3tica\" \/>\n<meta property=\"article:modified_time\" content=\"2022-01-22T20:01:47+00:00\" \/>\n<meta property=\"og:image\" content=\"https:\/\/demoweb.info\/sexshop001\/wp-content\/uploads\/2022\/01\/SHOTS-DOLLS-MR.-JUSTIN.jpg\" \/>\n\t<meta property=\"og:image:width\" content=\"550\" \/>\n\t<meta property=\"og:image:height\" content=\"550\" \/>\n\t<meta property=\"og:image:type\" content=\"image\/jpeg\" \/>\n<meta name=\"twitter:card\" content=\"summary_large_image\" \/>\n<meta name=\"twitter:label1\" content=\"Tiempo de lectura\" \/>\n\t<meta name=\"twitter:data1\" content=\"2 minutos\" \/>\n<script type=\"application\/ld+json\" class=\"yoast-schema-graph\">{\"@context\":\"https:\/\/schema.org\",\"@graph\":[{\"@type\":\"WebPage\",\"@id\":\"https:\/\/demoweb.info\/sexshop001\/producto\/shots-dolls-mr-justin\/\",\"url\":\"https:\/\/demoweb.info\/sexshop001\/producto\/shots-dolls-mr-justin\/\",\"name\":\"SHOTS DOLLS - MR. JUSTIN - Tienda Er\u00f3tica\",\"isPartOf\":{\"@id\":\"https:\/\/demoweb.info\/sexshop001\/#website\"},\"datePublished\":\"2022-01-22T20:01:21+00:00\",\"dateModified\":\"2022-01-22T20:01:47+00:00\",\"breadcrumb\":{\"@id\":\"https:\/\/demoweb.info\/sexshop001\/producto\/shots-dolls-mr-justin\/#breadcrumb\"},\"inLanguage\":\"es\",\"potentialAction\":[{\"@type\":\"ReadAction\",\"target\":[\"https:\/\/demoweb.info\/sexshop001\/producto\/shots-dolls-mr-justin\/\"]}]},{\"@type\":\"BreadcrumbList\",\"@id\":\"https:\/\/demoweb.info\/sexshop001\/producto\/shots-dolls-mr-justin\/#breadcrumb\",\"itemListElement\":[{\"@type\":\"ListItem\",\"position\":1,\"name\":\"Portada\",\"item\":\"https:\/\/demoweb.info\/sexshop001\/\"},{\"@type\":\"ListItem\",\"position\":2,\"name\":\"Tienda\",\"item\":\"https:\/\/demoweb.info\/sexshop001\/tienda\/\"},{\"@type\":\"ListItem\",\"position\":3,\"name\":\"SHOTS DOLLS &#8211; MR. JUSTIN\"}]},{\"@type\":\"WebSite\",\"@id\":\"https:\/\/demoweb.info\/sexshop001\/#website\",\"url\":\"https:\/\/demoweb.info\/sexshop001\/\",\"name\":\"Tienda Er\u00f3tica\",\"description\":\"DEMOWEB SL\",\"potentialAction\":[{\"@type\":\"SearchAction\",\"target\":{\"@type\":\"EntryPoint\",\"urlTemplate\":\"https:\/\/demoweb.info\/sexshop001\/?s={search_term_string}\"},\"query-input\":\"required name=search_term_string\"}],\"inLanguage\":\"es\"}]}<\/script>\n<!-- \/ Yoast SEO plugin. -->","yoast_head_json":{"title":"SHOTS DOLLS - MR. JUSTIN - Tienda Er\u00f3tica","robots":{"index":"noindex","follow":"follow","max-snippet":"max-snippet:-1","max-image-preview":"max-image-preview:large","max-video-preview":"max-video-preview:-1"},"og_locale":"es_ES","og_type":"article","og_title":"SHOTS DOLLS - MR. JUSTIN - Tienda Er\u00f3tica","og_description":"SHOTS DOLLS &#8211; MR. JUSTIN Shots est\u00e1 encantado de presentar su nuevo mu\u00f1eco real\u00edstico. Justin es un mu\u00f1eco de pie","og_url":"https:\/\/demoweb.info\/sexshop001\/producto\/shots-dolls-mr-justin\/","og_site_name":"Tienda Er\u00f3tica","article_modified_time":"2022-01-22T20:01:47+00:00","og_image":[{"width":550,"height":550,"url":"https:\/\/demoweb.info\/sexshop001\/wp-content\/uploads\/2022\/01\/SHOTS-DOLLS-MR.-JUSTIN.jpg","type":"image\/jpeg"}],"twitter_card":"summary_large_image","twitter_misc":{"Tiempo de lectura":"2 minutos"},"schema":{"@context":"https:\/\/schema.org","@graph":[{"@type":"WebPage","@id":"https:\/\/demoweb.info\/sexshop001\/producto\/shots-dolls-mr-justin\/","url":"https:\/\/demoweb.info\/sexshop001\/producto\/shots-dolls-mr-justin\/","name":"SHOTS DOLLS - MR. JUSTIN - Tienda Er\u00f3tica","isPartOf":{"@id":"https:\/\/demoweb.info\/sexshop001\/#website"},"datePublished":"2022-01-22T20:01:21+00:00","dateModified":"2022-01-22T20:01:47+00:00","breadcrumb":{"@id":"https:\/\/demoweb.info\/sexshop001\/producto\/shots-dolls-mr-justin\/#breadcrumb"},"inLanguage":"es","potentialAction":[{"@type":"ReadAction","target":["https:\/\/demoweb.info\/sexshop001\/producto\/shots-dolls-mr-justin\/"]}]},{"@type":"BreadcrumbList","@id":"https:\/\/demoweb.info\/sexshop001\/producto\/shots-dolls-mr-justin\/#breadcrumb","itemListElement":[{"@type":"ListItem","position":1,"name":"Portada","item":"https:\/\/demoweb.info\/sexshop001\/"},{"@type":"ListItem","position":2,"name":"Tienda","item":"https:\/\/demoweb.info\/sexshop001\/tienda\/"},{"@type":"ListItem","position":3,"name":"SHOTS DOLLS &#8211; MR. JUSTIN"}]},{"@type":"WebSite","@id":"https:\/\/demoweb.info\/sexshop001\/#website","url":"https:\/\/demoweb.info\/sexshop001\/","name":"Tienda Er\u00f3tica","description":"DEMOWEB SL","potentialAction":[{"@type":"SearchAction","target":{"@type":"EntryPoint","urlTemplate":"https:\/\/demoweb.info\/sexshop001\/?s={search_term_string}"},"query-input":"required name=search_term_string"}],"inLanguage":"es"}]}},"_links":{"self":[{"href":"https:\/\/demoweb.info\/sexshop001\/wp-json\/wp\/v3\/product\/72691","targetHints":{"allow":["GET"]}}],"collection":[{"href":"https:\/\/demoweb.info\/sexshop001\/wp-json\/wp\/v3\/product"}],"about":[{"href":"https:\/\/demoweb.info\/sexshop001\/wp-json\/wp\/v2\/types\/product"}],"replies":[{"embeddable":true,"href":"https:\/\/demoweb.info\/sexshop001\/wp-json\/wp\/v2\/comments?post=72691"}],"wp:featuredmedia":[{"embeddable":true,"href":"https:\/\/demoweb.info\/sexshop001\/wp-json\/wp\/v2\/media\/72692"}],"wp:attachment":[{"href":"https:\/\/demoweb.info\/sexshop001\/wp-json\/wp\/v2\/media?parent=72691"}],"wp:term":[{"taxonomy":"product_cat","embeddable":true,"href":"https:\/\/demoweb.info\/sexshop001\/wp-json\/wp\/v2\/product_cat?post=72691"},{"taxonomy":"product_tag","embeddable":true,"href":"https:\/\/demoweb.info\/sexshop001\/wp-json\/wp\/v2\/product_tag?post=72691"}],"curies":[{"name":"wp","href":"https:\/\/api.w.org\/{rel}","templated":true}]}}