{"id":72681,"date":"2022-01-22T21:01:21","date_gmt":"2022-01-22T20:01:21","guid":{"rendered":"https:\/\/demoweb.info\/sexshop001\/producto\/penis-extender-with-rings-21-cm-flesh\/"},"modified":"2022-01-22T21:01:37","modified_gmt":"2022-01-22T20:01:37","slug":"penis-extender-with-rings-21-cm-flesh","status":"publish","type":"product","link":"https:\/\/demoweb.info\/sexshop001\/producto\/penis-extender-with-rings-21-cm-flesh\/","title":{"rendered":"PENIS EXTENDER WITH RINGS 21 CM FLESH"},"content":{"rendered":"<p><strong>PENIS EXTENDER WITH RINGS 21 CM FLESH<\/strong><\/p>\n<p>Convierta tu pene en una m\u00e1quina de placer incre\u00edble con este extensor de pene Skin \u00a1Convi\u00e9rtete en el hombre bien dotado que toda pareja quiere! El extensor de pene Skin tiene como objetivo satisfacerte tanto a ti como a tu pareja al proporcionarle un mayor tama\u00f1o y erecciones prolongadas.Simplemente inserta tu pene en la c\u00f3moda funda hueca.<\/p>\n<p>El interior de la funda hueca tiene nodos de sensaciones emocionantes que te proporcionan una sensaci\u00f3n de placer intenso. Su aspecto natural le permite hacer realidad tus fantas\u00edas m\u00e1s profundas y su material suave lo hace s\u00faper flexible pero tambi\u00e9n firme y c\u00f3modo.<\/p>\n<p>Consigue una estimulaci\u00f3n interna profunda de contornos encantadores y siente sus realistas venas te excitaran gracias a su realismo y estimulaci\u00f3n.<\/p>\n<ul>\n<li>Dimensiones del producto 21,5 x 4 x 4 cmm<\/li>\n<li>Peso del producto 127,00 gramos<\/li>\n<li>Di\u00e1metro del producto 4 cm<\/li>\n<li>Longitud insertable 16 cm<\/li>\n<li>A prueba de agua S\u00ed<\/li>\n<li>A prueba de salpicaduras S\u00ed<\/li>\n<li>Libre de ftalato S\u00ed<\/li>\n<li>Extra longitud del pene: 8 cm<\/li>\n<li>Materiales TPE <\/li>\n<\/ul>\n","protected":false},"excerpt":{"rendered":"<p>PENIS EXTENDER WITH RINGS 21 CM FLESH Convierta tu pene en una m\u00e1quina de placer incre\u00edble con este extensor de<\/p>\n","protected":false},"featured_media":72682,"comment_status":"open","ping_status":"open","template":"","meta":[],"product_cat":[543],"product_tag":[318,302],"class_list":["post-72681","product","type-product","status-publish","has-post-thumbnail","hentry","product_cat-fundas","product_tag-realrock","product_tag-shots"],"bundled_by":[],"bundle_stock_status":"outofstock","bundle_stock_quantity":0,"bundle_virtual":false,"bundle_layout":"","bundle_add_to_cart_form_location":"","bundle_editable_in_cart":false,"bundle_sold_individually_context":"","bundle_item_grouping":"","bundle_min_size":"","bundle_max_size":"","bundled_items":[],"yoast_head":"<!-- This site is optimized with the Yoast SEO plugin v20.6 - https:\/\/yoast.com\/wordpress\/plugins\/seo\/ -->\n<title>PENIS EXTENDER WITH RINGS 21 CM FLESH - Tienda Er\u00f3tica<\/title>\n<meta name=\"robots\" content=\"noindex, follow, max-snippet:-1, max-image-preview:large, max-video-preview:-1\" \/>\n<meta property=\"og:locale\" content=\"es_ES\" \/>\n<meta property=\"og:type\" content=\"article\" \/>\n<meta property=\"og:title\" content=\"PENIS EXTENDER WITH RINGS 21 CM FLESH - Tienda Er\u00f3tica\" \/>\n<meta property=\"og:description\" content=\"PENIS EXTENDER WITH RINGS 21 CM FLESH Convierta tu pene en una m\u00e1quina de placer incre\u00edble con este extensor de\" \/>\n<meta property=\"og:url\" content=\"https:\/\/demoweb.info\/sexshop001\/producto\/penis-extender-with-rings-21-cm-flesh\/\" \/>\n<meta property=\"og:site_name\" content=\"Tienda Er\u00f3tica\" \/>\n<meta property=\"article:modified_time\" content=\"2022-01-22T20:01:37+00:00\" \/>\n<meta property=\"og:image\" content=\"https:\/\/demoweb.info\/sexshop001\/wp-content\/uploads\/2022\/01\/PENIS-EXTENDER-WITH-RINGS-21-CM-FLESH.jpg\" \/>\n\t<meta property=\"og:image:width\" content=\"550\" \/>\n\t<meta property=\"og:image:height\" content=\"550\" \/>\n\t<meta property=\"og:image:type\" content=\"image\/jpeg\" \/>\n<meta name=\"twitter:card\" content=\"summary_large_image\" \/>\n<meta name=\"twitter:label1\" content=\"Tiempo de lectura\" \/>\n\t<meta name=\"twitter:data1\" content=\"1 minuto\" \/>\n<script type=\"application\/ld+json\" class=\"yoast-schema-graph\">{\"@context\":\"https:\/\/schema.org\",\"@graph\":[{\"@type\":\"WebPage\",\"@id\":\"https:\/\/demoweb.info\/sexshop001\/producto\/penis-extender-with-rings-21-cm-flesh\/\",\"url\":\"https:\/\/demoweb.info\/sexshop001\/producto\/penis-extender-with-rings-21-cm-flesh\/\",\"name\":\"PENIS EXTENDER WITH RINGS 21 CM FLESH - Tienda Er\u00f3tica\",\"isPartOf\":{\"@id\":\"https:\/\/demoweb.info\/sexshop001\/#website\"},\"datePublished\":\"2022-01-22T20:01:21+00:00\",\"dateModified\":\"2022-01-22T20:01:37+00:00\",\"breadcrumb\":{\"@id\":\"https:\/\/demoweb.info\/sexshop001\/producto\/penis-extender-with-rings-21-cm-flesh\/#breadcrumb\"},\"inLanguage\":\"es\",\"potentialAction\":[{\"@type\":\"ReadAction\",\"target\":[\"https:\/\/demoweb.info\/sexshop001\/producto\/penis-extender-with-rings-21-cm-flesh\/\"]}]},{\"@type\":\"BreadcrumbList\",\"@id\":\"https:\/\/demoweb.info\/sexshop001\/producto\/penis-extender-with-rings-21-cm-flesh\/#breadcrumb\",\"itemListElement\":[{\"@type\":\"ListItem\",\"position\":1,\"name\":\"Portada\",\"item\":\"https:\/\/demoweb.info\/sexshop001\/\"},{\"@type\":\"ListItem\",\"position\":2,\"name\":\"Tienda\",\"item\":\"https:\/\/demoweb.info\/sexshop001\/tienda\/\"},{\"@type\":\"ListItem\",\"position\":3,\"name\":\"PENIS EXTENDER WITH RINGS 21 CM FLESH\"}]},{\"@type\":\"WebSite\",\"@id\":\"https:\/\/demoweb.info\/sexshop001\/#website\",\"url\":\"https:\/\/demoweb.info\/sexshop001\/\",\"name\":\"Tienda Er\u00f3tica\",\"description\":\"DEMOWEB SL\",\"potentialAction\":[{\"@type\":\"SearchAction\",\"target\":{\"@type\":\"EntryPoint\",\"urlTemplate\":\"https:\/\/demoweb.info\/sexshop001\/?s={search_term_string}\"},\"query-input\":\"required name=search_term_string\"}],\"inLanguage\":\"es\"}]}<\/script>\n<!-- \/ Yoast SEO plugin. -->","yoast_head_json":{"title":"PENIS EXTENDER WITH RINGS 21 CM FLESH - Tienda Er\u00f3tica","robots":{"index":"noindex","follow":"follow","max-snippet":"max-snippet:-1","max-image-preview":"max-image-preview:large","max-video-preview":"max-video-preview:-1"},"og_locale":"es_ES","og_type":"article","og_title":"PENIS EXTENDER WITH RINGS 21 CM FLESH - Tienda Er\u00f3tica","og_description":"PENIS EXTENDER WITH RINGS 21 CM FLESH Convierta tu pene en una m\u00e1quina de placer incre\u00edble con este extensor de","og_url":"https:\/\/demoweb.info\/sexshop001\/producto\/penis-extender-with-rings-21-cm-flesh\/","og_site_name":"Tienda Er\u00f3tica","article_modified_time":"2022-01-22T20:01:37+00:00","og_image":[{"width":550,"height":550,"url":"https:\/\/demoweb.info\/sexshop001\/wp-content\/uploads\/2022\/01\/PENIS-EXTENDER-WITH-RINGS-21-CM-FLESH.jpg","type":"image\/jpeg"}],"twitter_card":"summary_large_image","twitter_misc":{"Tiempo de lectura":"1 minuto"},"schema":{"@context":"https:\/\/schema.org","@graph":[{"@type":"WebPage","@id":"https:\/\/demoweb.info\/sexshop001\/producto\/penis-extender-with-rings-21-cm-flesh\/","url":"https:\/\/demoweb.info\/sexshop001\/producto\/penis-extender-with-rings-21-cm-flesh\/","name":"PENIS EXTENDER WITH RINGS 21 CM FLESH - Tienda Er\u00f3tica","isPartOf":{"@id":"https:\/\/demoweb.info\/sexshop001\/#website"},"datePublished":"2022-01-22T20:01:21+00:00","dateModified":"2022-01-22T20:01:37+00:00","breadcrumb":{"@id":"https:\/\/demoweb.info\/sexshop001\/producto\/penis-extender-with-rings-21-cm-flesh\/#breadcrumb"},"inLanguage":"es","potentialAction":[{"@type":"ReadAction","target":["https:\/\/demoweb.info\/sexshop001\/producto\/penis-extender-with-rings-21-cm-flesh\/"]}]},{"@type":"BreadcrumbList","@id":"https:\/\/demoweb.info\/sexshop001\/producto\/penis-extender-with-rings-21-cm-flesh\/#breadcrumb","itemListElement":[{"@type":"ListItem","position":1,"name":"Portada","item":"https:\/\/demoweb.info\/sexshop001\/"},{"@type":"ListItem","position":2,"name":"Tienda","item":"https:\/\/demoweb.info\/sexshop001\/tienda\/"},{"@type":"ListItem","position":3,"name":"PENIS EXTENDER WITH RINGS 21 CM FLESH"}]},{"@type":"WebSite","@id":"https:\/\/demoweb.info\/sexshop001\/#website","url":"https:\/\/demoweb.info\/sexshop001\/","name":"Tienda Er\u00f3tica","description":"DEMOWEB SL","potentialAction":[{"@type":"SearchAction","target":{"@type":"EntryPoint","urlTemplate":"https:\/\/demoweb.info\/sexshop001\/?s={search_term_string}"},"query-input":"required name=search_term_string"}],"inLanguage":"es"}]}},"_links":{"self":[{"href":"https:\/\/demoweb.info\/sexshop001\/wp-json\/wp\/v3\/product\/72681","targetHints":{"allow":["GET"]}}],"collection":[{"href":"https:\/\/demoweb.info\/sexshop001\/wp-json\/wp\/v3\/product"}],"about":[{"href":"https:\/\/demoweb.info\/sexshop001\/wp-json\/wp\/v2\/types\/product"}],"replies":[{"embeddable":true,"href":"https:\/\/demoweb.info\/sexshop001\/wp-json\/wp\/v2\/comments?post=72681"}],"wp:featuredmedia":[{"embeddable":true,"href":"https:\/\/demoweb.info\/sexshop001\/wp-json\/wp\/v2\/media\/72682"}],"wp:attachment":[{"href":"https:\/\/demoweb.info\/sexshop001\/wp-json\/wp\/v2\/media?parent=72681"}],"wp:term":[{"taxonomy":"product_cat","embeddable":true,"href":"https:\/\/demoweb.info\/sexshop001\/wp-json\/wp\/v2\/product_cat?post=72681"},{"taxonomy":"product_tag","embeddable":true,"href":"https:\/\/demoweb.info\/sexshop001\/wp-json\/wp\/v2\/product_tag?post=72681"}],"curies":[{"name":"wp","href":"https:\/\/api.w.org\/{rel}","templated":true}]}}