{"id":72676,"date":"2022-01-22T21:01:21","date_gmt":"2022-01-22T20:01:21","guid":{"rendered":"https:\/\/demoweb.info\/sexshop001\/producto\/funda-para-el-pene-con-anillo-175-cm\/"},"modified":"2022-01-22T21:01:33","modified_gmt":"2022-01-22T20:01:33","slug":"funda-para-el-pene-con-anillo-175-cm","status":"publish","type":"product","link":"https:\/\/demoweb.info\/sexshop001\/producto\/funda-para-el-pene-con-anillo-175-cm\/","title":{"rendered":"FUNDA PARA EL PENE CON ANILLO 17,5 CM"},"content":{"rendered":"<p><strong>PENIS EXTENDER 17,5 CM FLESH<\/strong><\/p>\n<p>Convierta tu pene en una m\u00e1quina de placer incre\u00edble con este extensor de pene Skin \u00a1Convi\u00e9rtete en el hombre bien dotado que toda pareja quiere! El extensor de pene Skin tiene como objetivo satisfacerte tanto a ti como a tu pareja al proporcionarle un mayor tama\u00f1o y erecciones prolongadas.Simplemente inserta tu pene en la c\u00f3moda funda hueca.<\/p>\n<p>El interior de la funda hueca tiene nodos de sensaciones emocionantes que te proporcionan una sensaci\u00f3n de placer intenso. Su aspecto natural le permite hacer realidad tus fantas\u00edas m\u00e1s profundas y su material suave lo hace s\u00faper flexible pero tambi\u00e9n firme y c\u00f3modo.<\/p>\n<p>Consigue una estimulaci\u00f3n interna profunda de contornos encantadores y siente sus realistas venas te excitaran gracias a su realismo y estimulaci\u00f3n.<\/p>\n<ul>\n<li>Dimensiones del producto 17,3 x 3,5 x 3,5 cm<\/li>\n<li>Peso del producto 71,00 gramos<\/li>\n<li>Di\u00e1metro del producto 3,5 cm<\/li>\n<li>Di\u00e1metro interno 2,8 cm<\/li>\n<li>Longitud insertable 17,3 cm<\/li>\n<li>A prueba de agua S\u00ed<\/li>\n<li>A prueba de salpicaduras S\u00ed<\/li>\n<li>Libre de ftalato S\u00ed<\/li>\n<li>Extra longitud del pene: 5 cm<\/li>\n<li>Materiales TPE<\/li>\n<\/ul>\n","protected":false},"excerpt":{"rendered":"<p>PENIS EXTENDER 17,5 CM FLESH Convierta tu pene en una m\u00e1quina de placer incre\u00edble con este extensor de pene Skin<\/p>\n","protected":false},"featured_media":72677,"comment_status":"open","ping_status":"open","template":"","meta":[],"product_cat":[543],"product_tag":[318,302],"class_list":["post-72676","product","type-product","status-publish","has-post-thumbnail","hentry","product_cat-fundas","product_tag-realrock","product_tag-shots"],"bundled_by":[],"bundle_stock_status":"instock","bundle_stock_quantity":1,"bundle_virtual":false,"bundle_layout":"","bundle_add_to_cart_form_location":"","bundle_editable_in_cart":false,"bundle_sold_individually_context":"","bundle_item_grouping":"","bundle_min_size":"","bundle_max_size":"","bundled_items":[],"yoast_head":"<!-- This site is optimized with the Yoast SEO plugin v20.6 - https:\/\/yoast.com\/wordpress\/plugins\/seo\/ -->\n<title>FUNDA PARA EL PENE CON ANILLO 17,5 CM - Tienda Er\u00f3tica<\/title>\n<meta name=\"robots\" content=\"noindex, follow, max-snippet:-1, max-image-preview:large, max-video-preview:-1\" \/>\n<meta property=\"og:locale\" content=\"es_ES\" \/>\n<meta property=\"og:type\" content=\"article\" \/>\n<meta property=\"og:title\" content=\"FUNDA PARA EL PENE CON ANILLO 17,5 CM - Tienda Er\u00f3tica\" \/>\n<meta property=\"og:description\" content=\"PENIS EXTENDER 17,5 CM FLESH Convierta tu pene en una m\u00e1quina de placer incre\u00edble con este extensor de pene Skin\" \/>\n<meta property=\"og:url\" content=\"https:\/\/demoweb.info\/sexshop001\/producto\/funda-para-el-pene-con-anillo-175-cm\/\" \/>\n<meta property=\"og:site_name\" content=\"Tienda Er\u00f3tica\" \/>\n<meta property=\"article:modified_time\" content=\"2022-01-22T20:01:33+00:00\" \/>\n<meta property=\"og:image\" content=\"https:\/\/demoweb.info\/sexshop001\/wp-content\/uploads\/2022\/01\/FUNDA-PARA-EL-PENE-CON-ANILLO-175-CM.jpg\" \/>\n\t<meta property=\"og:image:width\" content=\"550\" \/>\n\t<meta property=\"og:image:height\" content=\"550\" \/>\n\t<meta property=\"og:image:type\" content=\"image\/jpeg\" \/>\n<meta name=\"twitter:card\" content=\"summary_large_image\" \/>\n<meta name=\"twitter:label1\" content=\"Tiempo de lectura\" \/>\n\t<meta name=\"twitter:data1\" content=\"1 minuto\" \/>\n<script type=\"application\/ld+json\" class=\"yoast-schema-graph\">{\"@context\":\"https:\/\/schema.org\",\"@graph\":[{\"@type\":\"WebPage\",\"@id\":\"https:\/\/demoweb.info\/sexshop001\/producto\/funda-para-el-pene-con-anillo-175-cm\/\",\"url\":\"https:\/\/demoweb.info\/sexshop001\/producto\/funda-para-el-pene-con-anillo-175-cm\/\",\"name\":\"FUNDA PARA EL PENE CON ANILLO 17,5 CM - Tienda Er\u00f3tica\",\"isPartOf\":{\"@id\":\"https:\/\/demoweb.info\/sexshop001\/#website\"},\"datePublished\":\"2022-01-22T20:01:21+00:00\",\"dateModified\":\"2022-01-22T20:01:33+00:00\",\"breadcrumb\":{\"@id\":\"https:\/\/demoweb.info\/sexshop001\/producto\/funda-para-el-pene-con-anillo-175-cm\/#breadcrumb\"},\"inLanguage\":\"es\",\"potentialAction\":[{\"@type\":\"ReadAction\",\"target\":[\"https:\/\/demoweb.info\/sexshop001\/producto\/funda-para-el-pene-con-anillo-175-cm\/\"]}]},{\"@type\":\"BreadcrumbList\",\"@id\":\"https:\/\/demoweb.info\/sexshop001\/producto\/funda-para-el-pene-con-anillo-175-cm\/#breadcrumb\",\"itemListElement\":[{\"@type\":\"ListItem\",\"position\":1,\"name\":\"Portada\",\"item\":\"https:\/\/demoweb.info\/sexshop001\/\"},{\"@type\":\"ListItem\",\"position\":2,\"name\":\"Tienda\",\"item\":\"https:\/\/demoweb.info\/sexshop001\/tienda\/\"},{\"@type\":\"ListItem\",\"position\":3,\"name\":\"FUNDA PARA EL PENE CON ANILLO 17,5 CM\"}]},{\"@type\":\"WebSite\",\"@id\":\"https:\/\/demoweb.info\/sexshop001\/#website\",\"url\":\"https:\/\/demoweb.info\/sexshop001\/\",\"name\":\"Tienda Er\u00f3tica\",\"description\":\"DEMOWEB SL\",\"potentialAction\":[{\"@type\":\"SearchAction\",\"target\":{\"@type\":\"EntryPoint\",\"urlTemplate\":\"https:\/\/demoweb.info\/sexshop001\/?s={search_term_string}\"},\"query-input\":\"required name=search_term_string\"}],\"inLanguage\":\"es\"}]}<\/script>\n<!-- \/ Yoast SEO plugin. -->","yoast_head_json":{"title":"FUNDA PARA EL PENE CON ANILLO 17,5 CM - Tienda Er\u00f3tica","robots":{"index":"noindex","follow":"follow","max-snippet":"max-snippet:-1","max-image-preview":"max-image-preview:large","max-video-preview":"max-video-preview:-1"},"og_locale":"es_ES","og_type":"article","og_title":"FUNDA PARA EL PENE CON ANILLO 17,5 CM - Tienda Er\u00f3tica","og_description":"PENIS EXTENDER 17,5 CM FLESH Convierta tu pene en una m\u00e1quina de placer incre\u00edble con este extensor de pene Skin","og_url":"https:\/\/demoweb.info\/sexshop001\/producto\/funda-para-el-pene-con-anillo-175-cm\/","og_site_name":"Tienda Er\u00f3tica","article_modified_time":"2022-01-22T20:01:33+00:00","og_image":[{"width":550,"height":550,"url":"https:\/\/demoweb.info\/sexshop001\/wp-content\/uploads\/2022\/01\/FUNDA-PARA-EL-PENE-CON-ANILLO-175-CM.jpg","type":"image\/jpeg"}],"twitter_card":"summary_large_image","twitter_misc":{"Tiempo de lectura":"1 minuto"},"schema":{"@context":"https:\/\/schema.org","@graph":[{"@type":"WebPage","@id":"https:\/\/demoweb.info\/sexshop001\/producto\/funda-para-el-pene-con-anillo-175-cm\/","url":"https:\/\/demoweb.info\/sexshop001\/producto\/funda-para-el-pene-con-anillo-175-cm\/","name":"FUNDA PARA EL PENE CON ANILLO 17,5 CM - Tienda Er\u00f3tica","isPartOf":{"@id":"https:\/\/demoweb.info\/sexshop001\/#website"},"datePublished":"2022-01-22T20:01:21+00:00","dateModified":"2022-01-22T20:01:33+00:00","breadcrumb":{"@id":"https:\/\/demoweb.info\/sexshop001\/producto\/funda-para-el-pene-con-anillo-175-cm\/#breadcrumb"},"inLanguage":"es","potentialAction":[{"@type":"ReadAction","target":["https:\/\/demoweb.info\/sexshop001\/producto\/funda-para-el-pene-con-anillo-175-cm\/"]}]},{"@type":"BreadcrumbList","@id":"https:\/\/demoweb.info\/sexshop001\/producto\/funda-para-el-pene-con-anillo-175-cm\/#breadcrumb","itemListElement":[{"@type":"ListItem","position":1,"name":"Portada","item":"https:\/\/demoweb.info\/sexshop001\/"},{"@type":"ListItem","position":2,"name":"Tienda","item":"https:\/\/demoweb.info\/sexshop001\/tienda\/"},{"@type":"ListItem","position":3,"name":"FUNDA PARA EL PENE CON ANILLO 17,5 CM"}]},{"@type":"WebSite","@id":"https:\/\/demoweb.info\/sexshop001\/#website","url":"https:\/\/demoweb.info\/sexshop001\/","name":"Tienda Er\u00f3tica","description":"DEMOWEB SL","potentialAction":[{"@type":"SearchAction","target":{"@type":"EntryPoint","urlTemplate":"https:\/\/demoweb.info\/sexshop001\/?s={search_term_string}"},"query-input":"required name=search_term_string"}],"inLanguage":"es"}]}},"_links":{"self":[{"href":"https:\/\/demoweb.info\/sexshop001\/wp-json\/wp\/v3\/product\/72676","targetHints":{"allow":["GET"]}}],"collection":[{"href":"https:\/\/demoweb.info\/sexshop001\/wp-json\/wp\/v3\/product"}],"about":[{"href":"https:\/\/demoweb.info\/sexshop001\/wp-json\/wp\/v2\/types\/product"}],"replies":[{"embeddable":true,"href":"https:\/\/demoweb.info\/sexshop001\/wp-json\/wp\/v2\/comments?post=72676"}],"wp:featuredmedia":[{"embeddable":true,"href":"https:\/\/demoweb.info\/sexshop001\/wp-json\/wp\/v2\/media\/72677"}],"wp:attachment":[{"href":"https:\/\/demoweb.info\/sexshop001\/wp-json\/wp\/v2\/media?parent=72676"}],"wp:term":[{"taxonomy":"product_cat","embeddable":true,"href":"https:\/\/demoweb.info\/sexshop001\/wp-json\/wp\/v2\/product_cat?post=72676"},{"taxonomy":"product_tag","embeddable":true,"href":"https:\/\/demoweb.info\/sexshop001\/wp-json\/wp\/v2\/product_tag?post=72676"}],"curies":[{"name":"wp","href":"https:\/\/api.w.org\/{rel}","templated":true}]}}